{"id":707,"date":"2017-07-10T10:21:09","date_gmt":"2017-07-10T03:21:09","guid":{"rendered":"https:\/\/demo.bmconnect.vn\/clinic\/?page_id=707"},"modified":"2017-07-10T10:25:04","modified_gmt":"2017-07-10T03:25:04","slug":"cang-da-2","status":"publish","type":"page","link":"https:\/\/demo.bmconnect.vn\/clinic\/cang-da-2\/","title":{"rendered":"C\u0103ng da"},"content":{"rendered":"\t<div class=\"img has-hover x md-x lg-x y md-y lg-y\" id=\"image_1715542365\">\n\t\t\t\t\t\t\t\t<div class=\"img-inner image-cover dark\" style=\"padding-top:300px;\">\n\t\t\t<img width=\"1918\" height=\"823\" src=\"https:\/\/demo.bmconnect.vn\/clinic\/wp-content\/uploads\/2017\/07\/453436-1.jpg\" class=\"attachment-original size-original\" alt=\"\" loading=\"lazy\" srcset=\"https:\/\/demo.bmconnect.vn\/clinic\/wp-content\/uploads\/2017\/07\/453436-1.jpg 1918w, https:\/\/demo.bmconnect.vn\/clinic\/wp-content\/uploads\/2017\/07\/453436-1-300x129.jpg 300w, https:\/\/demo.bmconnect.vn\/clinic\/wp-content\/uploads\/2017\/07\/453436-1-768x330.jpg 768w, https:\/\/demo.bmconnect.vn\/clinic\/wp-content\/uploads\/2017\/07\/453436-1-1024x439.jpg 1024w\" sizes=\"(max-width: 1918px) 100vw, 1918px\" \/>\t\t\t\t\t\t\n\t\t\t\t\t<\/div>\n\t\t\t\t\t\t\t\t\n<style>\n#image_1715542365 {\n  width: 100%;\n}\n<\/style>\n\t<\/div>\n\t\n<div class=\"row\"  id=\"row-1959748729\">\n\n\t<div id=\"col-988755266\" class=\"col small-12 large-12\"  >\n\t\t\t\t<div class=\"col-inner\"  >\n\t\t\t\n\t\t\t\n\t<div id=\"gap-767624638\" class=\"gap-element clearfix\" style=\"display:block; height:auto;\">\n\t\t\n<style>\n#gap-767624638 {\n  padding-top: 15px;\n}\n<\/style>\n\t<\/div>\n\t\n<p><span class=\"fa fa-home\"><\/span> Trang ch\u1ee7 &gt;<span style=\"color: #ff6600;\"><strong> C\u0103ng da<\/strong><\/span><\/p>\n\t\t<\/div>\n\t\t\t\t\t<\/div>\n\n\t\n<\/div>\n<div class=\"row\"  id=\"row-210682216\">\n\n\t<div id=\"col-279624354\" class=\"col medium-8 small-12 large-8\"  >\n\t\t\t\t<div class=\"col-inner\"  >\n\t\t\t\n\t\t\t\n<h3 class=\"title\" style=\"text-align: center;\"><span style=\"font-size: 130%; color: #ff6600;\">TR\u1eba H\u00d3A DA B\u1eb0NG C\u00d4NG NGH\u1ec6 THERMAGE<\/span><\/h3>\n<p><img loading=\"lazy\" class=\"aligncenter wp-image-144\" src=\"https:\/\/demo.bmconnect.vn\/clinic\/wp-content\/uploads\/2017\/07\/SHARP.png\" alt=\"\" width=\"180\" height=\"46\" \/><\/p>\n<p style=\"text-align: center;\">C\u00f4ng ngh\u1ec7 Thermage l\u00e0 c\u00f4ng ngh\u1ec7 n\u00e2ng c\u01a1 x\u00f3a nh\u0103n ti\u00ean ti\u1ebfn sau kho\u1ea3ng\u00a0th\u1eddi gian\u00a0\u0111i\u1ec1u tr\u1ecb ng\u1eafn b\u1ea1n s\u1ebd l\u1ea5y l\u1ea1i l\u00e0n da s\u0103n ch\u1eafc t\u01b0\u01a1i tr\u1ebb m\u00e0 kh\u00f4ng c\u1ea7n ph\u1ea3i ph\u1eabu thu\u1eadt x\u00e2m l\u1ea5n, kh\u00f4ng g\u00e2y \u1ea3nh h\u01b0\u1edfng \u0111\u1ebfn s\u1ee9c kh\u1ecfe ng\u01b0\u1eddi s\u1eed d\u1ee5ng. T\u1ea1i B\u1ec7nh vi\u1ec7n Th\u1ea9m m\u1ef9 Kangnam \u0111\u00e2y l\u00e0 d\u1ecbch v\u1ee5 \u0111\u01b0\u1ee3c \u0111\u00f4ng \u0111\u1ea3o kh\u00e1ch h\u00e0ng tin t\u01b0\u1edfng v\u00e0 l\u1ef1a ch\u1ecdn.<\/p>\n\t\t<\/div>\n\t\t\t\t\t<\/div>\n\n\t\n\n\t<div id=\"col-493670342\" class=\"col medium-4 small-12 large-4\"  >\n\t\t\t\t<div class=\"col-inner\"  >\n\t\t\t\n\t\t\t\n\t<div class=\"img has-hover x md-x lg-x y md-y lg-y\" id=\"image_2053274487\">\n\t\t\t\t\t\t\t\t<div class=\"img-inner dark\" >\n\t\t\t<img width=\"550\" height=\"421\" src=\"https:\/\/demo.bmconnect.vn\/clinic\/wp-content\/uploads\/2017\/07\/L\u00e0n-da-\u0111\u1eb9p-trong-12-ng\u00e0y.jpg\" class=\"attachment-large size-large\" alt=\"\" loading=\"lazy\" srcset=\"https:\/\/demo.bmconnect.vn\/clinic\/wp-content\/uploads\/2017\/07\/L\u00e0n-da-\u0111\u1eb9p-trong-12-ng\u00e0y.jpg 550w, https:\/\/demo.bmconnect.vn\/clinic\/wp-content\/uploads\/2017\/07\/L\u00e0n-da-\u0111\u1eb9p-trong-12-ng\u00e0y-300x230.jpg 300w\" sizes=\"(max-width: 550px) 100vw, 550px\" \/>\t\t\t\t\t\t\n\t\t\t\t\t<\/div>\n\t\t\t\t\t\t\t\t\n<style>\n#image_2053274487 {\n  width: 100%;\n}\n<\/style>\n\t<\/div>\n\t\n\t\t<\/div>\n\t\t\t\t\t<\/div>\n\n\t\n<\/div>\n","protected":false},"excerpt":{"rendered":"","protected":false},"author":1,"featured_media":0,"parent":0,"menu_order":0,"comment_status":"closed","ping_status":"closed","template":"page-blank.php","meta":[],"_links":{"self":[{"href":"https:\/\/demo.bmconnect.vn\/clinic\/wp-json\/wp\/v2\/pages\/707"}],"collection":[{"href":"https:\/\/demo.bmconnect.vn\/clinic\/wp-json\/wp\/v2\/pages"}],"about":[{"href":"https:\/\/demo.bmconnect.vn\/clinic\/wp-json\/wp\/v2\/types\/page"}],"author":[{"embeddable":true,"href":"https:\/\/demo.bmconnect.vn\/clinic\/wp-json\/wp\/v2\/users\/1"}],"replies":[{"embeddable":true,"href":"https:\/\/demo.bmconnect.vn\/clinic\/wp-json\/wp\/v2\/comments?post=707"}],"version-history":[{"count":7,"href":"https:\/\/demo.bmconnect.vn\/clinic\/wp-json\/wp\/v2\/pages\/707\/revisions"}],"predecessor-version":[{"id":715,"href":"https:\/\/demo.bmconnect.vn\/clinic\/wp-json\/wp\/v2\/pages\/707\/revisions\/715"}],"wp:attachment":[{"href":"https:\/\/demo.bmconnect.vn\/clinic\/wp-json\/wp\/v2\/media?parent=707"}],"curies":[{"name":"wp","href":"https:\/\/api.w.org\/{rel}","templated":true}]}}