{"id":694,"date":"2017-07-10T10:10:18","date_gmt":"2017-07-10T03:10:18","guid":{"rendered":"https:\/\/demo.bmconnect.vn\/clinic\/?page_id=694"},"modified":"2017-07-10T10:20:39","modified_gmt":"2017-07-10T03:20:39","slug":"hut-mo-bung","status":"publish","type":"page","link":"https:\/\/demo.bmconnect.vn\/clinic\/hut-mo-bung\/","title":{"rendered":"H\u00fat m\u1ee1 b\u1ee5ng"},"content":{"rendered":"\t<div class=\"img has-hover x md-x lg-x y md-y lg-y\" id=\"image_1183613514\">\n\t\t\t\t\t\t\t\t<div class=\"img-inner image-cover dark\" style=\"padding-top:300px;\">\n\t\t\t<img width=\"1020\" height=\"437\" src=\"https:\/\/demo.bmconnect.vn\/clinic\/wp-content\/uploads\/2017\/07\/453436-1-1024x439.jpg\" class=\"attachment-large size-large\" alt=\"\" loading=\"lazy\" srcset=\"https:\/\/demo.bmconnect.vn\/clinic\/wp-content\/uploads\/2017\/07\/453436-1-1024x439.jpg 1024w, https:\/\/demo.bmconnect.vn\/clinic\/wp-content\/uploads\/2017\/07\/453436-1-300x129.jpg 300w, https:\/\/demo.bmconnect.vn\/clinic\/wp-content\/uploads\/2017\/07\/453436-1-768x330.jpg 768w, https:\/\/demo.bmconnect.vn\/clinic\/wp-content\/uploads\/2017\/07\/453436-1.jpg 1918w\" sizes=\"(max-width: 1020px) 100vw, 1020px\" \/>\t\t\t\t\t\t\n\t\t\t\t\t<\/div>\n\t\t\t\t\t\t\t\t\n<style>\n#image_1183613514 {\n  width: 100%;\n}\n<\/style>\n\t<\/div>\n\t\n<div class=\"row\"  id=\"row-1200502106\">\n\n\t<div id=\"col-1579586945\" class=\"col small-12 large-12\"  >\n\t\t\t\t<div class=\"col-inner\"  >\n\t\t\t\n\t\t\t\n\t<div id=\"gap-1255784843\" class=\"gap-element clearfix\" style=\"display:block; height:auto;\">\n\t\t\n<style>\n#gap-1255784843 {\n  padding-top: 11px;\n}\n<\/style>\n\t<\/div>\n\t\n<p><span class=\"fa fa-home\"><\/span> Trang ch\u1ee7 &gt;<span style=\"color: #ff6600;\"><strong> H\u00fat m\u1ee1 b\u1ee5ng<\/strong><\/span><\/p>\n\t\t<\/div>\n\t\t\t\t\t<\/div>\n\n\t\n<\/div>\n<div class=\"row\"  id=\"row-356779763\">\n\n\t<div id=\"col-35630614\" class=\"col medium-6 small-12 large-6\"  >\n\t\t\t\t<div class=\"col-inner\"  >\n\t\t\t\n\t\t\t\n<h3 class=\"title\" style=\"text-align: center;\"><span style=\"font-size: 130%; color: #ff6600;\">LASERLIPO \u2013 \u0110\u00c1NH B\u1eacT N\u1ed6 LO B\u1ee4NG M\u1ee0 CHO EO THON, D\u00c1NG CHU\u1ea8N<\/span><\/h3>\n<p><img loading=\"lazy\" class=\"aligncenter wp-image-144\" src=\"https:\/\/demo.bmconnect.vn\/clinic\/wp-content\/uploads\/2017\/07\/SHARP.png\" alt=\"\" width=\"150\" height=\"38\" \/><\/p>\n<p>C\u00f4ng ngh\u1ec7 gi\u1ea3m m\u1ee1 kh\u00f4ng ph\u1eabu thu\u1eadt LaserLipo l\u00e0 ph\u01b0\u01a1ng ph\u00e1p gi\u1ea3m m\u1ee1 \u0111\u01b0\u1ee3c nghi\u00ean c\u1ee9u th\u00e0nh c\u00f4ng b\u1edfi c\u00e1c chuy\u00ean gia t\u1ea1i trung t\u00e2m ki\u1ec3m so\u00e1t v\u00e0 ph\u00f2ng ch\u1ed1ng d\u1ecbch b\u1ec7nh Hoa K\u1ef3. C\u00f4ng ngh\u1ec7 n\u00e0y \u0111\u00e3 \u0111\u01b0\u1ee3c t\u1ed5 ch\u1ee9c FDA ch\u1ee9ng nh\u1eadn v\u1ec1 ch\u1ea5t l\u01b0\u1ee3ng v\u00e0 \u0111\u1ed9 an to\u00e0n, c\u00f3 kh\u1ea3 n\u0103ng\u00a0l\u00e0m ti\u00eau bi\u1ebfn m\u1ee1 th\u1eeba l\u00e2u n\u0103m trong th\u1eddi gian ng\u1eafn m\u00e0 kh\u00f4ng l\u00e0m tr\u00f9ng nh\u00e3o da khu v\u1ef1c xung quanh, kh\u00e1ch h\u00e0ng c\u00f3 th\u1ec3 y\u00ean t\u00e2m hi\u1ec7u qu\u1ea3 h\u00fat m\u1ee1 \u0111\u01b0\u1ee3c duy tr\u00ec l\u00e2u d\u00e0i.<\/p>\n\t\t<\/div>\n\t\t\t\t\t<\/div>\n\n\t\n\n\t<div id=\"col-854669972\" class=\"col medium-6 small-12 large-6\"  >\n\t\t\t\t<div class=\"col-inner\"  >\n\t\t\t\n\t\t\t\n\t<div class=\"img has-hover x md-x lg-x y md-y lg-y\" id=\"image_1782433696\">\n\t\t\t\t\t\t\t\t<div class=\"img-inner dark\" >\n\t\t\t<img width=\"1020\" height=\"679\" src=\"https:\/\/demo.bmconnect.vn\/clinic\/wp-content\/uploads\/2017\/07\/cach-giam-mo-bung-1024x682.jpg\" class=\"attachment-large size-large\" alt=\"\" loading=\"lazy\" srcset=\"https:\/\/demo.bmconnect.vn\/clinic\/wp-content\/uploads\/2017\/07\/cach-giam-mo-bung.jpg 1024w, https:\/\/demo.bmconnect.vn\/clinic\/wp-content\/uploads\/2017\/07\/cach-giam-mo-bung-300x200.jpg 300w, https:\/\/demo.bmconnect.vn\/clinic\/wp-content\/uploads\/2017\/07\/cach-giam-mo-bung-768x512.jpg 768w\" sizes=\"(max-width: 1020px) 100vw, 1020px\" \/>\t\t\t\t\t\t\n\t\t\t\t\t<\/div>\n\t\t\t\t\t\t\t\t\n<style>\n#image_1782433696 {\n  width: 100%;\n}\n<\/style>\n\t<\/div>\n\t\n\t\t<\/div>\n\t\t\t\t\t<\/div>\n\n\t\n\n\t<div id=\"col-645445485\" class=\"col medium-6 small-12 large-6\"  >\n\t\t\t\t<div class=\"col-inner\"  >\n\t\t\t\n\t\t\t\n\t<div class=\"img has-hover x md-x lg-x y md-y lg-y\" id=\"image_1445821335\">\n\t\t\t\t\t\t\t\t<div class=\"img-inner dark\" >\n\t\t\t<img width=\"490\" height=\"490\" src=\"https:\/\/demo.bmconnect.vn\/clinic\/wp-content\/uploads\/2017\/07\/bat-mi-cach-giam-mo-bung-nhanh-cho-nu.jpg\" class=\"attachment-large size-large\" alt=\"\" loading=\"lazy\" srcset=\"https:\/\/demo.bmconnect.vn\/clinic\/wp-content\/uploads\/2017\/07\/bat-mi-cach-giam-mo-bung-nhanh-cho-nu.jpg 490w, https:\/\/demo.bmconnect.vn\/clinic\/wp-content\/uploads\/2017\/07\/bat-mi-cach-giam-mo-bung-nhanh-cho-nu-150x150.jpg 150w, https:\/\/demo.bmconnect.vn\/clinic\/wp-content\/uploads\/2017\/07\/bat-mi-cach-giam-mo-bung-nhanh-cho-nu-300x300.jpg 300w\" sizes=\"(max-width: 490px) 100vw, 490px\" \/>\t\t\t\t\t\t\n\t\t\t\t\t<\/div>\n\t\t\t\t\t\t\t\t\n<style>\n#image_1445821335 {\n  width: 100%;\n}\n<\/style>\n\t<\/div>\n\t\n\t\t<\/div>\n\t\t\t\t\t<\/div>\n\n\t\n\n\t<div id=\"col-271032713\" class=\"col medium-6 small-12 large-6\"  >\n\t\t\t\t<div class=\"col-inner\"  >\n\t\t\t\n\t\t\t\n<h3 style=\"text-align: left;\"><span style=\"font-size: 130%; color: #ff6600;\">C\u01a0 CH\u1ebe HO\u1ea0T \u0110\u1ed8NG C\u1ee6A C\u00d4NG NGH\u1ec6 LASERLIPO<\/span><\/h3>\n<p>LaserLipo l\u00e0 th\u1ebf h\u1ec7 gi\u1ea3m m\u1ee1 kh\u00f4ng ph\u1eabu thu\u1eadt m\u1edbi c\u1ee7a Hoa K\u1ef3, c\u00f3 kh\u1ea3 n\u0103ng h\u00f3a l\u1ecfng c\u00e1c m\u00f4 m\u1ee1 \u1edf m\u1ecdi b\u1ed9 ph\u1eadn tr\u00ean c\u01a1 th\u1ec3 (m\u1eb7t, b\u1eafp tay, b\u1eafp ch\u00e2n, b\u1ee5ng, m\u00f4ng v\u00e0 \u0111\u00f9i) v\u00e0 tri\u1ec7t ti\u00eau m\u1ee1 th\u1eeba nhanh ch\u00f3ng, kh\u00f4ng x\u00e2m l\u1ea5n, r\u1ea5t an to\u00e0n cho ng\u01b0\u1eddi b\u1ec7nh.<\/p>\n<ul>\n<li class=\"pt bullet-star\"><span style=\"color: #000000;\"><strong>Lo\u1ea1i b\u1ecf m\u1ee1 th\u1eeba\u00a0trong kho\u1ea3ng t\u1eeb 40 \u2013 50p\u00a0<\/strong><br \/>\nN\u0103ng l\u01b0\u1ee3ng t\u1eeb c\u00f4ng ngh\u1ec7 v\u1edbi b\u01b0\u1edbc s\u00f3ng 1064nm t\u00e1c \u0111\u1ed9ng tr\u1ef1c ti\u1ebfp v\u00e0o c\u00e1c t\u1ed5 ch\u1ee9c m\u1ee1 th\u1eeba d\u01b0\u1edbi da, h\u00f3a l\u1ecfng ch\u00fang v\u00e0 nhanh ch\u00f3ng \u0111\u01b0a m\u1ee1 ra kh\u1ecfi c\u01a1 th\u1ec3 b\u1eb1ng d\u1ee5ng c\u1ee5 chuy\u00ean d\u1ee5ng.<br \/>\n<\/span><\/li>\n<li class=\"pt bullet-star\"><span style=\"color: #000000;\"><strong>L\u00e0m s\u0103n ch\u1eafc v\u00f9ng da sau gi\u1ea3m m\u1ee1:<\/strong><br \/>\nNgay sau \u0111\u00f3, ngu\u1ed3n n\u0103ng l\u01b0\u1ee3ng 980nm s\u1ebd th\u1ef1c hi\u1ec7n nhi\u1ec7m v\u1ee5 s\u1eafp x\u1ebfp l\u1ea1i t\u1ebf b\u00e0o collagen d\u01b0\u1edbi da, k\u00e9o theo hi\u1ec7u \u1ee9ng l\u00e0m s\u0103n ch\u1eafc da. V\u00ec v\u1eady, sau th\u1eddi gian ng\u1eafn, tr\u1ea3 l\u1ea1i cho b\u1ea1n v\u00f2ng eo thon g\u1ecdn, s\u0103n ch\u1eafc t\u1ef1 nhi\u00ean.<\/span><\/li>\n<li class=\"pt\"><strong>Ch\u1ec9 \u0111\u1ecbnh tr\u01b0\u1eddng h\u1ee3p \u00e1p d\u1ee5ng gi\u1ea3m m\u1ee1 b\u1ee5ng c\u00f4ng ngh\u1ec7 LaserLipo:<br \/>\n<\/strong>Ng\u01b0\u1eddi b\u00e9o ph\u00ec, th\u1eeba c\u00e2n, m\u1ee1 t\u00edch t\u1ee5 nhi\u1ec1u t\u1ea1i v\u00f9ng b\u1ee5ng, c\u1ea3 nam v\u00e0 n\u1eef nh\u01b0ng kh\u00f4ng m\u1eafc c\u00e1c b\u1ec7nh v\u1ec1 tim m\u1ea1ch, huy\u1ebft \u00e1p&#8230;<\/li>\n<\/ul>\n\t\t<\/div>\n\t\t\t\t\t<\/div>\n\n\t\n<\/div>\n","protected":false},"excerpt":{"rendered":"","protected":false},"author":1,"featured_media":0,"parent":0,"menu_order":0,"comment_status":"closed","ping_status":"closed","template":"page-blank.php","meta":[],"_links":{"self":[{"href":"https:\/\/demo.bmconnect.vn\/clinic\/wp-json\/wp\/v2\/pages\/694"}],"collection":[{"href":"https:\/\/demo.bmconnect.vn\/clinic\/wp-json\/wp\/v2\/pages"}],"about":[{"href":"https:\/\/demo.bmconnect.vn\/clinic\/wp-json\/wp\/v2\/types\/page"}],"author":[{"embeddable":true,"href":"https:\/\/demo.bmconnect.vn\/clinic\/wp-json\/wp\/v2\/users\/1"}],"replies":[{"embeddable":true,"href":"https:\/\/demo.bmconnect.vn\/clinic\/wp-json\/wp\/v2\/comments?post=694"}],"version-history":[{"count":9,"href":"https:\/\/demo.bmconnect.vn\/clinic\/wp-json\/wp\/v2\/pages\/694\/revisions"}],"predecessor-version":[{"id":705,"href":"https:\/\/demo.bmconnect.vn\/clinic\/wp-json\/wp\/v2\/pages\/694\/revisions\/705"}],"wp:attachment":[{"href":"https:\/\/demo.bmconnect.vn\/clinic\/wp-json\/wp\/v2\/media?parent=694"}],"curies":[{"name":"wp","href":"https:\/\/api.w.org\/{rel}","templated":true}]}}