{"id":672,"date":"2017-07-10T09:45:35","date_gmt":"2017-07-10T02:45:35","guid":{"rendered":"https:\/\/demo.bmconnect.vn\/clinic\/?page_id=672"},"modified":"2017-07-10T10:07:57","modified_gmt":"2017-07-10T03:07:57","slug":"don-cam-2","status":"publish","type":"page","link":"https:\/\/demo.bmconnect.vn\/clinic\/don-cam-2\/","title":{"rendered":"\u0110\u1ed9n c\u1eb1m"},"content":{"rendered":"\t<div class=\"img has-hover x md-x lg-x y md-y lg-y\" id=\"image_250785876\">\n\t\t\t\t\t\t\t\t<div class=\"img-inner image-cover dark\" style=\"padding-top:300px;\">\n\t\t\t<img width=\"1020\" height=\"437\" src=\"https:\/\/demo.bmconnect.vn\/clinic\/wp-content\/uploads\/2017\/07\/453436-1-1024x439.jpg\" class=\"attachment-large size-large\" alt=\"\" loading=\"lazy\" srcset=\"https:\/\/demo.bmconnect.vn\/clinic\/wp-content\/uploads\/2017\/07\/453436-1-1024x439.jpg 1024w, https:\/\/demo.bmconnect.vn\/clinic\/wp-content\/uploads\/2017\/07\/453436-1-300x129.jpg 300w, https:\/\/demo.bmconnect.vn\/clinic\/wp-content\/uploads\/2017\/07\/453436-1-768x330.jpg 768w, https:\/\/demo.bmconnect.vn\/clinic\/wp-content\/uploads\/2017\/07\/453436-1.jpg 1918w\" sizes=\"(max-width: 1020px) 100vw, 1020px\" \/>\t\t\t\t\t\t\n\t\t\t\t\t<\/div>\n\t\t\t\t\t\t\t\t\n<style>\n#image_250785876 {\n  width: 100%;\n}\n<\/style>\n\t<\/div>\n\t\n<div class=\"row\"  id=\"row-915933496\">\n\n\t<div id=\"col-802928205\" class=\"col small-12 large-12\"  >\n\t\t\t\t<div class=\"col-inner\"  >\n\t\t\t\n\t\t\t\n\t<div id=\"gap-1930742296\" class=\"gap-element clearfix\" style=\"display:block; height:auto;\">\n\t\t\n<style>\n#gap-1930742296 {\n  padding-top: 10px;\n}\n<\/style>\n\t<\/div>\n\t\n<p><span class=\"fa fa-home\"><\/span> Trang ch\u1ee7 &gt;<span style=\"color: #ff6600;\"><strong> \u0110\u1ed9n c\u1eb1m<\/strong><\/span><\/p>\n\t\t<\/div>\n\t\t\t\t\t<\/div>\n\n\t\n<\/div>\n<div class=\"row\"  id=\"row-933099524\">\n\n\t<div id=\"col-201061300\" class=\"col small-12 large-12\"  >\n\t\t\t\t<div class=\"col-inner\"  >\n\t\t\t\n\t\t\t\n\n\t\t<div class=\"tabbed-content\">\n\t\t\t\n\t\t\t<ul class=\"nav nav-line nav-vertical nav-uppercase nav-size-normal nav-left\"><li class=\"tab active has-icon\"><a href=\"#tab_\u0110\u1ed9n-c\u1eb1m-v-line-t\u1ef1-nhi\u00ean\"><span>\u0110\u1ed9n c\u1eb1m V-line t\u1ef1 nhi\u00ean<\/span><\/a><\/li>\n<li class=\"tab has-icon\"><a href=\"#tab_g\u1ecdt-c\u1eb1m-v-line\"><span>G\u1ecdt c\u1eb1m V-line<\/span><\/a><\/li>\n<li class=\"tab has-icon\"><a href=\"#tab_h\u1ea1-g\u00f2-m\u00e1\"><span>H\u1ea1 g\u00f2 m\u00e1<\/span><\/a><\/li><\/ul><div class=\"tab-panels\"><div class=\"panel active entry-content\" id=\"tab_\u0110\u1ed9n-c\u1eb1m-v-line-t\u1ef1-nhi\u00ean\">\n<h3 style=\"text-align: center;\"><span style=\"font-size: 130%; color: #ff6600;\">\u0110\u1ed8N C\u1eb0M V-LINE T\u1ef0 NHI\u00caN<\/span><\/h3>\n<p><img loading=\"lazy\" class=\"aligncenter wp-image-144\" src=\"https:\/\/demo.bmconnect.vn\/clinic\/wp-content\/uploads\/2017\/07\/SHARP.png\" alt=\"\" width=\"190\" height=\"48\" \/><\/p>\n<p>Ph\u1eabu thu\u1eadt \u0111\u1ed9n c\u1eb1m ch\u1ea5t li\u1ec7u \u0111\u1ed9n l\u00e0 ph\u01b0\u01a1ng ph\u00e1p th\u1ea9m m\u1ef9 kh\u1eafc ph\u1ee5c t\u00ecnh tr\u1ea1ng c\u1eb1m ng\u1eafn, c\u1eb1m l\u1eb9m ph\u1ed5 bi\u1ebfn hi\u1ec7n nay. K\u1ef9 thu\u1eadt n\u00e0y cho ph\u00e9p c\u1ea5y gh\u00e9p s\u1ee5n nh\u00e2n t\u1ea1o v\u00e0o ph\u1ea7n \u0111\u1ec9nh c\u1eb1m \u0111\u1ec3 t\u1ea1o d\u00e1ng c\u1eb1m nh\u1ecdn mang h\u01a1i h\u01b0\u1edbng m\u1eb7t tr\u00e1i xoan ho\u1eb7c m\u1eb7t V-line.<\/p>\n<h3 style=\"text-align: center;\"><span style=\"color: #ff6600; font-size: 130%;\">NH\u1eeeNG AI PH\u00d9 H\u1ee2P<\/span><\/h3>\n<p><img loading=\"lazy\" class=\"aligncenter wp-image-144\" src=\"https:\/\/demo.bmconnect.vn\/clinic\/wp-content\/uploads\/2017\/07\/SHARP.png\" alt=\"\" width=\"150\" height=\"38\" \/><\/p>\n<div class=\"list-of-content\">\n<div class=\"list-of-content-number\">1<\/div>\n<div class=\"list-of-content-content\">Tr\u01b0\u1eddnG h\u1ee3p c\u1eb1m ng\u1eafn, l\u1eb9m d\u01b0\u1edbi x\u01b0\u01a1ng h\u00e0m.<\/div>\n<div class=\"clearboth\"><\/div>\n<\/div>\n<div class=\"list-of-content\">\n<div class=\"list-of-content-number\">2<\/div>\n<div class=\"list-of-content-content\">Tr\u01b0\u1eddng h\u1ee3p c\u1eb1m nh\u1ecdn, ng\u1eafn, kh\u00f4ng c\u00e2n \u0111\u1ed1i v\u1edbi khu\u00f4n m\u1eb7t<\/div>\n<div class=\"clearboth\"><\/div>\n<\/div>\n<div class=\"list-of-content\">\n<div class=\"list-of-content-number\">3<\/div>\n<div class=\"list-of-content-content\">Tr\u01b0\u1eddng h\u1ee3p c\u1eb1m V-line l\u1ec7ch, 1 b\u00ean ng\u1eafn, 1 b\u00ean d\u00e0i<\/div>\n<div class=\"clearboth\"><\/div>\n<\/div>\n<div class=\"list-of-content\">\n<div class=\"list-of-content-number\">4<\/div>\n<div class=\"list-of-content-content\">Tr\u01b0\u1eddng h\u1ee3p c\u1eb1m m\u1ecfng<\/div>\n<div class=\"clearboth\"><\/div>\n<\/div>\n<h3 style=\"text-align: center;\"><span style=\"font-size: 130%; color: #ff6600;\">\u0110\u1ed8N C\u1eb0M V LINE 3D C\u00d3 G\u00cc KH\u00c1C BI\u1ec6T?<\/span><\/h3>\n<p><img loading=\"lazy\" class=\"aligncenter wp-image-144\" src=\"https:\/\/demo.bmconnect.vn\/clinic\/wp-content\/uploads\/2017\/07\/SHARP.png\" alt=\"\" width=\"150\" height=\"38\" \/><\/p>\n<ul>\n<li class=\"pt bullet-star\">B\u1ea1n c\u00f3 th\u1ec3 xem tr\u01b0\u1edbc h\u00ecnh \u1ea3nh m\u00f4 ph\u1ecfng k\u1ebft qu\u1ea3:<br \/>\nThi\u1ebft b\u1ecb Vectra 3D l\u00e0 m\u1ed9t trong nh\u1eefng thi\u1ebft b\u1ecb m\u1edbi hi\u1ec7n \u0111\u1ea1i nh\u1ea5t \u0111\u01b0\u1ee3c Kangnam \u1ee9ng d\u1ee5ng gi\u00fap kh\u00e1ch h\u00e0ng xem tr\u01b0\u1edbc \u0111\u01b0\u1ee3c k\u1ebft qu\u1ea3 th\u1ef1c hi\u1ec7n v\u00e0 an t\u00e2m h\u01a1n v\u1ec1 hi\u1ec7u qu\u1ea3 c\u1ee7a c\u00f4ng ngh\u1ec7 \u0110\u1ed9n c\u1eb1m V line.<\/li>\n<li>To\u00e0n b\u1ed9 quy tr\u00ecnh \u0111\u01b0\u1ee3c th\u1ef1c hi\u1ec7n gi\u1ed1ng c\u00e1c b\u01b0\u1edbc \u0111\u00e3 \u0111\u01b0\u1ee3c \u00e1p d\u1ee5ng ph\u1ed5 bi\u1ebfn t\u1ea1i H\u00e0n Qu\u1ed1c.\u00a0B\u00e1c s\u0129 s\u1ebd ti\u1ebfn h\u00e0nh \u0111\u01b0a mi\u1ebfng \u0111\u1ed9n v\u00e0o b\u00ean trong c\u1eb1m th\u00f4ng qua m\u1ed9t \u0111\u01b0\u1eddng r\u1ea1ch nh\u1ecf trong l\u1edbp ni\u00eam m\u1ea1c m\u00f4i d\u01b0\u1edbi. K\u1ef9 thu\u1eadt \u0111\u01a1n gi\u1ea3n v\u00e0 nhanh ch\u00f3ng ch\u1ec9 trong kho\u1ea3ng 40 ph\u00fat.<\/li>\n<\/ul>\n<\/div>\n<div class=\"panel entry-content\" id=\"tab_g\u1ecdt-c\u1eb1m-v-line\">\n<h3 style=\"text-align: center;\"><span style=\"color: #ff6600;\">G\u1eccT C\u1eb0M V-LINE<\/span><\/h3>\n<p><img loading=\"lazy\" class=\"aligncenter wp-image-144\" src=\"https:\/\/demo.bmconnect.vn\/clinic\/wp-content\/uploads\/2017\/07\/SHARP.png\" alt=\"\" width=\"150\" height=\"38\" \/><\/p>\n<p>Ph\u1eabu thu\u1eadt g\u1ecdt c\u1eb1m v line 3D c\u00f4ng ngh\u1ec7 H\u00e0n Qu\u1ed1c l\u00e0 gi\u1ea3i ph\u00e1p kh\u1eafc ph\u1ee5c c\u1eb1m ng\u1eafn, c\u1eb1m l\u1eb9m, t\u1ea1o d\u00e1ng c\u1eb1m v line c\u00e2n \u0111\u1ed1i, h\u00e0i h\u00f2a. K\u1ef9 thu\u1eadt g\u1ecdt c\u1eb1m \u0111\u01b0\u1ee3c g\u00e2y m\u00ea theo \u0111\u00fang ti\u00eau chu\u1ea9n, an to\u00e0n\u2026<\/p>\n<ul>\n<li class=\"pt bullet-arrow\"><span style=\"color: #000000;\"><strong>Gi\u1ea3i ph\u00e1p t\u1ea1o d\u00e1ng c\u1eb1m V line ho\u00e0n h\u1ea3o:<\/strong><\/span><br \/>\n<span style=\"color: #000000;\">Kh\u1eafc ph\u1ee5c nh\u01b0\u1ee3c \u0111i\u1ec3m c\u1eb1m th\u00f4, vu\u00f4ng, c\u1eb1m x\u1ea5u \u2013 h\u00f4 bi\u1ebfn m\u1ecdi d\u00e1ng c\u1eb1m tr\u1edf n\u00ean \u0111\u1eb9p h\u01a1n chu\u1ea9n V line.<\/span><\/li>\n<li class=\"pt bullet-arrow\"><span style=\"color: #000000;\"><strong>D\u1ef1ng xem tr\u01b0\u1edbc k\u1ebft qu\u1ea3:<\/strong><\/span><br \/>\n<span style=\"color: #000000;\">Nh\u1edd v\u00e0o s\u1ef1 h\u1ed7 tr\u1ee3 c\u1ee7a m\u00e1y Vectra 3D cho ph\u00e9p xem tr\u01b0\u1edbc k\u1ebft qu\u1ea3 g\u1ecdt c\u1eb1m V line s\u1ebd \u0111\u01b0\u1ee3c d\u1ef1ng tr\u01b0\u1edbc trong kh\u00f4ng gian 3 chi\u1ec1u t\u1ea5t c\u1ea3 c\u00e1c g\u00f3c \u0111\u1ed9 \u0111\u1ec1u \u0111\u01b0\u1ee3c quan s\u00e1t k\u1ef9.<\/span><\/li>\n<li class=\"pt bullet-arrow\"><span style=\"color: #000000;\"><strong>K\u1ef9 thu\u1eadt \u0111\u00e1p \u1ee9ng ti\u00eau chu\u1ea9n an to\u00e0n, kh\u00f4ng g\u00e2y nguy hi\u1ec3m<\/strong><\/span><br \/>\n<span style=\"color: #000000;\">Ti\u1ebfn h\u00e0nh ph\u1eabu thu\u1eadt g\u1ecdt c\u1eb1m V line 3D c\u00f4ng ngh\u1ec7 H\u00e0n Qu\u1ed1c th\u00f4ng qua m\u1ed9t \u0111\u01b0\u1eddng r\u1ea1ch nh\u1ecf b\u00ean trong khoang mi\u1ec7ng. Sau \u0111\u00f3, b\u00e1c s\u0129 s\u1ebd s\u1eed d\u1ee5ng thi\u1ebft b\u1ecb m\u00e1y c\u1eaft x\u01b0\u01a1ng si\u00eau \u00e2m chuy\u00ean d\u1ee5ng, c\u1eaft v\u00e0 lo\u1ea1i b\u1ecf ph\u1ea7n x\u01b0\u01a1ng c\u1eb1m th\u00f4 vu\u00f4ng, kh\u00f4ng c\u00e2n \u0111\u1ed1i.<\/span><\/li>\n<li class=\"pt\"><span style=\"color: #000000;\"><strong>Kh\u00f4ng \u0111\u1ec3 l\u1ea1i s\u1eb9o, kh\u00f4ng m\u1ea5t nhi\u1ec1u th\u1eddi gian ngh\u1ec9 d\u01b0\u1ee1ng<\/strong><\/span><br \/>\n<span style=\"color: #000000;\">Nh\u1edd \u1ee9ng d\u1ee5ng thi\u1ebft b\u1ecb n\u1ed9i soi n\u00ean v\u1ebft m\u1ed5 nh\u1ecf kho\u1ea3ng 1-2cm, n\u1eb1m \u1edf trong l\u1edbp ni\u00eam m\u1ea1c m\u00f4i d\u01b0\u1edbi n\u00ean kh\u00f4ng h\u1ec1 \u0111\u1ec3 l\u1ea1i s\u1eb9o x\u1ea5u l\u1ed9 ra b\u00ean ngo\u00e0i.<\/span><\/li>\n<\/ul>\n<p><img loading=\"lazy\" class=\"aligncenter wp-image-681 size-full\" src=\"https:\/\/demo.bmconnect.vn\/clinic\/wp-content\/uploads\/2017\/07\/got-cam-3d-1.jpg\" alt=\"\" width=\"554\" height=\"432\" srcset=\"https:\/\/demo.bmconnect.vn\/clinic\/wp-content\/uploads\/2017\/07\/got-cam-3d-1.jpg 554w, https:\/\/demo.bmconnect.vn\/clinic\/wp-content\/uploads\/2017\/07\/got-cam-3d-1-300x234.jpg 300w\" sizes=\"(max-width: 554px) 100vw, 554px\" \/><\/p>\n<\/div>\n<div class=\"panel entry-content\" id=\"tab_h\u1ea1-g\u00f2-m\u00e1\">\n<h3 style=\"text-align: center;\"><span style=\"font-size: 130%; color: #ff6600;\">H\u1ea0 G\u00d2 M\u00c1<\/span><\/h3>\n<p><img loading=\"lazy\" class=\"aligncenter wp-image-144\" src=\"https:\/\/demo.bmconnect.vn\/clinic\/wp-content\/uploads\/2017\/07\/SHARP.png\" alt=\"\" width=\"150\" height=\"38\" \/><\/p>\n<p>Ph\u1eabu thu\u1eadt h\u1ea1 g\u00f2 m\u00e1 3D c\u00f4ng ngh\u1ec7 H\u00e0n Qu\u1ed1c \u00e1p d\u1ee5ng k\u1ef9 thu\u1eadt g\u00e2y m\u00ea k\u1ebft h\u1ee3p c\u00f9ng thi\u1ebft b\u1ecb Vectra XT 3D cho ph\u00e9p ch\u1ee5p \u2013 d\u1ef1ng m\u00f4 ph\u1ecfng m\u1ed9t c\u00e1ch ch\u00e2n th\u1ef1c k\u1ebft qu\u1ea3, \u0111\u01b0a g\u00f2 m\u00e1 v\u1ec1 v\u1ecb tr\u00ed c\u00e2n \u0111\u1ed1i sau kho\u1ea3ng 60 ph\u00fat th\u1ef1c hi\u1ec7n. K\u1ebft qu\u1ea3 h\u1ea1 g\u00f2 m\u00e1 duy tr\u00ec \u1ed5n \u0111\u1ecbnh.<\/p>\n<div class=\"row\"  id=\"row-2025753444\">\n\n\t<div id=\"col-1630581263\" class=\"col medium-6 small-12 large-6\"  >\n\t\t\t\t<div class=\"col-inner\"  >\n\t\t\t\n\t\t\t\n\t<div class=\"img has-hover x md-x lg-x y md-y lg-y\" id=\"image_2129532\">\n\t\t\t\t\t\t\t\t<div class=\"img-inner dark\" >\n\t\t\t<img width=\"450\" height=\"343\" src=\"https:\/\/demo.bmconnect.vn\/clinic\/wp-content\/uploads\/2017\/07\/h\u1ea1-g\u00f2-m\u00e1-3.jpg\" class=\"attachment-large size-large\" alt=\"\" loading=\"lazy\" srcset=\"https:\/\/demo.bmconnect.vn\/clinic\/wp-content\/uploads\/2017\/07\/h\u1ea1-g\u00f2-m\u00e1-3.jpg 450w, https:\/\/demo.bmconnect.vn\/clinic\/wp-content\/uploads\/2017\/07\/h\u1ea1-g\u00f2-m\u00e1-3-300x229.jpg 300w\" sizes=\"(max-width: 450px) 100vw, 450px\" \/>\t\t\t\t\t\t\n\t\t\t\t\t<\/div>\n\t\t\t\t\t\t\t\t\n<style>\n#image_2129532 {\n  width: 100%;\n}\n<\/style>\n\t<\/div>\n\t\n\t\t<\/div>\n\t\t\t\t\t<\/div>\n\n\t\n\n\t<div id=\"col-573839047\" class=\"col medium-6 small-12 large-6\"  >\n\t\t\t\t<div class=\"col-inner\"  >\n\t\t\t\n\t\t\t\n<p>H\u1ea1 g\u00f2 m\u00e1 l\u00e0 c\u00f4ng ngh\u1ec7 th\u1ea9m m\u1ef9 can thi\u1ec7p tr\u1ef1c ti\u1ebfp v\u00e0o v\u00f9ng x\u01b0\u01a1ng g\u00f2 m\u00e1 \u0111\u1ec3 h\u1ea1 th\u1ea5p ph\u1ea7n x\u01b0\u01a1ng g\u00f2 m\u00e1 b\u1ecb nh\u00f4 cao kh\u00f4ng \u0111\u00fang theo t\u1ec9 l\u1ec7 c\u00e2n x\u1ee9ng.<\/p>\n<a rel=\"noopener noreferrer\" href=\"https:\/\/demo.bmconnect.vn\/clinic\/lien-he\/\" target=\"_blank\" class=\"button primary\"  >\n    <span>T\u01b0 v\u1ea5n mi\u1ec5n ph\u00ed<\/span>\n  <\/a>\n\n\t\t<\/div>\n\t\t\t\t\t<\/div>\n\n\t\n<\/div>\n<ul>\n<li class=\"pt bullet-arrow bullet-star\"><span style=\"color: #000000;\"><strong>An to\u00e0n cao<\/strong><\/span><br \/>\n<span style=\"color: #000000;\">Tr\u01b0\u1edbc khi th\u1ef1c hi\u1ec7n b\u00e1c s\u0129 s\u1ebd ti\u1ebfn h\u00e0nh th\u0103m kh\u00e1m tr\u1ef1c ti\u1ebfp v\u1edbi m\u00e1y ch\u1ee5p CT c\u00f9ng v\u1edbi thi\u1ebft b\u1ecb 3D \u2013 m\u00f4 ph\u1ecfng to\u00e0n b\u1ed9 c\u1ea5u tr\u00fac khu\u00f4n m\u1eb7t. T\u1eeb \u0111\u00f3 x\u00e1c \u0111\u1ecbnh r\u00f5 m\u1ee9c \u0111\u1ed9 c\u1ea7n t\u00e1c \u0111\u1ed9ng t\u1edbi x\u01b0\u01a1ng g\u00f2 m\u00e1 kh\u00f4ng x\u00e2m l\u1ea5n an to\u00e0n cao. \u00a0Ph\u1eabu thu\u1eadt h\u1ea1 g\u00f2 m\u00e1 ch\u1ec9 t\u00e1c \u0111\u1ed9ng v\u00e0o v\u00f9ng v\u1ecf x\u01b0\u01a1ng v\u00f9ng an to\u00e0n \u0111\u00e3 \u0111\u01b0\u1ee3c x\u00e1c \u0111\u1ecbnh t\u1eeb tr\u01b0\u1edbc, do \u0111\u00f3 s\u1ebd kh\u00f4ng c\u00f3 b\u1ea5t k\u1ef3 bi\u1ebfn ch\u1ee9ng n\u00e0o x\u1ea3y ra.<\/span><\/li>\n<li class=\"pt bullet-arrow bullet-star\"><span style=\"color: #000000;\"><strong>H\u1ea1 g\u00f2 m\u00e1 nhanh ch\u00f3ng ch\u00ednh x\u00e1c<\/strong><\/span><br \/>\n<span style=\"color: #000000;\">B\u00e1c s\u0129 s\u1ebd x\u00e1c \u0111\u1ecbnh x\u01b0\u01a1ng g\u00f2 m\u00e1 c\u1ea7n h\u1ea1 v\u00e0 d\u00f9ng m\u00e1y c\u1eaft x\u01b0\u01a1ng si\u00eau \u00e2m c\u1eaft ph\u1ea7n cung g\u00f2 m\u00e1, h\u1ea1 th\u1ea5p xu\u1ed1ng t\u01b0\u01a1ng x\u1ee9ng chi\u1ec1u cao c\u1ea7n h\u1ea1 m\u00e0 b\u00e1c s\u0129 \u0111\u00e3 ki\u1ec3m tra tr\u01b0\u1edbc \u0111\u00f3.\u0110\u1eb7c bi\u1ec7t, c\u00e1c b\u00e1c s\u0129 s\u1ebd d\u1ef1a v\u00e0o h\u00ecnh \u1ea3nh 3D \u0111\u1ec3 n\u1eafm b\u1eaft c\u1ea5u tr\u00fac khu\u00f4n m\u1eb7t ti\u1ebfn h\u00e0nh ch\u1ec9nh h\u00ecnh ch\u00ednh x\u00e1c \u0111\u1ebfn t\u1eebng milimet, t\u1ea1o \u0111\u00f4i m\u00e1 \u0111\u1ea7y \u0111\u1eb7n, c\u00e2n \u0111\u1ed1i v\u00e0 h\u00e0i h\u00f2a v\u1edbi g\u01b0\u01a1ng m\u1eb7t, gi\u00fap kh\u1eafc ph\u1ee5c t\u00ecnh tr\u1ea1ng g\u00f2 m\u00e1 cao.<\/span><\/li>\n<li class=\"pt bullet-star\"><span style=\"color: #000000;\"><strong>K\u1ebft qu\u1ea3 duy tr\u00ec \u1ed5n \u0111\u1ecbnh:<\/strong><\/span><br \/>\n<span style=\"color: #000000;\">Ph\u1ea7n x\u01b0\u01a1ng \u0111\u01b0\u1ee3c t\u00e1c \u0111\u1ed9ng c\u1eaft g\u1ecdt b\u1edbt tr\u1ef1c ti\u1ebfp, kh\u00f4ng th\u1ec3 ph\u00e1t tri\u1ec3n ti\u1ebfp t\u1ee5c. Hi\u1ec7u qu\u1ea3 duy tr\u00ec v\u0129nh vi\u1ec5n l\u00e2u d\u00e0i.<\/span><\/li>\n<li class=\"pt bullet-star\"><span style=\"color: #000000;\"><strong>Kh\u00f4ng \u0111\u1ec3 l\u1ea1i s\u1eb9o:<\/strong><\/span><br \/>\n<span style=\"color: #000000;\">Nh\u1edd \u1ee9ng d\u1ee5ng thi\u1ebft b\u1ecb n\u1ed9i soi n\u00ean v\u1ebft m\u1ed5 nh\u1ecf kho\u1ea3ng 1-2cm, n\u1eb1m \u1edf trong l\u1edbp ni\u00eam m\u1ea1c m\u00f4i d\u01b0\u1edbi n\u00ean kh\u00f4ng h\u1ec1 \u0111\u1ec3 l\u1ea1i s\u1eb9o x\u1ea5u l\u1ed9 ra b\u00ean ngo\u00e0i.<\/span><\/li>\n<\/ul>\n<\/div><\/div><\/div>\n\t\t<\/div>\n\t\t\t\t\t<\/div>\n\n\t\n<\/div>\n","protected":false},"excerpt":{"rendered":"","protected":false},"author":1,"featured_media":0,"parent":0,"menu_order":0,"comment_status":"closed","ping_status":"closed","template":"page-blank.php","meta":[],"_links":{"self":[{"href":"https:\/\/demo.bmconnect.vn\/clinic\/wp-json\/wp\/v2\/pages\/672"}],"collection":[{"href":"https:\/\/demo.bmconnect.vn\/clinic\/wp-json\/wp\/v2\/pages"}],"about":[{"href":"https:\/\/demo.bmconnect.vn\/clinic\/wp-json\/wp\/v2\/types\/page"}],"author":[{"embeddable":true,"href":"https:\/\/demo.bmconnect.vn\/clinic\/wp-json\/wp\/v2\/users\/1"}],"replies":[{"embeddable":true,"href":"https:\/\/demo.bmconnect.vn\/clinic\/wp-json\/wp\/v2\/comments?post=672"}],"version-history":[{"count":17,"href":"https:\/\/demo.bmconnect.vn\/clinic\/wp-json\/wp\/v2\/pages\/672\/revisions"}],"predecessor-version":[{"id":691,"href":"https:\/\/demo.bmconnect.vn\/clinic\/wp-json\/wp\/v2\/pages\/672\/revisions\/691"}],"wp:attachment":[{"href":"https:\/\/demo.bmconnect.vn\/clinic\/wp-json\/wp\/v2\/media?parent=672"}],"curies":[{"name":"wp","href":"https:\/\/api.w.org\/{rel}","templated":true}]}}