{"id":17,"date":"2017-07-07T01:02:17","date_gmt":"2017-07-06T18:02:17","guid":{"rendered":"https:\/\/demo.bmconnect.vn\/clinic\/?page_id=17"},"modified":"2017-07-10T02:26:12","modified_gmt":"2017-07-09T19:26:12","slug":"lien-he","status":"publish","type":"page","link":"https:\/\/demo.bmconnect.vn\/clinic\/lien-he\/","title":{"rendered":"Li\u00ean h\u1ec7"},"content":{"rendered":"\t<div class=\"img has-hover x md-x lg-x y md-y lg-y\" id=\"image_1077066937\">\n\t\t\t\t\t\t\t\t<div class=\"img-inner dark\" >\n\t\t\t<img width=\"1920\" height=\"319\" src=\"https:\/\/demo.bmconnect.vn\/clinic\/wp-content\/uploads\/2017\/07\/banner10.jpg\" class=\"attachment-original size-original\" alt=\"\" loading=\"lazy\" srcset=\"https:\/\/demo.bmconnect.vn\/clinic\/wp-content\/uploads\/2017\/07\/banner10.jpg 1920w, https:\/\/demo.bmconnect.vn\/clinic\/wp-content\/uploads\/2017\/07\/banner10-300x50.jpg 300w, https:\/\/demo.bmconnect.vn\/clinic\/wp-content\/uploads\/2017\/07\/banner10-768x128.jpg 768w, https:\/\/demo.bmconnect.vn\/clinic\/wp-content\/uploads\/2017\/07\/banner10-1024x170.jpg 1024w\" sizes=\"(max-width: 1920px) 100vw, 1920px\" \/>\t\t\t\t\t\t\n\t\t\t\t\t<\/div>\n\t\t\t\t\t\t\t\t\n<style>\n#image_1077066937 {\n  width: 100%;\n}\n<\/style>\n\t<\/div>\n\t\n<div class=\"row\"  id=\"row-1374897546\">\n\n\t<div id=\"col-1175487741\" class=\"col small-12 large-12\"  >\n\t\t\t\t<div class=\"col-inner\"  >\n\t\t\t\n\t\t\t\n\t<div id=\"gap-891988808\" class=\"gap-element clearfix\" style=\"display:block; height:auto;\">\n\t\t\n<style>\n#gap-891988808 {\n  padding-top: 10px;\n}\n<\/style>\n\t<\/div>\n\t\n<p><span class=\"fa fa-home\"><\/span> Trang ch\u1ee7 &gt;<span style=\"color: #ff6600;\"><strong> N\u00e2ng m\u0169i b\u1ecdc s\u1ee5n<\/strong><\/span><\/p>\n<h3 style=\"text-align: center;\">PH\u00d2NG KH\u00c1M CHUY\u00caN KHOA PH\u1eaaU THU\u1eacT TH\u1ea8M M\u1ef8<\/h3>\n<h3 style=\"text-align: center;\">TS. BS. NGUY\u1ec4N TH\u00c0NH NH\u00c2N<\/h3>\n<p><img loading=\"lazy\" class=\"aligncenter wp-image-144\" src=\"https:\/\/demo.bmconnect.vn\/clinic\/wp-content\/uploads\/2017\/07\/SHARP.png\" alt=\"\" width=\"150\" height=\"38\" \/><\/p>\n\t\t<\/div>\n\t\t\t\t\t<\/div>\n\n\t\n<\/div>\n<div class=\"row\"  id=\"row-1784291073\">\n\n\t<div id=\"col-874341333\" class=\"col medium-6 large-6\"  >\n\t\t\t\t<div class=\"col-inner\"  >\n\t\t\t\n\t\t\t\n<p>Ph\u00f2ng kh\u00e1m chuy\u00ean khoa Ph\u1eabu thu\u1eadt Th\u1ea9m m\u1ef9 TS. BS. Nguy\u1ec5n Th\u00e0nh Nh\u00e2n ho\u1ea1t \u0111\u1ed9ng theo ph\u01b0\u01a1ng ch\u00e2m:\u00a0<\/p>\n<h3><span style=\"color: #ff6600;\">GI\u1ea2I PH\u00c1P T\u1ed0I \u01afU \u0110\u1ec2 \u0110\u1eb8P T\u1ef0 NHI\u00caN<\/span><\/h3>\n<p>V\u1edbi kinh nghi\u1ec7m Ph\u1eabu thu\u1eadt Th\u1ea9m m\u1ef9 trong nhi\u1ec1u n\u0103m, TS. BS. Nguy\u1ec5n Th\u00e0nh Nh\u00e2n \u0111\u00e3 \u0111\u01b0\u1ee3c S\u1edf Y t\u1ebf c\u1ea5p ph\u00e9p ho\u1ea1t \u0111\u1ed9ng s\u1ed1 04\/GPNHN.TM \u0111\u1ec3 m\u1edf Ph\u00f2ng kh\u00e1m chuy\u00ean khoa Ph\u1eabu thu\u1eadt Th\u1ea9m m\u1ef9 &#8211; TS. BS. Nh\u00e2n t\u1ea1i s\u1ed1 4 H\u01b0ng Long, P.6, Q.10, TP. H\u1ed3 Ch\u00ed Minh.<\/p>\n\t\t<\/div>\n\t\t\t\t\t<\/div>\n\n\t\n\n\t<div id=\"col-580179546\" class=\"col medium-3 large-3\"  >\n\t\t\t\t<div class=\"col-inner\"  >\n\t\t\t\n\t\t\t\n<h3><span style=\"color: #ff6600;\">\u0110\u1ecaA CH\u1ec8<\/span><\/h3>\n<p>S\u1ed1 4 H\u01b0ng Long, Ph\u01b0\u1eddng 6, Qu\u1eadn 10, TP. H\u1ed3 Ch\u00ed Minh<\/p>\n<h3><span style=\"color: #ff6600;\">S\u1ed0 \u0110I\u1ec6N THO\u1ea0I<\/span><\/h3>\n<p>(+08) 22 44 77 88<br \/>(+08) 3853 188<br \/>0937 832 238<\/p>\n\t\t<\/div>\n\t\t\t\t\t<\/div>\n\n\t\n\n\t<div id=\"col-1765159774\" class=\"col medium-3 small-12 large-3\"  >\n\t\t\t\t<div class=\"col-inner\"  >\n\t\t\t\n\t\t\t\n<h3><span style=\"color: #ff6600;\">TH\u1edcI GIAN L\u00c0M VI\u1ec6C<\/span><\/h3>\n<p><span style=\"color: #555555; line-height: inherit; font-size: 14.4px;\">Th\u1ee9 Hai \u0111\u1ebfn Th\u1ee9 B\u1ea3y: 8:00 &#8211; 19:00<br \/><\/span>Ch\u1ee7 Nh\u1eadt: 8:00 &#8211; 12:00<\/p>\n<h3><span style=\"color: #ff6600;\">K\u1ebeT N\u1ed0I<\/span><\/h3>\n<p>Email: cskh@thammytiensynhan.com<\/p>\n<div class=\"social-icons share-icons share-row relative icon-style-fill\" ><a href=\"whatsapp:\/\/send?text=Li%C3%AAn%20h%E1%BB%87 - https:\/\/demo.bmconnect.vn\/clinic\/lien-he\/\" data-action=\"share\/whatsapp\/share\" class=\"icon primary button circle tooltip whatsapp show-for-medium\" title=\"Share on WhatsApp\" aria-label=\"Share on WhatsApp\"><i class=\"icon-whatsapp\"><\/i><\/a><a href=\"https:\/\/www.facebook.com\/sharer.php?u=https:\/\/demo.bmconnect.vn\/clinic\/lien-he\/\" data-label=\"Facebook\" onclick=\"window.open(this.href,this.title,'width=500,height=500,top=300px,left=300px');  return false;\" rel=\"noopener noreferrer nofollow\" target=\"_blank\" class=\"icon primary button circle tooltip facebook\" title=\"Share on Facebook\" aria-label=\"Share on Facebook\"><i class=\"icon-facebook\" ><\/i><\/a><a href=\"https:\/\/twitter.com\/share?url=https:\/\/demo.bmconnect.vn\/clinic\/lien-he\/\" onclick=\"window.open(this.href,this.title,'width=500,height=500,top=300px,left=300px');  return false;\" rel=\"noopener noreferrer nofollow\" target=\"_blank\" class=\"icon primary button circle tooltip twitter\" title=\"Share on Twitter\" aria-label=\"Share on Twitter\"><i class=\"icon-twitter\" ><\/i><\/a><a href=\"mailto:enteryour@addresshere.com?subject=Li%C3%AAn%20h%E1%BB%87&amp;body=Check%20this%20out:%20https:\/\/demo.bmconnect.vn\/clinic\/lien-he\/\" rel=\"nofollow\" class=\"icon primary button circle tooltip email\" title=\"Email to a Friend\" aria-label=\"Email to a Friend\"><i class=\"icon-envelop\" ><\/i><\/a><a href=\"https:\/\/pinterest.com\/pin\/create\/button\/?url=https:\/\/demo.bmconnect.vn\/clinic\/lien-he\/&amp;media=&amp;description=Li%C3%AAn%20h%E1%BB%87\" onclick=\"window.open(this.href,this.title,'width=500,height=500,top=300px,left=300px');  return false;\" rel=\"noopener noreferrer nofollow\" target=\"_blank\" class=\"icon primary button circle tooltip pinterest\" title=\"Pin on Pinterest\" aria-label=\"Pin on Pinterest\"><i class=\"icon-pinterest\" ><\/i><\/a><a href=\"https:\/\/www.linkedin.com\/shareArticle?mini=true&url=https:\/\/demo.bmconnect.vn\/clinic\/lien-he\/&title=Li%C3%AAn%20h%E1%BB%87\" onclick=\"window.open(this.href,this.title,'width=500,height=500,top=300px,left=300px');  return false;\"  rel=\"noopener noreferrer nofollow\" target=\"_blank\" class=\"icon primary button circle tooltip linkedin\" title=\"Share on LinkedIn\" aria-label=\"Share on LinkedIn\"><i class=\"icon-linkedin\" ><\/i><\/a><\/div>\n\t\t<\/div>\n\t\t\t\t\t<\/div>\n\n\t\n<\/div>\n<p style=\"text-align: center\"><iframe loading=\"lazy\" src=\"https:\/\/www.google.com\/maps\/embed?pb=!1m18!1m12!1m3!1d3919.33310574781!2d106.65378731420401!3d10.785779261971719!2m3!1f0!2f0!3f0!3m2!1i1024!2i768!4f13.1!3m3!1m2!1s0x31752ec9794e09a1%3A0x3a2c57ce879c85ae!2zNDcgTG9uZyBIxrBuZywgcGjGsOG7nW5nIDcsIFTDom4gQsOsbmgsIEjhu5MgQ2jDrSBNaW5oLCBWaeG7h3QgTmFt!5e0!3m2!1svi!2s!4v1499626496221\" width=\"1300\" height=\"400\" frameborder=\"0\" style=\"border:0\" allowfullscreen><\/iframe><\/p>\n<div class=\"row\"  id=\"row-736677842\">\n\n\t<div id=\"col-1858691208\" class=\"col medium-2 small-12 large-2\"  >\n\t\t\t\t<div class=\"col-inner\"  >\n\t\t\t\n\t\t\t\n\t\t<\/div>\n\t\t\t\t\t<\/div>\n\n\t\n\n\t<div id=\"col-1661652293\" class=\"col medium-8 small-12 large-8\"  >\n\t\t\t\t<div class=\"col-inner\"  >\n\t\t\t\n\t\t\t\n<h3 style=\"text-align: center;\"><span style=\"font-size: 130%;\">LI\u00caN H\u1ec6<\/span><\/h3>\n<p><img loading=\"lazy\" class=\"aligncenter wp-image-144\" src=\"https:\/\/demo.bmconnect.vn\/clinic\/wp-content\/uploads\/2017\/07\/SHARP.png\" alt=\"\" width=\"150\" height=\"38\" \/><\/p>\n<div role=\"form\" class=\"wpcf7\" id=\"wpcf7-f542-o1\" lang=\"vi\" dir=\"ltr\">\n<div class=\"screen-reader-response\"><p role=\"status\" aria-live=\"polite\" aria-atomic=\"true\"><\/p> <ul><\/ul><\/div>\n<form action=\"\/clinic\/wp-json\/wp\/v2\/pages\/17#wpcf7-f542-o1\" method=\"post\" class=\"wpcf7-form init\" novalidate=\"novalidate\" data-status=\"init\">\n<div style=\"display: none;\">\n<input type=\"hidden\" name=\"_wpcf7\" value=\"542\" \/>\n<input type=\"hidden\" name=\"_wpcf7_version\" value=\"5.4.2\" \/>\n<input type=\"hidden\" name=\"_wpcf7_locale\" value=\"vi\" \/>\n<input type=\"hidden\" name=\"_wpcf7_unit_tag\" value=\"wpcf7-f542-o1\" \/>\n<input type=\"hidden\" name=\"_wpcf7_container_post\" value=\"0\" \/>\n<input type=\"hidden\" name=\"_wpcf7_posted_data_hash\" value=\"\" \/>\n<\/div>\n<div>\n<div class=\"contact-form-1\">\n<p>\n<label><br \/>\n<span class=\"wpcf7-form-control-wrap your-name\"><input type=\"text\" name=\"your-name\" value=\"\" size=\"40\" class=\"wpcf7-form-control wpcf7-text wpcf7-validates-as-required\" aria-required=\"true\" aria-invalid=\"false\" placeholder=\"T\u00ean c\u1ee7a b\u1ea1n\" \/><\/span><br \/>\n<\/label><\/p>\n<\/div>\n<div class=\"contact-form-2\">\n<p>\n<label><br \/>\n    <span class=\"wpcf7-form-control-wrap your-email\"><input type=\"email\" name=\"your-email\" value=\"\" size=\"40\" class=\"wpcf7-form-control wpcf7-text wpcf7-email wpcf7-validates-as-required wpcf7-validates-as-email\" aria-required=\"true\" aria-invalid=\"false\" placeholder=\"Email c\u1ee7a b\u1ea1n\" \/><\/span><\/label>\n<\/p>\n<\/div>\n<div class=\"clearboth\">\n<div>\n<\/div>\n<div>\n<p><label><br \/>\n    <span class=\"wpcf7-form-control-wrap your-subject\"><input type=\"text\" name=\"your-subject\" value=\"\" size=\"40\" class=\"wpcf7-form-control wpcf7-text wpcf7-validates-as-required\" aria-required=\"true\" aria-invalid=\"false\" placeholder=\"Ti\u00eau \u0111\u1ec1\" \/><\/span><\/label> <\/p>\n<\/div>\n<div>\n<p><label><br \/>\n    <span class=\"wpcf7-form-control-wrap your-message\"><textarea name=\"your-message\" cols=\"40\" rows=\"10\" class=\"wpcf7-form-control wpcf7-textarea\" aria-invalid=\"false\" placeholder=\"N\u1ed9i dung\"><\/textarea><\/span><\/label> <\/p>\n<\/div>\n<div class=\"submit-button\">\n  <input type=\"submit\" value=\"G\u1eedi \u0111i\" class=\"wpcf7-form-control wpcf7-submit button\" \/>\n<\/div>\n<div class=\"wpcf7-response-output\" aria-hidden=\"true\"><\/div><\/form><\/div>\n\t\t<\/div>\n\t\t\t\t\t<\/div>\n\n\t\n\n\t<div id=\"col-160273014\" class=\"col medium-2 small-12 large-2\"  >\n\t\t\t\t<div class=\"col-inner\"  >\n\t\t\t\n\t\t\t\n\t\t<\/div>\n\t\t\t\t\t<\/div>\n\n\t\n<\/div>\n","protected":false},"excerpt":{"rendered":"","protected":false},"author":1,"featured_media":0,"parent":0,"menu_order":0,"comment_status":"closed","ping_status":"closed","template":"page-blank.php","meta":[],"_links":{"self":[{"href":"https:\/\/demo.bmconnect.vn\/clinic\/wp-json\/wp\/v2\/pages\/17"}],"collection":[{"href":"https:\/\/demo.bmconnect.vn\/clinic\/wp-json\/wp\/v2\/pages"}],"about":[{"href":"https:\/\/demo.bmconnect.vn\/clinic\/wp-json\/wp\/v2\/types\/page"}],"author":[{"embeddable":true,"href":"https:\/\/demo.bmconnect.vn\/clinic\/wp-json\/wp\/v2\/users\/1"}],"replies":[{"embeddable":true,"href":"https:\/\/demo.bmconnect.vn\/clinic\/wp-json\/wp\/v2\/comments?post=17"}],"version-history":[{"count":23,"href":"https:\/\/demo.bmconnect.vn\/clinic\/wp-json\/wp\/v2\/pages\/17\/revisions"}],"predecessor-version":[{"id":568,"href":"https:\/\/demo.bmconnect.vn\/clinic\/wp-json\/wp\/v2\/pages\/17\/revisions\/568"}],"wp:attachment":[{"href":"https:\/\/demo.bmconnect.vn\/clinic\/wp-json\/wp\/v2\/media?parent=17"}],"curies":[{"name":"wp","href":"https:\/\/api.w.org\/{rel}","templated":true}]}}