{"id":15,"date":"2017-07-07T01:02:10","date_gmt":"2017-07-06T18:02:10","guid":{"rendered":"https:\/\/demo.bmconnect.vn\/clinic\/?page_id=15"},"modified":"2017-07-10T09:40:04","modified_gmt":"2017-07-10T02:40:04","slug":"phau-thuat-tham-my","status":"publish","type":"page","link":"https:\/\/demo.bmconnect.vn\/clinic\/phau-thuat-tham-my\/","title":{"rendered":"Ph\u1eabu thu\u1eadt th\u1ea9m m\u1ef9"},"content":{"rendered":"\t<div class=\"img has-hover x md-x lg-x y md-y lg-y\" id=\"image_269805040\">\n\t\t\t\t\t\t\t\t<div class=\"img-inner image-cover dark\" style=\"padding-top:300px;\">\n\t\t\t<img width=\"1020\" height=\"365\" src=\"https:\/\/demo.bmconnect.vn\/clinic\/wp-content\/uploads\/2017\/07\/banner1-1024x366.jpg\" class=\"attachment-large size-large\" alt=\"\" loading=\"lazy\" srcset=\"https:\/\/demo.bmconnect.vn\/clinic\/wp-content\/uploads\/2017\/07\/banner1-1024x366.jpg 1024w, https:\/\/demo.bmconnect.vn\/clinic\/wp-content\/uploads\/2017\/07\/banner1-300x107.jpg 300w, https:\/\/demo.bmconnect.vn\/clinic\/wp-content\/uploads\/2017\/07\/banner1-768x275.jpg 768w, https:\/\/demo.bmconnect.vn\/clinic\/wp-content\/uploads\/2017\/07\/banner1.jpg 1920w\" sizes=\"(max-width: 1020px) 100vw, 1020px\" \/>\t\t\t\t\t\t\n\t\t\t\t\t<\/div>\n\t\t\t\t\t\t\t\t\n<style>\n#image_269805040 {\n  width: 100%;\n}\n<\/style>\n\t<\/div>\n\t\n\t<section class=\"section\" id=\"section_404102332\">\n\t\t<div class=\"bg section-bg fill bg-fill  bg-loaded\" >\n\n\t\t\t\n\t\t\t\n\t\t\t\n\n\t\t<\/div>\n\n\t\t<div class=\"section-content relative\">\n\t\t\t\n<div class=\"row\"  id=\"row-1417908736\">\n\n\t<div id=\"col-458295453\" class=\"col small-12 large-12\"  >\n\t\t\t\t<div class=\"col-inner\"  >\n\t\t\t\n\t\t\t\n<h3 style=\"text-align: center;\"><span style=\"font-size: 130%; color: #ff6600;\">TH\u1ea8M M\u1ef8 TI\u1ebeN S\u1ef8 NH\u00c2N<\/span><\/h3>\n<p><img loading=\"lazy\" class=\"aligncenter wp-image-144\" src=\"https:\/\/demo.bmconnect.vn\/clinic\/wp-content\/uploads\/2017\/07\/SHARP.png\" alt=\"\" width=\"150\" height=\"38\" \/><\/p>\n<p style=\"text-align: center;\">Vi\u1ec7n Th\u1ea9m m\u1ef9 Ti\u1ebfn s\u1ef9 Nh\u00e2n l\u00e0 m\u1ed9t trong nh\u1eefng vi\u1ec7n th\u1ea9m m\u1ef9 uy t\u00edn, chuy\u00ean nghi\u1ec7p t\u1ea1i TPHCM, ch\u00ednh th\u1ee9c \u0111i v\u00e0o ho\u1ea1t \u0111\u1ed9ng t\u1eeb n\u0103m 2016. Cho \u0111\u1ebfn nay, Vi\u1ec7n Th\u1ea9m M\u1ef9 Ti\u1ebfn s\u1ef9 Nh\u00e2n \u0111\u00e3 t\u1ea1o d\u1ef1ng \u0111\u01b0\u1ee3c danh ti\u1ebfng v\u00e0 uy t\u00edn trong l\u00f2ng kh\u00e1ch h\u00e0ng Vi\u1ec7t Nam v\u00e0 Vi\u1ec7t ki\u1ec1u tr\u00ean th\u1ebf gi\u1edbi qua phong c\u00e1ch chuy\u00ean nghi\u1ec7p, m\u00e1y m\u00f3c, c\u00f4ng ngh\u1ec7, k\u1ef9 thu\u1eadt hi\u1ec7n \u0111\u1ea1i, \u0111em l\u1ea1i s\u1ef1 an to\u00e0n v\u00e0 ch\u1ea5t l\u01b0\u1ee3ng cao c\u1ee7a c\u00e1c d\u1ecbch v\u1ee5 Ph\u1eabu thu\u1eadt th\u1ea9m m\u1ef9 v\u00e0 Laser th\u1ea9m m\u1ef9.<\/p>\n\t\t<\/div>\n\t\t\t\t\t<\/div>\n\n\t\n<\/div>\n\t\t<\/div>\n\n\t\t\n<style>\n#section_404102332 {\n  padding-top: 30px;\n  padding-bottom: 30px;\n}\n<\/style>\n\t<\/section>\n\t\n\t<section class=\"section\" id=\"section_898349151\">\n\t\t<div class=\"bg section-bg fill bg-fill  \" >\n\n\t\t\t\n\t\t\t\n\t\t\t\n\n\t\t<\/div>\n\n\t\t<div class=\"section-content relative\">\n\t\t\t\n<div class=\"row\"  id=\"row-765509467\">\n\n\t<div id=\"col-873595340\" class=\"col medium-6 small-12 large-6\"  >\n\t\t\t\t<div class=\"col-inner\"  >\n\t\t\t\n\t\t\t\n\t<div class=\"img has-hover x md-x lg-x y md-y lg-y\" id=\"image_1967556361\">\n\t\t\t\t\t\t\t\t<div class=\"img-inner image-cover dark\" style=\"padding-top:310px;\">\n\t\t\t<img width=\"605\" height=\"445\" src=\"https:\/\/demo.bmconnect.vn\/clinic\/wp-content\/uploads\/2017\/07\/BANNER12.jpg\" class=\"attachment-large size-large\" alt=\"\" loading=\"lazy\" srcset=\"https:\/\/demo.bmconnect.vn\/clinic\/wp-content\/uploads\/2017\/07\/BANNER12.jpg 605w, https:\/\/demo.bmconnect.vn\/clinic\/wp-content\/uploads\/2017\/07\/BANNER12-300x221.jpg 300w\" sizes=\"(max-width: 605px) 100vw, 605px\" \/>\t\t\t\t\t\t\n\t\t\t\t\t<\/div>\n\t\t\t\t\t\t\t\t\n<style>\n#image_1967556361 {\n  width: 100%;\n}\n<\/style>\n\t<\/div>\n\t\n\t\t<\/div>\n\t\t\t\t\t<\/div>\n\n\t\n\n\t<div id=\"col-776796388\" class=\"col medium-6 small-12 large-6\"  >\n\t\t\t\t<div class=\"col-inner\"  >\n\t\t\t\n\t\t\t\n<h3><span style=\"font-size: 130%; color: #ff6600;\">Uy t\u00edn, chuy\u00ean nghi\u1ec7p<\/span><\/h3>\n<ul>\n<li class=\"bullet-star\"><span style=\"color: #000000;\">1. B\u00e1c s\u0129, Ti\u1ebfn s\u0129 Y khoa<\/span><\/li>\n<li class=\"bullet-star\"><span style=\"color: #000000;\">2. Th\u00e0nh vi\u00ean h\u1ed9i ph\u1eabu thu\u1eadt th\u1ea9m m\u1ef9 H\u00e0n qu\u1ed1c<\/span><\/li>\n<li class=\"bullet-star\"><span style=\"color: #000000;\">3. Th\u00e0nh vi\u00ean h\u1ed9i ph\u1eabu thu\u1eadt T\u1ea1o h\u00ecnh Th\u1ea9m m\u1ef9<\/span><\/li>\n<li class=\"bullet-star\"><span style=\"color: #000000;\">4. B\u1eb1ng qu\u1ed1c t\u1ebf v\u1ec1 ph\u1eabu thu\u1eadt T\u1ea1o h\u00ecnh Th\u1ea9m m\u1ef9<\/span><\/li>\n<\/ul>\n<p>M\u1ecdi th\u00f4ng tin li\u00ean h\u1ec7 t\u01b0 v\u1ea5n, b\u1ea3o h\u00e0nh, b\u00e1o gi\u00e1,&#8230; xin vui l\u00f2ng li\u00ean h\u1ec7 ch\u00fang t\u00f4i \u0111\u1ec3 \u0111\u01b0\u1ee3c tr\u1ee3 gi\u00fap t\u1ed1t nh\u1ea5t:<\/p>\n<a class=\"button primary\"  >\n    <span>Li\u00ean h\u1ec7 ngay<\/span>\n  <\/a>\n\n\t\t<\/div>\n\t\t\t\t\t<\/div>\n\n\t\n<\/div>\n\t\t<\/div>\n\n\t\t\n<style>\n#section_898349151 {\n  padding-top: 30px;\n  padding-bottom: 30px;\n}\n#section_898349151 .section-bg.bg-loaded {\n  background-image: url(https:\/\/demo.bmconnect.vn\/clinic\/wp-content\/uploads\/2017\/07\/banner3.jpg);\n}\n<\/style>\n\t<\/section>\n\t\n\n  <div class=\"banner has-hover\" id=\"banner-1315704364\">\n          <div class=\"banner-inner fill\">\n        <div class=\"banner-bg fill\" >\n            <div class=\"bg fill bg-fill \"><\/div>\n                                    \n                    <\/div>\n        <div class=\"banner-layers container\">\n            <div class=\"fill banner-link\"><\/div>            \n   <div id=\"text-box-889429779\" class=\"text-box banner-layer x90 md-x90 lg-x90 y50 md-y50 lg-y50 res-text\">\n                                <div class=\"text-box-content text dark\">\n              \n              <div class=\"text-inner text-center\">\n                  \n<h3 class=\"uppercase\"><span style=\"color: #000000; font-size: 100%;\">TH\u1ea8M M\u1ef8 TI\u1ebeN S\u1ef8 NH\u00c2N<\/span><\/h3>\n<p><span style=\"color: #000000;\">Lorem ipsum dolor sit amet, consectetuer adipiscing elit, sed diam nonummy nibh euismod tincidunt ut laoreet dolore magna aliquam erat volutpat.<\/span><\/p>\n<a class=\"button primary\"  >\n    <span>Li\u00ean h\u1ec7 b\u00e1o gi\u00e1<\/span>\n  <\/a>\n\n              <\/div>\n           <\/div>\n                            \n<style>\n#text-box-889429779 {\n  width: 60%;\n}\n#text-box-889429779 .text-box-content {\n  font-size: 100%;\n}\n@media (min-width:550px) {\n  #text-box-889429779 {\n    width: 40%;\n  }\n}\n<\/style>\n    <\/div>\n \n        <\/div>\n      <\/div>\n\n            \n<style>\n#banner-1315704364 {\n  padding-top: 295px;\n}\n#banner-1315704364 .bg.bg-loaded {\n  background-image: url(https:\/\/demo.bmconnect.vn\/clinic\/wp-content\/uploads\/2017\/07\/banner2-1024x213.jpg);\n}\n<\/style>\n  <\/div>\n\n\n","protected":false},"excerpt":{"rendered":"","protected":false},"author":1,"featured_media":0,"parent":0,"menu_order":0,"comment_status":"closed","ping_status":"closed","template":"page-blank.php","meta":[],"_links":{"self":[{"href":"https:\/\/demo.bmconnect.vn\/clinic\/wp-json\/wp\/v2\/pages\/15"}],"collection":[{"href":"https:\/\/demo.bmconnect.vn\/clinic\/wp-json\/wp\/v2\/pages"}],"about":[{"href":"https:\/\/demo.bmconnect.vn\/clinic\/wp-json\/wp\/v2\/types\/page"}],"author":[{"embeddable":true,"href":"https:\/\/demo.bmconnect.vn\/clinic\/wp-json\/wp\/v2\/users\/1"}],"replies":[{"embeddable":true,"href":"https:\/\/demo.bmconnect.vn\/clinic\/wp-json\/wp\/v2\/comments?post=15"}],"version-history":[{"count":11,"href":"https:\/\/demo.bmconnect.vn\/clinic\/wp-json\/wp\/v2\/pages\/15\/revisions"}],"predecessor-version":[{"id":668,"href":"https:\/\/demo.bmconnect.vn\/clinic\/wp-json\/wp\/v2\/pages\/15\/revisions\/668"}],"wp:attachment":[{"href":"https:\/\/demo.bmconnect.vn\/clinic\/wp-json\/wp\/v2\/media?parent=15"}],"curies":[{"name":"wp","href":"https:\/\/api.w.org\/{rel}","templated":true}]}}