{"id":13,"date":"2017-07-07T01:02:00","date_gmt":"2017-07-06T18:02:00","guid":{"rendered":"https:\/\/demo.bmconnect.vn\/clinic\/?page_id=13"},"modified":"2017-07-10T09:25:54","modified_gmt":"2017-07-10T02:25:54","slug":"cat-mat","status":"publish","type":"page","link":"https:\/\/demo.bmconnect.vn\/clinic\/cat-mat\/","title":{"rendered":"C\u1eaft m\u1eaft"},"content":{"rendered":"\t<div class=\"img has-hover x md-x lg-x y md-y lg-y\" id=\"image_1780017202\">\n\t\t\t\t\t\t\t\t<div class=\"img-inner image-cover dark\" style=\"padding-top:300px;\">\n\t\t\t<img width=\"1920\" height=\"675\" src=\"https:\/\/demo.bmconnect.vn\/clinic\/wp-content\/uploads\/2017\/07\/Slide-banner-2911.jpg\" class=\"attachment-original size-original\" alt=\"\" loading=\"lazy\" srcset=\"https:\/\/demo.bmconnect.vn\/clinic\/wp-content\/uploads\/2017\/07\/Slide-banner-2911.jpg 1920w, https:\/\/demo.bmconnect.vn\/clinic\/wp-content\/uploads\/2017\/07\/Slide-banner-2911-300x105.jpg 300w, https:\/\/demo.bmconnect.vn\/clinic\/wp-content\/uploads\/2017\/07\/Slide-banner-2911-768x270.jpg 768w, https:\/\/demo.bmconnect.vn\/clinic\/wp-content\/uploads\/2017\/07\/Slide-banner-2911-1024x360.jpg 1024w\" sizes=\"(max-width: 1920px) 100vw, 1920px\" \/>\t\t\t\t\t\t\n\t\t\t\t\t<\/div>\n\t\t\t\t\t\t\t\t\n<style>\n#image_1780017202 {\n  width: 100%;\n}\n<\/style>\n\t<\/div>\n\t\n<div class=\"row\"  id=\"row-1026052487\">\n\n\t<div id=\"col-731440293\" class=\"col small-12 large-12\"  >\n\t\t\t\t<div class=\"col-inner\"  >\n\t\t\t\n\t\t\t\n\t<div id=\"gap-1852189994\" class=\"gap-element clearfix\" style=\"display:block; height:auto;\">\n\t\t\n<style>\n#gap-1852189994 {\n  padding-top: 10px;\n}\n<\/style>\n\t<\/div>\n\t\n<p><span class=\"fa fa-home\"><\/span> Trang ch\u1ee7 &gt;<span style=\"color: #ff6600;\"><strong> C\u1eaft m\u00ed m\u1eaft<\/strong><\/span><\/p>\n\t\t<\/div>\n\t\t\t\t\t<\/div>\n\n\t\n<\/div>\n<div class=\"row\"  id=\"row-369084047\">\n\n\t<div id=\"col-983766163\" class=\"col small-12 large-12\"  >\n\t\t\t\t<div class=\"col-inner\"  >\n\t\t\t\n\t\t\t\n\n\t\t<div class=\"tabbed-content\">\n\t\t\t\n\t\t\t<ul class=\"nav nav-line nav-vertical nav-uppercase nav-size-normal nav-left\"><li class=\"tab active has-icon\"><a href=\"#tab_c\u1eaft-m\u00ed-m\u1eaft-h\u00e0n-qu\u1ed1c\"><span>C\u1eaft m\u00ed m\u1eaft H\u00e0n Qu\u1ed1c<\/span><\/a><\/li>\n<li class=\"tab has-icon\"><a href=\"#tab_c\u1eaft-m\u00ed-m\u1eaft-plastma\"><span>C\u1eaft m\u00ed m\u1eaft Plastma<\/span><\/a><\/li>\n<li class=\"tab has-icon\"><a href=\"#tab_b\u1ea5m-m\u00ed-dove-eyes\"><span>B\u1ea5m m\u00ed Dove Eyes<\/span><\/a><\/li><\/ul><div class=\"tab-panels\"><div class=\"panel active entry-content\" id=\"tab_c\u1eaft-m\u00ed-m\u1eaft-h\u00e0n-qu\u1ed1c\">\n<h3 style=\"text-align: center;\"><span style=\"font-size: 130%;\"><strong><span style=\"color: #ff6600;\">C\u1eaeT M\u00cd H\u00c0N QU\u1ed0C<\/span><\/strong><\/span><\/h3>\n<p><img loading=\"lazy\" class=\"aligncenter wp-image-144\" src=\"https:\/\/demo.bmconnect.vn\/clinic\/wp-content\/uploads\/2017\/07\/SHARP.png\" alt=\"\" width=\"150\" height=\"38\" \/><\/p>\n<p><span style=\"font-size: 100%;\">Ph\u1eabu thu\u1eadt c\u1eaft m\u00ed m\u1eaft H\u00e0n Qu\u1ed1c s\u1eed d\u1ee5ng 2 k\u1ef9 thu\u1eadt trong 1 ph\u01b0\u01a1ng ph\u00e1p bao g\u1ed3m kh\u1eafc ph\u1ee5c da ch\u00f9ng, m\u1ee1 th\u1eeba k\u1ebft h\u1ee3p t\u1ea1o h\u00ecnh m\u1eaft 2 m\u00ed gi\u00fap tr\u1ebb h\u00f3a to\u00e0n di\u1ec7n \u0111\u00f4i m\u1eaft. \u0110\u01b0\u1ee3c chuy\u1ec3n giao c\u00f4ng ngh\u1ec7 k\u1ef9 thu\u1eadt m\u1edbi t\u1eeb Hi\u1ec7p H\u1ed9i th\u1ea9m m\u1ef9 H\u00e0n Qu\u1ed1c (KCCS), c\u1eaft m\u00ed m\u1eaft H\u00e0n Qu\u1ed1c t\u1ea1i BVTM Kangnam t\u1ea1o m\u00ed \u0111\u1eb9p t\u1ef1 nhi\u00ean, an to\u00e0n, h\u1ed3i ph\u1ee5c nhanh, k\u1ebft qu\u1ea3 th\u1ea9m m\u1ef9\u00a0<\/span><\/p>\n<h3 style=\"text-align: center;\"><span style=\"color: #ff6600; font-size: 130%;\">C\u1eaeT M\u00cd M\u1eaeT H\u00c0N QU\u1ed0C TR\u1eba H\u00d3A TO\u00c0N DI\u1ec6N \u0110\u00d4I M\u1eaeT NH\u01af TH\u1ebe N\u00c0O?<\/span><\/h3>\n<p><img loading=\"lazy\" class=\"aligncenter wp-image-144\" src=\"https:\/\/demo.bmconnect.vn\/clinic\/wp-content\/uploads\/2017\/07\/SHARP.png\" alt=\"\" width=\"150\" height=\"38\" \/><\/p>\n<ul>\n<li class=\"bullet-star\"><span style=\"color: #000000;\">Kh\u1eafc ph\u1ee5c da d\u01b0 ch\u00f9ng, m\u1ee1 th\u1eeba:<\/span><br \/><span style=\"color: #000000;\">B\u00e1c s\u0129 s\u1ebd r\u1ea1ch m\u1ed9t \u0111\u01b0\u1eddng m\u1ea3nh v\u00e0 nh\u1ecf n\u1eb1m s\u00e1t m\u00ed m\u1eaft qua \u0111\u00f3 l\u1ea5y b\u1ecf ph\u1ea7n da ch\u00f9ng, m\u1ee1 th\u1eeba \u0111\u00e3 \u0111\u01b0\u1ee3c x\u00e1c \u0111\u1ecbnh t\u1eeb tr\u01b0\u1edbc<\/span><\/li>\n<li class=\"pt bullet-star\"><span style=\"color: #000000;\">T\u1ea1o m\u1eaft 2 m\u00ed s\u1eeda ch\u1eefa m\u1eaft s\u1ee5p m\u00ed, m\u1eaft 1 m\u00ed, m\u1eaft kh\u00f4ng r\u00f5 m\u00ed::<\/span><br \/><span style=\"color: #000000;\">B\u00e1c s\u0129 kh\u00e2u \u0111\u00f3ng k\u00edn v\u1ebft m\u1ed5 theo s\u00e1t \u0111\u01b0\u1eddng vi\u1ec1n m\u00ed m\u1eaft t\u1ea1o n\u1ebfp g\u1ea5p m\u00ed m\u1eaft t\u1ef1 nhi\u00ean, r\u00f5 r\u00e0ng, h\u00e0i h\u00f2a v\u1edbi khu\u00f4n m\u1eb7t.<\/span><\/li>\n<\/ul>\n<p>C\u1eaft m\u00ed m\u1eaft H\u00e0n Qu\u1ed1c \u0111\u00e1p \u1ee9ng l\u00e0m h\u00e0i l\u00f2ng kh\u00e1ch h\u00e0ng theo 5 xu th\u1ebf chung hi\u1ec7n nay: \u0111\u1eb9p t\u1ef1 nhi\u00ean, h\u00e0i h\u00f2a, hi\u1ec7u qu\u1ea3 l\u00e2u b\u1ec1n, an to\u00e0n \u00edt x\u00e2m l\u1ea5n, h\u1ed3i ph\u1ee5c nhanh.<\/p>\n<div class=\"list-of-content\">\n<div class=\"list-of-content-number\">1<\/div>\n<div class=\"list-of-content-content\">\u00cdt x\u00e2m l\u1ea5n, an to\u00e0n cao<\/div>\n<div class=\"clearboth\"><\/div>\n<\/div>\n<div class=\"list-of-content\">\n<div class=\"list-of-content-number\">2<\/div>\n<div class=\"list-of-content-content\">K\u1ef9 thu\u1eadt \u0111\u01b0\u1ee3c th\u1ef1c hi\u1ec7n h\u1ebft s\u1ee9c nh\u1eb9 nh\u00e0ng v\u1edbi c\u00e1c thao t\u00e1c \u0111\u01a1n gi\u1ea3n<\/div>\n<div class=\"clearboth\"><\/div>\n<\/div>\n<div class=\"list-of-content\">\n<div class=\"list-of-content-number\">3<\/div>\n<div class=\"list-of-content-content\">\u0110i\u1ec3m c\u1eaft m\u00ed kh\u00f4ng l\u1ed9 d\u1ea5u v\u1ebft ph\u1eabu thu\u1eadt hay s\u1eb9o th\u1ea9m m\u1ef9<\/div>\n<div class=\"clearboth\"><\/div>\n<\/div>\n<div class=\"list-of-content\">\n<div class=\"list-of-content-number\">4<\/div>\n<div class=\"list-of-content-content\">Hi\u1ec7u qu\u1ea3 b\u1ec1n l\u00e2u b\u1ea3o h\u00e0nh 10 n\u0103m<\/div>\n<div class=\"clearboth\"><\/div>\n<\/div>\n<div class=\"list-of-content\">\n<div class=\"list-of-content-number\">5<\/div>\n<div class=\"list-of-content-content\">H\u1ed3i ph\u1ee5c nhanh, kh\u00f4ng ph\u1ea3i ngh\u1ec9 d\u01b0\u1ee1ng<\/div>\n<div class=\"clearboth\"><\/div>\n<\/div>\n<\/div>\n<div class=\"panel entry-content\" id=\"tab_c\u1eaft-m\u00ed-m\u1eaft-plastma\">\n<h3 style=\"text-align: center;\"><span style=\"font-size: 130%; color: #ff6600;\">C\u1eaeT M\u00cd M\u1eaeT PLASMA<\/span><\/h3>\n<p><img loading=\"lazy\" class=\"aligncenter wp-image-144\" src=\"https:\/\/demo.bmconnect.vn\/clinic\/wp-content\/uploads\/2017\/07\/SHARP.png\" alt=\"\" width=\"150\" height=\"38\" \/><\/p>\n<p>C\u1eaft m\u00ed m\u1eaft Plasma \u1ee9ng d\u1ee5ng k\u1ef9 thu\u1eadt \u0111\u1ed9t ph\u00e1 t\u1ea1o m\u1eaft 2 m\u00ed t\u1ef1 nhi\u00ean nh\u01b0 th\u1eadt, c\u00e2n \u0111\u1ec1u t\u1edbi t\u1eebng milimet, b\u1ea3o h\u00e0nh m\u1eaft 10 n\u0103m. K\u1ef9 thu\u1eadt Plasma l\u00e0m s\u0103n ch\u1eafc c\u01a1 n\u00e2ng mi, kh\u1eafc ph\u1ee5c da ch\u00f9ng ch\u1ea3y x\u1ec7, m\u1ee1 th\u1eeba, kh\u00f3a \u0111\u00f4ng m\u1ea1ch m\u00e1u ngay khi ti\u1ebfp x\u00fac n\u00ean \u00edt x\u00e2m l\u1ea5n, gi\u1ea3m s\u01b0ng \u0111au, h\u1ed3i ph\u1ee5c nhanh gi\u00fap b\u1ea1n gi\u1eef m\u00e3i v\u1ebb thanh xu\u00e2n cho \u0111\u00f4i m\u1eaft.<\/p>\n<h3 style=\"text-align: center;\"><span style=\"font-size: 130%; color: #ff6600;\">C\u1eaeT M\u00cd M\u1eaeT PLASMA\u00a0TR\u1eba H\u00d3A TO\u00c0N DI\u1ec6N \u0110\u00d4I M\u1eaeT<\/span><\/h3>\n<p><img loading=\"lazy\" class=\"aligncenter wp-image-144\" src=\"https:\/\/demo.bmconnect.vn\/clinic\/wp-content\/uploads\/2017\/07\/SHARP.png\" alt=\"\" width=\"150\" height=\"38\" \/><\/p>\n<figure id=\"attachment_640\" aria-describedby=\"caption-attachment-640\" style=\"width: 600px\" class=\"wp-caption aligncenter\"><img loading=\"lazy\" class=\"wp-image-640\" src=\"https:\/\/demo.bmconnect.vn\/clinic\/wp-content\/uploads\/2017\/07\/Cat-mi-mat-Plasma6.jpg\" alt=\"\" width=\"600\" height=\"109\" srcset=\"https:\/\/demo.bmconnect.vn\/clinic\/wp-content\/uploads\/2017\/07\/Cat-mi-mat-Plasma6.jpg 810w, https:\/\/demo.bmconnect.vn\/clinic\/wp-content\/uploads\/2017\/07\/Cat-mi-mat-Plasma6-300x54.jpg 300w, https:\/\/demo.bmconnect.vn\/clinic\/wp-content\/uploads\/2017\/07\/Cat-mi-mat-Plasma6-768x139.jpg 768w\" sizes=\"(max-width: 600px) 100vw, 600px\" \/><figcaption id=\"caption-attachment-640\" class=\"wp-caption-text\">(*) Ph\u1eabu thu\u1eadt c\u1eaft m\u00ed H\u00e0n Qu\u1ed1c l\u00e0 gi\u1ea3i ph\u00e1p tr\u1ebb h\u00f3a \u0111\u00f4i m\u1eaft to\u00e0n di\u1ec7n<\/figcaption><\/figure>\n<p>\u00a0<\/p>\n<\/div>\n<div class=\"panel entry-content\" id=\"tab_b\u1ea5m-m\u00ed-dove-eyes\">\n<h3 style=\"text-align: center;\"><span style=\"color: #ff6600; font-size: 130%;\">B\u1ea4M M\u00cd DOVE EYES T\u1ef0 NHI\u00caN<\/span><\/h3>\n<p><img loading=\"lazy\" class=\"aligncenter wp-image-144\" src=\"https:\/\/demo.bmconnect.vn\/clinic\/wp-content\/uploads\/2017\/07\/SHARP.png\" alt=\"\" width=\"150\" height=\"38\" \/><\/p>\n<p>B\u1ea5m m\u00ed Dove Eyes gi\u00fap \u0111\u00f4i m\u1eaft c\u1ee7a b\u1ea1n to h\u01a1n, m\u00ed m\u1eaft tr\u00f4ng r\u00f5 n\u00e9t, \u0111\u1ec1u \u0111\u1eb9p t\u1ef1 nhi\u00ean, b\u1ea3o h\u00e0nh m\u1eaft 10 n\u0103m. C\u00f4ng ngh\u1ec7 b\u1ea5m m\u00ed Dove Eyes l\u00e0m h\u00e0i l\u00f2ng m\u1ecdi kh\u00e1ch h\u00e0ng th\u1ecfa m\u00e3n 5 ti\u00eau ch\u00ed theo xu th\u1ebf hi\u1ec7n \u0111\u1ea1i: kh\u00f4ng ph\u1eabu thu\u1eadt, kh\u00f4ng x\u00e2m l\u1ea5n, kh\u00f4ng \u0111au, h\u1ed3i ph\u1ee5c nhanh, kh\u00f4ng ph\u1ea3i ngh\u1ec9 d\u01b0\u1ee1ng, hi\u1ec7u qu\u1ea3 b\u1ec1n m\u00e3i v\u1edbi th\u1eddi gian..<\/p>\n<h3 style=\"text-align: center;\"><span style=\"font-size: 130%; color: #ff6600;\">B\u1ea4M M\u00cd DOVE EYES T\u1ea0O M\u00cd M\u1eaeT \u0110\u1eb8P NH\u01af TH\u1ebe N\u00c0O?<\/span><\/h3>\n<p><img loading=\"lazy\" class=\"aligncenter wp-image-144\" src=\"https:\/\/demo.bmconnect.vn\/clinic\/wp-content\/uploads\/2017\/07\/SHARP.png\" alt=\"\" width=\"150\" height=\"38\" \/><\/p>\n<p>B\u1ea5m m\u00ed Dove Eyes H\u00e0n Qu\u1ed1c l\u00e0 k\u1ef9 thu\u1eadt \u0111\u1ecbnh h\u00ecnh m\u1eaft 2 m\u00ed \u0111\u1ed9t ph\u00e1 m\u00f4 ph\u1ecfng qu\u00e1 tr\u00ecnh h\u00ecnh th\u00e0nh m\u1eaft hai m\u00ed t\u1ef1 nhi\u00ean, \u0111\u00f3 l\u00e0 m\u1ed9t n\u1ebfp g\u1ea5p nh\u1ecf \u1edf v\u00f9ng da m\u00ed m\u1eaft. Ph\u01b0\u01a1ng ph\u00e1p b\u1ea5m m\u00ed Dove Eyes t\u1ea1o li\u00ean k\u1ebft gi\u1eefa da m\u00ed v\u00e0 s\u1ee5n mi b\u1eb1ng ph\u01b0\u01a1ng ph\u00e1p lu\u1ed3n ch\u1ec9 th\u00f4ng qua \u0111i\u1ec3m nh\u1ea5n \u0111\u1ec3 h\u00ecnh th\u00e0nh n\u1ebfp g\u1ea5p m\u00ed.<\/p>\n<figure id=\"attachment_642\" aria-describedby=\"caption-attachment-642\" style=\"width: 602px\" class=\"wp-caption aligncenter\"><img loading=\"lazy\" class=\"wp-image-642 size-full\" src=\"https:\/\/demo.bmconnect.vn\/clinic\/wp-content\/uploads\/2017\/07\/Bam-mi5.png\" alt=\"\" width=\"602\" height=\"118\" srcset=\"https:\/\/demo.bmconnect.vn\/clinic\/wp-content\/uploads\/2017\/07\/Bam-mi5.png 602w, https:\/\/demo.bmconnect.vn\/clinic\/wp-content\/uploads\/2017\/07\/Bam-mi5-300x59.png 300w\" sizes=\"(max-width: 602px) 100vw, 602px\" \/><figcaption id=\"caption-attachment-642\" class=\"wp-caption-text\">S\u1ef1 k\u00ec di\u1ec7u c\u1ee7a c\u00f4ng ngh\u1ec7 b\u1ea5m m\u00ed Dove Eyes c\u00f3 th\u1ec3 \u0111em l\u1ea1i cho \u0111\u00f4i m\u1eaft c\u1ee7a b\u1ea1n \u0111\u01b0\u1eddng m\u00ed \u0111\u1eb9p ngo\u00e0i mong \u0111\u1ee3i<\/figcaption><\/figure>\n<\/div><\/div><\/div>\n\t\t<\/div>\n\t\t\t\t\t<\/div>\n\n\t\n<\/div>\n","protected":false},"excerpt":{"rendered":"","protected":false},"author":1,"featured_media":0,"parent":0,"menu_order":0,"comment_status":"closed","ping_status":"closed","template":"page-blank.php","meta":[],"_links":{"self":[{"href":"https:\/\/demo.bmconnect.vn\/clinic\/wp-json\/wp\/v2\/pages\/13"}],"collection":[{"href":"https:\/\/demo.bmconnect.vn\/clinic\/wp-json\/wp\/v2\/pages"}],"about":[{"href":"https:\/\/demo.bmconnect.vn\/clinic\/wp-json\/wp\/v2\/types\/page"}],"author":[{"embeddable":true,"href":"https:\/\/demo.bmconnect.vn\/clinic\/wp-json\/wp\/v2\/users\/1"}],"replies":[{"embeddable":true,"href":"https:\/\/demo.bmconnect.vn\/clinic\/wp-json\/wp\/v2\/comments?post=13"}],"version-history":[{"count":17,"href":"https:\/\/demo.bmconnect.vn\/clinic\/wp-json\/wp\/v2\/pages\/13\/revisions"}],"predecessor-version":[{"id":658,"href":"https:\/\/demo.bmconnect.vn\/clinic\/wp-json\/wp\/v2\/pages\/13\/revisions\/658"}],"wp:attachment":[{"href":"https:\/\/demo.bmconnect.vn\/clinic\/wp-json\/wp\/v2\/media?parent=13"}],"curies":[{"name":"wp","href":"https:\/\/api.w.org\/{rel}","templated":true}]}}