{"id":469,"date":"2017-11-07T14:48:10","date_gmt":"2017-11-07T07:48:10","guid":{"rendered":"https:\/\/cayxinh.vn\/?post_type=product&#038;p=469"},"modified":"2019-03-15T23:23:33","modified_gmt":"2019-03-15T16:23:33","slug":"cay-duoi-cong-tim","status":"publish","type":"product","link":"https:\/\/demo.bmconnect.vn\/cayxanh3\/san-pham\/cay-duoi-cong-tim\/","title":{"rendered":"C\u00e2y \u0110u\u00f4i C\u00f4ng T\u00edm"},"content":{"rendered":"<h2><strong>T\u00ecm hi\u1ec3u \u0111\u1eb7c \u0111i\u1ec3m v\u00e0 c\u00e1ch ch\u0103m s\u00f3c c\u00e2y \u0111u\u00f4i c\u00f4ng t\u00edm<\/strong><\/h2>\n<p><strong>C\u00e2y \u0110u\u00f4i C\u00f4ng T\u00edm<\/strong> l\u00e0 lo\u00e0i c\u00e2y c\u1ea3nh \u0111\u1eb9p th\u00edch h\u1ee3p d\u00f9ng l\u00e0m trang tr\u00ed nh\u00e0 \u1edf, trang tr\u00ed v\u0103n ph\u00f2ng. B\u00ean c\u1ea1nh c\u00f4ng d\u1ee5ng trang tr\u00ed, c\u00e2y c\u00f2n l\u00e0 bi\u1ec3u t\u01b0\u1ee3ng t\u01b0\u1ee3ng tr\u01b0ng cho s\u1ef1 may m\u1eafn, th\u1ecbnh v\u01b0\u1ee3ng \u0111\u01b0\u1ee3c d\u00f9ng l\u00e0m qu\u00e0 bi\u1ebfu, qu\u00e0 t\u1eb7ng r\u1ea5t \u00fd ngh\u0129a.<br \/>\nH\u00ecnh th\u00e1i c\u1ee7a lo\u1ea1i c\u00e2y n\u00e0y nh\u01b0 th\u1ebf n\u00e0o, c\u00e1ch ch\u0103m s\u00f3c ra sao? H\u00e3y c\u00f9ng C\u00e2y Xinh t\u00ecm hi\u1ec3u chi ti\u1ebft h\u01a1n trong ph\u1ea7n n\u1ed9i dung b\u00e0i vi\u1ebft d\u01b0\u1edbi \u0111\u00e2y nh\u00e9!<\/p>\n<h3><strong>\u0110\u1eb7c \u0111i\u1ec3m h\u00ecnh th\u00e1i c\u1ee7a c\u00e2y \u0110u\u00f4i C\u00f4ng T\u00edm<\/strong><\/h3>\n<p><span style=\"color: #008000;\"><a style=\"color: #008000;\" href=\"https:\/\/cayxinh.vn\/san-pham\/cay-canh-van-phong\/cay-canh-de-ban\/cay-duoi-cong-tim.html\">C\u00e2y \u0111u\u00f4i c\u00f4ng t\u00edm \u0111\u1ec3 b\u00e0n<\/a><\/span> xu\u1ea5t x\u1ee9 t\u1eeb v\u00f9ng nhi\u1ec7t \u0111\u1edbi Nam M\u1ef9, t\u00ean khoa h\u1ecdc l\u00e0 Calathea Medallion. \u0110\u00e2y l\u00e0 lo\u00e0i c\u00e2y th\u00e2n th\u1ea3o m\u00e0u t\u00edm \u0111\u1ecf, cao t\u1eeb 25-70cm thu\u1ed9c h\u1ecd c\u1ee7 dong, s\u1ed1ng th\u00e0nh t\u1eebng b\u1ee5i th\u01b0a, t\u00e1n l\u00e1 to v\u00e0 th\u1ea5p, th\u00e2n r\u1ec5 n\u1eb1m ph\u00eda d\u01b0\u1edbi m\u1eb7t \u0111\u1ea5t.<\/p>\n<figure id=\"attachment_2756\" aria-describedby=\"caption-attachment-2756\" style=\"width: 800px\" class=\"wp-caption aligncenter\"><img loading=\"lazy\" class=\"size-full wp-image-2756\" src=\"https:\/\/cayxinh.vn\/wp-content\/uploads\/2017\/11\/cay-duoi-cong-tim.jpg\" alt=\"c\u00e2y \u0111u\u00f4i c\u00f4ng t\u00edm \u0111\u1ec3 b\u00e0n\" width=\"800\" height=\"800\" \/><figcaption id=\"caption-attachment-2756\" class=\"wp-caption-text\"><em>H\u00ecnh \u1ea3nh: <strong>C\u00e2y \u0111u\u00f4i c\u00f4ng t\u00edm \u0111\u1ec3 b\u00e0n<\/strong><\/em><\/figcaption><\/figure>\n<p>\u0110i\u1ec3m kh\u00e1c bi\u1ec7t \u1edf lo\u00e0i \u0110u\u00f4i C\u00f4ng T\u00edm n\u1eb1m \u1edf chi\u1ebfc l\u00e1 c\u1ee7a c\u00e2y. L\u00e1 c\u00e2y c\u00f3 d\u1ea1ng h\u00ecnh tr\u00f2n nh\u00ecn t\u01b0\u01a1ng t\u1ef1 nh\u01b0 l\u00e1 c\u00e2y dong, h\u01a1i thon nh\u1ecdn \u1edf ph\u1ea7n \u0111\u1ea7u l\u00e1, m\u00e0u s\u1eafc l\u00e1 v\u00f4 c\u00f9ng \u0111\u1ed9c \u0111\u00e1o v\u1edbi \u0111\u01b0\u1eddng hoa v\u0103n h\u00ecnh ven g\u00e2n l\u00e1 tr\u00f4ng gi\u1ed1ng nh\u01b0 chi\u1ebfc \u0111u\u00f4i c\u1ee7a con chim c\u00f4ng.<br \/>\nC\u00e2y \u0110u\u00f4i C\u00f4ng T\u00edm c\u00f3 th\u1ec3 ra hoa v\u00e0 k\u1ebft qu\u1ea3 tr\u00f4ng r\u1ea5t \u0111\u1eb9p m\u1eaft. Hoa c\u1ee7a c\u00e2y n\u1edf su\u1ed1t 4 m\u00f9a quanh n\u0103m, hoa m\u00e0u tr\u1eafng m\u1ecdc th\u00e0nh t\u1eebng ch\u00f9m, khi k\u1ebft tr\u00e1i c\u00f3 m\u00e0u \u0111en s\u1eabm.<\/p>\n<h3><strong>C\u00e1ch ch\u0103m s\u00f3c c\u00e2y \u0110u\u00f4i C\u00f4ng T\u00edm \u0111\u1ec3 b\u00e0n<\/strong><\/h3>\n<p><strong>\u0110u\u00f4i c\u00f4ng t\u00edm<\/strong> l\u00e0 lo\u1ea1i c\u00e2y c\u00f3 t\u1ed1c \u0111\u1ed9 sinh tr\u01b0\u1edfng nhanh, \u0111\u1eb7c t\u00ednh \u01b0a n\u01b0\u1edbc, \u01b0a b\u00f3ng r\u00e2m do \u0111\u00f3 c\u00f3 th\u1ec3 tr\u1ed3ng trong nh\u00e0. \u0110\u1ec3 ch\u0103m s\u00f3c c\u00e2y C\u00f4ng \u0110u\u00f4i T\u00edm ph\u00e1t tri\u1ec3n kh\u1ecfe m\u1ea1nh, \u0111\u1eebng b\u1ecf qua nh\u1eefng chia s\u1ebb v\u1ec1 ch\u1ebf \u0111\u1ed9 n\u01b0\u1edbc, \u00e1nh s\u00e1ng, nhi\u1ec7t \u0111\u1ed9 v\u00e0 dinh d\u01b0\u1ee1ng sau:<\/p>\n<figure id=\"attachment_3112\" aria-describedby=\"caption-attachment-3112\" style=\"width: 800px\" class=\"wp-caption aligncenter\"><img loading=\"lazy\" class=\"size-full wp-image-3112\" src=\"https:\/\/cayxinh.vn\/wp-content\/uploads\/2017\/11\/cay-duoi-cong-tim-chau-vuong-vat-day-van-da.jpg\" alt=\"c\u00e2y \u0111u\u00f4i c\u00f4ng t\u00edm trang tr\u00ed \u0111\u1ec3 b\u00e0n\" width=\"800\" height=\"800\" \/><figcaption id=\"caption-attachment-3112\" class=\"wp-caption-text\"><em>H\u00ecnh \u1ea3nh: <strong>C\u00e2y \u0111u\u00f4i c\u00f4ng t\u00edm trang tr\u00ed \u0111\u1ec3 b\u00e0n<\/strong><\/em><\/figcaption><\/figure>\n<p><em>&#8211; N\u01b0\u1edbc t\u01b0\u1edbi:<\/em> C\u00e2y C\u00f4ng \u0110u\u00f4i T\u00edm r\u1ea5t \u01b0a n\u01b0\u1edbc b\u1edfi th\u1ebf b\u1ea1n c\u1ea7n t\u01b0\u1edbi n\u01b0\u1edbc cho c\u00e2y v\u1edbi t\u1ea7n su\u1ea5t t\u1eeb 2-3 l\u1ea7n\/ tu\u1ea7n v\u1edbi l\u01b0\u1ee3ng ph\u00f9 h\u1ee3p v\u1eeba \u0111\u1ee7 \u0111\u1ec3 t\u1ea1o \u0111\u1ed9 \u1ea9m cho c\u00e2y. V\u00e0o m\u00f9a h\u00e8 khi nhi\u1ec7t \u0111\u1ed9 cao b\u1ea1n c\u00f3 th\u1ec3 t\u01b0\u1edbi n\u01b0\u1edbc t\u1eeb 3-4 l\u1ea7n \u0111\u1ec3 c\u00e2y kh\u00f4ng b\u1ecb thi\u1ebfu n\u01b0\u1edbc.<br \/>\n<em>&#8211; \u00c1nh s\u00e1ng:<\/em> <strong>C\u00f4ng \u0110u\u00f4i T\u00edm \u0111\u1ec3 b\u00e0n l\u00e0m vi\u1ec7c<\/strong> c\u00f3 kh\u1ea3 n\u0103ng s\u1ed1ng b\u00e1n r\u00e2m ho\u1eb7c s\u1ed1ng trong b\u00f3ng r\u00e2m ho\u00e0n to\u00e0n. Tuy nhi\u00ean \u0111\u1ec3 c\u00e2y c\u1ee9ng c\u00e1p, l\u00e1 b\u00f3ng \u0111\u1eb9p th\u00ec th\u1ec9nh tho\u1ea3ng b\u1ea1n c\u1ea7n n\u00ean cho c\u00e2y ra ph\u01a1i n\u1eafng t\u1eeb 1-2 l\u1ea7n\/ tu\u1ea7n. Ch\u00fa \u00fd ch\u1ec9 n\u00ean cho c\u00e2y ti\u1ebfp x\u00fac v\u1edbi n\u1eafng nh\u1eb9 v\u00e0o bu\u1ed5i s\u00e1ng s\u1edbm ho\u1eb7c chi\u1ec1u mu\u1ed9n, m\u1ed7i l\u1ea7n ph\u01a1i n\u1eafng ch\u1ec9 t\u1eeb 2-3h l\u00e0 \u0111\u1ee7.<br \/>\n<em>&#8211; Nhi\u1ec7t \u0111\u1ed9:<\/em> C\u00e2y \u0111\u1eb7c bi\u1ec7t ph\u00e1t tri\u1ec3n t\u1ed1t \u1edf nhi\u1ec7t \u0111\u1ed9 t\u1eeb 18-27 \u0111\u1ed9 C, do \u0111\u00f3 b\u1ea1n ho\u00e0n to\u00e0n c\u00f3 th\u1ec3 \u0111\u1eb7t c\u00e2y trong ph\u00f2ng c\u00f3 \u0111i\u1ec1u h\u00f2a. C\u00f4ng \u0110u\u00f4i T\u00edm l\u00e0 lo\u1ea1i c\u00e2y tr\u1ed3ng nhi\u1ec7t \u0111\u1edbi n\u00ean kh\u1ea3 n\u0103ng ch\u1ecbu l\u1ea1nh t\u01b0\u01a1ng \u0111\u1ed1i k\u00e9m, khi nhi\u1ec7t \u0111\u1ed9 xu\u1ed1ng d\u01b0\u1edbi 15 \u0111\u1ed9 C c\u00e2y ph\u00e1t tri\u1ec3n ch\u1eadm l\u1ea1i v\u00e0 d\u01b0\u1edbi 10 \u0111\u1ed9 c\u00e2y c\u00f3 th\u1ec3 s\u1ebd b\u1ecb ch\u1ebft.<br \/>\n<em>&#8211; Dinh d\u01b0\u1ee1ng:<\/em> M\u1ed7i n\u0103m b\u1ea1n n\u00ean b\u1ed5 sung th\u00eam dinh d\u01b0\u1ee1ng cho ch\u1eadu c\u00e2y c\u1ee7a m\u00ecnh kho\u1ea3ng 3-4 l\u1ea7n\/trong. L\u01b0\u1ee3ng dinh d\u01b0\u1ee1ng c\u1ea7n b\u1ed5 sung bao g\u1ed3m: ph\u00e2n h\u1eefu c\u01a1, ph\u00e2n vi sinh, m\u00f9n, b\u1ed9t x\u01a1 d\u1eeba\u2026 \u0111\u1ec3 t\u1ea1o \u0111\u1ed9 th\u00f4ng tho\u00e1ng v\u00e0 cung c\u1ea5p c\u00e1c ch\u1ea5t dinh d\u01b0\u1ee1ng c\u1ea7n thi\u1ebft cho c\u00e2y.<\/p>\n<h4><strong>C\u00e2y \u0110u\u00f4i C\u00f4ng T\u00edm bi\u1ec3u tr\u01b0ng cho s\u1ef1 may m\u1eafn v\u00e0 th\u1ecbnh v\u01b0\u1ee3ng<\/strong><\/h4>\n<p>C\u00e2y \u0110u\u00f4i C\u00f4ng T\u00edm r\u1ea5t \u0111\u1eb9p, b\u1edfi th\u1ebf kh\u00f4ng c\u00f3 g\u00ec l\u00e0 l\u1ea1 khi n\u00f3 \u0111\u01b0\u1ee3c s\u1eed d\u1ee5ng nhi\u1ec1u trong trang tr\u00ed nh\u00e0 c\u1eeda. Ngo\u00e0i vi\u1ec7c l\u00e0m \u0111\u1eb9p kh\u00f4ng gian <a href=\"https:\/\/cayxinh.vn\/danh-muc\/cay-canh-van-phong\/cay-canh-de-ban.html\"><span style=\"color: #008000;\">c\u00e2y c\u1ea3nh \u0111\u1ec3 b\u00e0n v\u0103n ph\u00f2ng<\/span><\/a>\u00a0n\u00e0y c\u00f2n c\u00f3 t\u00e1c d\u1ee5ng thanh l\u1ecdc kh\u00f4ng kh\u00ed, gi\u1ea3m stress, xua tan m\u1ec7t m\u1ecfi, t\u1ea1o tinh th\u1ea7n ph\u1ea5n kh\u1edfi khi l\u00e0m vi\u1ec7c.<br \/>\nNgo\u00e0i c\u00e1c c\u00f4ng d\u1ee5ng h\u1eefu \u00edch trong \u0111\u1eddi s\u1ed1ng, trong phong th\u1ee7y \u0110u\u00f4i C\u00f4ng T\u00edm c\u00f2n l\u00e0 bi\u1ec3u t\u01b0\u1ee3ng t\u01b0\u1ee3ng tr\u01b0ng cho may m\u1eafn, th\u1ecbnh v\u01b0\u1ee3ng, gi\u00e0u sang v\u00e0 ph\u00fa qu\u00fd. N\u1ebfu b\u1ea1n l\u00e0 ng\u01b0\u1eddi mang m\u1ec7nh H\u1ecfa hay mang m\u1ec7nh Kim th\u00ec \u0110u\u00f4i C\u00f4ng T\u00edm l\u00e0 g\u1ee3i \u00fd c\u00e2y c\u1ea3nh phong th\u1ee7y ph\u00f9 h\u1ee3p nh\u1ea5t cho b\u1ea1n.<\/p>\n<figure id=\"attachment_3500\" aria-describedby=\"caption-attachment-3500\" style=\"width: 800px\" class=\"wp-caption aligncenter\"><img loading=\"lazy\" class=\"size-full wp-image-3500\" src=\"https:\/\/cayxinh.vn\/wp-content\/uploads\/2017\/11\/cay-duoi-cong-tim-chau-gom-nhat.jpg\" alt=\"c\u00e2y \u0111u\u00f4i c\u00f4ng t\u00edm \u0111\u1ec3 b\u00e0n v\u0103n ph\u00f2ng\" width=\"800\" height=\"800\" \/><figcaption id=\"caption-attachment-3500\" class=\"wp-caption-text\"><em>H\u00ecnh \u1ea3nh: <strong>C\u00e2y c\u1ea3nh \u0111\u1ec3 b\u00e0n v\u0103n ph\u00f2ng \u0111u\u00f4i c\u00f4ng t\u00edm<\/strong><\/em><\/figcaption><\/figure>\n<p>\u0110\u1ec3 \u0110u\u00f4i C\u00f4ng T\u00edm ph\u00e1t huy h\u1ebft \u00fd ngh\u0129a phong th\u1ee7y, chi\u00eau t\u00e0i h\u00fat l\u1ed9c cho ch\u1ee7 nh\u00e2n th\u00ec b\u1ea1n n\u00ean \u0111\u1eb7t ch\u1eadu c\u00e2y t\u1ea1i h\u01b0\u1edbng \u0110\u00f4ng, \u0110\u00f4ng Nam c\u1ee7a ng\u00f4i nh\u00e0 n\u01a1i ng\u1ef1 Cung T\u00e0i L\u1ed9c.<br \/>\nB\u1ea1n mu\u1ed1n t\u1ea1o \u0111i\u1ec3m nh\u1ea5n cho kh\u00f4ng gian ph\u00f2ng kh\u00e1ch? B\u1ea1n mu\u1ed1n g\u00e2y \u1ea5n t\u01b0\u1ee3ng tr\u00ean chi\u1ebfc b\u00e0n l\u00e0m vi\u1ec7c t\u1ea1i v\u0103n ph\u00f2ng c\u00f4ng ty?<br \/>\nB\u1ea1n l\u00e0 ng\u01b0\u1eddi mang m\u1ec7nh H\u1ecfa v\u00e0 c\u00f3 \u0111am m\u00ea b\u1ea5t t\u1eadn v\u1edbi th\u00fa ch\u01a1i c\u00e2y c\u1ea3nh? V\u1eady c\u00f2n ch\u1ea7n ch\u1edd g\u00ec m\u00e0 kh\u00f4ng li\u00ean h\u1ec7 v\u1edbi C\u00e2y Xinh \u0111\u1ec3 s\u1edf h\u1eefu cho m\u00ecnh m\u1ed9t <strong>ch\u1eadu c\u00e2y \u0110u\u00f4i C\u00f4ng T\u00edm<\/strong> \u0111\u1eb9p nh\u1ea5t ngay h\u00f4m nay?<br \/>\nM\u1ecdi chi ti\u1ebft vui l\u00f2ng li\u00ean h\u1ec7 theo s\u1ed1 hotline 0948.225.678 c\u1ee7a ch\u00fang t\u00f4i \u0111\u1ec3 \u0111\u01b0\u1ee3c t\u01b0 v\u1ea5n v\u00e0 h\u1ed7 tr\u1ee3 \u0111\u1eb7t h\u00e0ng.<\/p>\n","protected":false},"excerpt":{"rendered":"<p><strong>C\u00e2y \u0110u\u00f4i C\u00f4ng T\u00edm<\/strong>\u00a0(t\u00ean khoa h\u1ecdc: <em><strong>Calathea medallion\/Calathea makoyana<\/strong><\/em>)\u00a0hay c\u00f2n g\u1ecdi l\u00e0 c\u00e2y: <strong>C\u00e2y \u0110u\u00f4i C\u00f4ng<\/strong>, <strong>\u0110u\u00f4i C\u00f4ng L\u00e1 T\u00edm<\/strong>, <strong>c\u00e2y \u0110u\u00f4i Ph\u1ee5ng<\/strong>&#8230; c\u00e2y c\u1ea3nh \u0111\u1ec3 b\u00e0n v\u0103n ph\u00f2ng \u0111\u01b0\u1ee3c \u01b0a chu\u1ed9ng hi\u1ec7n nay, ch\u00fang lo\u00e0i c\u00e2y bi\u1ec3u tr\u01b0ng cho s\u1ef1\u00a0th\u1ecbnh v\u01b0\u1ee3ng v\u00e0 may m\u1eafn.<\/p>\n","protected":false},"featured_media":9585,"template":"","meta":[],"product_cat":[25,26,24,23],"product_tag":[731,712,577,575,576,732,733,734,735,719,736,740,737,738,739],"_links":{"self":[{"href":"https:\/\/demo.bmconnect.vn\/cayxanh3\/wp-json\/wp\/v2\/product\/469"}],"collection":[{"href":"https:\/\/demo.bmconnect.vn\/cayxanh3\/wp-json\/wp\/v2\/product"}],"about":[{"href":"https:\/\/demo.bmconnect.vn\/cayxanh3\/wp-json\/wp\/v2\/types\/product"}],"wp:featuredmedia":[{"embeddable":true,"href":"https:\/\/demo.bmconnect.vn\/cayxanh3\/wp-json\/wp\/v2\/media\/9585"}],"wp:attachment":[{"href":"https:\/\/demo.bmconnect.vn\/cayxanh3\/wp-json\/wp\/v2\/media?parent=469"}],"wp:term":[{"taxonomy":"product_cat","embeddable":true,"href":"https:\/\/demo.bmconnect.vn\/cayxanh3\/wp-json\/wp\/v2\/product_cat?post=469"},{"taxonomy":"product_tag","embeddable":true,"href":"https:\/\/demo.bmconnect.vn\/cayxanh3\/wp-json\/wp\/v2\/product_tag?post=469"}],"curies":[{"name":"wp","href":"https:\/\/api.w.org\/{rel}","templated":true}]}}