{"id":400,"date":"2017-11-06T23:29:56","date_gmt":"2017-11-06T16:29:56","guid":{"rendered":"https:\/\/cayxinh.vn\/?post_type=product&#038;p=400"},"modified":"2019-03-15T23:23:57","modified_gmt":"2019-03-15T16:23:57","slug":"tieu-canh-terrarium-composite-03","status":"publish","type":"product","link":"https:\/\/demo.bmconnect.vn\/cayxanh3\/san-pham\/tieu-canh-terrarium-composite-03\/","title":{"rendered":"Ti\u1ec3u c\u1ea3nh Composite 03"},"content":{"rendered":"<p><strong>Gi\u1edbi thi\u1ec7u:<\/strong>\u00a0Ti\u1ec3u c\u1ea3nh Terrarium c\u1ea9m nhung (fittonia) k\u1ebft h\u1ee3p c\u00e1c d\u00f2ng c\u00e2y n\u1ed9i th\u1ea5t ph\u00f9 h\u1ee3p \u0111\u1ec3 b\u00e0n l\u00e0m vi\u1ec7c, trang tr\u00ed v\u0103n ph\u00f2ng, n\u1ed9i th\u1ea5t. S\u1ee9c s\u1ed1ng b\u1ec1n b\u1ec9, m\u1ea1nh m\u1ebd, d\u1ec5 ch\u0103m s\u00f3c.<br \/>\n<strong>\u00dd ngh\u0129a:<\/strong>\u00a0C\u1ea9m nhung t\u01b0\u1ee3ng tr\u01b0ng cho s\u1ef1 may m\u1eafn, b\u1ec1n l\u00e2u, g\u1eafn k\u1ebft.<br \/>\n<strong>C\u00e1ch ch\u0103m s\u00f3c:<\/strong>\u00a0T\u01b0\u1edbi n\u01b0\u1edbc h\u00e0ng ng\u00e0y. M\u1ed7i l\u1ea7n 20-50ml n\u01b0\u1edbc (s\u1eed d\u1ee5ng b\u00ecnh t\u01b0\u1edbi chuy\u00ean d\u1ee5ng)<br \/>\n<strong>\u0110\u01b0\u1eddng k\u00ednh ch\u1eadu:<\/strong><br \/>\n&#8211; Cao 20cm, r\u1ed9ng 15cm<br \/>\n<strong>Bao g\u1ed3m c\u00e1c lo\u1ea1i c\u00e2y:<\/strong><br \/>\n&#8211; C\u00e2y C\u1ea9m nhung: hay c\u00f2n g\u1ecdi l\u00e0 l\u00e1 may m\u1eafn (fittonia)<br \/>\n&#8211; C\u00e2y R\u00eau ti\u00ean<br \/>\n&#8211; C\u00e2y T\u00f9ng la h\u00e1n<\/p>\n","protected":false},"excerpt":{"rendered":"<p>Gi\u1edbi thi\u1ec7u:\u00a0Ti\u1ec3u c\u1ea3nh Terrarium c\u1ea9m nhung (fittonia) k\u1ebft h\u1ee3p c\u00e1c d\u00f2ng c\u00e2y n\u1ed9i th\u1ea5t ph\u00f9 h\u1ee3p \u0111\u1ec3 b\u00e0n l\u00e0m vi\u1ec7c, trang tr\u00ed v\u0103n ph\u00f2ng, n\u1ed9i th\u1ea5t. S\u1ee9c s\u1ed1ng b\u1ec1n b\u1ec9, m\u1ea1nh m\u1ebd, d\u1ec5 ch\u0103m s\u00f3c. \u00dd ngh\u0129a:\u00a0C\u1ea9m nhung t\u01b0\u1ee3ng tr\u01b0ng cho s\u1ef1 may m\u1eafn, b\u1ec1n l\u00e2u, g\u1eafn k\u1ebft. C\u00e1ch ch\u0103m s\u00f3c:\u00a0T\u01b0\u1edbi n\u01b0\u1edbc h\u00e0ng ng\u00e0y. M\u1ed7i &#8230;<\/p>\n","protected":false},"featured_media":9581,"template":"","meta":[],"product_cat":[19],"product_tag":[602,622,623,624,625,603,604,626,605,606,607,608,609,614,610,611,612,615,613,616,617,618,619,627],"_links":{"self":[{"href":"https:\/\/demo.bmconnect.vn\/cayxanh3\/wp-json\/wp\/v2\/product\/400"}],"collection":[{"href":"https:\/\/demo.bmconnect.vn\/cayxanh3\/wp-json\/wp\/v2\/product"}],"about":[{"href":"https:\/\/demo.bmconnect.vn\/cayxanh3\/wp-json\/wp\/v2\/types\/product"}],"wp:featuredmedia":[{"embeddable":true,"href":"https:\/\/demo.bmconnect.vn\/cayxanh3\/wp-json\/wp\/v2\/media\/9581"}],"wp:attachment":[{"href":"https:\/\/demo.bmconnect.vn\/cayxanh3\/wp-json\/wp\/v2\/media?parent=400"}],"wp:term":[{"taxonomy":"product_cat","embeddable":true,"href":"https:\/\/demo.bmconnect.vn\/cayxanh3\/wp-json\/wp\/v2\/product_cat?post=400"},{"taxonomy":"product_tag","embeddable":true,"href":"https:\/\/demo.bmconnect.vn\/cayxanh3\/wp-json\/wp\/v2\/product_tag?post=400"}],"curies":[{"name":"wp","href":"https:\/\/api.w.org\/{rel}","templated":true}]}}