{"id":395,"date":"2017-11-06T23:00:16","date_gmt":"2017-11-06T16:00:16","guid":{"rendered":"https:\/\/cayxinh.vn\/?post_type=product&#038;p=395"},"modified":"2019-03-15T23:23:45","modified_gmt":"2019-03-15T16:23:45","slug":"tieu-canh-composite-01","status":"publish","type":"product","link":"https:\/\/demo.bmconnect.vn\/cayxanh3\/san-pham\/tieu-canh-composite-01\/","title":{"rendered":"Ti\u1ec3u c\u1ea3nh Composite 01"},"content":{"rendered":"<p><strong>Gi\u1edbi thi\u1ec7u:<\/strong>\u00a0Ti\u1ec3u c\u1ea3nh Terrarium Sen \u0110\u00e1 &#8211; X\u01b0\u01a1ng R\u1ed3ng trong ch\u1eadu Composite ph\u00f9 h\u1ee3p l\u00e0m qu\u00e0 t\u1eb7ng \u0111\u1ec3 b\u00e0n l\u00e0m vi\u1ec7c, trang tr\u00ed v\u0103n ph\u00f2ng, n\u1ed9i th\u1ea5t. S\u1ee9c s\u1ed1ng b\u1ec1n b\u1ec9, m\u1ea1nh m\u1ebd, d\u1ec5 ch\u0103m s\u00f3c.<br \/>\n<strong>\u00dd ngh\u0129a:<\/strong>\u00a0Sen \u0111\u00e1 t\u01b0\u1ee3ng tr\u01b0ng cho s\u1ef1 may m\u1eafn, t\u00ecnh y\u00eau chung thu\u1ef7, b\u1ec1n l\u00e2u. X\u01b0\u01a1ng r\u1ed3ng t\u01b0\u1ee3ng tr\u01b0ng cho s\u1ef1 m\u1ea1nh m\u1ebd, b\u1ec1n b\u1ec9.<br \/>\n<strong>C\u00e1ch ch\u0103m s\u00f3c:<\/strong>\u00a0T\u01b0\u1edbi \u00edt n\u01b0\u1edbc, \u0111\u1ec3 ch\u1ed7 tho\u00e1ng m\u00e1t c\u00f3 nhi\u1ec1u \u00e1nh s\u00e1ng, 1 tu\u1ea7n t\u01b0\u1edbi m\u1ed9t l\u1ea7n. M\u1ed7i l\u1ea7n 20-50ml n\u01b0\u1edbc (s\u1eed d\u1ee5ng b\u00ecnh t\u01b0\u1edbi chuy\u00ean d\u1ee5ng)<br \/>\n<strong>\u0110\u01b0\u1eddng k\u00ednh ch\u1eadu:<\/strong><br \/>\n&#8211; Cao 30cm, r\u1ed9ng 25cm<br \/>\n<strong>Bao g\u1ed3m c\u00e1c lo\u1ea1i c\u00e2y:<\/strong><br \/>\n&#8211; Sen \u0111\u00e1: Ph\u1eadt B\u00e0, Sedum v\u00e0ng, \u0110u\u00f4i Phung, Ruby gi\u1ed1ng m\u1edbi, S\u1eebng H\u01b0\u01a1u&#8230;<br \/>\n&#8211; X\u01b0\u01a1ng r\u1ed3ng: Astro, Aster, B\u00e1nh Sinh Nh\u1eadt&#8230;<\/p>\n","protected":false},"excerpt":{"rendered":"<p>Gi\u1edbi thi\u1ec7u:\u00a0Ti\u1ec3u c\u1ea3nh Terrarium Sen \u0110\u00e1 &#8211; X\u01b0\u01a1ng R\u1ed3ng trong ch\u1eadu Composite ph\u00f9 h\u1ee3p l\u00e0m qu\u00e0 t\u1eb7ng \u0111\u1ec3 b\u00e0n l\u00e0m vi\u1ec7c, trang tr\u00ed v\u0103n ph\u00f2ng, n\u1ed9i th\u1ea5t. S\u1ee9c s\u1ed1ng b\u1ec1n b\u1ec9, m\u1ea1nh m\u1ebd, d\u1ec5 ch\u0103m s\u00f3c. \u00dd ngh\u0129a:\u00a0Sen \u0111\u00e1 t\u01b0\u1ee3ng tr\u01b0ng cho s\u1ef1 may m\u1eafn, t\u00ecnh y\u00eau chung thu\u1ef7, b\u1ec1n l\u00e2u. X\u01b0\u01a1ng r\u1ed3ng t\u01b0\u1ee3ng tr\u01b0ng &#8230;<\/p>\n","protected":false},"featured_media":9575,"template":"","meta":[],"product_cat":[16,19],"product_tag":[602,603,604,605,606,607,608,609,614,610,611,612,615,613,616,617,618,619],"_links":{"self":[{"href":"https:\/\/demo.bmconnect.vn\/cayxanh3\/wp-json\/wp\/v2\/product\/395"}],"collection":[{"href":"https:\/\/demo.bmconnect.vn\/cayxanh3\/wp-json\/wp\/v2\/product"}],"about":[{"href":"https:\/\/demo.bmconnect.vn\/cayxanh3\/wp-json\/wp\/v2\/types\/product"}],"wp:featuredmedia":[{"embeddable":true,"href":"https:\/\/demo.bmconnect.vn\/cayxanh3\/wp-json\/wp\/v2\/media\/9575"}],"wp:attachment":[{"href":"https:\/\/demo.bmconnect.vn\/cayxanh3\/wp-json\/wp\/v2\/media?parent=395"}],"wp:term":[{"taxonomy":"product_cat","embeddable":true,"href":"https:\/\/demo.bmconnect.vn\/cayxanh3\/wp-json\/wp\/v2\/product_cat?post=395"},{"taxonomy":"product_tag","embeddable":true,"href":"https:\/\/demo.bmconnect.vn\/cayxanh3\/wp-json\/wp\/v2\/product_tag?post=395"}],"curies":[{"name":"wp","href":"https:\/\/api.w.org\/{rel}","templated":true}]}}