{"id":320,"date":"2017-11-03T12:36:54","date_gmt":"2017-11-03T05:36:54","guid":{"rendered":"https:\/\/cayxinh.vn\/?post_type=product&#038;p=320"},"modified":"2019-03-15T23:22:55","modified_gmt":"2019-03-15T16:22:55","slug":"cay-kim-tien-de-ban","status":"publish","type":"product","link":"https:\/\/demo.bmconnect.vn\/cayxanh3\/san-pham\/cay-kim-tien-de-ban\/","title":{"rendered":"C\u00e2y Kim Ti\u1ec1n"},"content":{"rendered":"<p>C\u00e2y xanh kh\u00f4ng ch\u1ec9 d\u00f9ng \u0111\u1ec3 t\u00f4 \u0111i\u1ec3m th\u00eam cho ng\u00f4i nh\u00e0 hay v\u0103n ph\u00f2ng c\u1ee7a b\u1ea1n m\u00e0 n\u00f3 c\u00f2n c\u00f3 \u00fd ngh\u0129a t\u1ed1t trong phong th\u1ee7y. C\u00f3 m\u1ed9t lo\u00e0i c\u00e2y ch\u1ec9 c\u1ea7n nghe \u0111\u1ebfn t\u00ean th\u00f4i l\u00e0 b\u1ea1n c\u00f3 th\u1ec3 c\u1ea3m nh\u1eadn ngay \u0111\u01b0\u1ee3c \u00fd ngh\u0129a n\u00f3 mang \u0111\u1ebfn, \u0111\u00f3 ch\u00ednh l\u00e0 <strong>c\u00e2y Kim Ti\u1ec1n phong th\u1ee7y<\/strong> . B\u00e0i vi\u1ebft n\u00e0y s\u1ebd c\u0169ng c\u1ea5p m\u1ed9t s\u1ed1 th\u00f4ng tin v\u1ec1 lo\u00e0i c\u00e2y n\u00e0y, h\u00e3y c\u00f9ng theo d\u00f5i nh\u00e9!<\/p>\n<h2><strong>T\u00ecm hi\u1ec3u ngu\u1ed3n g\u1ed1c xu\u1ea5t x\u1ee9 c\u00e2y kim ti\u1ec1n<\/strong><\/h2>\n<p><strong>C\u00e2y Kim Ti\u1ec1n<\/strong> (t\u00ean khoa h\u1ecdc:\u00a0Zamioculcas zamiifolia) hay ng\u01b0\u1eddi ta c\u00f2n g\u1ecdi l\u00e0 c\u00e2y <strong>Kim Ph\u00e1t T\u00e0i<\/strong>, lo\u1ea1i <a href=\"https:\/\/cayxinh.vn\/danh-muc\/cay-canh-van-phong\/cay-canh-phong-thuy.html\">c\u00e2y c\u1ea3nh phong th\u1ee7y<\/a> mang l\u1ea1i may m\u1eafn \u0111\u01b0\u1ee3c \u01b0a chu\u1ed9ng s\u1eed d\u1ee5ng nhi\u1ec1u nh\u1ea5t. Ngo\u00e0i ra n\u1ebfu b\u1ea1n \u0111\u1eb7t \u0111\u00fang c\u00e1ch v\u00e0 h\u01b0\u1edbng th\u00ec c\u00e2y c\u00f2n c\u00f3 th\u1ec3 chi\u00eau t\u00e0i, h\u00fat l\u1ed9c cho gia ch\u1ee7.<br \/>\n<strong>C\u00e2y Kim Ti\u1ec1n \u0111\u1ec3 b\u00e0n<\/strong> thu\u1ed9c c\u00e2y c\u1ea3nh h\u1ecd thi\u00ean nam tinh, l\u00e0 lo\u1ea1i c\u00e2y d\u1ec5 ch\u00f9m, s\u1ed1ng l\u00e2u n\u0103m, xanh t\u1ed1t. Th\u00e2n c\u00e2y to kh\u1ecfe, m\u1ecdng n\u01b0\u1edbc, ph\u00ecnh to \u1edf d\u01b0\u1edbi g\u1ed1c c\u00e2y.<\/p>\n<h3><img loading=\"lazy\" class=\"aligncenter wp-image-3082 size-large\" src=\"https:\/\/cayxinh.vn\/wp-content\/uploads\/2017\/11\/cay-kim-tien-chau-vuong-trang-800x800.jpg\" alt=\"c\u00e2y kim ti\u1ec1n \u0111\u1ec3 b\u00e0n\" width=\"800\" height=\"800\" \/><strong>\u0110\u1eb7c \u0111i\u1ec3m h\u00ecnh th\u00e1i c\u1ee7a c\u00e2y kim ti\u1ec1n phong th\u1ee7y<\/strong><\/h3>\n<p><strong>C\u00e2y kim ti\u1ec1n \u0111\u1eb7t trong v\u0103n ph\u00f2ng<\/strong> c\u00f3 l\u00e1 m\u00e0u xanh th\u1eabm v\u00e0 s\u00e1ng b\u00f3ng. L\u00e1 thon h\u00ecnh b\u1ea7u d\u1ee5c nh\u1ecdn 2 \u0111\u1ea7u, d\u00e0y v\u00e0 \u0111\u1eb9p. Th\u00e2n c\u00e2y v\u01b0\u01a1n th\u1eb3ng v\u00e0 x\u00f2e sang 2 b\u00ean, m\u1ecdng n\u01b0\u1edbc v\u00e0 ph\u00ecnh to d\u01b0\u1edbi g\u1ed1c. C\u00e1c nh\u00e1nh th\u00e2n m\u1ecdc th\u00e0nh t\u1eebng b\u1ee5i v\u1edbi chi\u1ec1u d\u00e0i trung b\u00ecnh t\u1eeb 18-50cm.<br \/>\nTrong t\u1ef1 nhi\u00ean, <strong>c\u00e2y kim ti\u1ec1n \u0111\u1ec3 b\u00e0n l\u00e0m vi\u1ec7c<\/strong> th\u01b0\u1eddng m\u1ecdc th\u00e0nh b\u1ee5i, g\u1ed1c ph\u00ecnh to ch\u1ee9a nhi\u1ec1u n\u01b0\u1edbc. H\u00ecnh d\u00e1ng c\u00e2y kim ti\u1ec1n bao g\u1ed3m m\u1ed9t t\u1eadp h\u1ee3p c\u00e1c nh\u00e1nh l\u00e1 t\u1ea1o th\u00e0nh. Th\u1ef1c s\u1ef1, \u0111\u00e2y ch\u00ednh l\u00e0 cu\u1ed1ng l\u00e1 chung, v\u1edbi chi\u1ec1u d\u00e0i t\u1eeb 20-40 cm c\u00f3 m\u00e0u xanh v\u1edbi nh\u1eefng \u0111\u1ed1m m\u00e0u t\u1ed1i h\u01a1n. Th\u00e2n c\u00e2y m\u1eadp m\u1ea1p, m\u1ecdng n\u01b0\u1edbc, h\u00ecnh tr\u1ee5 r\u1ea5t d\u00e0y \u1edf ph\u1ea7n g\u1ea7n r\u1ec5 v\u00e0 thon nh\u1ecf khi l\u00ean \u0111\u1ebfn ng\u1ecdn v\u00e0 t\u1eeb t\u1eeb u\u1ed1n cong.<br \/>\n<img loading=\"lazy\" class=\"aligncenter wp-image-3081 size-large\" src=\"https:\/\/cayxinh.vn\/wp-content\/uploads\/2017\/11\/cay-kim-tien-chau-tru-tron-vat-mieng-800x800.jpg\" alt=\"c\u00e2y kim ti\u1ec1n n\u1edf hoa\" width=\"800\" height=\"800\" \/><\/p>\n<h3><strong>\u00dd ngh\u0129a phong th\u1ee7y c\u1ee7a c\u00e2y kim ti\u1ec1n<\/strong><\/h3>\n<p>Qua t\u00ean g\u1ecdi th\u00f4i m\u1ecdi ng\u01b0\u1eddi c\u0169ng c\u00f3 th\u1ec3 th\u1ea5y \u0111\u01b0\u1ee3c <a href=\"https:\/\/cayxinh.vn\/san-pham\/cay-canh-van-phong\/cay-canh-phong-thuy\/cay-kim-tien-de-ban.html\">c\u00e2y kim ti\u1ec1n phong thu\u1ef7<\/a> mang l\u1ea1i ph\u00fa qu\u00fd v\u00e0 gi\u00e0u sang, \u0111\u00e2y l\u00e0 lo\u1ea1i c\u00e2y c\u1ea3nh mang l\u1ea1i may m\u1eafn h\u00e0ng \u0111\u1ea7u v\u1ec1 phong th\u1ee7y.<br \/>\nTheo ph\u00e2n t\u00edch trong phong th\u1ee7y, <strong>Kim Ti\u1ec1n<\/strong> l\u00e0 c\u00e2y \u2013 m\u1ed9c, n\u01a1i c\u00e2y t\u1ed3n t\u1ea1i v\u00e0 ph\u00e1t tri\u1ec3n l\u00e0 Th\u1ed5, dinh d\u01b0\u1ee1ng, n\u01b0\u1edbc t\u01b0\u1edbi ho\u1eb7c dung d\u1ecbch th\u1ee7y sinh l\u00e0 Th\u1ee7y, c\u00e2y tr\u1ed3ng ch\u1eadu ho\u1eb7c b\u00ecnh th\u1ee7y tinh l\u00e0 Kim. M\u1ed9t c\u00e2y \u0111\u00e3 k\u1ebft h\u1ee3p c\u1ee7a c\u00e1c y\u1ebfu t\u1ed1 phong th\u1ee7y n\u00ean c\u00e0ng \u0111\u01b0\u1ee3c \u01b0a chu\u1ed9ng.<br \/>\n<img loading=\"lazy\" class=\"aligncenter wp-image-3083 size-large\" src=\"https:\/\/cayxinh.vn\/wp-content\/uploads\/2017\/11\/cay-kim-tien-chau-vuong-vat-day-800x800.jpg\" alt=\"c\u00e2y kim ti\u1ec1n h\u1ee3p v\u1edbi tu\u1ed5i n\u00e0o\" width=\"800\" height=\"800\" \/><\/p>\n<ul>\n<li>Tham kh\u1ea3o th\u00eam: <a href=\"https:\/\/cayxinh.vn\/cay-phong-thuy-theo-tuoi\/cay-canh-phong-thuy-hop-tuoi-de-ban-lam-viec.html\">C\u00e2y c\u1ea3nh \u0111\u1ec3 b\u00e0n h\u1ee3p tu\u1ed5i<\/a><\/li>\n<\/ul>\n<p>L\u00e1 c\u00e2y Kim Ti\u1ec1n c\u00f3 vi\u1ec1n tr\u00f2n mang t\u00ednh \u00e2m ph\u00f9 h\u1ee3p v\u1edbi trang tr\u00ed hi\u1ec7n \u0111\u1ea1i ( t\u1eeb ki\u1ebfn tr\u00fac \u0111\u1ebfn \u0111\u1ed3 v\u1eadt \u0111\u1ec1u vu\u00f4ng th\u00e0nh, s\u1eafc c\u1ea1nh) \u2013 theo phong th\u1ee7y \u0111\u00f3 l\u00e0 t\u00ednh d\u01b0\u01a1ng. \u0110\u1ec3 c\u00e2n b\u1eb1ng, \u0111i\u1ec1u h\u00f2a c\u1ea7n c\u00e1c h\u00ecnh th\u1ee9c tr\u00f2n tr\u1ecba, \u00e2m t\u00ednh, c\u0103ng m\u1ecdng v\u00e0 kim ti\u1ec1n \u0111\u00e1p \u1ee9ng \u0111\u01b0\u1ee3c y\u00eau c\u1ea7u \u0111\u00f3. B\u1ea1n c\u0169ng n\u00ean treo v\u00e0i \u0111\u1ed3ng ti\u1ec1n v\u00e0ng ho\u1eb7c s\u1ee3i ch\u1ec9 \u0111\u1ecf l\u00ean c\u00e2y th\u00ec c\u00e2y Kim Ti\u1ec1n c\u00f3 \u00fd ngh\u0129a phong th\u1ee7y th\u00e0nh c\u00e2y ph\u00e1t t\u00e0i l\u1ea1i v\u1eeba \u0111\u1eb9p m\u1eaft.<br \/>\nNgo\u00e0i ra, <strong>ch\u1eadu c\u00e2y kim ti\u1ec1n\u00a0\u0111\u1ec3 b\u00e0n<\/strong> v\u1edbi m\u00e0u xanh d\u1ecbu m\u00e1t, \u0111\u1ea7y s\u1ee9c s\u1ed1ng, l\u00e1 d\u1ea7y m\u1ecdng c\u00f3 kh\u1ea3 n\u0103ng h\u1ea5p th\u1ee5 c\u00e1c ch\u1ea5t \u0111\u1ed9c bay l\u01a1 l\u1eedng trong kh\u00f4ng kh\u00ed, b\u1ee5i b\u1ea9n \u0111em \u0111\u1ebfn kh\u00f4ng gian trong l\u00e0nh, an to\u00e0n, tho\u00e1ng m\u00e1t.<br \/>\nC\u00e2y Kim Ti\u1ec1n v\u1edbi s\u1eafc xanh b\u00f3ng m\u01b0\u1ee3t l\u00e0 li\u1ec1u thu\u1ed1c b\u1ed5 l\u00e0m d\u1ecbu m\u1eaft, gi\u00fap \u0111i\u1ec1u h\u00f2a m\u1eaft v\u1ec1 tr\u1ea1ng th\u00e1i c\u00e2n b\u1eb1ng, c\u00f3 t\u00e1c d\u1ee5ng gi\u1ea3m stress khi ng\u1eafm nh\u00ecn c\u00e2y trong nh\u1eefng gi\u1edd l\u00e0m vi\u1ec7c c\u0103ng th\u1eb3ng. <strong>C\u00e2y Kim ti\u1ec1n c\u1ea3nh<\/strong> c\u00f2n l\u00e0 m\u00f3n qu\u00e0 t\u1eb7ng nh\u00e2n d\u1ecbp khai tr\u01b0\u01a1ng,l\u1ec5 t\u1ebft, th\u0103ng ch\u1ee9c ng\u1ee5 \u00fd ch\u00fac cho ng\u01b0\u1eddi \u0111\u01b0\u1ee3c t\u1eb7ng s\u1ef1 ph\u00fa qu\u00fd, nhi\u1ec1u ti\u1ec1n t\u00e0i v\u00e0 may m\u1eafn.<\/p>\n<h3><strong>K\u1ef9 thu\u1eadt ch\u0103m s\u00f3c c\u00e2y kim ti\u1ec1n phong th\u1ee7y<\/strong><\/h3>\n<p>C\u00e2y Kim Ti\u1ec1n l\u00e0 lo\u00e0i r\u1ea5t d\u1ec5 ch\u0103m s\u00f3c, \u00edt s\u00e2u b\u1ec7nh v\u00e0 ph\u00e1t tri\u1ec3n m\u1ea1nh. Tuy v\u1eady \u0111\u1ec3 c\u00e2y lu\u00f4n gi\u1eef \u0111\u01b0\u1ee3c m\u00e0u xanh m\u01b0\u1ee3t, t\u01b0\u01a1i t\u1ed1t b\u1ea1n c\u1ea7n l\u01b0u \u00fd \u0111\u1ebfn m\u1ed9t s\u1ed1 \u0111i\u1ec3m sau:<br \/>\n&#8211; \u00c1nh s\u00e1ng: C\u00e2y Kim Ti\u1ec1n c\u00f3 th\u1ec3 tr\u01b0ng \u1edf m\u1ecdi n\u01a1i trong nh\u00e0, tr\u1eeb nh\u1eefng v\u1ecb tr\u00ed qu\u00e1 t\u1ed1i ho\u1eb7c \u1ea9m th\u1ea5p. V\u1ecb tr\u00ed ph\u00f9 h\u1ee3p nh\u1ea5t l\u00e0 sau c\u1eeda k\u00ednh, c\u1eeda s\u1ed5,v\u1edbi l\u01b0\u1ee3ng \u00e1nh s\u00e1ng khu\u1ebfch t\u00e1n kho\u1ea3ng 40% -60%, s\u1ed1 gi\u1edd chi\u1ebfu s\u00e1ng 3-4h\/ ng\u00e0y.<br \/>\n&#8211; Nhi\u1ec7t \u0111\u1ed9: <strong>C\u00e2y Kim Ti\u1ec1n<\/strong> \u01b0a m\u00e1t, kh\u00f4ng ch\u1ecbu \u0111\u01b0\u1ee3c nhi\u1ec7t \u0111\u1ed9 qu\u00e1 th\u1ea5p ho\u1eb7c qu\u00e1 cao, ph\u00f9 h\u1ee3p nh\u1ea5t l\u00e0 kho\u1ea3ng 18-26\u00b0C. C\u00e2y s\u1ed1ng kh\u1ecfe trong m\u00f4i tr\u01b0\u1eddng \u0111i\u1ec1u h\u00f2a. D\u01b0\u1edbi 15\u00b0C c\u00e2y b\u1ecb r\u1ee5ng l\u00e1 v\u00e0 ng\u1ee7 \u0111\u00f4ng, d\u01b0\u1edbi 5\u00b0C kim ti\u1ec1n d\u1ec5 ch\u1ebft.<br \/>\n&#8211; \u0110\u1ed9 \u1ea9m: Kh\u00f4ng c\u1ea7u k\u1ef3, gi\u1eef cho kh\u00f4 tho\u00e1ng t\u1eeb 70-80% l\u00e0 \u0111\u01b0\u1ee3c.<br \/>\n&#8211; \u0110\u1ea5t tr\u1ed3ng: C\u00e2y Kim Ti\u1ec1n d\u1ec5 tr\u1ed3ng, s\u1ed1ng \u0111\u01b0\u1ee3c tr\u00ean nhi\u1ec1u lo\u1ea1i \u0111\u1ea5t, kh\u00f4ng k\u00e9n ch\u1ecdn, tuy nhi\u00ean tr\u1ed3ng trong nh\u00e0 c\u00f4ng th\u1ee9c \u0111\u1ea5t t\u1ed1t nh\u1ea5t l\u00e0 \u0111\u1ea5t th\u1ecbt + tr\u1ea5u hun + x\u01a1 d\u1eeba + x\u1ec9 than + l\u00e2n k\u00edch th\u00edch r\u1ec5 ph\u00e1t tri\u1ec3n.<br \/>\n&#8211; N\u01b0\u1edbc: N\u00ean t\u01b0\u1edbi v\u1edbi l\u01b0\u1ee3ng n\u01b0\u1edbc v\u1eeba ph\u1ea3i, h\u00e0ng tu\u1ea7n ch\u1ec9 t\u01b0\u1edbi 1-2 l\u1ea7n, m\u1ed7i l\u1ea7n kho\u1ea3ng 100-200ml n\u01b0\u1edbc (\u0111\u1ed1i v\u1edbi d\u00f2ng c\u00e2y Kim Ti\u1ec1n nh\u1ecf) v\u00e0 500-800ml (\u0111\u1ed1i v\u1edbi d\u00f2ng c\u00e2y Kim Ti\u1ec1n l\u1edbn) .T\u1ed1t nh\u1ea5t n\u00ean quan s\u00e1t th\u1ea5y l\u01b0\u1ee3ng \u0111\u1ea5t tr\u00ean b\u1ec1 m\u1eb7t ch\u1eadu c\u00f3 m\u00e0u kh\u00f4 tr\u1eafng th\u00ec t\u01b0\u1edbi, ch\u00fa \u00fd nguy\u00ean t\u1eafc sau: \u0111\u1ea5t \u01b0\u1edbt th\u00ec kh\u00f4ng t\u01b0\u1edbi, khi \u0111\u1ea5t kh\u00f4 th\u00ec t\u01b0\u1edbi \u0111\u1eabm r\u1ed3i \u0111\u1ec3 ra ch\u1ed7 tho\u00e1ng m\u00e1t.<br \/>\nN\u1ebfu t\u01b0\u1edbi nhi\u1ec1u th\u01b0\u1eddng xuy\u00ean qu\u00e1 l\u00e0m c\u00e2y b\u1ecb v\u00e0ng l\u00e1, nh\u00e1nh c\u00e2y m\u1ec1m, r\u1ec5 \u00fang d\u1eabn \u0111\u1ebfn ch\u1ebft c\u00e2y. Tr\u1ed3ng \u1edf ph\u00f2ng \u0111i\u1ec1u h\u00f2a th\u00ec l\u01b0\u1ee3ng n\u01b0\u1edbc t\u01b0\u1edbi c\u00f2n \u00edt h\u01a1n. C\u1ea7n ch\u00fa \u00fd ki\u1ec3m tra s\u1ef1 tho\u00e1t n\u01b0\u1edbc \u1edf \u0111\u00e1y ch\u1eadu.<br \/>\n\u0110\u1ec3 \u0111\u1eb7t mua <strong>c\u00e2y Kim Ti\u1ec1n \u0111\u1eb9p<\/strong> c\u00e1c b\u1ea1n vui l\u00f2ng li\u00ean h\u1ec7 tr\u1ef1c ti\u1ebfp v\u1edbi ch\u00fang t\u00f4i theo s\u1ed1 \u0111i\u1ec7n tho\u1ea1i\u00a0096 596 2586 &#8211; 094 822 5678 (h\u1ed7 tr\u1ee3 24\/7)<\/p>\n","protected":false},"excerpt":{"rendered":"<p><strong>C\u00e2y Kim Ti\u1ec1n phong th\u1ee7y \u0111\u1ec3 b\u00e0n<\/strong> v\u1edbi nh\u1eefng c\u00f4ng d\u1ee5ng v\u00e0 \u00fd ngh\u0129a t\u1ed1t l\u00e0nh \u0111ang \u0111\u01b0\u1ee3c \u01b0a chu\u1ed9ng v\u00e0 s\u1eed d\u1ee5ng r\u1ed9ng r\u00e3i trong h\u1ea7u h\u1ebft c\u00e1c v\u0103n ph\u00f2ng , c\u00f4ng s\u1edf hi\u1ec7n nay.<\/p>\n","protected":false},"featured_media":9536,"template":"","meta":[],"product_cat":[25,24,23],"product_tag":[574,577,575,576,578,579,581,580,582,583],"_links":{"self":[{"href":"https:\/\/demo.bmconnect.vn\/cayxanh3\/wp-json\/wp\/v2\/product\/320"}],"collection":[{"href":"https:\/\/demo.bmconnect.vn\/cayxanh3\/wp-json\/wp\/v2\/product"}],"about":[{"href":"https:\/\/demo.bmconnect.vn\/cayxanh3\/wp-json\/wp\/v2\/types\/product"}],"wp:featuredmedia":[{"embeddable":true,"href":"https:\/\/demo.bmconnect.vn\/cayxanh3\/wp-json\/wp\/v2\/media\/9536"}],"wp:attachment":[{"href":"https:\/\/demo.bmconnect.vn\/cayxanh3\/wp-json\/wp\/v2\/media?parent=320"}],"wp:term":[{"taxonomy":"product_cat","embeddable":true,"href":"https:\/\/demo.bmconnect.vn\/cayxanh3\/wp-json\/wp\/v2\/product_cat?post=320"},{"taxonomy":"product_tag","embeddable":true,"href":"https:\/\/demo.bmconnect.vn\/cayxanh3\/wp-json\/wp\/v2\/product_tag?post=320"}],"curies":[{"name":"wp","href":"https:\/\/api.w.org\/{rel}","templated":true}]}}