{"id":92,"date":"2019-03-15T19:34:47","date_gmt":"2019-03-15T12:34:47","guid":{"rendered":"http:\/\/demo.bmconnect.vn\/cayxanh3\/?page_id=92"},"modified":"2019-03-16T00:48:02","modified_gmt":"2019-03-15T17:48:02","slug":"dia-chi","status":"publish","type":"page","link":"https:\/\/demo.bmconnect.vn\/cayxanh3\/dia-chi\/","title":{"rendered":"\u0110\u1ecba ch\u1ec9"},"content":{"rendered":"<div class=\"row row-small\"  id=\"row-1575912153\">\n\n\t<div id=\"col-1820602088\" class=\"col medium-5 small-12 large-5\"  >\n\t\t\t\t<div class=\"col-inner\"  >\n\t\t\t\n\t\t\t\n<h3>Li\u00ean h\u1ec7<\/h3>\n<p><span style=\"font-size: 90%;\">C\u00e2y Xinh lu\u00f4n s\u1eb5n l\u00f2ng \u0111\u00f3n nh\u1eadn c\u00e1c \u00fd ki\u1ebfn \u0111\u00f3ng g\u00f3p c\u0169ng nh\u01b0 h\u1ed3i \u0111\u00e1p c\u00e1c th\u1eafc m\u1eafc c\u1ee7a b\u1ea1n v\u1ec1 c\u00e1c s\u1ea3n ph\u1ea9m, d\u1ecbch v\u1ee5. B\u1ea1n c\u00f3 th\u1ec3 li\u00ean h\u1ec7 qua bi\u1ec3u m\u1eabu ho\u1eb7c li\u00ean h\u1ec7 theo c\u00e1c th\u00f4ng tin d\u01b0\u1edbi \u0111\u00e2y n\u1ebfu b\u1ea1n c\u00f3 b\u1ea5t k\u1ef3 y\u00eau c\u1ea7u ho\u1eb7c th\u1eafc m\u1eafc n\u00e0o<\/span><\/p>\n<a rel=\"noopener noreferrer\" href=\"https:\/\/giuseart.com\" target=\"_blank\" class=\"button primary lowercase expand\"  style=\"border-radius:99px;\">\n    <span>Xem b\u1ea3n \u0111\u1ed3<\/span>\n  <\/a>\n\n\t\t<\/div>\n\t\t\t\t\t<\/div>\n\n\t\n\n\t<div id=\"col-813317640\" class=\"col medium-7 small-12 large-7\"  >\n\t\t\t\t<div class=\"col-inner\"  >\n\t\t\t\n\t\t\t\n<div role=\"form\" class=\"wpcf7\" id=\"wpcf7-f9829-o1\" lang=\"vi\" dir=\"ltr\">\n<div class=\"screen-reader-response\"><p role=\"status\" aria-live=\"polite\" aria-atomic=\"true\"><\/p> <ul><\/ul><\/div>\n<form action=\"\/cayxanh3\/wp-json\/wp\/v2\/pages\/92#wpcf7-f9829-o1\" method=\"post\" class=\"wpcf7-form init\" novalidate=\"novalidate\" data-status=\"init\">\n<div style=\"display: none;\">\n<input type=\"hidden\" name=\"_wpcf7\" value=\"9829\" \/>\n<input type=\"hidden\" name=\"_wpcf7_version\" value=\"5.4.2\" \/>\n<input type=\"hidden\" name=\"_wpcf7_locale\" value=\"vi\" \/>\n<input type=\"hidden\" name=\"_wpcf7_unit_tag\" value=\"wpcf7-f9829-o1\" \/>\n<input type=\"hidden\" name=\"_wpcf7_container_post\" value=\"0\" \/>\n<input type=\"hidden\" name=\"_wpcf7_posted_data_hash\" value=\"\" \/>\n<\/div>\n<p><span class=\"wpcf7-form-control-wrap text-552\"><input type=\"text\" name=\"text-552\" value=\"\" size=\"40\" class=\"wpcf7-form-control wpcf7-text wpcf7-validates-as-required\" aria-required=\"true\" aria-invalid=\"false\" placeholder=\"T\u00ean c\u1ee7a b\u1ea1n...\" \/><\/span><br \/>\n<span class=\"wpcf7-form-control-wrap tel-109\"><input type=\"tel\" name=\"tel-109\" value=\"\" size=\"40\" class=\"wpcf7-form-control wpcf7-text wpcf7-tel wpcf7-validates-as-required wpcf7-validates-as-tel\" aria-required=\"true\" aria-invalid=\"false\" placeholder=\"S\u1ed1 \u0111i\u1ec7n tho\u1ea1i c\u1ee7a b\u1ea1n...\" \/><\/span><br \/>\n<span class=\"wpcf7-form-control-wrap email-14\"><input type=\"email\" name=\"email-14\" value=\"\" size=\"40\" class=\"wpcf7-form-control wpcf7-text wpcf7-email wpcf7-validates-as-email\" aria-invalid=\"false\" placeholder=\"Email c\u1ee7a b\u1ea1n...\" \/><\/span><br \/>\n<span class=\"wpcf7-form-control-wrap textarea-121\"><textarea name=\"textarea-121\" cols=\"40\" rows=\"10\" class=\"wpcf7-form-control wpcf7-textarea\" aria-invalid=\"false\" placeholder=\"N\u1ed9i dung tin nh\u1eafn c\u1ee7a b\u1ea1n...\"><\/textarea><\/span><br \/>\n<input type=\"submit\" value=\"G\u1eedi tin\" class=\"wpcf7-form-control wpcf7-submit\" \/><\/p>\n<div class=\"wpcf7-response-output\" aria-hidden=\"true\"><\/div><\/form><\/div>\n\t\t<\/div>\n\t\t\t\t\t<\/div>\n\n\t\n<\/div>\n<div class=\"row\"  id=\"row-996672950\">\n\n\t<div id=\"col-722529330\" class=\"col small-12 large-12\"  >\n\t\t\t\t<div class=\"col-inner\"  >\n\t\t\t\n\t\t\t\n<div class=\"container section-title-container\" ><h4 class=\"section-title section-title-center\"><b><\/b><span class=\"section-title-main\" style=\"color:rgb(9, 166, 1);\">C\u00c2Y XINH - B\u00c1N S\u1ec8 & L\u1eba SEN \u0110\u00c1 - X\u01af\u01a0NG R\u1ed2NG - C\u00c2Y N\u1ed8I TH\u1ea4T - TI\u1ec2U C\u1ea2NH TERRARIUM<\/span><b><\/b><\/h4><\/div>\n\t\t<\/div>\n\t\t\t\t\t<\/div>\n\n\t\n\n\t<div id=\"col-1924984357\" class=\"col medium-4 small-12 large-4\"  >\n\t\t\t\t<div class=\"col-inner\"  >\n\t\t\t\n\t\t\t\n<p><span style=\"font-size: 90%; color: #282828;\"><span style=\"color: #00a859;\"><strong>C\u01a1 s\u1edf 1:<\/strong><\/span>\u00a0S\u1ed1 106 \u2013 Ng\u00f5 72 \u2013 Nguy\u1ec5n Tr\u00e3i \u2013 Thanh Xu\u00e2n (Ngay c\u1ea1nh Royal City), H\u00e0 N\u1ed9i<\/span><\/p>\n<ul>\n<li><span style=\"font-size: 90%; color: #282828;\"><strong>\u0110i\u1ec7n tho\u1ea1i:<\/strong>\u00a0<strong><a class=\"goidt\" style=\"color: #282828;\" href=\"tel:0965962586\">096 596 2586<\/a><\/strong>\u00a0\u2013\u00a0<strong><a class=\"goidt\" style=\"color: #282828;\" href=\"tel:0948225678\">094 822 5678<\/a><\/strong><\/span><\/li>\n<li><span style=\"color: #282828;\"><span style=\"font-size: 90%;\"><strong>Viber\/Zalo:\u00a0<\/strong><strong><a class=\"goidt\" style=\"color: #282828;\" href=\"tel:0965962586\">096 596 2586<\/a><\/strong><\/span><\/span><\/li>\n<li><span style=\"color: #282828;\"><span style=\"font-size: 90%;\"><strong>Email:<\/strong>\u00a0cayxinh.vn@gmail.com<\/span><\/span><\/li>\n<\/ul>\n\t\t<\/div>\n\t\t\t\t\t<\/div>\n\n\t\n\n\t<div id=\"col-1652499330\" class=\"col medium-4 small-12 large-4\"  >\n\t\t\t\t<div class=\"col-inner\"  >\n\t\t\t\n\t\t\t\n<p><strong><span style=\"font-size: 90%;\"><span style=\"color: #50b848;\">C\u01a1 s\u1edf 2: <\/span>310\/10 D\u01b0\u01a1ng Qu\u1ea3ng H\u00e0m, Ph\u01b0\u1eddng 5, Qu\u1eadn G\u00f2 V\u1ea5p, H\u1ed3 Ch\u00ed Minh<\/span><\/strong><\/p>\n<ul>\n<li><span style=\"font-size: 90%;\">\u0110i\u1ec7n tho\u1ea1i: 094 129 9699 \u2013 094 162 8000<\/span><\/li>\n<li><span style=\"font-size: 90%;\">Viber\/Zalo: 094 129 9699<\/span><\/li>\n<li><span style=\"font-size: 90%;\">Email: cayxinhsaigon@gmail.com<\/span><\/li>\n<\/ul>\n\t\t<\/div>\n\t\t\t\t\t<\/div>\n\n\t\n\n\t<div id=\"col-1010689004\" class=\"col medium-4 small-12 large-4\"  >\n\t\t\t\t<div class=\"col-inner\"  >\n\t\t\t\n\t\t\t\n<p><strong><span style=\"font-size: 90%;\"><span style=\"color: #00a859;\">C\u01a1 s\u1edf 3:\u00a0<\/span>S\u1ed1 170, B\u00f9i Th\u1ecb Xu\u00e2n, Tp. H\u1ea3i D\u01b0\u01a1ng<\/span><\/strong><\/p>\n<ul>\n<li><span style=\"font-size: 90%;\"><strong>\u0110i\u1ec7n tho\u1ea1i:<\/strong>\u00a0<strong><a class=\"goidt\" href=\"tel:0868801805\">0868 801 805<\/a><\/strong><\/span><\/li>\n<li><span style=\"font-size: 90%;\"><strong>Viber\/Zalo:<a class=\"goidt\" href=\"tel:0868801805\">0868 801 805<\/a><\/strong><\/span><\/li>\n<li><span style=\"font-size: 90%;\"><strong>Email:<\/strong>\u00a0cayxinh.vn@gmail.com<\/span><\/li>\n<\/ul>\n\t\t<\/div>\n\t\t\t\t\t<\/div>\n\n\t\n\n\t<div id=\"col-1218109526\" class=\"col small-12 large-12\"  >\n\t\t\t\t<div class=\"col-inner\"  >\n\t\t\t\n\t\t\t\n<p class=\"thong-bao-mua-si\" style=\"text-align: center;\"><em>Kh\u00e1ch mua s\u1ec9 &amp; CTV xin vui l\u00f2ng li\u00ean h\u1ec7 qua s\u1ed1 \u0111i\u1ec7n tho\u1ea1i:\u00a0<strong><a class=\"goidt\" href=\"tel:0868357939\">086 835 7939<\/a><\/strong>\u00a0(Mr.Duy) \u0111\u1ec3 nh\u1eadn b\u00e1o gi\u00e1 t\u1ed1t nh\u1ea5t. Xin c\u1ea3m \u01a1n!<\/em><\/p>\n\t\t<\/div>\n\t\t\t\t\t<\/div>\n\n\t\n<\/div>\n","protected":false},"excerpt":{"rendered":"","protected":false},"author":1,"featured_media":0,"parent":0,"menu_order":0,"comment_status":"closed","ping_status":"closed","template":"page-right-sidebar.php","meta":[],"_links":{"self":[{"href":"https:\/\/demo.bmconnect.vn\/cayxanh3\/wp-json\/wp\/v2\/pages\/92"}],"collection":[{"href":"https:\/\/demo.bmconnect.vn\/cayxanh3\/wp-json\/wp\/v2\/pages"}],"about":[{"href":"https:\/\/demo.bmconnect.vn\/cayxanh3\/wp-json\/wp\/v2\/types\/page"}],"author":[{"embeddable":true,"href":"https:\/\/demo.bmconnect.vn\/cayxanh3\/wp-json\/wp\/v2\/users\/1"}],"replies":[{"embeddable":true,"href":"https:\/\/demo.bmconnect.vn\/cayxanh3\/wp-json\/wp\/v2\/comments?post=92"}],"version-history":[{"count":0,"href":"https:\/\/demo.bmconnect.vn\/cayxanh3\/wp-json\/wp\/v2\/pages\/92\/revisions"}],"wp:attachment":[{"href":"https:\/\/demo.bmconnect.vn\/cayxanh3\/wp-json\/wp\/v2\/media?parent=92"}],"curies":[{"name":"wp","href":"https:\/\/api.w.org\/{rel}","templated":true}]}}