{"id":90,"date":"2019-03-15T19:34:41","date_gmt":"2019-03-15T12:34:41","guid":{"rendered":"http:\/\/demo.bmconnect.vn\/cayxanh3\/?page_id=90"},"modified":"2019-03-16T00:50:34","modified_gmt":"2019-03-15T17:50:34","slug":"dang-ky-mua-buon","status":"publish","type":"page","link":"https:\/\/demo.bmconnect.vn\/cayxanh3\/dang-ky-mua-buon\/","title":{"rendered":"\u0110\u0103ng k\u00fd mua bu\u00f4n"},"content":{"rendered":"\t<div class=\"img has-hover x md-x lg-x y md-y lg-y\" id=\"image_1915967439\">\n\t\t\t\t\t\t\t\t<div class=\"img-inner dark\" >\n\t\t\t<img width=\"768\" height=\"509\" src=\"https:\/\/demo.bmconnect.vn\/cayxanh3\/wp-content\/uploads\/2019\/03\/ban-buon-768x509-1.jpg\" class=\"attachment-original size-original\" alt=\"\" loading=\"lazy\" srcset=\"https:\/\/demo.bmconnect.vn\/cayxanh3\/wp-content\/uploads\/2019\/03\/ban-buon-768x509-1.jpg 768w, https:\/\/demo.bmconnect.vn\/cayxanh3\/wp-content\/uploads\/2019\/03\/ban-buon-768x509-1-300x199.jpg 300w, https:\/\/demo.bmconnect.vn\/cayxanh3\/wp-content\/uploads\/2019\/03\/ban-buon-768x509-1-600x398.jpg 600w\" sizes=\"(max-width: 768px) 100vw, 768px\" \/>\t\t\t\t\t\t\n\t\t\t\t\t<\/div>\n\t\t\t\t\t\t\t\t\n<style>\n#image_1915967439 {\n  width: 100%;\n}\n<\/style>\n\t<\/div>\n\t\n\t<div id=\"gap-443328698\" class=\"gap-element clearfix\" style=\"display:block; height:auto;\">\n\t\t\n<style>\n#gap-443328698 {\n  padding-top: 20px;\n}\n<\/style>\n\t<\/div>\n\t\n<p>\u0110\u1ea7u ti\u00ean,\u00a0<a href=\"https:\/\/cayxinh.vn\/\">C\u00e2y Xinh<\/a>\u00a0xin g\u1eedi l\u1eddi c\u1ea3m \u01a1n t\u1edbi c\u00e1c b\u1ea1n v\u00ec \u0111\u00e3 \u1ee7ng h\u1ed9 v\u00e0 y\u00eau th\u00edch c\u00e1c s\u1ea3n ph\u1ea9m c\u1ee7a ch\u00fang t\u1edb su\u1ed1t th\u1eddi gian v\u1eeba qua. V\u1edbi ni\u1ec1m \u0111am m\u00ea v\u00e0 y\u00eau qu\u00fd c\u00e2y c\u1ea3nh mini, sen \u0111\u00e1, x\u01b0\u01a1ng r\u1ed3ng\u2026 v\u00e0 kinh nghi\u1ec7m nhi\u1ec1u n\u0103m tr\u1ed3ng, ch\u0103m s\u00f3c v\u00e0 b\u00e1n c\u00e2y ch\u00fang t\u1edb \u0111\u00e3 r\u1ea5t h\u1ea1nh ph\u00fac khi chia s\u1ebb t\u00ecnh y\u00eau \u0111\u00f3 v\u1edbi nhi\u1ec1u ng\u01b0\u1eddi.<\/p>\n<p>C\u00e2y Xinh r\u1ea5t vinh d\u1ef1 khi cung c\u1ea5p c\u00e2y c\u1ea3nh, sen \u0111\u00e1, x\u01b0\u01a1ng r\u1ed3ng\u2026 trang tr\u00ed cho nhi\u1ec1u nh\u00e0 h\u00e0ng, kh\u00e1ch s\u1ea1n, qu\u00e1n cafe, qu\u00e1n tr\u00e0 s\u1eefa, c\u00f4ng t<span class=\"text_exposed_show\">y n\u1ed9i th\u1ea5t\u2026 v\u00e0 m\u1ed9t s\u1ed1 \u0111\u1ed1i t\u00e1c kh\u00e1c.<\/span><\/p>\n<h2><span style=\"color: #00a859;\">TH\u00d4NG TIN LI\u00caN H\u1ec6:<\/span><\/h2>\n<p>M\u1ecdi th\u00f4ng tin chi ti\u1ebft v\u1ec1 s\u1ea3n ph\u1ea9m c\u00e1c b\u1ea1n c\u00f3 th\u1ec3 tham kh\u1ea3o tr\u00ean website v\u00e0 g\u1ecdi tr\u1ef1c ti\u1ebfp cho ch\u00fang t\u00f4i qua S\u0110T:\u00a0<strong><a class=\"goidt\" href=\"tel:0868357939\">086 835 7939<\/a><\/strong><i>\u00a0<\/i>\u0111\u1ec3 nh\u1eadn t\u01b0 v\u1ea5n t\u1ed1t nh\u1ea5t.<\/p>\n<p>N\u1ebfu b\u1ea1n\u00a0c\u1ea7n h\u1ed7 tr\u1ee3 t\u01b0 v\u1ea5n v\u1ec1 m\u1edf\u00a0<a href=\"https:\/\/cayxinh.vn\/\">shop C\u00c2Y C\u1ea2NH<\/a>\u00a0ch\u00fang t\u00f4i c\u00f3 ch\u00ednh s\u00e1ch \u0111\u1eb7c bi\u1ec7t \u01b0u ti\u00ean c\u00e1c b\u1ea1n sinh vi\u00ean c\u00f3 \u00fd t\u01b0\u1edfng m\u1edf b\u00e1n xin li\u00ean h\u1ec7 v\u1edbi ch\u00fang t\u00f4i qua:<\/p>\n<h3><strong>\u0110I\u1ec6N THO\u1ea0I:\u00a0<a class=\"goidt\" href=\"tel:0868357939\">086 835 7939<\/a><\/strong><\/h3>\n<p><strong>\u2013 Zalo:\u00a0<a class=\"goidt\" href=\"tel:0868357939\">086 835 7939<\/a><\/strong><\/p>\n<p><strong>\u2013 Fanpage:\u00a0<a href=\"https:\/\/www.facebook.com\/caycanhmini.plus\/\">https:\/\/www.facebook.com\/caycanhmini.plus\/<\/a><\/strong><\/p>\n<p><strong>\u2013 Email:\u00a0cayxinh.vn@gmail.com<\/strong><\/p>\n<h2><a href=\"https:\/\/docs.google.com\/forms\/d\/e\/1FAIpQLSfDdwM7vPNkECGx--Sgiy0RjBKrRswX-c54_OjK524k6hVrdg\/viewform\"><strong>Link \u0111\u0103ng k\u00fd t\u00e0i kho\u1ea3n b\u00e1n bu\u00f4n<\/strong><\/a><\/h2>\n<div class=\"text_exposed_show\">\n<p>Trong h\u00e0ng tr\u0103m c\u1eeda h\u00e0ng c\u00e2y c\u1ea3nh tr\u00ean th\u1ecb tr\u01b0\u1eddng C\u00e2y Xinh lu\u00f4n c\u00f3 s\u1ef1 kh\u00e1c bi\u1ec7t v\u1ec1 ch\u1ea5t l\u01b0\u1ee3ng s\u1ea3n ph\u1ea9m, s\u1ef1 \u0111\u1ed9c \u0111\u00e1o v\u1ec1 c\u00e2y, ngu\u1ed3n ph\u1ee5 ki\u1ec7n ti\u1ec3u c\u1ea3nh v\u00e0 m\u1eabu ch\u1eadu lu\u00f4n c\u1eadp nh\u1eadt li\u00ean t\u1ee5c\u2026 th\u00e1i \u0111\u1ed9 ph\u1ee5c v\u1ee5 kh\u00e1ch h\u00e0ng t\u1ed1t v\u00e0 lu\u00f4n t\u01b0 v\u1ea5n \u0111\u00fang nh\u1eefng g\u00ec kh\u00e1ch h\u00e0ng c\u1ea7n l\u00e0 \u0111i\u1ec1u quan tr\u1ecdng gi\u00fap cho m\u1ecdi ng\u01b0\u1eddi tin t\u01b0\u1edfng v\u00e0 s\u1eed d\u1ee5ng nh\u1eefng s\u1ea3n ph\u1ea9m c\u1ee7a C\u00e2y Xinh.<\/p>\n<p>Hi\u1ec7n nay c\u00f3 r\u1ea5t nhi\u1ec1u b\u1ea1n quan t\u00e2m v\u00e0 mu\u1ed1n h\u1ee3p t\u00e1c v\u1edbi C\u00e2y Xinh trong l\u0129nh v\u1ef1c c\u00e2y c\u1ea3nh nh\u01b0 c\u1ed9ng t\u00e1c vi\u00ean, mua s\u1ec9, t\u01b0 v\u1ea5n m\u1edf c\u1eeda h\u00e0ng,\u2026 v\u00ec th\u1ebf C\u00e2y Xinh xin tr\u00e2n tr\u1ecdng k\u00ednh m\u1eddi:<\/p>\n<p>\u2013 C\u00e1c t\u1ed5 ch\u1ee9c kinh doanh th\u01b0\u01a1ng m\u1ea1i, d\u1ecbch v\u1ee5 c\u00f3 nhu c\u1ea7u v\u1ec1 c\u00e2y c\u1ea3nh<br \/>\u2013 C\u00e1c qu\u00e1n cafe, tr\u00e0 s\u1eefa, c\u00f4ng ty n\u1ed9i th\u1ea5t, nh\u00e0 h\u00e0ng, kh\u00e1ch s\u1ea1n\u2026<br \/>\u2013 C\u00e1c c\u00e1 nh\u00e2n c\u00f3 nhu c\u1ea7u kinh doanh, y\u00eau th\u00edch v\u00e0 \u0111am m\u00ea v\u1edbi c\u00e2y c\u1ea3nh, sen \u0111\u00e1 x\u01b0\u01a1ng r\u1ed3ng\u2026<\/p>\n<h3><strong>NH\u1eeeNG \u01afU \u0110I\u1ec2M C\u1ee6A C\u00c2Y XINH:<\/strong><\/h3>\n<p><span class=\"_5mfr _47e3\"><span class=\"_7oe\">\u2705<\/span><\/span>\u00a0C\u00f3 ngu\u1ed3n cung c\u1ea5p c\u00e2y c\u1ea3nh, sen \u0111\u00e1, x\u01b0\u01a1ng r\u1ed3ng \u1ed5n \u0111\u1ecbnh v\u1edbi ch\u1ea5t l\u01b0\u1ee3ng cao<br \/><span class=\"_5mfr _47e3\"><span class=\"_7oe\">\u2705T\u1ef1 s\u1ea3n xu\u1ea5t \u0111\u01b0\u1ee3c ch\u00e2u c\u00e2y c\u1ea3nh v\u1edbi m\u1eabu m\u00e3 thay \u0111\u1ed5i li\u00ean t\u1ee5c h\u00e0ng th\u00e1ng<\/span><\/span><br \/><span class=\"_5mfr _47e3\"><span class=\"_7oe\">\u2705Lu\u00f4n c\u00f3 s\u1eb5n h\u00e0ng tr\u0103m m\u1eabu ph\u1ee5 ki\u1ec7n trang tr\u00ed ti\u1ec3u c\u1ea3nh<\/span><\/span><br \/><span class=\"_5mfr _47e3\"><span class=\"_7oe\">\u2705<\/span><\/span>\u00a0Nhi\u1ec1u lo\u1ea1i c\u00e2y \u0111\u1eb9p, \u0111\u1ed9c \u0111\u00e1o \u0111\u01b0\u1ee3c l\u1ef1a ch\u1ecdn k\u1ef9 l\u01b0\u1ee1ng<br \/><span class=\"_5mfr _47e3\"><span class=\"_7oe\">\u2705<\/span><\/span>\u00a0Cung c\u1ea5p nhi\u1ec1u m\u1eabu ch\u1eadu \u0111\u1eb9p, c\u1eadp nh\u1eadt li\u00ean t\u1ee5c v\u00e0 \u0111\u1ed9c quy\u1ec1n tr\u00ean th\u1ecb tr\u01b0\u1eddng<br \/><span class=\"_5mfr _47e3\"><span class=\"_7oe\">\u2705<\/span><\/span>\u00a0C\u00f3 nhi\u1ec1u n\u0103m kinh nghi\u1ec7m tr\u1ed3ng v\u00e0 ch\u0103m s\u00f3c c\u00e2y c\u1ea3nh<br \/><span class=\"_5mfr _47e3\"><span class=\"_7oe\">\u2705<\/span><\/span>\u00a0C\u00f3 kh\u1ea3 n\u0103ng t\u01b0 v\u1ea5n thi\u1ebft k\u1ebf ti\u1ec3u c\u1ea3nh, s\u00e2n v\u01b0\u1eddn\u2026<\/p>\n<h3><strong>T\u1ea0I SAO B\u1ea0N N\u00caN CH\u1eccN C\u00c2Y XINH L\u00c0M \u0110\u1ed0I T\u00c1C:<\/strong><\/h3>\n<p><span class=\"_5mfr _47e3\"><span class=\"_7oe\">\u2705<\/span><\/span>\u00a0C\u00e2y Xinh nh\u1eadn chuy\u1ec3n giao k\u1ef9 thu\u1eadt tr\u1ed3ng, ch\u0103m s\u00f3c v\u00e0 thi\u1ebft k\u1ebf ti\u1ec3u c\u1ea3nh terrarium\u2026<br \/><span class=\"_5mfr _47e3\"><span class=\"_7oe\">\u2705<\/span><\/span>\u00a0T\u01b0 v\u1ea5n nh\u1eefng lo\u1ea1i c\u00e2y ph\u00f9 h\u1ee3p b\u00e1n theo m\u00f9a, d\u1ec5 ch\u0103m s\u00f3c<br \/><span class=\"_5mfr _47e3\"><span class=\"_7oe\">\u2705<\/span><\/span>\u00a0Kh\u00f4ng m\u1ea5t qu\u00e1 nhi\u1ec1u chi ph\u00ed \u0111\u1ec3 kh\u1edfi \u0111\u1ea7u kinh doanh<br \/><span class=\"_5mfr _47e3\"><span class=\"_7oe\">\u2705<\/span><\/span>\u00a0H\u1ed7 tr\u1ee3 v\u1eadn chuy\u1ec3n c\u00e2y \u0111i c\u00e1c t\u1ec9nh v\u1edbi chi ph\u00ed t\u1ed1t nh\u1ea5t<br \/><span class=\"_5mfr _47e3\"><span class=\"_7oe\">\u2705<\/span><\/span>\u00a0H\u1ed7 tr\u1ee3 marketing, truy\u1ec1n th\u00f4ng n\u1ebfu c\u00e1c b\u1ea1n c\u00f3 nhu c\u1ea7u<\/p>\n<p>V\u1edbi tri\u1ebft l\u00fd kinh doanh \u201cLU\u00d4N LU\u00d4N C\u1ed0 G\u1eaeNG T\u1ea0O RA NH\u1eeeNG S\u1ea2N PH\u1ea8M TUY\u1ec6T V\u1edcI NH\u1ea4T\u201d C\u00e2y Xinh h\u01b0\u1edbng m\u1ecdi ng\u01b0\u1eddi t\u1edbi nh\u1eefng \u0111i\u1ec1u t\u1ed1t \u0111\u1eb9p khi c\u00f3 t\u00ecnh y\u00eau v\u1edbi c\u00e2y c\u1ea3nh, sen \u0111\u00e1, x\u01b0\u01a1ng r\u1ed3ng\u2026<\/p>\n<\/div>\n<ul>\n<li>\u0110\u1ec3 ti\u1ec7n cho kh\u00e1ch h\u00e0ng theo d\u00f5i c\u00e1c s\u1ea3n ph\u1ea9m, c\u00e1c b\u1ea1n c\u00f3 th\u1ec3 truy c\u1eadp website:\u00a0<a href=\"https:\/\/cayxinh.vn\/\">www.cayxinh.vn<\/a>\u00a0\u0111\u1ec3 xem c\u00e1c m\u1eabu ti\u1ec3u c\u1ea3nh Terrarium, c\u00e1c lo\u1ea1i c\u00e2y c\u1ea3nh, c\u00e1c m\u1eabu ch\u1eadu\u2026 sau \u0111\u00f3 li\u00ean h\u1ec7 tr\u1ef1c ti\u1ebfp v\u1edbi ch\u00fang t\u00f4i qua S\u0110T\u00a0<strong><a class=\"goidt\" href=\"tel:0868357939\">086 835 7939<\/a><\/strong><i>\u00a0<\/i>(c\u00f3 h\u1ed7 tr\u1ee3 Zalo)\u00a0\u0111\u1ec3 nh\u1eadn t\u01b0 v\u1ea5n mua s\u1ec9.<\/li>\n<li>T\u1ea5t c\u1ea3 s\u1ea3n ph\u1ea9m do ch\u00fang t\u00f4i tr\u1ef1c ti\u1ebfp s\u1ea3n xu\u1ea5t n\u00ean ch\u1ea5t l\u01b0\u1ee3ng c\u1ef1c k\u00ec \u0111\u1ea3m b\u1ea3o, kh\u00f4ng ph\u1ea3i qua trung gian n\u00ean gi\u00e1 ph\u1ea3i ch\u0103ng v\u00e0 chi\u1ebft kh\u1ea5u cao cho c\u00e1c c\u1ee7a h\u00e0ng b\u00e1n l\u1ebb.<\/li>\n<\/ul>\n<h2><strong>C\u00c1CH TH\u1ee8C \u0110\u1eb6T H\u00c0NG<\/strong><\/h2>\n<p>\u2013\u00a0<strong>\u0110\u1eb7t h\u00e0ng tr\u1ef1c ti\u1ebfp t\u1ea1i v\u01b0\u1eddn:<\/strong>\u00a0qu\u00fd kh\u00e1ch vui l\u00f2ng g\u1ecdi s\u1ed1 \u0110T:\u00a0<strong><a class=\"goidt\" href=\"tel:0868357939\">086 835 7939<\/a><\/strong>\u00a0Nh\u00e2n vi\u00ean c\u1ee7a ch\u00fang t\u00f4i s\u1ebd t\u01b0 v\u1ea5n c\u00e1c s\u1ea3n ph\u1ea9m hi\u1ec7n \u0111ang b\u00e1n ch\u1ea1y, qu\u00fd kh\u00e1ch l\u1ef1a ch\u1ecdn c\u00e1c m\u1eb7t h\u00e0ng c\u1ea7n mua bu\u00f4n sau \u0111\u00f3 ch\u00fang t\u00f4i s\u1ebd \u0111\u00f3ng h\u00e0ng v\u00e0o th\u00f9ng cho qu\u00fd kh\u00e1ch. V\u1edbi \u0111\u01a1n h\u00e0ng l\u1edbn h\u01a1n 10 tri\u1ec7u s\u1ebd \u0111\u01b0\u1ee3c mi\u1ec5n ph\u00ed v\u1eadn chuy\u1ec3n ra b\u1ebfn xe kh\u00e1ch \u0111\u1ec3 g\u1eedi \u0111i c\u00e1c t\u1ec9nh. C\u00e1c tr\u01b0\u1eddng h\u1ee3p kh\u00e1c ch\u00fang t\u00f4i c\u00f3 th\u1ec3 h\u1ed7 tr\u1ee3 g\u1ecdi xe gi\u00fap qu\u00fd kh\u00e1ch, chi ph\u00ed v\u1eadn chuy\u1ec3n s\u1ebd do qu\u00fd kh\u00e1ch chi tr\u1ea3. Gi\u00e1 tr\u1ecb\u00a0<strong>\u0111\u01a1n h\u00e0ng t\u1ed1i thi\u1ec3u t\u1eeb 2 tri\u1ec7u<\/strong>\u00a0\u0111\u1ed1i v\u1edbi \u0111\u01a1n h\u00e0ng bu\u00f4n.<\/p>\n<p>\u2013\u00a0<strong>\u0110\u1eb7t h\u00e0ng online qua website v\u00e0 qua \u0111i\u1ec7n tho\u1ea1i:<\/strong>\u00a0qu\u00fd kh\u00e1ch vui l\u00f2ng xem c\u00e1c s\u1ea3n ph\u1ea9m t\u1ea1i website:\u00a0<a href=\"https:\/\/cayxinh.vn\/\">www.cayxinh.vn<\/a>\u00a0\u00a0sau \u0111\u00f3 l\u01b0u t\u00ean c\u00e1c s\u1ea3n ph\u1ea9m ra file word v\u00e0 g\u1eedi cho ch\u00fang t\u00f4i qua email\u00a0<strong>cayxinh.vn@gmail.com<\/strong>, ch\u00fang t\u00f4i s\u1ebd g\u1eedi b\u00e1o gi\u00e1 c\u00e1c s\u1ea3n ph\u1ea9m \u0111\u00f3 cho qu\u00fd kh\u00e1ch ngay khi nh\u1eadn \u0111\u01b0\u1ee3c email.<\/p>\n<p>\u2013\u00a0<strong>H\u00ecnh th\u1ee9c thanh to\u00e1n<\/strong>: Qu\u00fd kh\u00e1ch c\u00f3 th\u1ec3 thanh to\u00e1n tr\u1ef1c ti\u1ebfp t\u1ea1i c\u1eeda h\u00e0ng ho\u1eb7c thanh to\u00e1n chuy\u1ec3n kho\u1ea3n ng\u00e2n h\u00e0ng.<\/p>\n<ul>\n<li>Th\u00f4ng tin t\u00e0i kho\u1ea3n\u00a0<a href=\"https:\/\/cayxinh.vn\/huong-dan-mua-hang-tai-cay-xinh\">thanh to\u00e1n qua ng\u00e2n h\u00e0ng<\/a><\/li>\n<\/ul>\n","protected":false},"excerpt":{"rendered":"<p>\u0110\u1ea7u ti\u00ean,\u00a0C\u00e2y Xinh\u00a0xin g\u1eedi l\u1eddi c\u1ea3m \u01a1n t\u1edbi c\u00e1c b\u1ea1n v\u00ec \u0111\u00e3 \u1ee7ng h\u1ed9 v\u00e0 y\u00eau th\u00edch c\u00e1c s\u1ea3n ph\u1ea9m c\u1ee7a ch\u00fang t\u1edb su\u1ed1t th\u1eddi gian v\u1eeba qua. V\u1edbi ni\u1ec1m \u0111am m\u00ea v\u00e0 y\u00eau qu\u00fd c\u00e2y c\u1ea3nh mini, sen \u0111\u00e1, x\u01b0\u01a1ng r\u1ed3ng\u2026 v\u00e0 kinh nghi\u1ec7m nhi\u1ec1u n\u0103m tr\u1ed3ng, ch\u0103m s\u00f3c v\u00e0 b\u00e1n c\u00e2y ch\u00fang t\u1edb &#8230;<\/p>\n","protected":false},"author":1,"featured_media":0,"parent":0,"menu_order":0,"comment_status":"closed","ping_status":"closed","template":"page-right-sidebar.php","meta":[],"_links":{"self":[{"href":"https:\/\/demo.bmconnect.vn\/cayxanh3\/wp-json\/wp\/v2\/pages\/90"}],"collection":[{"href":"https:\/\/demo.bmconnect.vn\/cayxanh3\/wp-json\/wp\/v2\/pages"}],"about":[{"href":"https:\/\/demo.bmconnect.vn\/cayxanh3\/wp-json\/wp\/v2\/types\/page"}],"author":[{"embeddable":true,"href":"https:\/\/demo.bmconnect.vn\/cayxanh3\/wp-json\/wp\/v2\/users\/1"}],"replies":[{"embeddable":true,"href":"https:\/\/demo.bmconnect.vn\/cayxanh3\/wp-json\/wp\/v2\/comments?post=90"}],"version-history":[{"count":0,"href":"https:\/\/demo.bmconnect.vn\/cayxanh3\/wp-json\/wp\/v2\/pages\/90\/revisions"}],"wp:attachment":[{"href":"https:\/\/demo.bmconnect.vn\/cayxanh3\/wp-json\/wp\/v2\/media?parent=90"}],"curies":[{"name":"wp","href":"https:\/\/api.w.org\/{rel}","templated":true}]}}