{"id":84,"date":"2019-04-12T17:51:18","date_gmt":"2019-04-12T10:51:18","guid":{"rendered":"http:\/\/demo.bmconnect.vn\/caritas\/?page_id=84"},"modified":"2019-04-12T22:39:54","modified_gmt":"2019-04-12T15:39:54","slug":"lien-he","status":"publish","type":"page","link":"https:\/\/demo.bmconnect.vn\/caritas\/lien-he\/","title":{"rendered":"Li\u00ean h\u1ec7"},"content":{"rendered":"<div class=\"row\"  id=\"row-2017592162\">\n\n\t<div id=\"col-1855857951\" class=\"col medium-6 small-12 large-6\"  >\n\t\t\t\t<div class=\"col-inner\"  >\n\t\t\t\n\t\t\t\n<p><span style=\"font-size: 120%;\"><b>Ban b\u00e1c \u00e1i x\u00e3 h\u1ed9i &#8211; Caritas Ph\u00e1t Di\u1ec7m<\/b><\/span><\/p>\n<ul>\n<li><span style=\"font-size: 95%;\">\u0110\u1ecba ch\u1ec9: 75 Ph\u00e1t Di\u1ec7m \u0110\u00f4ng \u2013 Kim S\u01a1n \u2013 Ninh B\u00ecnh<\/span><\/li>\n<li><span style=\"font-size: 95%;\">\u0110T: 0303.862.058 \u2013 Fax: 0303.862 724<\/span><\/li>\n<li><span style=\"font-size: 95%;\">Email:\u00a0<a href=\"mailto:tgmpdiem@gmail.com\"><u>tgmpdiem@gmail.com<\/u><\/a><\/span><\/li>\n<\/ul>\n<p>&nbsp;<\/p>\n<p><span style=\"font-size: 120%;\"><strong>Ph\u1ee5 tr\u00e1ch ch\u00ednh:<\/strong><\/span><\/p>\n<ul>\n<li><span style=\"font-size: 95%;\">Tr\u01b0\u1edfng ban: Cha Gioan \u0110\u1ed7 V\u0103n Khoa<\/span><\/li>\n<li><span style=\"font-size: 95%;\">\u0110i\u1ec7n tho\u1ea1i: 09xx.xxx.xxx<\/span><\/li>\n<\/ul>\n\t\t<\/div>\n\t\t\t\t\t<\/div>\n\n\t\n\n\t<div id=\"col-560942816\" class=\"col medium-6 small-12 large-6\"  >\n\t\t\t\t<div class=\"col-inner\"  >\n\t\t\t\n\t\t\t\n\t<div class=\"img has-hover x md-x lg-x y md-y lg-y\" id=\"image_1203979541\">\n\t\t\t\t\t\t\t\t<div class=\"img-inner dark\" >\n\t\t\t<img width=\"325\" height=\"228\" src=\"https:\/\/demo.bmconnect.vn\/caritas\/wp-content\/uploads\/2019\/04\/nhathophatdiem.jpg\" class=\"attachment-original size-original\" alt=\"\" loading=\"lazy\" srcset=\"https:\/\/demo.bmconnect.vn\/caritas\/wp-content\/uploads\/2019\/04\/nhathophatdiem.jpg 325w, https:\/\/demo.bmconnect.vn\/caritas\/wp-content\/uploads\/2019\/04\/nhathophatdiem-300x210.jpg 300w\" sizes=\"(max-width: 325px) 100vw, 325px\" \/>\t\t\t\t\t\t\n\t\t\t\t\t<\/div>\n\t\t\t\t\t\t\t\t\n<style>\n#image_1203979541 {\n  width: 100%;\n}\n<\/style>\n\t<\/div>\n\t\n\t\t<\/div>\n\t\t\t\t\t<\/div>\n\n\t\n<\/div>\n","protected":false},"excerpt":{"rendered":"","protected":false},"author":1,"featured_media":0,"parent":0,"menu_order":0,"comment_status":"closed","ping_status":"closed","template":"page-right-sidebar.php","meta":[],"yst_prominent_words":[],"_links":{"self":[{"href":"https:\/\/demo.bmconnect.vn\/caritas\/wp-json\/wp\/v2\/pages\/84"}],"collection":[{"href":"https:\/\/demo.bmconnect.vn\/caritas\/wp-json\/wp\/v2\/pages"}],"about":[{"href":"https:\/\/demo.bmconnect.vn\/caritas\/wp-json\/wp\/v2\/types\/page"}],"author":[{"embeddable":true,"href":"https:\/\/demo.bmconnect.vn\/caritas\/wp-json\/wp\/v2\/users\/1"}],"replies":[{"embeddable":true,"href":"https:\/\/demo.bmconnect.vn\/caritas\/wp-json\/wp\/v2\/comments?post=84"}],"version-history":[{"count":0,"href":"https:\/\/demo.bmconnect.vn\/caritas\/wp-json\/wp\/v2\/pages\/84\/revisions"}],"wp:attachment":[{"href":"https:\/\/demo.bmconnect.vn\/caritas\/wp-json\/wp\/v2\/media?parent=84"}],"wp:term":[{"taxonomy":"yst_prominent_words","embeddable":true,"href":"https:\/\/demo.bmconnect.vn\/caritas\/wp-json\/wp\/v2\/yst_prominent_words?post=84"}],"curies":[{"name":"wp","href":"https:\/\/api.w.org\/{rel}","templated":true}]}}