{"id":63,"date":"2019-04-12T17:47:59","date_gmt":"2019-04-12T10:47:59","guid":{"rendered":"http:\/\/demo.bmconnect.vn\/caritas\/?page_id=63"},"modified":"2019-04-12T22:35:31","modified_gmt":"2019-04-12T15:35:31","slug":"dong-gop","status":"publish","type":"page","link":"https:\/\/demo.bmconnect.vn\/caritas\/dong-gop\/","title":{"rendered":"\u0110\u00f3ng g\u00f3p"},"content":{"rendered":"<p><em><strong>&#8220;Cho th\u00ec c\u00f3 ph\u00fac h\u01a1n l\u00e0 nh\u1eadn&#8221; (Cv.20.35).<\/strong><\/em><\/p>\n<p>Caritas Vi\u1ec7t Nam k\u1ebft h\u1ee3p c\u00f9ng c\u00e1c Caritas Gi\u00e1o ph\u1eadn n\u1ed7 l\u1ef1c kh\u00f4ng ng\u1eebng gi\u00fap\u00a0\u0111\u1ee1\u00a0nh\u1eefng ng\u01b0\u1eddi ngh\u00e8o kh\u1ed5, b\u1ecb b\u1ecf r\u01a1i, b\u1ecb g\u1ea1t ra ngo\u00e0i\u00a0l\u1ec1 x\u00e3 h\u1ed9i. V\u00ec th\u1ebf, m\u1ed7i c\u1eed ch\u1ec9 nh\u1ecf c\u1ee7a Qu\u00fd v\u1ecb s\u1ebd ch\u1ea1m \u0111\u1ebfn v\u00e0 l\u00e0m \u1ea5m l\u00ean m\u1ed7i tr\u00e1i tim c\u1ee7a nh\u1eefng ng\u01b0\u1eddi kh\u1ed5 h\u1ea1nh.<\/p>\n<p>S\u1ed1 ti\u1ec1n quy\u00ean g\u00f3p c\u1ee7a Qu\u00fd v\u1ecb\u00a0s\u1ebd \u0111\u01b0\u1ee3c d\u00f9ng v\u00e0o ch\u01b0\u01a1ng tr\u00ecnh c\u1ee9u tr\u1ee3 \u0111\u1ed3ng b\u00e0o b\u1ecb thi\u00ean tai, gi\u00fap cho con em di d\u00e2n c\u00f3 ho\u00e0n c\u1ea3nh kh\u00f3 kh\u0103n, nh\u01b0 h\u1ecdc sinh,\u00a0sinh vi\u00ean\u00a0ngh\u00e8o \u1edf v\u00f9ng s\u00e2u v\u00f9ng xa \u0111\u01b0\u1ee3c c\u1eafp s\u00e1ch \u0111\u1ebfn tr\u01b0\u1eddng, hay l\u1eafp \u0111\u1eb7t h\u1ec7 th\u1ed1ng n\u01b0\u1edbc s\u1ea1ch cho ng\u01b0\u1eddi d\u00e2n \u1edf nh\u1eefng v\u00f9ng b\u1ecb \u00f4 nhi\u1ec5m n\u1eb7ng, gi\u00fap cho nh\u1eefng ng\u01b0\u1eddi c\u00f3 HIV\/ AIDS v\u00e0 b\u1ecb khuy\u1ebft t\u1eadt \u0111\u01b0\u1ee3c t\u00e1i ho\u00e0 nh\u1eadp c\u1ed9ng \u0111\u1ed3ng, gi\u00fap cho vi\u1ec7c b\u1ea3o v\u1ec7 s\u1ef1 s\u1ed1ng&#8230;<\/p>\n<p>M\u1ed7i \u0111\u00f3ng g\u00f3p c\u1ee7a Qu\u00fd v\u1ecb\u00a0h\u00f4m nay s\u1ebd c\u00f9ng ch\u00fang t\u00f4i g\u00f3p ph\u1ea7n thay \u0111\u1ed5i \u0111\u1eddi s\u1ed1ng ng\u00e0y\u00a0mai c\u1ee7a h\u1ecd.<\/p>\n<p>\u0110\u1ecba Ch\u1ec9 li\u00ean l\u1ea1c:<\/p>\n<p>U\u1ef6 BAN B\u00c1C \u00c1I X\u00c3 H\u1ed8I &#8211; CARITAS VI\u1ec6T NAM<br \/>\nTR\u1ef0C THU\u1ed8C H\u1ed8I \u0110\u1ed2NG GI\u00c1M M\u1ee4C VI\u1ec6T NAM<br \/>\n\u0110i\u1ec7n tho\u1ea1i: +84 (028) 3727-1904<\/p>\n<ul>\n<li>Email v\u0103n ph\u00f2ng Caritas: caritasvietnamccsa@gmail.com<\/li>\n<li>Website: www.caritasvietnam.org<\/li>\n<\/ul>\n<p>T\u00c0I KHO\u1ea2N NG\u00c2N H\u00c0NG<br \/>\nT\u00ean t\u00e0i kho\u1ea3n: UBBAXH CARITAS VIET NAM<\/p>\n<p>S\u1ed1 t\u00e0i kho\u1ea3n cho ti\u1ec1n:<br \/>\nVND: 033.1.00.379133.5<br \/>\nUSD: 033.1.37.379370.5<br \/>\nEURO: 033.1.14.380725.6<br \/>\nNg\u00e2n h\u00e0ng: Vietcombank<br \/>\nChi nh\u00e1nh S\u00e0i G\u00f2n, 69 B\u00f9i Th\u1ecb Xu\u00e2n, Q.1, Tp. HCM<br \/>\nSwift code: BFTVVNVX<br \/>\nBank code: 79203008<br \/>\n* Xin qu\u00fd v\u1ecb kh\u00f4ng chuy\u1ec3n v\u00e0o t\u00e0i kho\u1ea3n n\u00e0o kh\u00e1c ngo\u00e0i t\u00e0i kho\u1ea3n n\u00e0y v\u00ec b\u1ea5t c\u1ee9 l\u00fd do g\u00ec.<\/p>\n","protected":false},"excerpt":{"rendered":"<p>&#8220;Cho th\u00ec c\u00f3 ph\u00fac h\u01a1n l\u00e0 nh\u1eadn&#8221; (Cv.20.35). Caritas Vi\u1ec7t Nam k\u1ebft h\u1ee3p c\u00f9ng c\u00e1c Caritas Gi\u00e1o ph\u1eadn n\u1ed7 l\u1ef1c kh\u00f4ng ng\u1eebng gi\u00fap\u00a0\u0111\u1ee1\u00a0nh\u1eefng ng\u01b0\u1eddi ngh\u00e8o kh\u1ed5, b\u1ecb b\u1ecf r\u01a1i, b\u1ecb g\u1ea1t ra ngo\u00e0i\u00a0l\u1ec1 x\u00e3 h\u1ed9i. V\u00ec th\u1ebf, m\u1ed7i c\u1eed ch\u1ec9 nh\u1ecf c\u1ee7a Qu\u00fd v\u1ecb s\u1ebd ch\u1ea1m \u0111\u1ebfn v\u00e0 l\u00e0m \u1ea5m l\u00ean m\u1ed7i tr\u00e1i tim c\u1ee7a &#8230;<\/p>\n","protected":false},"author":1,"featured_media":0,"parent":0,"menu_order":0,"comment_status":"closed","ping_status":"closed","template":"page-right-sidebar.php","meta":[],"yst_prominent_words":[],"_links":{"self":[{"href":"https:\/\/demo.bmconnect.vn\/caritas\/wp-json\/wp\/v2\/pages\/63"}],"collection":[{"href":"https:\/\/demo.bmconnect.vn\/caritas\/wp-json\/wp\/v2\/pages"}],"about":[{"href":"https:\/\/demo.bmconnect.vn\/caritas\/wp-json\/wp\/v2\/types\/page"}],"author":[{"embeddable":true,"href":"https:\/\/demo.bmconnect.vn\/caritas\/wp-json\/wp\/v2\/users\/1"}],"replies":[{"embeddable":true,"href":"https:\/\/demo.bmconnect.vn\/caritas\/wp-json\/wp\/v2\/comments?post=63"}],"version-history":[{"count":0,"href":"https:\/\/demo.bmconnect.vn\/caritas\/wp-json\/wp\/v2\/pages\/63\/revisions"}],"wp:attachment":[{"href":"https:\/\/demo.bmconnect.vn\/caritas\/wp-json\/wp\/v2\/media?parent=63"}],"wp:term":[{"taxonomy":"yst_prominent_words","embeddable":true,"href":"https:\/\/demo.bmconnect.vn\/caritas\/wp-json\/wp\/v2\/yst_prominent_words?post=63"}],"curies":[{"name":"wp","href":"https:\/\/api.w.org\/{rel}","templated":true}]}}