{"id":61,"date":"2019-04-12T17:46:20","date_gmt":"2019-04-12T10:46:20","guid":{"rendered":"http:\/\/demo.bmconnect.vn\/caritas\/?page_id=61"},"modified":"2019-04-12T22:29:32","modified_gmt":"2019-04-12T15:29:32","slug":"caritas-phat-diem","status":"publish","type":"page","link":"https:\/\/demo.bmconnect.vn\/caritas\/caritas-phat-diem\/","title":{"rendered":"Caritas Ph\u00e1t Di\u1ec7m"},"content":{"rendered":"<p><strong>T\u1ed4NG QUAN V\u1ec0 CARITAS<\/strong><\/p>\n<p>\u201cCaritas\u201d theo nguy\u00ean ng\u1eef Latinh ngh\u0129a l\u00e0 Y\u00eau th\u01b0\u01a1ng \u2013 B\u00e1c \u00e1i. Caritas l\u00e0 d\u1ea5u ch\u1ec9 t\u00ecnh y\u00eau c\u1ee7a Thi\u00ean Ch\u00faa d\u00e0nh cho con ng\u01b0\u1eddi, m\u1ed9t t\u00ecnh y\u00eau t\u1ef1 nguy\u1ec7n v\u00e0 kh\u00f4ng bi\u00ean gi\u1edbi. Caritas minh ch\u1ee9ng cho t\u00ecnh y\u00eau Thi\u00ean Ch\u00faa gi\u1eefa ch\u00fang ta, m\u1ed9t t\u00ecnh y\u00eau d\u00e0nh cho m\u1ecdi d\u00e2n t\u1ed9c, c\u00e1ch ri\u00eang cho nh\u1eefng ng\u01b0\u1eddi ngh\u00e8o kh\u1ed5. Caritas c\u0169ng l\u00e0 t\u00ean m\u1ed9t t\u1ed5 ch\u1ee9c trong Gi\u00e1o h\u1ed9i C\u00f4ng gi\u00e1o c\u00f3 nhi\u1ec7m v\u1ee5 \u0111i\u1ec1u ph\u1ed1i, c\u1ed5 v\u00f5 vi\u1ec7c th\u1ef1c thi b\u00e1c \u00e1i x\u00e3 h\u1ed9i.<\/p>\n<p><strong>Caritas Qu\u1ed1c t\u1ebf<\/strong><\/p>\n<p>Caritas Qu\u1ed1c t\u1ebf (Caritas Internationalis) l\u00e0 m\u1ed9t t\u1ed5 ch\u1ee9c b\u00e1c \u00e1i tr\u00ean ph\u1ea1m v\u1ecb to\u00e0n c\u1ea7u c\u1ee7a H\u1ed9i th\u00e1nh C\u00f4ng gi\u00e1o, bao g\u1ed3m 165 th\u00e0nh vi\u00ean. T\u1ed5 ch\u1ee9c n\u00e0y \u0111\u01b0\u1ee3c th\u00e0nh l\u1eadp t\u1eeb n\u0103m 1951, hi\u1ec7n nay \u0111ang ho\u1ea1t \u0111\u1ed9ng tr\u00ean 200 v\u00f9ng l\u00e3nh th\u1ed5, c\u00f3 Tr\u1ee5 s\u1edf ch\u00ednh t\u1ea1i Vatican v\u00e0 c\u00f3 v\u0103n ph\u00f2ng t\u1ea1i New York (Hoa K\u1ef3), Geneva (Thu\u1ef5 S\u0129), v\u00e0 l\u00e0m vi\u1ec7c v\u1edbi c\u00e1c t\u1ed5 ch\u1ee9c qu\u1ed1c t\u1ebf kh\u00e1c.<\/p>\n<p>L\u1ea5y ngu\u1ed3n c\u1ea3m h\u1ee9ng t\u1eeb c\u00e1c gi\u00e1 tr\u1ecb Tin M\u1eebng v\u00e0 Gi\u00e1o hu\u1ea5n C\u00f4ng gi\u00e1o, Caritas Qu\u1ed1c t\u1ebf ho\u1ea1t \u0111\u1ed9ng trong c\u00e1c l\u00e3nh v\u1ef1c ch\u00ednh: c\u1ee9u tr\u1ee3 kh\u1ea9n c\u1ea5p, th\u00fac \u0111\u1ea9y s\u1ef1 ph\u00e1t tri\u1ec3n to\u00e0n di\u1ec7n c\u1ee7a con ng\u01b0\u1eddi, g\u00f3p ph\u1ea7n v\u00e0o vi\u1ec7c xo\u00e1 \u0111\u00f3i gi\u1ea3m ngh\u00e8o v\u00e0 x\u00e2y d\u1ef1ng ho\u00e0 b\u00ecnh.<\/p>\n<p><strong>Caritas Vi\u1ec7t Nam<\/strong><\/p>\n<p>Caritas Vi\u1ec7t Nam l\u00e0 t\u1ed5 ch\u1ee9c ho\u1ea1t \u0111\u1ed9ng b\u00e1c \u00e1i x\u00e3 h\u1ed9i tr\u1ef1c thu\u1ed9c H\u1ed9i \u0110\u1ed3ng Gi\u00e1m M\u1ee5c Vi\u1ec7t Nam (H\u0110GMVN). Caritas Vi\u1ec7t Nam bao g\u1ed3m V\u0103n ph\u00f2ng Caritas Vi\u1ec7t Nam v\u00e0 27 Caritas Gi\u00e1o ph\u1eadn. Trong m\u1ed7i Caritas Gi\u00e1o ph\u1eadn, m\u1ea1ng l\u01b0\u1edbi Caritas \u0111\u01b0\u1ee3c tri\u1ec3n khai \u0111\u1ebfn gi\u00e1o h\u1ea1t, gi\u00e1o x\u1ee9. D\u01b0\u1edbi \u00e1nh s\u00e1ng c\u1ee7a L\u1eddi Ch\u00faa v\u00e0 Gi\u00e1o hu\u1ea5n c\u1ee7a Gi\u00e1o H\u1ed9i, m\u1ecdi th\u00e0nh vi\u00ean trong gia \u0111\u00ecnh Caritas th\u1ef1c thi ho\u1ea1t \u0111\u1ed9ng b\u00e1c \u00e1i mang \u0111\u1eb7c t\u00ednh Kit\u00f4 gi\u00e1o, h\u01b0\u1edbng \u0111\u1ebfn vi\u1ec7c loan b\u00e1o Tin M\u1eebng.<\/p>\n<p><strong>L\u1ecbch s\u1eed h\u00ecnh th\u00e0nh v\u00e0 ph\u00e1t tri\u1ec3n<\/strong><\/p>\n<p>Caritas Vi\u1ec7t Nam \u0111\u01b0\u1ee3c th\u00e0nh l\u1eadp t\u1ea1i mi\u1ec1n Nam Vi\u1ec7t Nam v\u00e0o n\u0103m 1965 \u0111\u1ec3 \u0111\u00e1p \u1ee9ng nhu c\u1ea7u kh\u1ea9n thi\u1ebft c\u1ee7a nh\u1eefng n\u1ea1n nh\u00e2n chi\u1ebfn tranh. T\u1eeb th\u00e1ng 06 n\u0103m 1976, Caritas Vi\u1ec7t Nam \u0111\u01b0\u1ee3c y\u00eau c\u1ea7u ng\u01b0ng ho\u1ea1t \u0111\u1ed9ng. Ng\u00e0y 02 th\u00e1ng 7 n\u0103m 2008, Ch\u00ednh ph\u1ee7 Vi\u1ec7t Nam \u0111\u1ed3ng \u00fd cho H\u0110GMVN t\u00e1i thi\u1ebft l\u1eadp Caritas Vi\u1ec7t Nam v\u00e0 26 Caritas Gi\u00e1o ph\u1eadn, ho\u1ea1t \u0111\u1ed9ng theo tinh th\u1ea7n b\u00e1c \u00e1i x\u00e3 h\u1ed9i c\u1ee7a Gi\u00e1o h\u1ed9i C\u00f4ng gi\u00e1o. V\u00e0o th\u00e1ng 03 n\u0103m 2011, Caritas Vi\u1ec7t Nam gia nh\u1eadp Caritas \u00c1 Ch\u00e2u v\u00e0 tr\u1edf th\u00e0nh th\u00e0nh vi\u00ean ch\u00ednh th\u1ee9c c\u1ee7a Caritas Qu\u1ed1c t\u1ebf v\u00e0o th\u00e1ng 05 n\u0103m 2011.<\/p>\n<p><strong>Tr\u1ee5 s\u1edf Caritas Vi\u1ec7t Nam<\/strong><\/p>\n<p>Giai \u0111o\u1ea1n \u0111\u1ea7u, v\u0103n ph\u00f2ng Caritas Vi\u1ec7t Nam l\u00e0m vi\u1ec7c t\u1ea1i Trung t\u00e2m C\u00f4ng gi\u00e1o, s\u1ed1 72\/12 Tr\u1ea7n Qu\u1ed1c To\u1ea3n, qu\u1eadn 3, TP. HCM. N\u0103m 2011, V\u0103n ph\u00f2ng chuy\u1ec3n sang ng\u00f4i nh\u00e0 thu\u00ea t\u1ea1i s\u1ed1 23\/25, \u0111\u01b0\u1eddng D2, V\u0103n Th\u00e1nh B\u1eafc, qu\u1eadn B\u00ecnh Th\u1ea1nh, TP. HCM. Sau nhi\u1ec1u\u00a0n\u0103m x\u00e2y d\u1ef1ng, tr\u1ee5 s\u1edf m\u1edbi c\u1ee7a Caritas Vi\u1ec7t Nam \u0111\u01b0\u1ee3c kh\u00e1nh th\u00e0nh v\u00e0o ng\u00e0y 16 th\u00e1ng 4 n\u0103m 2015 v\u1edbi s\u1ef1 hi\u1ec7n di\u1ec7n c\u1ee7a h\u1ea7u h\u1ebft c\u00e1c Gi\u00e1m m\u1ee5c thu\u1ed9c H\u0110GMVN, \u0111\u1ea1i di\u1ec7n c\u1ee7a c\u00e1c \u0111\u1ed1i t\u00e1c, c\u00e1c t\u1ed5 ch\u1ee9c trong v\u00e0 ngo\u00e0i n\u01b0\u1edbc c\u00f9ng c\u00e1c v\u1ecb kh\u00e1ch qu\u00fd. T\u1eeb \u0111\u00f3, V\u0103n ph\u00f2ng Caritas Vi\u1ec7t Nam l\u00e0m vi\u1ec7c t\u1ea1i tr\u1ee5\u00a0s\u1edf Caritas Vi\u1ec7t Nam, s\u1ed1 319 Qu\u1ed1c l\u1ed9 13, ph\u01b0\u1eddng Hi\u1ec7p B\u00ecnh Ph\u01b0\u1edbc, qu\u1eadn Th\u1ee7 \u0110\u1ee9c, TP. HCM.<\/p>\n<p><strong>T\u1ea7m nh\u00ecn<\/strong><\/p>\n<p>H\u01b0\u1edbng \u0111\u1ebfn m\u1ed9t x\u00e3 h\u1ed9i nh\u00e2n v\u0103n, trong \u0111\u00f3 m\u1ecdi ng\u01b0\u1eddi s\u1ed1ng y\u00eau th\u01b0\u01a1ng v\u00e0 x\u1ee9ng v\u1edbi nh\u00e2n ph\u1ea9m c\u1ee7a m\u00ecnh, \u0111\u1ec3 l\u00e0m ch\u1ee9ng cho t\u00ecnh y\u00eau Thi\u00ean Ch\u00faa.<\/p>\n<p><strong>S\u1ee9 m\u1ea1ng<\/strong><\/p>\n<p>\u0110\u1ec3 x\u00e2y d\u1ef1ng n\u1ec1n v\u0103n minh t\u00ecnh th\u01b0\u01a1ng Caritas Vi\u1ec7t Nam c\u00f3 nh\u1eefng s\u1ee9 m\u1ea1ng:<br \/>\n&#8211;\u00a0\u00a0 \u00a0T\u00f4n tr\u1ecdng nh\u00e2n ph\u1ea9m v\u00e0 b\u1ea3o v\u1ec7 s\u1ef1 s\u1ed1ng con ng\u01b0\u1eddi qua vi\u1ec7c th\u1ef1c thi b\u00e1c \u00e1i v\u00e0 loan b\u00e1o Tin M\u1eebng cho m\u1ecdi ng\u01b0\u1eddi<br \/>\n&#8211;\u00a0\u00a0 \u00a0X\u00e2y d\u1ef1ng m\u00f4i tr\u01b0\u1eddng s\u1ed1ng l\u00e0nh m\u1ea1nh v\u00e0 li\u00ean \u0111\u1edbi trong t\u00ecnh b\u00e1c \u00e1i Kit\u00f4 gi\u00e1o<br \/>\n&#8211;\u00a0\u00a0 \u00a0\u0110\u1ed3ng h\u00e0nh v\u00e0 h\u1ee3p t\u00e1c v\u1edbi Caritas Gi\u00e1o ph\u1eadn tri\u1ec3n khai c\u00e1c ho\u1ea1t \u0111\u1ed9ng b\u00e1c \u00e1i x\u00e3 h\u1ed9i theo c\u00e1c d\u1ef1 \u00e1n \/ ch\u01b0\u01a1ng tr\u00ecnh \u0111\u00e3 \u0111\u1ec1 ra, \u0111\u1eb7c bi\u1ec7t l\u00e0 cho nh\u1eefng ng\u01b0\u1eddi d\u1ec5 b\u1ecb t\u1ed5n th\u01b0\u01a1ng, kh\u00f4ng ph\u00e2n bi\u1ec7t t\u00f4n gi\u00e1o, s\u1eafc t\u1ed9c<\/p>\n<p><strong>Gi\u00e1 tr\u1ecb c\u1ed1t l\u00f5i<\/strong><\/p>\n<p>&#8211;\u00a0\u00a0 \u00a0Y\u00eau th\u01b0\u01a1ng<br \/>\n&#8211;\u00a0\u00a0 \u00a0C\u00f4ng b\u1eb1ng<br \/>\n&#8211;\u00a0\u00a0 \u00a0T\u00f4n tr\u1ecdng<\/p>\n<p><strong>\u0110\u1ed1i t\u01b0\u1ee3ng ph\u1ee5c v\u1ee5<\/strong><\/p>\n<p>Caritas Vi\u1ec7t Nam h\u01b0\u1edbng \u0111\u1ebfn ph\u1ee5c v\u1ee5 con ng\u01b0\u1eddi, \u0111\u1eb7c bi\u1ec7t l\u00e0 nh\u1eefng ng\u01b0\u1eddi ngh\u00e8o v\u1eadt ch\u1ea5t l\u1eabn tinh th\u1ea7n, ng\u01b0\u1eddi d\u1ec5 b\u1ecb t\u1ed5n th\u01b0\u01a1ng, b\u1ecb b\u1ecf r\u01a1i, ho\u1eb7c b\u1ecb g\u1ea1t ra b\u00ean l\u1ec1 x\u00e3 h\u1ed9i.<\/p>\n<hr \/>\n<p><strong>C\u00f4ng V\u0103n C\u1ee7a Nh\u00e0 N\u01b0\u1edbc<br \/>\nC\u1ed8NG HO\u00c0 X\u00c3 H\u1ed8I CH\u1ee6 NGH\u0128A VI\u1ec6T NAM<br \/>\n\u0110\u1ed9c l\u1eadp &#8211; T\u1ef1 do &#8211; H\u1ea1nh Ph\u00fac<br \/>\nBAN T\u00d4N GI\u00c1O CH\u00cdNH PH\u1ee6\u00a0<\/strong><\/p>\n<p>S\u1ed1: 941 \/ TGCP-CG<br \/>\nV\/v \u0111\u0103ng k\u00fd ho\u1ea1t \u0111\u1ed9ng cho h\u1ed9i \u0111o\u00e0n Caritas Vi\u1ec7t Nam<br \/>\nH\u00e0 N\u1ed9i, ng\u00e0y 02 th\u00e1ng 7 n\u0103m 2008<\/p>\n<p>K\u00ednh g\u1eedi: C\u1ee5 Gi\u00e1m m\u1ee5c Nguy\u1ec5n Chu Trinh, Gi\u00e1m m\u1ee5c gi\u00e1o ph\u1eadn Xu\u00e2n L\u1ed9c, Ch\u1ee7 t\u1ecbch U\u1ef7 ban B\u00e1c \u00e1i X\u00e3 h\u1ed9i, H\u1ed9i \u0111\u1ed3ng Gi\u00e1m m\u1ee5c Vi\u1ec7t Nam.<br \/>\nBan T\u00f4n Gi\u00e1o Ch\u00ednh ph\u1ee7 g\u1eedi \u0111\u1ebfn Qu\u00fd C\u1ee5 l\u1eddi ch\u00e0o m\u1eebng tr\u00e2n tr\u1ecdng v\u00e0 xin tr\u1ea3 l\u1eddi v\u1ec1 vi\u1ec7c Qu\u00fd C\u1ee5 xin s\u1eed d\u1ee5ng t\u00ean Caritas Vi\u1ec7t Nam trong U\u1ef7 ban B\u00e1c \u00e1i X\u00e3 h\u1ed9i, v\u00e0 xin \u0111\u0103ng k\u00fd ho\u1ea1t \u0111\u1ed9ng cho h\u1ed9i \u0111o\u00e0n Caritas Vi\u1ec7t Nam nh\u01b0 sau:<\/p>\n<p>&#8211; C\u0103n c\u1ee9 \u0111i\u1ec1u 19, \u0111i\u1ec1u 33 Ph\u00e1p l\u1ec7nh T\u00edn ng\u01b0\u1ee1ng, t\u00f4n gi\u00e1o v\u00e0 \u0111i\u1ec1u 11 Ngh\u1ecb \u0111\u1ecbnh 22\/CP c\u1ee7a Ch\u00ednh ph\u1ee7 h\u01b0\u1edbng d\u1eabn thi h\u00e0nh h\u01b0\u1edbng d\u1eabn thi h\u00e0nh m\u1ed9t s\u1ed1 \u0111i\u1ec1u c\u1ee7a Ph\u00e1p l\u1ec7nh t\u00edn ng\u01b0\u1ee1ng, t\u00f4n gi\u00e1o.<\/p>\n<p>&#8211; C\u0103n c\u1ee9 \u00fd ki\u1ebfn c\u1ee7a c\u00e1c c\u01a1 quan h\u1eefu quan v\u00e0 \u0111\u1ecba ph\u01b0\u01a1ng li\u00ean quan.<br \/>\nBan T\u00f4n gi\u00e1o Ch\u00ednh ph\u1ee7 ch\u1ea5p thu\u1eadn \u0111\u1ec1 ngh\u1ecb c\u1ee7a Qu\u00fd C\u1ee5 v\u1ec1 vi\u1ec7c s\u1eed d\u1ee5ng t\u00ean Caritas Vi\u1ec7t Nam v\u00e0 \u0111\u0103ng k\u00fd ho\u1ea1t \u0111\u1ed9ng cho Caritas Vi\u1ec7t Nam thu\u1ed9c U\u1ef7 ban B\u00e1c \u00e1i X\u00e3 h\u1ed9i, H\u1ed9i \u0111\u1ed3ng Gi\u00e1m m\u1ee5c Vi\u1ec7t Nam. Caritas c\u00e1c gi\u00e1o ph\u1eadn \u0111\u01b0\u1ee3c s\u1eed d\u1ee5ng t\u00ean Caritas g\u1eafn li\u1ec1n v\u1edbi t\u00ean gi\u00e1o ph\u1eadn v\u00e0 ph\u1ea3i \u0111\u0103ng k\u00fd ho\u1ea1t \u0111\u1ed9ng v\u1edbi c\u00e1c U\u1ef7 ban Nh\u00e2n d\u00e2n c\u1ea5p t\u1ec9nh, th\u00e0nh ph\u1ed1 tr\u1ef1c thu\u1ed9c Trung \u01b0\u01a1ng.<\/p>\n<p>Tuy nhi\u00ean, hi\u1ec7n ch\u01b0a c\u00f3 quy \u0111\u1ecbnh c\u1ee7a Nh\u00e0 n\u01b0\u1edbc v\u1ec1 vi\u1ec7c cho t\u1ed5 ch\u1ee9c phi ch\u00ednh ph\u1ee7 n\u01b0\u1edbc ngo\u00e0i hay m\u1ea1ng l\u01b0\u1edbi c\u00e1c t\u1ed5 ch\u1ee9c phi ch\u00ednh ph\u1ee7 n\u01b0\u1edbc ngo\u00e0i l\u1eadp chi nh\u00e1nh hay t\u1ed5 ch\u1ee9c c\u1ee7a m\u00ecnh \u1edf Vi\u1ec7t Nam, n\u00ean kh\u00f4ng \u0111\u1eb7t v\u1ea5n \u0111\u1ec1 th\u00e0nh l\u1eadp chi nh\u00e1nh ri\u00eang c\u1ee7a Caritas qu\u1ed1c t\u1ebf t\u1ea1i Vi\u1ec7t Nam.<\/p>\n<p>Caritas Vi\u1ec7t Nam ho\u1ea1t \u0111\u1ed9ng theo ph\u00e1p lu\u1eadt Vi\u1ec7t Nam v\u00e0 n\u1ed9i quy c\u1ee7a Caritas Vi\u1ec7t Nam (\u0111\u00ednh k\u00e8m), v\u00e0 ch\u1ecbu s\u1ef1 h\u01b0\u1edbng d\u1eabn c\u1ee7a c\u01a1 quan qu\u1ea3n l\u00fd Nh\u00e0 n\u01b0\u1edbc v\u1ec1 t\u00f4n gi\u00e1o \u0111\u1ed1i v\u1edbi c\u00e1c ho\u1ea1t \u0111\u1ed9ng mang t\u00ednh h\u1ed9i \u0111o\u00e0n t\u00f4n gi\u00e1o v\u00e0 c\u1ee7a c\u01a1 quan qu\u1ea3n l\u00fd \u0111\u1ed1i v\u1edbi c\u00e1c t\u1ed5 ch\u1ee9c phi ch\u00ednh ph\u1ee7 v\u1ec1 ho\u1ea1t \u0111\u1ed9ng \u00a0trong l\u0129nh v\u1ef1c t\u1eeb thi\u1ec7n x\u00e3 h\u1ed9i nh\u00e2n \u0111\u1ea1o.<\/p>\n<p>Ban T\u00f4n gi\u00e1o Ch\u00ednh ph\u1ee7 xin tr\u00e2n tr\u1ecdng th\u00f4ng b\u00e1o \u0111\u1ec3 Qu\u00fd C\u1ee5 bi\u1ebft v\u00e0 th\u1ef1c hi\u1ec7n.<br \/>\nN\u01a1i nh\u1eadn:<br \/>\n&#8211; Nh\u01b0 tr\u00ean;<br \/>\n&#8211; B\u1ed9 C\u00f4ng an (A 41);<br \/>\n&#8211; B\u1ed9 N\u1ed9i vu (V\u1ee5 TCPCP);<br \/>\n&#8211; Li\u00ean hi\u1ec7p c\u00e1c t\u1ed5 ch\u1ee9c HN Vi\u1ec7t Nam (PACCOM);<br \/>\n&#8211; L\u01b0u VT, CG (2)<\/p>\n<hr \/>\n<p>H\u1ed9i \u0111\u1ed3ng Gi\u00e1m m\u1ee5c Vi\u1ec7t Nam<br \/>\n40 Nh\u00e0 Chung \u2013 H\u00e0 N\u1ed9i<\/p>\n<p><strong>B\u1ea2N X\u00c1C NH\u1eacN<br \/>\nC\u1ee6A H\u1ed8I \u0110\u1ed2NG GI\u00c1M M\u1ee4C \u00a0VI\u1ec6T NAM<br \/>\nV\u1ec0 CARITAS VI\u1ec6T NAM<\/strong><\/p>\n<p>H\u1ed9i \u0111\u1ed3ng Gi\u00e1m m\u1ee5c Vi\u1ec7t Nam (H\u0110GMVN) trong phi\u00ean h\u1ecdp th\u01b0\u1eddng ni\u00ean t\u1ea1i To\u00e0 Gi\u00e1m M\u1ee5c Xu\u00e2n L\u1ed9c, t\u1eeb ng\u00e0y 22 \u0111\u1ec1n 26-09-2008, \u0111\u00e3 x\u00e1c nh\u1eadn r\u1eb1ng :<br \/>\nTrong ho\u00e0n c\u1ea3nh hi\u1ec7n nay c\u1ee7a x\u00e3 h\u1ed9i Vi\u1ec7t Nam, H\u0110GMVN c\u1ea7n t\u1ed5 ch\u1ee9c Caritas Vi\u1ec7t Nam nh\u01b0 m\u1ed9t Hi\u1ec7p h\u1ed9i \u0111\u1ec3 gi\u00fap \u0111\u1ee1 m\u1ed9t c\u00e1ch c\u00f3 hi\u1ec7u qu\u1ea3 nh\u1eefng ng\u01b0\u1eddi ngh\u00e8o kh\u1ed5, b\u1ec7nh t\u1eadt, nh\u1eefng n\u1ea1n nh\u00e2n thi\u00ean tai, nh\u1eefng n\u1ea1n nh\u00e2n x\u00e3 h\u1ed9i nh\u01b0 nh\u1eefng ng\u01b0\u1eddi nhi\u1ec5m HIV\/AIDS, nh\u1eefng ng\u01b0\u1eddi nghi\u1ec7n ma tu\u00fd, nh\u1eefng ph\u1ee5 n\u1eef tr\u1ebb em b\u1ecb l\u1ea1m d\u1ee5ng t\u00ecnh d\u1ee5c\u2026<\/p>\n<p>H\u0110GMVN vui m\u1eebng v\u00e0 hy v\u1ecdng khi nh\u1eadn \u0111\u01b0\u1ee3c tin Nh\u00e0 n\u01b0\u1edbc Vi\u1ec7t Nam cho ph\u00e9p t\u00e1i l\u1eadp Caritas Vi\u1ec7t Nam trong t\u1ea5t c\u1ea3 c\u00e1c gi\u00e1o ph\u1eadn c\u1ee7a Gi\u00e1o H\u1ed9i Vi\u1ec7t Nam c\u0169ng nh\u01b0 cho ph\u00e9p ho\u00e0 nh\u1eadp v\u00e0o ho\u1ea1t \u0111\u1ed9ng Caritas to\u00e0n c\u1ea7u.<\/p>\n<p>H\u0110GMVN sau khi nghi\u00ean c\u1ee9u v\u00e0 th\u1ea3o lu\u1eadn \u0111\u00e3 chu\u1ea9n y n\u1ed9i quy c\u1ee7a Caritas Vi\u1ec7t Nam do U\u1ef7 Ban B\u00e1c \u00e1i X\u00e3 h\u1ed9i \u0111\u1ec7 tr\u00ecnh. Quy ch\u1ebf n\u00e0y x\u00e1c \u0111\u1ecbnh m\u1ee5c \u0111\u00edch, t\u00f4n ch\u1ec9, nhi\u1ec7m v\u1ee5, nguy\u00ean t\u1eafc ho\u1ea1t \u0111\u1ed9ng, t\u1ed5 ch\u1ee9c c\u1ee7a Caritas Vi\u1ec7t Nam t\u1ea1i Trung \u01af\u01a1ng c\u0169ng nh\u01b0 t\u1ea1i c\u00e1c gi\u00e1o ph\u1eadn.<\/p>\n<p>H\u0110GMVN \u0111\u1ed3ng \u00fd v\u00e0 mong mu\u1ed1n Caritas Vi\u1ec7t Nam \u0111\u01b0\u1ee3c s\u00e1t nh\u1eadp v\u00e0o Caritas Internationalis \u0111\u1ec3 c\u00f9ng th\u1ef1c hi\u1ec7n ho\u1ea1t \u0111\u1ed9ng b\u00e1c \u00e1i theo \u0111\u01b0\u1eddng h\u01b0\u1edbng chung c\u1ee7a Gi\u00e1o H\u1ed9i to\u00e0n c\u1ea7u.<\/p>\n<p>H\u0110GMVN mong \u01b0\u1edbc nhi\u1ec1u t\u00edn h\u1eefu tham gia v\u00e0o Caritas Vi\u1ec7t Nam \u0111\u1ec3 th\u1ef1c hi\u1ec7n t\u00ecnh b\u00e1c \u00e1i c\u1ee7a Ch\u00faa Kit\u00f4 cho m\u1ecdi ng\u01b0\u1eddi.<br \/>\nXin Ch\u00faa ch\u00fac l\u00e0nh cho t\u1ea5t c\u1ea3 nh\u1eefng ai tham d\u1ef1 Hi\u1ec7p h\u1ed9i n\u00e0y.<\/p>\n<p>L\u00e0m t\u1ea1i Xu\u00e2n L\u1ed9c, ng\u00e0y 25-09-2008<br \/>\nTM. H\u1ed8I \u0110\u1ed2NG GI\u00c1M M\u1ee4C VI\u1ec6T NAM<\/p>\n<p>&#8230;&#8230;&#8230;&#8230;&#8230;&#8230;&#8230;&#8230;&#8230;&#8230;&#8230;&#8230;&#8230;&#8230;&#8230;&#8230;&#8230;&#8230;&#8230;&#8230;&#8230;&#8230;&#8230;&#8230;&#8230;&#8230;&#8230;&#8230;&#8230;&#8230;&#8230;&#8230;&#8230;&#8230;&#8230;&#8230;&#8230;&#8230;&#8230;&#8230;&#8230;&#8230;&#8230;&#8230;&#8230;&#8230;&#8230;&#8230;&#8230;&#8230;&#8230;&#8230;&#8230;&#8230;&#8230;&#8230;&#8230;&#8230;&#8230;&#8230;&#8230;&#8230;&#8230;&#8230;&#8230;&#8230;&#8230;&#8230;&#8230;&#8230;&#8230;&#8230;&#8230;&#8230;&#8230;&#8230;&#8230;&#8230;&#8230;&#8230;&#8230;&#8230;&#8230;..<\/p>\n<p>L\u1eddi\u00a0Gi\u1edbi Thi\u1ec7u<\/p>\n<p><strong>\u00a0\u0110\u1ee8C CHA \u0110A MINH NGUY\u1ec4N CHU TRINH<br \/>\nCH\u1ee6 T\u1ecaCH U\u1ef6 BAN B\u00c1C \u00c1I X\u00c3 H\u1ed8I &#8211; CARITAS VI\u1ec6T NAM<\/strong><br \/>\nK\u00ednh th\u01b0a Qu\u00fd H\u1ed3ng y, Qu\u00fd \u0110\u1ee9c Cha,<br \/>\nQu\u00fd cha, Qu\u00fd tu s\u0129 nam n\u1eef v\u00e0 anh ch\u1ecb em gi\u00e1o d\u00e2n th\u00e2n m\u1ebfn,<\/p>\n<p>Caritas Vi\u1ec7t Nam \u0111\u00e3 \u0111\u01b0\u1ee3c Nh\u00e0 n\u01b0\u1edbc cho ph\u00e9p t\u00e1i l\u1eadp tr\u00ean \u0111\u1ea5t n\u01b0\u1edbc ch\u00fang ta v\u00e0 trong m\u1ed7i gi\u00e1o ph\u1eadn nh\u01b0 m\u1ed9t hi\u1ec7p h\u1ed9i th\u1ef1c hi\u1ec7n c\u00e1c ho\u1ea1t \u0111\u1ed9ng b\u00e1c \u00e1i x\u00e3 h\u1ed9i. H\u1ed9i \u0111\u1ed3ng Gi\u00e1m m\u1ee5c Vi\u1ec7t Nam, trong k\u1ef3 h\u1ecdp th\u01b0\u1eddng ni\u00ean, t\u1eeb ng\u00e0y 25-9-2008, t\u1ea1i Xu\u00e2n L\u1ed9c, \u0111\u00e3 x\u00e1c nh\u1eadn t\u1ea7m quan tr\u1ecdng v\u00e0 s\u1ef1 c\u1ea7n thi\u1ebft c\u1ee7a t\u1ed5 ch\u1ee9c n\u00e0y trong Gi\u00e1o h\u1ed9i Vi\u1ec7t Nam, c\u0169ng nh\u01b0 tr\u00e2n tr\u1ecdng gi\u1edbi thi\u1ec7u Hi\u1ec7p h\u1ed9i n\u00e0y v\u1edbi c\u1ed9ng \u0111\u1ed3ng t\u00edn h\u1eefu.<\/p>\n<p>Trong l\u1ecbch s\u1eed ho\u1ea1t \u0111\u1ed9ng, c\u00e1c t\u1ed5 ch\u1ee9c trong m\u1ea1ng l\u01b0\u1edbi Caritas qu\u1ed1c t\u1ebf \u0111\u00e3 t\u1eebng gi\u00fap \u0111\u1ee1 r\u1ea5t nhi\u1ec1u cho d\u00e2n t\u1ed9c v\u00e0 Gi\u00e1o h\u1ed9i Vi\u1ec7t Nam, nhi\u1ec1u ng\u01b0\u1eddi khi nghe \u0111\u1ebfn Caritas l\u00e0 li\u00ean t\u01b0\u1edfng \u0111\u1ebfn t\u00e0i tr\u1ee3 v\u1eadt ch\u1ea5t m\u00e0 qu\u00ean m\u1ea5t \u0111\u00e2y l\u00e0 m\u1ed9t Hi\u1ec7p h\u1ed9i th\u00fac \u0111\u1ea9y tinh th\u1ea7n b\u00e1c \u00e1i, chia s\u1ebb t\u00ecnh th\u01b0\u01a1ng c\u1ee7a Thi\u00ean Ch\u00faa cho m\u1ecdi ng\u01b0\u1eddi.<br \/>\nH\u01a1n n\u1eefa, Caritas c\u00f2n l\u00e0 m\u1ed9t t\u1ed5 ch\u1ee9c C\u00f4ng gi\u00e1o Ti\u1ebfn h\u00e0nh \u0111\u1ec3 c\u1ed5 v\u0169 vi\u1ec7c loan b\u00e1o Tin M\u1eebng c\u1ee9u \u0111\u1ed9 c\u1ee7a \u0110\u1ee9c Gi\u00easu Kit\u00f4 c\u00e1ch thi\u1ebft th\u1ef1c qua vi\u1ec7c gi\u00fap \u0111\u1ee1 nh\u1eefng ng\u01b0\u1eddi ngh\u00e8o kh\u1ed5, t\u1eadt b\u1ec7nh, b\u1ecb g\u1ea1t ra ngo\u00e0i l\u1ec1 x\u00e3 h\u1ed9i.<\/p>\n<p>Caritas th\u1eadt s\u1ef1 \u0111\u00e3 \u0111\u1ed5i m\u1edbi b\u1ea3n ch\u1ea5t v\u00e0 ph\u01b0\u01a1ng th\u1ee9c h\u00e0nh \u0111\u1ed9ng khi \u0110\u1ee9c Th\u00e1nh Cha B\u00ean\u00ea\u0111ict\u00f4 XVI ch\u1ec9 \u0111\u1ecbnh v\u1ecb H\u1ed3ng y \u0111\u1ea7u ti\u00ean, Oscar Andres Rodriguez, l\u00e0m Ch\u1ee7 t\u1ecbch Caritas Internationalis thay cho nh\u1eefng ng\u01b0\u1eddi gi\u00e1o d\u00e2n gi\u1eef ch\u1ee9c v\u1ee5 n\u00e0y t\u1eeb m\u1ea5y ch\u1ee5c n\u0103m nay. H\u00e0nh \u0111\u1ed9ng n\u00e0y nh\u01b0 mu\u1ed1n x\u00e1c \u0111\u1ecbnh Gi\u00e1o H\u1ed9i to\u00e0n c\u1ea7u mu\u1ed1n hi\u1ec7p h\u1ed9i Caritas \u0111\u00f3ng vai tr\u00f2 l\u1edbn lao h\u01a1n trong sinh ho\u1ea1t c\u1ee7a Gi\u00e1o H\u1ed9i v\u00e0 ng\u01b0\u1eddi t\u00edn h\u1eefu c\u1ea7n x\u00e1c t\u00edn r\u1eb1ng \u201cho\u1ea1t \u0111\u1ed9ng b\u00e1c \u00e1i ch\u00ednh l\u00e0 tr\u00e1ch nhi\u1ec7m c\u1ee7a m\u1ed7i t\u00edn h\u1eefu v\u00e0 c\u0169ng l\u00e0 b\u1ea3n ch\u1ea5t c\u1ee7a Gi\u00e1o h\u1ed9i C\u00f4ng gi\u00e1o\u201d nh\u01b0 \u0110\u1ee9c Th\u00e1nh Cha \u0111\u00e3 x\u00e1c \u0111\u1ecbnh trong Th\u00f4ng \u0111i\u1ec7p Deus Caritas est (Thi\u00ean Ch\u00faa l\u00e0 T\u00ecnh Y\u00eau, s\u1ed1 20).<\/p>\n<p>Ch\u00ednh v\u00ec mu\u1ed1n \u0111\u00e1p \u1ee9ng nh\u1eefng thay \u0111\u1ed5i trong x\u00e3 h\u1ed9i v\u00e0 Gi\u00e1o h\u1ed9i m\u00e0 U\u1ef7 ban B\u00e1c \u00e1i X\u00e3 h\u1ed9i \u2013 Caritas Vi\u1ec7t Nam \u0111\u00e3 so\u1ea1n th\u1ea3o b\u1ea3n Quy ch\u1ebf &#8211; N\u1ed9i quy n\u00e0y \u0111\u1ec3 tr\u00ecnh b\u00e0y \u0111\u00f4i n\u00e9t v\u1ec1 l\u1ecbch s\u1eed, m\u1ee5c \u0111\u00edch, t\u00f4n ch\u1ec9, nguy\u00ean t\u1eafc h\u00e0nh \u0111\u1ed9ng, c\u01a1 c\u1ea5u t\u1ed5 ch\u1ee9c v\u00e0 \u0111i\u1ec1u h\u00e0nh, c\u0169ng nh\u01b0 \u0111\u01b0\u1eddng h\u01b0\u1edbng sinh ho\u1ea1t c\u1ee7a Caritas Vi\u1ec7t Nam.<\/p>\n<p>T\u00f4i xin tr\u00e2n tr\u1ecdng gi\u1edbi thi\u1ec7u B\u1ea3n C\u1ea9m Nang Caritas Vi\u1ec7t Nam n\u00e0y \u0111\u1ebfn to\u00e0n th\u1ec3 c\u1ed9ng \u0111\u1ed3ng D\u00e2n Ch\u00faa sau khi \u0111\u00e3 \u0111\u01b0\u1ee3c g\u00f3p \u00fd v\u00e0 b\u1ed5 sung th\u00eam nh\u1eefng \u0111i\u1ec1u c\u00f2n thi\u1ebfu qua H\u1ed9i Ngh\u1ecb Ra M\u1eaft Caritas Vi\u1ec7t Nam t\u1ea1i Xu\u00e2n L\u1ed9c t\u1eeb ng\u00e0y 21-24\/10\/2008. \u01af\u1edbc mong b\u1ea3n Quy Ch\u1ebf s\u1edbm \u0111\u01b0\u1ee3c \u00e1p d\u1ee5ng th\u1eed nghi\u1ec7m \u0111\u1ec3 m\u1ed7i th\u00e0nh vi\u00ean Caritas Vi\u1ec7t Nam c\u00f3 th\u1ec3 tham gia x\u00e2y d\u1ef1ng n\u1ec1n v\u0103n minh t\u00ecnh y\u00eau n\u01a1i Gi\u00e1o H\u1ed9i v\u00e0 X\u00e3 h\u1ed9i.<\/p>\n<p>Xin Thi\u00ean Ch\u00faa Ba Ng\u00f4i ch\u00fac l\u00e0nh v\u00e0 \u0110\u1ee9c M\u1eb9 La Vang chuy\u1ec3n c\u1ea7u cho t\u1ea5t c\u1ea3 ch\u00fang ta.<\/p>\n<p>L\u00e0m t\u1ea1i Xu\u00e2n L\u1ed9c<br \/>\nNg\u00e0y L\u1ec5 c\u00e1c Th\u00e1nh T\u1eed \u0110\u1ea1o Vi\u1ec7t Nam, 24-11-2008<br \/>\nGm. \u0110a Minh Nguy\u1ec5n Chu Trinh<br \/>\nCh\u1ee7 t\u1ecbch UBBAXH &#8211; Caritas Vi\u1ec7t Nam<\/p>\n","protected":false},"excerpt":{"rendered":"<p>T\u1ed4NG QUAN V\u1ec0 CARITAS \u201cCaritas\u201d theo nguy\u00ean ng\u1eef Latinh ngh\u0129a l\u00e0 Y\u00eau th\u01b0\u01a1ng \u2013 B\u00e1c \u00e1i. Caritas l\u00e0 d\u1ea5u ch\u1ec9 t\u00ecnh y\u00eau c\u1ee7a Thi\u00ean Ch\u00faa d\u00e0nh cho con ng\u01b0\u1eddi, m\u1ed9t t\u00ecnh y\u00eau t\u1ef1 nguy\u1ec7n v\u00e0 kh\u00f4ng bi\u00ean gi\u1edbi. Caritas minh ch\u1ee9ng cho t\u00ecnh y\u00eau Thi\u00ean Ch\u00faa gi\u1eefa ch\u00fang ta, m\u1ed9t t\u00ecnh y\u00eau d\u00e0nh cho m\u1ecdi &#8230;<\/p>\n","protected":false},"author":1,"featured_media":0,"parent":0,"menu_order":0,"comment_status":"closed","ping_status":"closed","template":"page-right-sidebar.php","meta":[],"yst_prominent_words":[],"_links":{"self":[{"href":"https:\/\/demo.bmconnect.vn\/caritas\/wp-json\/wp\/v2\/pages\/61"}],"collection":[{"href":"https:\/\/demo.bmconnect.vn\/caritas\/wp-json\/wp\/v2\/pages"}],"about":[{"href":"https:\/\/demo.bmconnect.vn\/caritas\/wp-json\/wp\/v2\/types\/page"}],"author":[{"embeddable":true,"href":"https:\/\/demo.bmconnect.vn\/caritas\/wp-json\/wp\/v2\/users\/1"}],"replies":[{"embeddable":true,"href":"https:\/\/demo.bmconnect.vn\/caritas\/wp-json\/wp\/v2\/comments?post=61"}],"version-history":[{"count":0,"href":"https:\/\/demo.bmconnect.vn\/caritas\/wp-json\/wp\/v2\/pages\/61\/revisions"}],"wp:attachment":[{"href":"https:\/\/demo.bmconnect.vn\/caritas\/wp-json\/wp\/v2\/media?parent=61"}],"wp:term":[{"taxonomy":"yst_prominent_words","embeddable":true,"href":"https:\/\/demo.bmconnect.vn\/caritas\/wp-json\/wp\/v2\/yst_prominent_words?post=61"}],"curies":[{"name":"wp","href":"https:\/\/api.w.org\/{rel}","templated":true}]}}