{"id":458,"date":"2019-04-12T22:36:08","date_gmt":"2019-04-12T15:36:08","guid":{"rendered":"http:\/\/demo.bmconnect.vn\/caritas\/?page_id=458"},"modified":"2019-04-12T22:36:08","modified_gmt":"2019-04-12T15:36:08","slug":"suy-niem-loi-chua","status":"publish","type":"page","link":"https:\/\/demo.bmconnect.vn\/caritas\/suy-niem-loi-chua\/","title":{"rendered":"Suy ni\u1ec7m L\u1eddi Ch\u00faa"},"content":{"rendered":"<div class=\"title_news\">\n<h2>L\u1ec4 L\u00c1: CH\u00daA GI\u00caSU CH\u1ebeT TRONG S\u1ef0 V\u00c2NG PH\u1ee4C<\/h2>\n<ul>\n<li>Th\u1ee9 n\u0103m, 14:52 Ng\u00e0y 11\/04\/2019<\/li>\n<\/ul>\n<\/div>\n<div class=\"showText\">\n<p>Cu\u1ed1n s\u00e1ch \u201cCu\u1ed9c kh\u1ed5 n\u1ea1n c\u1ee7a \u0110\u1ee9c Gi\u00easu qua t\u1ea5m kh\u0103n li\u1ec7m Turin\u201d vi\u1ebft th\u1eadt h\u1ea5p d\u1eabn, t\u00e1i d\u1ef1ng l\u1ea1i cu\u1ed9c kh\u1ed5 n\u1ea1n d\u1ef1a tr\u00ean T\u1ea5m kh\u0103n li\u1ec7m Turin v\u00e0 Tin M\u1eebng, \u0111\u01b0a ng\u01b0\u1eddi \u0111\u1ecdc t\u1eebng b\u01b0\u1edbc \u0111i v\u00e0o cu\u1ed9c th\u01b0\u01a1ng kh\u00f3 c\u1ee7a Ch\u00faa Gi\u00easu v\u1edbi nh\u1eefng th\u1ed1ng kh\u1ed5 v\u00e0 c\u1ef1c h\u00ecnh v\u1ec1 th\u1ec3 l\u00fd. S\u1ef1 t\u00e0n \u00e1c c\u1ee7a t\u1ed9i l\u1ed7i v\u00e0 s\u1ef1 \u0111\u1ed1 k\u1ef5 c\u1ee7a s\u1ef1 d\u1eef tr\u01b0\u1edbc m\u1ed9t T\u00ecnh Y\u00eau qu\u1ea3ng \u0111\u1ea1i v\u00e0 bao dung. S\u1ef1 y\u1ebfu \u0111u\u1ed1i c\u1ee7a th\u1ec3 ch\u1ea5t tr\u01b0\u1edbc m\u1ed9t tinh th\u1ea7n b\u00ecnh an v\u00e0 v\u01b0\u1ee3t tho\u00e1t. Gi\u00e1 tr\u1ecb c\u1ee7a vinh quang v\u00e0 t\u1ee7i nh\u1ee5c, tha th\u1ee9 v\u00e0 h\u1eadn th\u00f9, s\u1ef1 s\u1ed1ng v\u00e0 s\u1ef1 ch\u1ebft. Nh\u1eefng c\u1ea3m nh\u1eadn \u0111\u00f3 \u0111\u01b0a \u0111\u1ed9c gi\u1ea3 v\u01b0\u01a1n t\u1edbi gi\u00e1 tr\u1ecb si\u00eau nhi\u00ean trong Ch\u00faa Kit\u00f4 Ph\u1ee5c Sinh.<\/p>\n<p>Cu\u1ed9c th\u01b0\u01a1ng kh\u00f3 c\u1ee7a Ch\u00faa Gi\u00easu trong c\u00e1i nh\u00ecn nh\u00e2n lo\u1ea1i nh\u01b0 m\u1ed9t bi k\u1ecbch c\u1ee7a s\u1ef1 t\u00e0n b\u1ea1o, b\u1ea5t c\u00f4ng v\u00e0 h\u1ee7y di\u1ec7t. Ch\u00faa Gi\u00easu b\u1ecb ph\u1ea3n b\u1ed9i, b\u1ecb hi\u1ec3u l\u1ea7m, b\u1ecb ghen gh\u00e9t, ch\u1ecbu k\u1ebft \u00e1n b\u1ea5t c\u00f4ng. Cu\u1ed9c th\u01b0\u01a1ng kh\u00f3 l\u00e0m cho ch\u00fang ta kinh khi\u1ebfp v\u00ec s\u1ef1 t\u00e0n \u00e1c v\u00e0 \u0111\u1ed9c d\u1eef c\u1ee7a con ng\u01b0\u1eddi. N\u00f3 l\u00e0m cho ch\u00fang ta x\u00f3t xa v\u00e0 th\u01b0\u01a1ng c\u1ea3m m\u1ed9t con ng\u01b0\u1eddi l\u00e0 n\u1ea1n nh\u00e2n c\u1ee7a l\u00f2ng h\u1eadn th\u00f9 v\u00e0 \u0111\u1ed1 k\u1ef5<\/p>\n<p>Th\u1ebf nh\u01b0ng, c\u00e1i ch\u1ebft trong \u0111au th\u01b0\u01a1ng nh\u1ee5c nh\u00e3 c\u1ee7a Ch\u00faa Gi\u00easu ch\u00ednh l\u00e0 ngu\u1ed3n \u01a1n c\u1ee9u r\u1ed7i cho nh\u00e2n lo\u1ea1i. Ng\u01b0\u1eddi ch\u1ebft \u0111\u1ec3 \u0111\u1ec1n t\u1ed9i, \u0111\u1ec3 chu\u1ed9c t\u1ed9i, \u0111\u1ec3 g\u00e1nh t\u1ed9i h\u1ea7u c\u1ee9u \u0111\u1ed9 con ng\u01b0\u1eddi. C\u00e1i ch\u1ebft c\u1ee7a \u0110\u1ea5ng C\u1ee9u \u0110\u1ed9 nh\u01b0ng l\u1ea1i bi th\u01b0\u01a1ng v\u00f4 c\u00f9ng.<\/p>\n<p>Tin M\u1eebng v\u1ec1 cu\u1ed9c th\u01b0\u01a1ng kh\u00f3 k\u1ec3 l\u1ea1i t\u1eebng ch\u1eb7ng \u0111\u01b0\u1eddng kh\u1ed5 n\u1ea1n c\u1ee7a \u0110\u1ea5ng C\u1ee9u Th\u1ebf.<\/p>\n<p><strong>1. Ch\u00faa Gi\u00easu ch\u1ebft trong c\u00f4 \u0111\u01a1n<\/strong><\/p>\n<p>Nh\u1eefng gi\u1edd ph\u00fat sau c\u00f9ng c\u1ee7a Ch\u00faa l\u00e0 nh\u1eefng kho\u1ea3ng kh\u1eafc c\u00f4 \u0111\u01a1n kinh ho\u00e0ng. Trong V\u01b0\u1eddn C\u00e2y D\u1ea7u, ba m\u00f4n \u0111\u1ec7 th\u00e2n t\u00edn \u0111i v\u1edbi Ch\u00faa, h\u1ecd ng\u1ee7 say \u0111\u1ec3 Ch\u00faa m\u1ed9t m\u00ecnh. Giu\u0111a ph\u1ea3n b\u1ed9i b\u00e1n Th\u1ea7y 30 \u0111\u1ed3ng b\u1ea1c l\u00e0 gi\u00e1 m\u1ed9t n\u00f4 l\u1ec7 b\u1eb1ng m\u1ed9t n\u1ee5 h\u00f4n gi\u1ea3 d\u1ed1i. Ph\u00ear\u00f4 ch\u1ed1i Th\u1ea7y 3 l\u1ea7n, \u00f4ng th\u1ec1 l\u00e0 kh\u00f4ng quen bi\u1ebft Ch\u00faa Gi\u00easu tr\u01b0\u1edbc m\u1ed9t \u0111\u1ea7y t\u1edb g\u00e1i. C\u00e1c m\u00f4n \u0111\u1ec7 s\u1ee3 h\u00e3i ch\u1ea1y tr\u1ed1n. C\u00f3 m\u1ed9t m\u00f4n \u0111\u1ec7 ch\u1ea1y tr\u1ed1n b\u1ecf l\u1ea1i c\u1ea3 \u00e1o, ch\u1ea1y m\u00ecnh tr\u1ea7n. M\u1ed9t \u0111\u00e1m \u0111\u00f4ng cu\u1ed3ng n\u1ed9:\u00a0<em>\u0110\u00f3ng \u0111inh n\u00f3 \u0111i<\/em>. H\u1ecd coi Ch\u00faa Gi\u00easu c\u00f2n thua Baraba l\u00e0 m\u1ed9t t\u00ean phi\u1ebfn lo\u1ea1n gi\u1ebft ng\u01b0\u1eddi.<\/p>\n<p>C\u00e1c m\u00f4n \u0111\u1ec7 \u1edf \u0111\u00e2u ? Nh\u1eefng ng\u01b0\u1eddi \u0111\u01b0\u1ee3c Ch\u00faa Gi\u00easu l\u00e0m ph\u00e9p l\u1ea1 nu\u00f4i \u0103n gi\u1edd \u1edf \u0111\u00e2u? Nh\u1eefng ng\u01b0\u1eddi m\u1edbi tung h\u00f4 v\u1ea1n tu\u1ebf Con Vua \u0110avit gi\u1edd \u1edf \u0111\u00e2u?\u00a0 Ch\u00faa Gi\u00easu \u0111i \u0111\u1ebfn t\u1ed9t c\u00f9ng c\u1ee7a s\u1ef1 c\u00f4 \u0111\u01a1n khi th\u1ed5n th\u1ee9c v\u1edbi Cha:\u00a0<em>L\u1ea1y Thi\u00ean Ch\u00faa t\u00f4i, sao Ng\u00e0i n\u1ee1 b\u1ecf t\u00f4i?<\/em><\/p>\n<p><strong>2. Ch\u00faa Gi\u00easu ch\u1ebft trong \u0111au kh\u1ed5<\/strong><\/p>\n<p>\u0110au kh\u1ed5 Ch\u00faa Gi\u00easu ch\u1ecbu trong gi\u1edd sau h\u1ebft th\u1eadt gh\u00ea r\u1ee3n.<\/p>\n<p><em><u><strong>\u0110au kh\u1ed5 v\u1ec1 th\u00e2n x\u00e1c<\/strong><\/u><\/em><\/p>\n<p>Ng\u01b0\u1eddi ta kh\u1ea1c nh\u1ed5, \u0111\u00e1nh \u0111\u1eadp, v\u1ea3 t\u00e1t v\u00e0o m\u1eb7t, d\u00f9ng roi qu\u1ea5t v\u00e0o Ng\u01b0\u1eddi. \u0110\u00f4i b\u00e0n tay b\u1ea7m t\u00edm xuy\u00ean th\u00e2u nh\u1eefng m\u0169i \u0111inh nh\u1ecdn. \u0110\u00f4i b\u00e0n ch\u00e2n b\u1ecb \u0111inh \u0111\u00f3ng xuy\u00ean qua c\u00e2y g\u1ed7. \u0110\u1ea7u \u0111\u1ed9i m\u00e3o gai nh\u1ecdn. L\u01b0\u1ee1i \u0111\u00f2ng \u0111\u00e2m c\u1ea1nh s\u01b0\u1eddn, m\u00e1u v\u00e0 n\u01b0\u1edbc ch\u1ea3y ra. M\u1ed9t ng\u01b0\u1eddi b\u1ecb l\u1ed9t b\u1ecf tr\u1ea7n tr\u1ee5i. Hai tay b\u1ecb giang th\u1eb3ng tr\u00f3i xi\u1ebft ch\u1eb7t v\u00e0o thanh g\u1ed7 ngang. Hai ch\u00e2n b\u1ecb tr\u00f3i v\u00e0o thanh g\u1ed7 d\u1ecdc ph\u01a1i ngo\u00e0i tr\u1eddi n\u1eafng g\u1eaft cho \u0111\u1ebfn ch\u1ebft. Ch\u1ebft v\u00ec ngh\u1eb9t th\u1edf do c\u00e1c c\u01a1 v\u00f2ng ng\u1ef1c, c\u01a1 b\u1eafp tay kh\u00f4ng c\u00f2n s\u1ee9c tr\u01b0\u01a1ng ra, co v\u00e0o \u0111\u1ec3 thu nh\u1eadn v\u00e0 t\u1ed1ng kh\u00f4ng kh\u00ed. T\u1eed t\u1ed9i b\u1ecb \u0111\u00f3ng \u0111inh n\u01a1i c\u1ed5 tay, n\u01a1i b\u00e0n ch\u00e2n c\u00e0ng th\u00ea th\u1ea3m b\u1ed9i ph\u1ea7n v\u00ec \u0111au \u0111\u1edbn nh\u1ee9c nh\u1ed1i, s\u1ee9c ng\u01b0\u1eddi r\u01b0\u1edbn l\u00ean \u0111\u1ec3 th\u1edf, mau ki\u1ec7t s\u1ee9c v\u00e0 ch\u00f3ng ch\u1ebft.<\/p>\n<p><em><u><strong>\u0110au kh\u1ed5 v\u1ec1 tinh th\u1ea7n<\/strong><\/u><\/em><\/p>\n<p>B\u1ecb s\u1ec9 nh\u1ee5c. B\u1ecb c\u01b0\u1eddi nh\u1ea1o b\u00e1ng. B\u1ecb khinh khi. K\u1ebb qua ng\u01b0\u1eddi l\u1ea1i \u0111\u1ec1u nh\u1ee5c m\u1ea1 Ng\u01b0\u1eddi, v\u1eeba l\u1eafc \u0111\u1ea7u v\u1eeba n\u00f3i:\u00a0<em>mi l\u00e0 k\u1ebb ph\u00e1 \u0111\u01b0\u1ee3c \u0110\u1ec1n Th\u1edd, v\u00e0 n\u1ed9i trong ba ng\u00e0y x\u00e2y l\u1ea1i \u0111\u01b0\u1ee3c, h\u00e3y c\u1ee9u l\u1ea5y m\u00ecnh \u0111i ! N\u1ebfu mi l\u00e0 Con Thi\u00ean Ch\u00faa, th\u00ec xu\u1ed1ng kh\u1ecfi th\u1eadp gi\u00e1 xem n\u00e0o !<\/em>. C\u00e1c th\u01b0\u1ee3ng t\u1ebf kinh s\u01b0 v\u00e0 k\u1ef3 m\u1ee5c c\u0169ng ch\u1ebf gi\u1ec5u Ng\u01b0\u1eddi m\u00e0 n\u00f3i:\u00a0<em>\u00a0H\u1eafn c\u1ee9u \u0111\u01b0\u1ee3c thi\u00ean h\u1ea1, m\u00e0 ch\u1eb3ng c\u1ee9u n\u1ed5i m\u00ecnh. H\u1eafn l\u00e0 vua Israel ! B\u00e2y gi\u1edd h\u1eafn c\u1ee9 xu\u1ed1ng kh\u1ecfi th\u1eadp g\u00eda \u0111i, th\u00ec ch\u00fang ta tin h\u1eafn li\u1ec1n !\u00a0<\/em>C\u1ea3 nh\u1eefng t\u00ean c\u01b0\u1edbp c\u00f9ng \u0111\u00f3ng \u0111inh v\u1edbi Ng\u01b0\u1eddi c\u0169ng s\u1ec9 v\u1ea3 Ng\u01b0\u1eddi nh\u01b0 th\u1ebf.<\/p>\n<p><strong>3. Ch\u00faa Gi\u00easu ch\u1ebft trong s\u1ef1 v\u00e2ng ph\u1ee5c<\/strong><\/p>\n<p>C\u00e1i ch\u1ebft c\u00f4 \u0111\u01a1n, c\u00e1i ch\u1ebft \u0111au kh\u1ed5 \u0111\u1ebfn v\u1edbi Ch\u00faa Gi\u00easu nh\u01b0 m\u1ed9t ch\u00e9n \u0111\u1eafng m\u00e0 Ch\u00faa Cha trao ph\u00f3. Ch\u00faa Gi\u00easu xin v\u00e2ng \u00fd Cha, nh\u01b0ng kh\u00f4ng v\u00ec th\u1ebf m\u00e0 b\u1edbt s\u1ef1 \u0111au \u0111\u1edbn. Trong V\u01b0\u1eddn C\u00e2y D\u1ea7u, Ch\u00faa Gi\u00easu than th\u1edf:\u00a0<em>Cha \u01a1i, n\u1ebfu \u0111\u01b0\u1ee3c, xin cho ch\u00e9n n\u00e0y r\u1eddi kh\u1ecfi con.<\/em>\u00a0<em>Nh\u01b0ng xin \u0111\u1eebng theo \u00fd Con, m\u00e0 xin theo \u00fd Cha.<\/em>\u00a0(Mt 26,39). Theo th\u00e1nh \u00fd Ch\u00faa Cha,\u00a0<em>\u201cCh\u00faa Gi\u00easu \u0111\u00e3 h\u1ea1 m\u00ecnh v\u00e2ng l\u1eddi cho \u0111\u1ebfn n\u1ed7i b\u1eb1ng l\u00f2ng ch\u1ecbu ch\u1ebft v\u00e0 ch\u1ebft tr\u00ean c\u00e2y Th\u1eadp gi\u00e1\u201d<\/em>( Pl 2,8).<\/p>\n<p><strong>4. L\u1eddi Th\u00e1nh Kinh \u1ee9ng nghi\u1ec7m<\/strong><\/p>\n<p>C\u00e1i ch\u1ebft c\u00f4 \u0111\u01a1n, \u0111au kh\u1ed5 c\u1ee7a Ch\u00faa Gi\u00easu \u1ee9ng nghi\u1ec7m h\u00ecnh \u1ea3nh Ng\u01b0\u1eddi T\u00f4i Trung c\u1ee7a Ng\u00f4n s\u1ee9 Isaia. Nh\u1eefng n\u1ed5i kh\u1ed5 \u0111au, m\u1ecdi s\u1ef1 s\u1ec9 nh\u1ee5c v\u00e0 c\u1ef1c h\u00ecnh Ng\u01b0\u1eddi T\u00f4i Trung ph\u1ea3i ch\u1ecbu: b\u1ecb \u0111\u00e1nh v\u00e0o l\u01b0ng, b\u1ecb gi\u1eadt r\u00e2u, b\u1ecb m\u1eafng nhi\u1ebfc ph\u1ec9 nh\u1ed5. M\u1eb7c d\u1ea7u v\u1eady, Ng\u01b0\u1eddi T\u00f4i Trung v\u1eabn v\u1eefng l\u00f2ng tin t\u01b0\u1edfng c\u00f3 Thi\u00ean Ch\u00faa ph\u00f9 tr\u1ee3.<\/p>\n<p>Ch\u00faa Gi\u00easu t\u1ef1 \u0111\u1ed3ng ho\u00e1 m\u00ecnh v\u1edbi Ng\u01b0\u1eddi T\u00f4i Trung m\u1ed9t l\u1ea7n (Lc 22,37; Is 53,12) nh\u01b0ng truy\u1ec1n th\u1ed1ng kh\u00f4ng ng\u1eebng \u0111\u1ed3ng ho\u00e1 khu\u00f4n m\u1eb7t c\u1ee7a Ng\u01b0\u1eddi T\u00f4i Trung v\u1edbi \u0110\u1ee9c Kit\u00f4 ( Mt 8,16;Is 53,4; Mc 1,1;Is 52,1; Mt 12,18-21;Is 42,1-3; Mc 9,31;Is 53.6.12; Ga 12,38;Is 53,1). \u0110\u1ec1 t\u00e0i Ng\u01b0\u1eddi T\u00f4i Trung ch\u1ecbu \u0111au kh\u1ed5 l\u00e0 \u0111\u1ec1 t\u00e0i khai tri\u1ec3n m\u1ed9t c\u00e1ch r\u00f5 r\u1ec7t nh\u1ea5t quan ni\u1ec7m m\u1ed9t \u0110\u1ea5ng C\u1ee9u Th\u1ebf ph\u1ea3i tr\u1ea3i qua \u0111au kh\u1ed5 v\u00e0 s\u1ef1 ch\u1ebft th\u00ec m\u1edbi ho\u00e0n th\u00e0nh \u0111\u01b0\u1ee3c s\u1ee9 m\u1ec7nh (Cv 3,13-26; Is 4,25-30; Is 53,5.6.9.12; Mc 10,41; Is 53,5; 1Cor 11,24).<\/p>\n<p>H\u00ecnh \u1ea3nh Ng\u01b0\u1eddi T\u00f4i Trung \u0111au kh\u1ed5 cho th\u1ea5y r\u00f5 \u0110\u1ee9c Gi\u00easu \u0111\u1ea3m nh\u1eadn th\u00e2n ph\u1eadn l\u00e0m ng\u01b0\u1eddi cho t\u1edbi c\u00f9ng. Trong \u0110\u1ee9c Gi\u00easu, Thi\u00ean Ch\u00faa t\u1ef1 m\u1ea1c kh\u1ea3i l\u00e0 Thi\u00ean Ch\u00faa\u00a0<strong>\u201cv\u00ec m\u1ecdi ng\u01b0\u1eddi v\u00e0 cho m\u1ecdi ng\u01b0\u1eddi\u201d<\/strong>\u00a0ch\u1ee9 kh\u00f4ng ph\u1ea3i nh\u01b0 m\u1ed9t Thi\u00ean Ch\u00faa tuy\u1ec7t \u0111\u1ed1i v\u00e0 to\u00e0n n\u0103ng c\u1ee7a tri\u1ebft l\u00fd v\u00e0 huy\u1ec1n tho\u1ea1i. Nh\u00e2n t\u00ednh c\u1ee7a \u0110\u1ee9c Gi\u00easu m\u1ea1c kh\u1ea3i d\u01b0\u1edbi m\u1ed9t si\u00eau vi\u1ec7t t\u00ednh \u0111\u00edch th\u1ef1c, nh\u00ecn d\u01b0\u1edbi m\u1ed9t d\u1ea1ng th\u1ee9c ho\u00e0n to\u00e0n m\u1edbi m\u1ebb. \u0110\u00f3 l\u00e0 s\u1ef1 si\u00eau vi\u1ec7t c\u1ee7a m\u1ed9t t\u00ecnh y\u00eau v\u01b0\u1ee3t qua c\u00e1i t\u00f4i \u00edch k\u1ef7, v\u01b0\u1ee3t qua \u0111\u01b0\u1ee3c s\u1ef1 ch\u1ebft \u0111\u1ec3 tr\u1edf n\u00ean s\u1ef1 s\u1ed1ng cho m\u1ecdi ng\u01b0\u1eddi.<\/p>\n<p>B\u00e0i Th\u00e1nh ca c\u1ee7a Th\u00e1nh Phaol\u00f4 g\u1ee3i l\u00ean h\u00ecnh \u1ea3nh Ng\u01b0\u1eddi T\u00f4i Trung \u0111au kh\u1ed5 (c\u00e2u 8; Is 53,7.10.12), nh\u01b0ng \u1edf \u0111\u00e2y, Ng\u01b0\u1eddi T\u00f4i Trung \u0111\u01b0\u1ee3c \u0111\u1ed1i chi\u1ebfu v\u1edbi h\u00ecnh \u1ea3nh \u0110\u1ee9c Ch\u00faa vinh quang. S\u1ef1 t\u1ef1 h\u1ea1 th\u1eb3m s\u00e2u v\u00e0 chi\u1ebfn th\u1eafng vinh quang l\u00e0 b\u00e0i ca ca ng\u1ee3i Ch\u00faa Gi\u00easu Kit\u00f4 \u0111\u00e3 h\u1ea1 m\u00ecnh ch\u1ecbu ch\u1ebft v\u00e0 \u0111\u01b0\u1ee3c si\u00eau t\u00f4n. Ch\u00ednh s\u1ef1 v\u00e2ng ph\u1ee5c theo th\u00e1nh \u00fd Ch\u00faa Cha \u0111\u00e3 l\u00e0m n\u00ean gi\u00e1 tr\u1ecb c\u1ee7a Ch\u00faa Gi\u00easu tr\u00ean m\u1ecdi th\u1ee5 t\u1ea1o.<\/p>\n<p><strong>5. S\u1ee9 \u0111i\u1ec7p t\u00ecnh y\u00eau<\/strong><\/p>\n<p>Cu\u1ed9c kh\u1ed5 n\u1ea1n c\u1ee7a Ch\u00faa Gi\u00easu \u0111\u00e3 cho ch\u00fang ta th\u1ea5y nh\u1eefng chi\u1ec1u k\u00edch kh\u00e1c l\u1ea1 c\u1ee7a t\u00ecnh y\u00eau. T\u00ecnh y\u00eau kh\u00f4ng \u0111\u01a1n thu\u1ea7n ch\u1ec9 l\u00e0 s\u1ef1 trao ban thu\u1ea7n t\u00fay \u0111\u1ec3 l\u00e0m h\u00e0i l\u00f2ng ng\u01b0\u1eddi m\u00ecnh y\u00eau th\u01b0\u01a1ng, nh\u01b0ng s\u00e2u th\u1eb3m h\u01a1n, n\u00f3 l\u00e0 s\u1ef1 hi\u1ebfn d\u00e2ng ch\u00ednh b\u1ea3n th\u00e2n \u0111\u1ec3 ch\u1ecbu \u0111au kh\u1ed5.<\/p>\n<p>T\u00ecnh Y\u00eau c\u1ee7a Ch\u00faa Gi\u00easu d\u00e0nh cho nh\u00e2n lo\u1ea1i qua con \u0111\u01b0\u1eddng th\u1eadp gi\u00e1 th\u1eadt \u0111\u1eb9p v\u00e0 tinh tuy\u1ec1n nh\u01b0 \u00e1nh tr\u0103ng l\u1ea5p l\u00e1nh tr\u00ean d\u00f2ng s\u00f4ng t\u00ecnh \u00e1i. Th\u1ea5p tho\u00e1ng trong b\u00f3ng t\u1ed1i \u0111au kh\u1ed5, s\u1ee3 h\u00e3i, c\u00f4 \u0111\u01a1n v\u00e0 s\u1ef1 ch\u1ebft l\u00e0 lung linh \u00e1nh s\u00e1ng khoan dung, tha th\u1ee9, b\u00ecnh an v\u00e0 v\u01b0\u1ee3t tho\u00e1t. Trong m\u00e0n \u0111\u00eam c\u1ee7a b\u1ea1o l\u1ef1c v\u00e0 b\u1ea5t c\u00f4ng, b\u1ea7u tr\u1eddi v\u1eabn l\u1ea5p l\u00e1nh \u00e1nh sao c\u1ee7a d\u00e2ng hi\u1ebfn v\u00e0 y\u00eau th\u01b0\u01a1ng. Ng\u01b0\u1edbc l\u00ean v\u00e0 ng\u1eafm nh\u00ecn, ch\u00fang ta c\u00f3 th\u1ec3 nh\u1eadn ra t\u1eebng n\u00e9t ch\u00e2n dung huy\u1ec1n \u1ea3o c\u1ee7a T\u00ecnh Y\u00eau v\u00e0 tr\u00e1i tim c\u1ee7a ch\u00fang ta s\u1ebd nh\u1eadn ra \u0111\u01b0\u1ee3c dung m\u1ea1o c\u1ee7a Ch\u00faa Gi\u00easu y\u00eau th\u01b0\u01a1ng \u0111\u1ebfn c\u00f9ng.<\/p>\n<p>Trong h\u00ecnh h\u00e0i \u0111\u1ea7y th\u01b0\u01a1ng t\u00edch c\u1ee7a \u0110\u1ea5ng Ch\u1ecbu \u0110\u00f3ng \u0110inh, b\u00f3ng t\u1ed1i c\u1ee7a s\u1ef1 th\u1ecbnh n\u1ed9 v\u00e0 th\u00f9 h\u1eadn \u0111\u00e3 nh\u01b0\u1eddng ch\u1ed7 cho \u00e1nh s\u00e1ng c\u1ee7a nh\u00e2n \u00e1i v\u00e0 th\u1ee9 tha. L\u00e0m sao ch\u00fang ta c\u00f3 th\u1ec3 nh\u1eadn ra \u201cCon Ng\u01b0\u1eddi\u201d \u0111\u1eb9p nh\u1ea5t tr\u1ea7n gian, n\u1ebfu ch\u00fang ta kh\u00f4ng nh\u00ecn qua l\u0103ng k\u00ednh c\u1ee7a T\u00ecnh Y\u00eau! Cu\u1ed9c kh\u1ed5 n\u1ea1n c\u1ee7a Ch\u00faa cho ch\u00fang ta m\u1ed9t c\u00e1i nh\u00ecn th\u1eadt th\u00e2m tr\u1ea7m v\u00e0 s\u00e2u s\u1eafc v\u1ec1 s\u1ef1 nguy\u00ean tuy\u1ec1n c\u1ee7a T\u00ecnh Y\u00eau: \u0111\u1ee9ng tr\u00ean s\u1ef1 cu\u1ed3ng n\u1ed9 l\u00e0 thinh l\u1eb7ng, \u0111\u1ee9ng tr\u00ean h\u00e0nh vi b\u1ea1o l\u1ef1c l\u00e0 m\u1ed9t tinh th\u1ea7n b\u00ecnh an, \u0111\u1ee9ng tr\u00ean l\u00f2ng th\u00f9 h\u1eadn l\u00e0 tha th\u1ee9, \u0111\u1ed1i l\u1ea1i th\u00f4 b\u1ea1o l\u00e0 bao dung. T\u00ecnh Y\u00eau l\u00e0m ch\u00fang ta b\u1ee1 ng\u1ee1 v\u00e0 s\u1eedng s\u1ed1t. Ch\u00fang ta th\u00edch ng\u1eafm nh\u00ecn h\u00ecnh \u1ea3nh c\u1ee7a m\u1ed9t t\u00ecnh y\u00eau si\u00eau tho\u00e1t v\u00e0 bay b\u1ed5ng, nh\u01b0ng n\u01a1i Ch\u00faa Gi\u00easu, t\u00ecnh y\u00eau tr\u1edf n\u00ean b\u00ecnh d\u1ecb v\u00e0 g\u1ea7n g\u0169i.<\/p>\n<p>Ch\u00fang ta mong mu\u1ed1n m\u1ed9t t\u00ecnh y\u00eau \u0111\u01b0\u1ee3c nh\u1eadn l\u00e3nh v\u00e0 chi\u1ebfm h\u1eefu, nh\u01b0ng n\u01a1i Ch\u00faa Gi\u00easu, t\u00ecnh y\u00eau l\u1ea1i tr\u1edf th\u00e0nh trao ban v\u00e0 t\u1eeb b\u1ecf. T\u00ecnh y\u00eau l\u00e0 n\u00e9t \u0111\u1eb9p c\u1ee7a s\u1ef1 t\u1ef1 h\u1ea1 v\u00e0 qu\u00ean m\u00ecnh, l\u00e0 d\u00e2ng hi\u1ebfn b\u1eb1ng ch\u00ednh tr\u00e1i tim v\u00e0 tr\u1ecdn v\u1eb9n cu\u1ed9c \u0111\u1eddi. T\u00ecnh y\u00eau kh\u00f4ng l\u00e0 ng\u00f4n t\u1eeb \u0111\u1ec3 k\u1ebft \u00e1n, kh\u00f4ng l\u00e0 v\u0169 kh\u00ed c\u1ee7a b\u1ea1o l\u1ef1c \u0111a \u0111oan. T\u00ecnh y\u00eau l\u00e0 \u00e2m thanh g\u1ee3i c\u1ea3m c\u1ee7a tr\u00e1i tim, l\u00e0 n\u00e9t v\u1ebd thanh tho\u00e1t c\u1ee7a v\u0169 ho\u00e0n v\u00e0 l\u00e0 d\u00f2ng su\u1ed1i c\u1ee7a hoa tr\u00e1i tha th\u1ee9 bao dung. Ch\u00faa Gi\u00easu \u0111\u00e3 l\u00e0m tan ch\u1ea3y m\u1ecdi \u00f4 nh\u01a1 \u0111\u1ed1 k\u1ef5, khi Ng\u01b0\u1eddi \u0111\u1eb7t t\u1ea5t c\u1ea3 trong \u00e1nh s\u00e1ng c\u1ee7a t\u00ecnh y\u00eau. Ngu\u1ed3n su\u1ed1i \u00e2n s\u1ee7ng t\u1eeb t\u00ecnh y\u00eau Ch\u00faa Gi\u00easu l\u00e0m cho m\u1ea3nh \u0111\u1ea5t kh\u00f4 c\u1eb1n c\u1ee7a s\u1ef1 ch\u1ebft tr\u1edf n\u00ean h\u1ed3i sinh v\u00e0 \u0111\u1ea7y tr\u00e0n s\u1ee9c s\u1ed1ng .<\/p>\n<p>Tr\u01b0\u1edbc t\u00ecnh y\u00eau v\u00f4 bi\u00ean c\u1ee7a \u0110\u1ea5ng C\u1ee9u \u0110\u1ed9, con ng\u01b0\u1eddi sao c\u00f3 th\u1ec3 \u0111\u00e1p \u0111\u1ec1n c\u00e2n x\u1ee9ng?<\/p>\n<p>L\u00e0m th\u1ebf n\u00e0o so s\u00e1nh m\u1ed9t gi\u1ecdt n\u01b0\u1edbc nh\u1ecf nhoi v\u1edbi c\u1ea3 \u0111\u1ea1i d\u01b0\u01a1ng m\u00eanh m\u00f4ng v\u00f4 t\u1eadn?<\/p>\n<p>C\u00e1c b\u00e0i \u0111\u1ecdc L\u1eddi Ch\u00faa h\u00f4m nay \u0111\u1ec1u h\u01b0\u1edbng v\u1ec1 m\u1ed9t s\u1ee9 \u0111i\u1ec7p. \u0110\u00f3 l\u00e0 s\u1ee9 \u0111i\u1ec7p t\u00ecnh y\u00eau. Ch\u00faa Gi\u00easu y\u00eau m\u1ebfn Ch\u00faa Cha \u0111\u1ebfn \u0111\u1ed9 v\u00e2ng l\u1eddi \u0111\u00f3n nh\u1eadn c\u00e1i ch\u1ebft th\u1eadp gi\u00e1 v\u00e0 y\u00eau th\u01b0\u01a1ng con ng\u01b0\u1eddi n\u00ean \u0111\u00e3 \u0111\u00f3n nh\u1eadn m\u1ecdi kh\u1ed5 \u0111au c\u1ee7a nh\u00e2n lo\u1ea1i m\u00e0 \u0111\u01b0a l\u00ean c\u00e2y th\u1eadp gi\u00e1 h\u1ea7u ban \u01a1n c\u1ee9u \u0111\u1ed9.<\/p>\n<p>Ch\u00ednh t\u00ecnh y\u00eau, ch\u1ee9 kh\u00f4ng ph\u1ea3i \u0111au kh\u1ed5, \u0111\u00e3 bi\u1ebfn th\u1eadp gi\u00e1 t\u1ee7i nh\u1ee5c th\u00e0nh Th\u00e1nh Gi\u00e1 vinh quang. Ch\u00ednh t\u00ecnh y\u00eau c\u1ee7a Ch\u00faa Gi\u00easu, ch\u1ee9 kh\u00f4ng ph\u1ea3i cu\u1ed9c kh\u1ed5 n\u1ea1n m\u00e0 ch\u00fang ta \u0111\u01b0\u1ee3c C\u1ee9u \u0110\u1ed9 (Ga 3,17), \u0111\u01b0\u1ee3c gi\u1ea3i tho\u00e1t m\u1ecdi x\u00edch xi\u1ec1ng t\u1ed9i l\u1ed7i. Nh\u01b0 v\u1eady, cu\u1ed9c th\u01b0\u01a1ng kh\u00f3 c\u1ee7a Ch\u00faa Gi\u00easu l\u00e0 m\u1ed9t h\u00e0nh tr\u00ecnh c\u1ee7a t\u00ecnh y\u00eau ti\u1ebfn t\u1edbi s\u1ef1 s\u1ed1ng v\u00e0 h\u1ea1nh ph\u00fac cho mu\u00f4n ng\u01b0\u1eddi.<\/p>\n<p>Khi ch\u1ea5p nh\u1eadn mang l\u1ea5y nh\u1eefng kh\u1ed5 \u0111au, nh\u1eefng nh\u1ee5c nh\u00e3 c\u1ee7a c\u00e1i ch\u1ebft Th\u1eadp gi\u00e1, Ch\u00faa Gi\u00easu \u0111\u00e3 tr\u1edf n\u00ean nh\u01b0 h\u1ea1t l\u00faa ph\u1ea3i m\u1ee5c n\u00e1t \u0111i \u0111\u1ec3 cho s\u1ef1 s\u1ed1ng m\u1edbi ph\u00e1t sinh. Nh\u1edd s\u1ef1 ch\u1ebft c\u1ee7a Ng\u01b0\u1eddi m\u00e0 s\u1ef1 s\u1ed1ng \u0111\u1eddi \u0111\u1eddi xu\u1ea5t hi\u1ec7n cho nh\u00e2n lo\u1ea1i. \u0110\u00f3 l\u00e0 \u0111\u1ecbnh lu\u1eadt n\u1ed1i k\u1ebft s\u1ef1 ch\u1ebft v\u00e0 s\u1ef1 s\u1ed1ng. Ch\u1ea5p nh\u1eadn \u0111au kh\u1ed5 v\u00e0 s\u1ef1 ch\u1ebft v\u00ec t\u00ecnh y\u00eau th\u00ec n\u00f3 tr\u1edf th\u00e0nh con \u0111\u01b0\u1eddng d\u1eabn \u0111\u1ebfn s\u1ef1 s\u1ed1ng mu\u00f4n \u0111\u1eddi.<\/p>\n<p>Trong cu\u1ed9c s\u1ed1ng th\u01b0\u1eddng ng\u00e0y, c\u00f3 nh\u1eefng l\u00fac ch\u00fang ta g\u1eb7p \u0111au kh\u1ed5, g\u1eb7p th\u1ea5t b\u1ea1i, g\u1eb7p ngh\u1ecbch c\u1ea3nh. Nhi\u1ec1u l\u00fac m\u00ecnh than tr\u00e1ch Ch\u00faa, nghi ng\u1edd t\u00ecnh y\u00eau c\u1ee7a Ch\u00faa. C\u00f3 ng\u01b0\u1eddi b\u1ecb lung lay \u0111\u1ee9c tin. C\u00f3 ng\u01b0\u1eddi \u0111\u00e3 \u0111\u00e1nh m\u1ea5t \u0111\u1ee9c tin. H\u00e3y chi\u00eam ng\u1eafm \u0111au kh\u1ed5 Ch\u00faa Gi\u00easu trong cu\u1ed9c kh\u1ed5 n\u1ea1n \u0111\u1ec3 v\u1eefng v\u00e0ng v\u01b0\u1ee3t qua th\u1eed th\u00e1ch, b\u0103ng qua gian tru\u00e2n. Qua Th\u1eadp gi\u00e1 m\u1edbi \u0111\u1ea1t t\u1edbi vinh quang Ph\u1ee5c Sinh. H\u00e3y xin \u0111\u01b0\u1ee3c nh\u01b0 Th\u00e1nh Gioan ki\u00ean v\u1eefng d\u01b0\u1edbi ch\u00e2n Th\u1eadp gi\u00e1 \u0111\u1ec3 trung th\u00e0nh v\u1edbi m\u1ed9t t\u00ecnh y\u00eau s\u1eaft son c\u00f9ng Th\u1ea7y Gi\u00easu. H\u00e3y xin \u0111\u01b0\u1ee3c nh\u01b0 \u0110\u1ee9c Maria can \u0111\u1ea3m d\u01b0\u1edbi ch\u00e2n Th\u1eadp gi\u00e1 c\u00f9ng ch\u1ecbu \u0111au th\u01b0\u01a1ng nh\u1ee5c nh\u00e3 v\u1edbi ng\u01b0\u1eddi con y\u00eau.<\/p>\n<p>Con Thi\u00ean Ch\u00faa \u0111\u00e3 g\u00e1nh ch\u1ecbu m\u1ecdi kh\u1ed5 \u0111au c\u1ee7a th\u00e2n ph\u1eadn con ng\u01b0\u1eddi, nh\u01b0ng Ng\u01b0\u1eddi kh\u00f4ng o\u00e1n than, kh\u00f4ng k\u00eau tr\u00e1ch, kh\u00f4ng r\u00ean xi\u1ebft; tr\u00e1i l\u1ea1i, Ng\u01b0\u1eddi \u0111\u00f3n nh\u1eadn kh\u1ed5 \u0111au v\u1edbi m\u1ed9t t\u00ecnh y\u00eau s\u00e2u \u0111\u1eadm: Y\u00eau Ch\u00faa Cha v\u00e0 y\u00eau nh\u00e2n lo\u1ea1i. Ch\u00ednh t\u00ecnh y\u00eau n\u00e0y \u0111\u00e3 bi\u1ebfn kh\u1ed5 \u0111au c\u1ee7a Ng\u01b0\u1eddi n\u00ean ngu\u1ed3n \u01a1n c\u1ee9u r\u1ed7i. T\u00ecnh y\u00eau c\u1ee9u \u0111\u1ed9 c\u1ee7a Ch\u00faa \u0111\u01b0a nh\u00e2n lo\u1ea1i \u0111i t\u1edbi b\u1ebfn b\u1edd h\u1ea1nh ph\u00fac. Ch\u00fang ta h\u00e3y tin y\u00eau Ch\u00faa Gi\u00easu v\u00e0 b\u01b0\u1edbc \u0111i theo Ng\u01b0\u1eddi \u0111\u1ec3 c\u00f3 s\u1ef1 s\u1ed1ng d\u1ed3i d\u00e0o v\u00e0 ni\u1ec1m vui an ho\u00e0.<\/p>\n<p><strong>Lm Giuse Nguy\u1ec5n H\u1eefu An<\/strong><\/p>\n<\/div>\n","protected":false},"excerpt":{"rendered":"<p>L\u1ec4 L\u00c1: CH\u00daA GI\u00caSU CH\u1ebeT TRONG S\u1ef0 V\u00c2NG PH\u1ee4C Th\u1ee9 n\u0103m, 14:52 Ng\u00e0y 11\/04\/2019 Cu\u1ed1n s\u00e1ch \u201cCu\u1ed9c kh\u1ed5 n\u1ea1n c\u1ee7a \u0110\u1ee9c Gi\u00easu qua t\u1ea5m kh\u0103n li\u1ec7m Turin\u201d vi\u1ebft th\u1eadt h\u1ea5p d\u1eabn, t\u00e1i d\u1ef1ng l\u1ea1i cu\u1ed9c kh\u1ed5 n\u1ea1n d\u1ef1a tr\u00ean T\u1ea5m kh\u0103n li\u1ec7m Turin v\u00e0 Tin M\u1eebng, \u0111\u01b0a ng\u01b0\u1eddi \u0111\u1ecdc t\u1eebng b\u01b0\u1edbc \u0111i v\u00e0o cu\u1ed9c th\u01b0\u01a1ng &#8230;<\/p>\n","protected":false},"author":1,"featured_media":0,"parent":0,"menu_order":0,"comment_status":"closed","ping_status":"closed","template":"page-right-sidebar.php","meta":[],"yst_prominent_words":[],"_links":{"self":[{"href":"https:\/\/demo.bmconnect.vn\/caritas\/wp-json\/wp\/v2\/pages\/458"}],"collection":[{"href":"https:\/\/demo.bmconnect.vn\/caritas\/wp-json\/wp\/v2\/pages"}],"about":[{"href":"https:\/\/demo.bmconnect.vn\/caritas\/wp-json\/wp\/v2\/types\/page"}],"author":[{"embeddable":true,"href":"https:\/\/demo.bmconnect.vn\/caritas\/wp-json\/wp\/v2\/users\/1"}],"replies":[{"embeddable":true,"href":"https:\/\/demo.bmconnect.vn\/caritas\/wp-json\/wp\/v2\/comments?post=458"}],"version-history":[{"count":0,"href":"https:\/\/demo.bmconnect.vn\/caritas\/wp-json\/wp\/v2\/pages\/458\/revisions"}],"wp:attachment":[{"href":"https:\/\/demo.bmconnect.vn\/caritas\/wp-json\/wp\/v2\/media?parent=458"}],"wp:term":[{"taxonomy":"yst_prominent_words","embeddable":true,"href":"https:\/\/demo.bmconnect.vn\/caritas\/wp-json\/wp\/v2\/yst_prominent_words?post=458"}],"curies":[{"name":"wp","href":"https:\/\/api.w.org\/{rel}","templated":true}]}}