{"id":310,"date":"2019-04-12T20:49:31","date_gmt":"2019-04-12T13:49:31","guid":{"rendered":"http:\/\/demo.bmconnect.vn\/caritas\/?page_id=310"},"modified":"2019-04-12T22:34:08","modified_gmt":"2019-04-12T15:34:08","slug":"nghi-thuc-gia-nhap","status":"publish","type":"page","link":"https:\/\/demo.bmconnect.vn\/caritas\/caritas-phat-diem\/nghi-thuc-gia-nhap\/","title":{"rendered":"Nghi th\u1ee9c gia nh\u1eadp"},"content":{"rendered":"<p><strong>NGHI TH\u1ee8C GIA NH\u1eacP H\u1ed8I VI\u00caN CARITAS VI\u1ec6T NAM<\/strong><\/p>\n<p><strong>C\u1eed h\u00e0nh ngo\u00e0i Th\u00e1nh l\u1ec5<\/strong><\/p>\n<p>1.\u00a0\u00a0 \u00a0D\u1ea5u Th\u00e1nh Gi\u00e1 (C\u0110 \u0111\u1ee9ng)<\/p>\n<p>2.\u00a0\u00a0 \u00a0Kh\u1ea9n c\u1ea7u Ch\u00faa Th\u00e1nh Th\u1ea7n<\/p>\n<p>&#8211;\u00a0\u00a0 \u00a0ND: Ch\u00fang ta kh\u1ea9n c\u1ea7u Ch\u00faa Th\u00e1nh Th\u1ea7n ng\u1ef1 xu\u1ed1ng tr\u00ean c\u1ed9ng \u0111o\u00e0n ch\u00fang ta, c\u00e1ch ri\u00eang tr\u00ean nh\u1eefng anh ch\u1ecb em s\u1eafp tr\u1edf th\u00e0nh H\u1ed9i vi\u00ean Caritas Vi\u1ec7t Nam, gi\u00fap anh ch\u1ecb em tr\u1edf n\u00ean nh\u1eefng ng\u01b0\u1eddi nhi\u1ec7t th\u00e0nh th\u1ef1c thi b\u00e1c \u00e1i trong Gi\u00e1o h\u1ed9i v\u00e0 x\u00e3 h\u1ed9i.<br \/>\n&#8211;\u00a0\u00a0 \u00a0H\u00e1t ho\u1eb7c \u0111\u1ecdc kinh Ch\u00faa Th\u00e1nh Th\u1ea7n<\/p>\n<p>3.\u00a0\u00a0 \u00a0L\u1eddi nguy\u1ec7n:<\/p>\n<p>&#8211;\u00a0\u00a0CS: L\u1ea1y Thi\u00ean Ch\u00faa l\u00e0 T\u00ecnh Y\u00eau Tuy\u1ec7t \u0110\u1ed1i, Ch\u00faa kh\u00f4ng ng\u1eebng b\u00e0y t\u1ecf l\u00f2ng x\u00f3t th\u01b0\u01a1ng h\u1ea3i h\u00e0 c\u1ee7a Ch\u00faa cho nh\u00e2n lo\u1ea1i, nh\u1ea5t l\u00e0 cho nh\u1eefng ng\u01b0\u1eddi ngh\u00e8o kh\u00f3 v\u00e0 kh\u1ed1n c\u00f9ng. Gi\u1edd \u0111\u00e2y, xin Ch\u00faa gia t\u0103ng \u0111\u1ee9c \u00e1i trong t\u00e2m h\u1ed3n ch\u00fang con, gi\u00fap ch\u00fang con trung th\u00e0nh th\u1ef1c thi Linh \u0111\u1ea1o B\u00e1c \u00e1i c\u1ee7a H\u1ed9i Th\u00e1nh C\u00f4ng Gi\u00e1o, g\u00f3p ph\u1ea7n x\u00e2y d\u1ef1ng x\u00e3 h\u1ed9i theo tinh th\u1ea7n c\u1ee7a Tin M\u1eebng v\u00e0 l\u00e0m ch\u1ee9ng cho t\u00ecnh y\u00eau Ch\u00faa gi\u1eefa l\u00f2ng th\u1ebf gi\u1edbi. Ch\u00fang con c\u1ea7u xin nh\u1edd \u0110\u1ee9c Gi\u00easu Kit\u00f4, Ch\u00faa ch\u00fang con<br \/>\n&#8211;\u00a0\u00a0 \u00a0C\u0110: Amen.<\/p>\n<p>4.\u00a0\u00a0 \u00a0\u0110\u00f4i l\u1eddi c\u1ee7a v\u1ecb ch\u1ee7 s\u1ef1 (M\u1eddi C\u0110 ng\u1ed3i)<\/p>\n<p>5.\u00a0\u00a0 \u00a0\u0110\u1ecdc \u201cQuy\u1ebft \u0111\u1ecbnh x\u00e1c nh\u1eadn t\u01b0 c\u00e1ch H\u1ed9i vi\u00ean Caritas Vi\u1ec7t Nam\u201d<\/p>\n<p>ND: Sau m\u1ed9t th\u1eddi gian t\u00ecm hi\u1ec3u v\u1ec1 Caritas, h\u1ecdc h\u1ecfi nh\u1eefng \u0110i\u1ec1u l\u1ec7 v\u00e0 N\u1ed9i quy c\u0169ng nh\u01b0 th\u1ec3 hi\u1ec7n \u0111\u1eddi s\u1ed1ng b\u00e1c \u00e1i theo tinh th\u1ea7n Kit\u00f4 gi\u00e1o, m\u1ed9t s\u1ed1 anh ch\u1ecb em trong c\u1ed9ng \u0111o\u00e0n ch\u00fang ta \u0111\u00e3 vi\u1ebft \u0111\u01a1n ch\u00ednh th\u1ee9c ghi danh v\u00e0o H\u1ed9i vi\u00ean Caritas Vi\u1ec7t Nam.<br \/>\nV\u1edbi s\u1ef1 x\u00e1c nh\u1eadn c\u1ee7a Gi\u00e1o x\u1ee9, th\u1ec9nh nguy\u1ec7n c\u1ee7a anh ch\u1ecb em \u0111\u00e3 \u0111\u01b0\u1ee3c Caritas Gi\u00e1o ph\u1eadn ch\u1ea5p thu\u1eadn. K\u00ednh m\u1eddi Tr\u01b0\u1edfng ban Caritas Gi\u00e1o x\u1ee9 l\u00ean \u0111\u1ecdc Quy\u1ebft \u0111\u1ecbnh c\u1ee7a Caritas Gi\u00e1o ph\u1eadn.<br \/>\n&#8211;\u00a0\u00a0 \u00a0Tr\u01b0\u1edfng ban Caritas Gi\u00e1o x\u1ee9 \u0110\u1ecdc \u201cQuy\u1ebft \u0111\u1ecbnh\u201d<\/p>\n<p>6.\u00a0\u00a0 \u00a0V\u1ecb ch\u1ee7 s\u1ef1 trao th\u1ebb H\u1ed9i vi\u00ean<\/p>\n<p>&#8211;\u00a0\u00a0M\u1eddi c\u00e1c \u1ee9ng vi\u00ean ti\u1ebfn l\u00ean ph\u00eda tr\u01b0\u1edbc<br \/>\n&#8211;\u00a0 ND: Th\u1ebb H\u1ed9i vi\u00ean l\u00e0 m\u1ed9t b\u1eb1ng ch\u1ee9ng anh ch\u1ecb em thu\u1ed9c v\u1ec1 Caritas Vi\u1ec7t Nam. Anh ch\u1ecb em h\u00e3y th\u1ef1c thi l\u00f2ng b\u00e1c \u00e1i nh\u01b0 Ch\u00faa \u0111\u00e3 d\u1ea1y, \u0111\u1ec3 t\u1ea5m th\u1ebb n\u00e0y mang gi\u00e1 tr\u1ecb th\u1ef1c s\u1ef1 v\u00e0 \u0111\u1eddi s\u1ed1ng c\u1ee7a anh ch\u1ecb em minh ch\u1ee9ng \u0111\u01b0\u1ee3c t\u00ecnh y\u00eau Thi\u00ean Ch\u00faa cho nh\u00e2n lo\u1ea1i.<br \/>\n&#8211;\u00a0\u00a0 \u00a0CS \u0111eo th\u1ebb cho t\u1eebng H\u1ed9i vi\u00ean<\/p>\n<p>7.\u00a0\u00a0 \u00a0C\u00e1c t\u00e2n H\u1ed9i vi\u00ean \u0111\u1ecdc \u201cKinh Qu\u1ea3ng \u0111\u1ea1i\u201d<\/p>\n<p>&#8211;\u00a0\u00a0 \u00a0ND: V\u1edbi quy\u1ebft t\u00e2m b\u01b0\u1edbc theo con \u0111\u01b0\u1eddng th\u1ef1c thi b\u00e1c \u00e1i theo tinh th\u1ea7n Tin M\u1eebng, c\u00e1c t\u00e2n H\u1ed9i vi\u00ean Caritas Vi\u1ec7t Nam s\u1ebd \u0111\u1ecdc l\u00ean L\u1eddi kinh Qu\u1ea3ng \u0111\u1ea1i, l\u00e0 l\u1eddi kinh m\u1ed7i ng\u00e0y d\u00e2ng l\u00ean Ch\u00faa nh\u01b0 m\u1ed9t s\u1ef1 khi\u00eam nh\u01b0\u1eddng t\u00edn th\u00e1c c\u1ee7a anh ch\u1ecb em tr\u01b0\u1edbc s\u1ee9 m\u1ec7nh l\u1edbn lao c\u1ee7a Caritas.<br \/>\n&#8211;\u00a0\u00a0 \u00a0M\u1eddi C\u0110 \u0111\u1ee9ng hi\u1ec7p th\u00f4ng trong l\u1eddi c\u1ea7u nguy\u1ec7n<br \/>\n&#8211;\u00a0\u00a0 \u00a0C\u00e1c t\u00e2n H\u1ed9i vi\u00ean \u0111\u1ecdc l\u1eddi kinh Qu\u1ea3ng \u0111\u1ea1i<\/p>\n<p>8.\u00a0\u00a0 \u00a0H\u00e1t m\u1ed9t b\u00e0i t\u1ea1 \u01a1n<\/p>\n<p>9.\u00a0\u00a0 \u00a0K\u1ebft th\u00fac<\/p>\n<p>&nbsp;<\/p>\n<p><strong>NGHI TH\u1ee8C GIA NH\u1eacP H\u1ed8I VI\u00caN CARITAS VI\u1ec6T NAM<\/strong><\/p>\n<p><strong>C\u1eed h\u00e0nh trong Th\u00e1nh l\u1ec5<\/strong><\/p>\n<p>1.\u00a0\u00a0 \u00a0Sau kinh Tin K\u00ednh, m\u1eddi C\u0110 kh\u1ea9n c\u1ea7u Ch\u00faa Th\u00e1nh Th\u1ea7n<br \/>\n&#8211;\u00a0\u00a0 \u00a0ND: Ch\u00fang ta kh\u1ea9n c\u1ea7u Ch\u00faa Th\u00e1nh Th\u1ea7n ng\u1ef1 xu\u1ed1ng tr\u00ean c\u1ed9ng \u0111o\u00e0n ch\u00fang ta, c\u00e1ch ri\u00eang tr\u00ean nh\u1eefng anh ch\u1ecb em s\u1eafp tr\u1edf th\u00e0nh H\u1ed9i vi\u00ean Caritas Vi\u1ec7t Nam, gi\u00fap anh ch\u1ecb em tr\u1edf n\u00ean nh\u1eefng ng\u01b0\u1eddi nhi\u1ec7t th\u00e0nh th\u1ef1c thi b\u00e1c \u00e1i trong Gi\u00e1o h\u1ed9i v\u00e0 x\u00e3 h\u1ed9i.<br \/>\n&#8211;\u00a0\u00a0 \u00a0H\u00e1t ho\u1eb7c \u0111\u1ecdc kinh Ch\u00faa Th\u00e1nh Th\u1ea7n<\/p>\n<p>2.\u00a0\u00a0 \u00a0L\u1eddi nguy\u1ec7n:<br \/>\n&#8211;\u00a0\u00a0 \u00a0CS: L\u1ea1y Thi\u00ean Ch\u00faa l\u00e0 T\u00ecnh Y\u00eau Tuy\u1ec7t \u0110\u1ed1i, Ch\u00faa kh\u00f4ng ng\u1eebng b\u00e0y t\u1ecf l\u00f2ng x\u00f3t th\u01b0\u01a1ng h\u1ea3i h\u00e0 c\u1ee7a Ch\u00faa cho nh\u00e2n lo\u1ea1i, nh\u1ea5t l\u00e0 cho nh\u1eefng ng\u01b0\u1eddi ngh\u00e8o kh\u00f3 v\u00e0 kh\u1ed1n c\u00f9ng. Gi\u1edd \u0111\u00e2y, xin Ch\u00faa gia t\u0103ng \u0111\u1ee9c \u00e1i trong t\u00e2m h\u1ed3n ch\u00fang con, gi\u00fap ch\u00fang con trung th\u00e0nh th\u1ef1c thi Linh \u0111\u1ea1o B\u00e1c \u00e1i c\u1ee7a H\u1ed9i Th\u00e1nh C\u00f4ng Gi\u00e1o, g\u00f3p ph\u1ea7n x\u00e2y d\u1ef1ng x\u00e3 h\u1ed9i theo tinh th\u1ea7n c\u1ee7a Tin M\u1eebng v\u00e0 l\u00e0m ch\u1ee9ng cho t\u00ecnh y\u00eau Ch\u00faa gi\u1eefa l\u00f2ng th\u1ebf gi\u1edbi. Ch\u00fang con c\u1ea7u xin nh\u1edd \u0110\u1ee9c Gi\u00easu Kit\u00f4, Ch\u00faa ch\u00fang con<br \/>\n&#8211;\u00a0\u00a0 \u00a0C\u0110: Amen.<br \/>\n3.\u00a0\u00a0 \u00a0\u0110\u1ecdc \u201cQuy\u1ebft \u0111\u1ecbnh x\u00e1c nh\u1eadn t\u01b0 c\u00e1ch H\u1ed9i vi\u00ean Caritas Vi\u1ec7t Nam\u201d<br \/>\nND: Sau m\u1ed9t th\u1eddi gian t\u00ecm hi\u1ec3u v\u1ec1 Caritas, h\u1ecdc h\u1ecfi nh\u1eefng \u0110i\u1ec1u l\u1ec7 v\u00e0 N\u1ed9i quy c\u0169ng nh\u01b0 th\u1ec3 hi\u1ec7n \u0111\u1eddi s\u1ed1ng b\u00e1c \u00e1i theo tinh th\u1ea7n Kit\u00f4 gi\u00e1o, m\u1ed9t s\u1ed1 anh ch\u1ecb em trong c\u1ed9ng \u0111o\u00e0n ch\u00fang ta \u0111\u00e3 vi\u1ebft \u0111\u01a1n ch\u00ednh th\u1ee9c ghi danh v\u00e0o H\u1ed9i vi\u00ean Caritas Vi\u1ec7t Nam.<br \/>\nV\u1edbi s\u1ef1 x\u00e1c nh\u1eadn c\u1ee7a Gi\u00e1o x\u1ee9, th\u1ec9nh nguy\u1ec7n c\u1ee7a anh ch\u1ecb em \u0111\u00e3 \u0111\u01b0\u1ee3c Caritas Gi\u00e1o ph\u1eadn ch\u1ea5p thu\u1eadn. K\u00ednh m\u1eddi Tr\u01b0\u1edfng ban Caritas Gi\u00e1o x\u1ee9 l\u00ean \u0111\u1ecdc Quy\u1ebft \u0111\u1ecbnh c\u1ee7a Caritas Gi\u00e1o ph\u1eadn.<br \/>\n&#8211;\u00a0\u00a0 \u00a0Tr\u01b0\u1edfng ban Caritas Gi\u00e1o x\u1ee9 \u0111\u1ecdc \u201cQuy\u1ebft \u0111\u1ecbnh\u201d<br \/>\n4.\u00a0\u00a0 \u00a0V\u1ecb ch\u1ee7 s\u1ef1 trao th\u1ebb H\u1ed9i vi\u00ean<\/p>\n<p>&#8211;\u00a0\u00a0M\u1eddi c\u00e1c \u1ee9ng vi\u00ean ti\u1ebfn l\u00ean ph\u00eda tr\u01b0\u1edbc<br \/>\n&#8211;\u00a0 ND: Th\u1ebb H\u1ed9i vi\u00ean l\u00e0 m\u1ed9t b\u1eb1ng ch\u1ee9ng anh ch\u1ecb em thu\u1ed9c v\u1ec1 Caritas Vi\u1ec7t Nam. Anh ch\u1ecb em h\u00e3y th\u1ef1c thi l\u00f2ng b\u00e1c \u00e1i nh\u01b0 Ch\u00faa \u0111\u00e3 d\u1ea1y, \u0111\u1ec3 t\u1ea5m th\u1ebb n\u00e0y mang gi\u00e1 tr\u1ecb th\u1ef1c s\u1ef1 v\u00e0 \u0111\u1eddi s\u1ed1ng c\u1ee7a anh ch\u1ecb em minh ch\u1ee9ng \u0111\u01b0\u1ee3c t\u00ecnh y\u00eau Thi\u00ean Ch\u00faa cho nh\u00e2n lo\u1ea1i.<br \/>\n&#8211;\u00a0\u00a0 \u00a0CS \u0111eo th\u1ebb cho t\u1eebng H\u1ed9i vi\u00ean<br \/>\n5.\u00a0\u00a0 \u00a0C\u00e1c t\u00e2n H\u1ed9i vi\u00ean \u0111\u1ecdc \u201cL\u1eddi kinh Qu\u1ea3ng \u0111\u1ea1i\u201d<br \/>\n&#8211;\u00a0\u00a0 \u00a0ND: V\u1edbi quy\u1ebft t\u00e2m b\u01b0\u1edbc theo con \u0111\u01b0\u1eddng th\u1ef1c thi b\u00e1c \u00e1i theo tinh th\u1ea7n Tin M\u1eebng, c\u00e1c t\u00e2n H\u1ed9i vi\u00ean Caritas Vi\u1ec7t Nam s\u1ebd \u0111\u1ecdc l\u00ean L\u1eddi kinh Qu\u1ea3ng \u0111\u1ea1i, l\u00e0 l\u1eddi kinh m\u1ed7i ng\u00e0y d\u00e2ng l\u00ean Ch\u00faa nh\u01b0 m\u1ed9t s\u1ef1 khi\u00eam nh\u01b0\u1eddng t\u00edn th\u00e1c c\u1ee7a anh ch\u1ecb em tr\u01b0\u1edbc s\u1ee9 m\u1ec7nh l\u1edbn lao c\u1ee7a Caritas.<br \/>\n&#8211;\u00a0\u00a0 \u00a0M\u1eddi C\u0110 \u0111\u1ee9ng hi\u1ec7p th\u00f4ng trong l\u1eddi c\u1ea7u nguy\u1ec7n<br \/>\n&#8211;\u00a0\u00a0 \u00a0C\u00e1c t\u00e2n H\u1ed9i vi\u00ean \u0111\u1ecdc l\u1eddi kinh Qu\u1ea3ng \u0111\u1ea1i<\/p>\n<p>6.\u00a0\u00a0 \u00a0Th\u00e1nh l\u1ec5 ti\u1ebfp t\u1ee5c v\u1edbi ph\u1ea7n L\u1eddi nguy\u1ec7n t\u00edn h\u1eefu, trong \u0111\u00f3 c\u00f3 1 l\u1eddi nguy\u1ec7n d\u00e0nh cho t\u00e2n H\u1ed9i vi\u00ean Caritas.<\/p>\n<p><em>* M\u1eabu \u0111\u1ec1 ngh\u1ecb mang t\u00ednh tham kh\u1ea3o, Caritas Gi\u00e1o ph\u1eadn v\u00e0 Gi\u00e1o x\u1ee9 c\u00f3 th\u1ec3 so\u1ea1n nghi th\u1ee9c ri\u00eang ph\u00f9 h\u1ee3p v\u1edbi b\u1ed1i c\u1ea3nh \u0111\u1ecba ph\u01b0\u01a1ng.<\/em><\/p>\n","protected":false},"excerpt":{"rendered":"<p>NGHI TH\u1ee8C GIA NH\u1eacP H\u1ed8I VI\u00caN CARITAS VI\u1ec6T NAM C\u1eed h\u00e0nh ngo\u00e0i Th\u00e1nh l\u1ec5 1.\u00a0\u00a0 \u00a0D\u1ea5u Th\u00e1nh Gi\u00e1 (C\u0110 \u0111\u1ee9ng) 2.\u00a0\u00a0 \u00a0Kh\u1ea9n c\u1ea7u Ch\u00faa Th\u00e1nh Th\u1ea7n &#8211;\u00a0\u00a0 \u00a0ND: Ch\u00fang ta kh\u1ea9n c\u1ea7u Ch\u00faa Th\u00e1nh Th\u1ea7n ng\u1ef1 xu\u1ed1ng tr\u00ean c\u1ed9ng \u0111o\u00e0n ch\u00fang ta, c\u00e1ch ri\u00eang tr\u00ean nh\u1eefng anh ch\u1ecb em s\u1eafp tr\u1edf th\u00e0nh H\u1ed9i vi\u00ean Caritas &#8230;<\/p>\n","protected":false},"author":1,"featured_media":0,"parent":61,"menu_order":0,"comment_status":"closed","ping_status":"closed","template":"page-right-sidebar.php","meta":[],"yst_prominent_words":[],"_links":{"self":[{"href":"https:\/\/demo.bmconnect.vn\/caritas\/wp-json\/wp\/v2\/pages\/310"}],"collection":[{"href":"https:\/\/demo.bmconnect.vn\/caritas\/wp-json\/wp\/v2\/pages"}],"about":[{"href":"https:\/\/demo.bmconnect.vn\/caritas\/wp-json\/wp\/v2\/types\/page"}],"author":[{"embeddable":true,"href":"https:\/\/demo.bmconnect.vn\/caritas\/wp-json\/wp\/v2\/users\/1"}],"replies":[{"embeddable":true,"href":"https:\/\/demo.bmconnect.vn\/caritas\/wp-json\/wp\/v2\/comments?post=310"}],"version-history":[{"count":0,"href":"https:\/\/demo.bmconnect.vn\/caritas\/wp-json\/wp\/v2\/pages\/310\/revisions"}],"up":[{"embeddable":true,"href":"https:\/\/demo.bmconnect.vn\/caritas\/wp-json\/wp\/v2\/pages\/61"}],"wp:attachment":[{"href":"https:\/\/demo.bmconnect.vn\/caritas\/wp-json\/wp\/v2\/media?parent=310"}],"wp:term":[{"taxonomy":"yst_prominent_words","embeddable":true,"href":"https:\/\/demo.bmconnect.vn\/caritas\/wp-json\/wp\/v2\/yst_prominent_words?post=310"}],"curies":[{"name":"wp","href":"https:\/\/api.w.org\/{rel}","templated":true}]}}