{"id":306,"date":"2019-04-12T20:49:10","date_gmt":"2019-04-12T13:49:10","guid":{"rendered":"http:\/\/demo.bmconnect.vn\/caritas\/?page_id=306"},"modified":"2019-04-12T22:29:56","modified_gmt":"2019-04-12T15:29:56","slug":"linh-dao-caritas","status":"publish","type":"page","link":"https:\/\/demo.bmconnect.vn\/caritas\/caritas-phat-diem\/linh-dao-caritas\/","title":{"rendered":"Linh \u0111\u1ea1o Caritas"},"content":{"rendered":"<p><strong>1.\u00a0Linh \u0111\u1ea1o l\u00e0 g\u00ec?<\/strong><br \/>\nLinh \u0111\u1ea1o l\u00e0 con \u0111\u01b0\u1eddng trong \u0111\u1eddi s\u1ed1ng n\u1ed9i t\u00e2m d\u1eabn \u0111\u01b0a con ng\u01b0\u1eddi t\u1edbi cu\u1ed9c s\u1ed1ng c\u00f3 \u00fd ngh\u0129a phong ph\u00fa v\u00e0 h\u1ea1nh ph\u00fac vi\u00ean m\u00e3n. Linh \u0111\u1ea1o k\u1ebft tinh nh\u1eefng gi\u00e1o hu\u1ea5n kh\u00f4n ngoan, nh\u1eefng kinh nghi\u1ec7m qu\u00fd b\u00e1u v\u1ec1 tinh th\u1ea7n \u0111\u01b0\u1ee3c hi\u1ec1n nh\u00e2n bao \u0111\u1eddi t\u00edch l\u0169y v\u00e0 l\u01b0u truy\u1ec1n. Nh\u1edd \u0111\u00f3, khi s\u1ed1ng theo linh \u0111\u1ea1o, ng\u01b0\u1eddi ta \u0111\u01b0\u1ee3c khai t\u00e2m m\u1edf tr\u00ed tr\u00ean \u0111\u01b0\u1eddng t\u00ecm v\u1ec1 Ch\u00e2n Thi\u1ec7n M\u1ef9. H\u1ecd k\u00edn m\u00fac t\u1eeb \u0111\u00f3 ngu\u1ed3n l\u1ef1c linh thi\u00eang chi ph\u1ed1i m\u1ecdi ho\u1ea1t \u0111\u1ed9ng trong \u0111\u1eddi m\u00ecnh. Linh \u0111\u1ea1o th\u01b0\u1eddng \u0111\u01b0\u1ee3c c\u00e1c t\u00f4n gi\u00e1o truy\u1ec1n d\u1ea1y v\u00e0 h\u01b0\u1edbng d\u1eabn th\u1ef1c h\u00e0nh.<\/p>\n<p><strong>2.\u00a0Linh \u0111\u1ea1o Ki-t\u00f4 gi\u00e1o<\/strong><br \/>\nLinh \u0111\u1ea1o Ki-t\u00f4 gi\u00e1o \u0111\u1eb7t n\u1ec1n t\u1ea3ng tr\u00ean gi\u00e1o hu\u1ea5n v\u00e0 \u0111\u1eddi s\u1ed1ng c\u1ee7a \u0110\u1ee9c Gi\u00ea-su Ki-t\u00f4, Con Thi\u00ean Ch\u00faa l\u00e0m ng\u01b0\u1eddi, Thi\u00ean Ch\u00faa th\u1eadt v\u00e0 l\u00e0 con ng\u01b0\u1eddi th\u1eadt. \u0110\u1ee9c Gi\u00ea-su l\u00e0 khu\u00f4n m\u1eb7t \u201ch\u1eefu h\u00ecnh c\u1ee7a Ch\u00faa Cha v\u00f4 h\u00ecnh\u201d, l\u00e0 \u201c\u0110\u01b0\u1eddng, l\u00e0 S\u1ef1 th\u1eadt v\u00e0 l\u00e0 S\u1ef1 s\u1ed1ng\u201d (Ga 14,6), d\u1eabn \u0111\u01b0a nh\u00e2n lo\u1ea1i \u0111\u1ebfn c\u00f9ng Thi\u00ean Ch\u00faa Cha.<\/p>\n<p>Ki-t\u00f4 h\u1eefu l\u00e0 ng\u01b0\u1eddi theo linh \u0111\u1ea1o Ki-t\u00f4 gi\u00e1o, t\u1ee9c l\u00e0 b\u01b0\u1edbc theo \u0110\u1ee9c Gi\u00ea-su Ki-t\u00f4, tr\u1edf n\u00ean \u2018\u0111\u1ed3ng h\u00ecnh \u0111\u1ed3ng d\u1ea1ng\u2019 v\u1edbi Ng\u00e0i, chia s\u1ebb ch\u00ednh s\u1ee9c s\u1ed1ng c\u1ee7a Ng\u00e0i. \u01a0n g\u1ecdi, s\u1ee9 m\u1ea1ng c\u1ee7a Ki-t\u00f4 h\u1eefu l\u00e0 l\u00e0m m\u00f4n \u0111\u1ec7 c\u1ee7a \u0110\u1ee9c Gi\u00ea-su, l\u00e0m ch\u1ee9ng nh\u00e2n c\u1ee7a Ng\u00e0i cho tr\u1ea7n gian.<\/p>\n<p>Tuy c\u00f9ng theo \u0110\u1ee9c Gi\u00ea-su, nh\u01b0ng qua d\u00f2ng l\u1ecbch s\u1eed Gi\u00e1o H\u1ed9i, \u0111\u00e3 c\u00f3 nh\u1eefng v\u1ecb th\u00e1nh, nh\u1eefng d\u00f2ng tu,&#8230; v\u1ea1ch ra nh\u1eefng \u2018\u0111\u01b0\u1eddng l\u1ed1i n\u00ean th\u00e1nh\u2019 v\u1edbi \u0111i\u1ec3m nh\u1ea5n m\u1ea1nh kh\u00e1c nhau. Ng\u01b0\u1eddi ta c\u0169ng g\u1ecdi nh\u1eefng \u0111\u01b0\u1eddng l\u1ed1i n\u00e0y l\u00e0 \u2018linh \u0111\u1ea1o\u2019.<\/p>\n<p>D\u01b0\u1edbi s\u1ef1 h\u01b0\u1edbng d\u1eabn c\u1ee7a Ch\u00faa Th\u00e1nh Th\u1ea7n, nh\u1eefng ng\u01b0\u1eddi theo c\u00e1c linh \u0111\u1ea1o \u0111\u00f3 mu\u1ed1n th\u1ec3 hi\u1ec7n m\u1ed9t kh\u00eda c\u1ea1nh ri\u00eang bi\u1ec7t n\u01a1i \u0110\u1ee9c Ki-t\u00f4. M\u1ed7i linh \u0111\u1ea1o l\u00e0 m\u1ed9t h\u01b0\u1edbng \u0111i, m\u1ed9t c\u00e1ch s\u1ed1ng ri\u00eang, \u0111\u1ec3 \u0111\u01b0a c\u00e1c gi\u00e1 tr\u1ecb cao si\u00eau c\u1ee7a Tin M\u1eebng th\u00e2m nh\u1eadp v\u00e0 bi\u1ebfn \u0111\u1ed5i t\u1eeb b\u00ean trong nh\u1eefng b\u1ed1i c\u1ea3nh v\u0103n ho\u00e1, kinh t\u1ebf, ch\u00ednh tr\u1ecb, x\u00e3 h\u1ed9i, \u0111\u1ecba l\u00fd kh\u00e1c bi\u1ec7t.<\/p>\n<p>Ch\u00faa Th\u00e1nh Th\u1ea7n h\u1eb1ng g\u00ecn gi\u1eef, h\u01b0\u1edbng d\u1eabn v\u00e0 canh t\u00e2n H\u1ed9i Th\u00e1nh trong cu\u1ed9c h\u00e0nh tr\u00ecnh \u0111\u1ee9c tin tr\u00ean tr\u1ea7n gian n\u00e0y.<br \/>\nM\u1ecdi Ki-t\u00f4 h\u1eefu, nh\u1edd b\u00ed t\u00edch Th\u00e1nh T\u1ea9y, \u0111\u01b0\u1ee3c m\u1eddi g\u1ecdi th\u1ef1c thi s\u1ee9 m\u1ea1ng c\u1ee7a Gi\u00e1o H\u1ed9i. B\u1edfi v\u1eady d\u00f9 theo linh \u0111\u1ea1o n\u00e0o, th\u00ec s\u1ed1ng \u201clinh \u0111\u1ea1o\u201d ph\u1ea3i l\u00e0 \u2018s\u1ed1ng theo Th\u1ea7n Kh\u00ed\u2019 (Rm 8,4) v\u00e0 s\u1ed1ng trong s\u1ef1 hi\u1ec7p th\u00f4ng v\u1edbi H\u1ed9i Th\u00e1nh. N\u00f3i th\u1ebf c\u00f3 ngh\u0129a l\u00e0, h\u1ecd ph\u1ea3i s\u1ed1ng \u0111\u1ee9c tin, th\u1ef1c thi l\u00f2ng m\u1ebfn Ch\u00faa y\u00eau ng\u01b0\u1eddi theo m\u1eabu g\u01b0\u01a1ng c\u1ee7a Ch\u00faa Kit\u00f4 d\u01b0\u1edbi s\u1ef1 h\u01b0\u1edbng d\u1eabn c\u1ee7a Ch\u00faa Th\u00e1nh Th\u1ea7n. H\u1ecd ph\u1ea3i \u0111\u01b0\u1ee3c Gi\u00e1o H\u1ed9i l\u00e0 M\u1eb9 v\u00e0 Th\u1ea7y d\u1ea1y d\u1ed7 b\u1eb1ng l\u1eddi gi\u00e1o hu\u1ea5n v\u00e0 nu\u00f4i d\u01b0\u1ee1ng b\u1eb1ng \u00e2n s\u1ee7ng c\u1ee7a c\u00e1c b\u00ed t\u00edch v\u00e0 L\u1eddi Ch\u00faa.<\/p>\n<p><strong>3.\u00a0Linh \u0111\u1ea1o Caritas<\/strong><br \/>\n\u2018Caritas\u2019 l\u00e0 ti\u1ebfng La-tinh, c\u00f3 ngh\u0129a l\u00e0: b\u00e1c \u00e1i, t\u00ecnh y\u00eau r\u1ed9ng l\u1edbn. Caritas l\u00e0 t\u1ed5 ch\u1ee9c trong Gi\u00e1o H\u1ed9i C\u00f4ng gi\u00e1o c\u00f3 nhi\u1ec7m v\u1ee5 \u0111i\u1ec1u ph\u1ed1i, c\u1ed5 v\u00f5 vi\u1ec7c th\u1ef1c thi b\u00e1c \u00e1i x\u00e3 h\u1ed9i. V\u00ec v\u1eady, Caritas kh\u00f4ng ph\u1ea3i l\u00e0 m\u1ed9t c\u01a1 quan t\u1eeb thi\u1ec7n x\u00e3 h\u1ed9i thu\u1ea7n tu\u00fd, v\u00e0 h\u1ed9i vi\u00ean Caritas c\u0169ng kh\u00f4ng l\u00e0m vi\u1ec7c b\u00e1c \u00e1i v\u1edbi c\u00f9ng m\u1ed9t \u0111\u1ed9ng l\u1ef1c v\u00e0 \u00fd h\u01b0\u1edbng hay c\u00e1ch th\u1ebf nh\u01b0 m\u1ed9t nh\u00e2n vi\u00ean c\u00f4ng t\u00e1c x\u00e3 h\u1ed9i. Nh\u01b0 m\u1ecdi ho\u1ea1t \u0111\u1ed9ng c\u1ee7a Gi\u00e1o H\u1ed9i, ho\u1ea1t \u0111\u1ed9ng c\u1ee7a Caritas ph\u1ea3i \u0111\u01b0\u1ee3c th\u00fac \u0111\u1ea9y b\u1edfi Ch\u00faa Th\u00e1nh Th\u1ea7n. Do \u0111\u00f3, Caritas c\u00f3 m\u1ed9t \u2018linh \u0111\u1ea1o\u2019 \u0111\u1ec3 h\u01b0\u1edbng d\u1eabn \u0111\u1eddi s\u1ed1ng c\u1ee7a ng\u01b0\u1eddi l\u00e0m c\u00f4ng t\u00e1c b\u00e1c \u00e1i x\u00e3 h\u1ed9i. S\u1ed1ng \u201clinh \u0111\u1ea1o Caritas\u201d l\u00e0 s\u1ed1ng d\u01b0\u1edbi t\u00e1c \u0111\u1ed9ng c\u1ee7a Ch\u00faa Th\u00e1nh Th\u1ea7n, \u0110\u1ea5ng l\u00e0m cho h\u1ecd tham d\u1ef1 m\u1ed9t c\u00e1ch trung th\u00e0nh v\u00e0 tin t\u01b0\u1edfng v\u00e0o s\u1ee9 m\u1ea1ng c\u1ee7a Ch\u00faa Ki-t\u00f4 l\u00e0 y\u00eau th\u01b0\u01a1ng m\u1ecdi ng\u01b0\u1eddi, \u0111\u1eb7c bi\u1ec7t nh\u1eefng ng\u01b0\u1eddi ngh\u00e8o, ng\u01b0\u1eddi \u0111au kh\u1ed5 b\u1ec7nh t\u1eadt, ng\u01b0\u1eddi b\u1ecb b\u1ecf r\u01a1i. L\u1eddi Ch\u00faa, truy\u1ec1n th\u1ed1ng v\u00e0 gi\u00e1o hu\u1ea5n v\u1ec1 b\u00e1c \u00e1i c\u1ee7a H\u1ed9i Th\u00e1nh l\u00e0 su\u1ed1i ngu\u1ed3n cho linh \u0111\u1ea1o Caritas.<\/p>\n<p><strong>4.\u00a0Linh \u0111\u1ea1o Caritas Vi\u1ec7t Nam<\/strong><br \/>\nL\u00e0 ng\u01b0\u1eddi Vi\u1ec7t Nam, ch\u00fang ta k\u1ebf th\u1eeba truy\u1ec1n th\u1ed1ng \u0111\u1ea1o \u0111\u1ee9c d\u00e2n t\u1ed9c v\u1ed1n \u0111\u1ec1 cao l\u00f2ng hi\u1ebfu th\u1ea3o, t\u00ecnh gia t\u1ed9c, t\u00ecnh l\u00e0ng ngh\u0129a x\u00f3m, t\u00ecnh \u0111\u1ed3ng h\u01b0\u01a1ng \u0111\u1ed3ng b\u00e0o, m\u1ed1i t\u01b0\u01a1ng th\u00e2n t\u01b0\u01a1ng \u00e1i, \u2018l\u00e1 l\u00e0nh \u0111\u00f9m l\u00e1 r\u00e1ch\u2019, t\u00f4n tr\u1ecdng s\u1ef1 h\u00e0i ho\u00e0, v\u00e0 c\u00e1c sinh ho\u1ea1t c\u1ed9ng \u0111\u1ed3ng. H\u1ed9i vi\u00ean Caritas tr\u00e2n tr\u1ecdng gi\u1eef g\u00ecn nh\u1eefng n\u00e9t v\u0103n ho\u00e1 \u0111\u00f3 v\u00e0 l\u00e0m cho \u0111\u1eb9p th\u00eam b\u1eb1ng c\u00e1ch s\u1ed1ng linh \u0111\u1ea1o c\u1ee7a m\u00ecnh. Linh \u0111\u1ea1o Caritas v\u1ea1ch ra cho m\u1ecdi ng\u01b0\u1eddi con \u0111\u01b0\u1eddng n\u00ean th\u00e1nh b\u1eb1ng c\u00e1ch nh\u1edd \u00e1nh s\u00e1ng v\u00e0 s\u1ee9c m\u1ea1nh c\u1ee7a Ch\u00faa Th\u00e1nh Th\u1ea7n, s\u1ed1ng v\u00e0 tr\u1edf n\u00ean hi\u1ec7n th\u00e2n c\u1ee7a t\u00ecnh y\u00eau Thi\u00ean Ch\u00faa Ba Ng\u00f4i trong x\u00e3 h\u1ed9i Vi\u1ec7t Nam ng\u00e0y h\u00f4m nay.<\/p>\n<p>N\u1ec1n t\u1ea3ng linh \u0111\u1ea1o n\u00e0y l\u00e0 t\u00ecnh y\u00eau c\u1ee7a Thi\u00ean Ch\u00faa Ba Ng\u00f4i: Ch\u00faa Cha, Ch\u00faa Con v\u00e0 Ch\u00faa Th\u00e1nh Th\u1ea7n. \u201cThi\u00ean Ch\u00faa l\u00e0 T\u00ecnh Y\u00eau. M\u1ecdi s\u1ef1 \u0111\u1ec1u b\u1eaft ngu\u1ed3n t\u1eeb t\u00ecnh y\u00eau Thi\u00ean Ch\u00faa, m\u1ecdi s\u1ef1 \u0111\u1ec1u \u0111\u01b0\u1ee3c \u0111\u1ecbnh h\u00ecnh b\u1edfi t\u00ecnh y\u00eau \u1ea5y, v\u00e0 m\u1ecdi s\u1ef1 \u0111\u1ec1u quy h\u01b0\u1edbng v\u1ec1 t\u00ecnh y\u00eau \u1ea5y.\u201d \u00a0\u0110\u1ec3 hi\u1ec3u bi\u1ebft t\u00ecnh y\u00eau Thi\u00ean Ch\u00faa, h\u1ed9i vi\u00ean Caritas Vi\u1ec7t Nam \u0111\u01b0\u1ee3c m\u1eddi g\u1ecdi chi\u00eam ng\u01b0\u1ee1ng v\u00e0 b\u1eaft ch\u01b0\u1edbc Ch\u00faa Gi\u00ea-su Ki-t\u00f4, Hi\u1ec7n Th\u00e2n T\u00ecnh Y\u00eau Ch\u00faa tr\u00ean tr\u1ea7n gian. N\u01a1i Ng\u00e0i, ch\u00fang ta nh\u1eadn ra:<br \/>\nM\u1ed9t Thi\u00ean Ch\u00faa Nh\u1eadp Th\u1ec3 lu\u00f4n s\u1eb5n s\u00e0ng ra kh\u1ecfi ch\u00ednh m\u00ecnh:<\/p>\n<p>&#8211;\u00a0\u00a0 \u00a0s\u1eb5n s\u00e0ng t\u1ef1 h\u1ea1 v\u00e0 h\u1ee7y m\u00ecnh ra kh\u00f4ng,<br \/>\n&#8211;\u00a0\u00a0 \u00a0t\u1ef1 \u0111\u1ed3ng ho\u00e1 m\u00ecnh v\u1edbi ng\u01b0\u1eddi h\u00e8n m\u1ecdn,<br \/>\n&#8211;\u00a0\u00a0 \u00a0\u0111\u1ec3 cho con ng\u01b0\u1eddi \u0111\u01b0\u1ee3c l\u00e0m con Thi\u00ean Ch\u00faa;<\/p>\n<p>M\u1ed9t Thi\u00ean Ch\u00faa hi\u1ec7p th\u00f4ng:<br \/>\n&#8211;\u00a0\u00a0 \u00a0n\u00ean m\u1ed9t v\u1edbi Ch\u00faa Cha v\u00e0 Ch\u00faa Th\u00e1nh Th\u1ea7n,<br \/>\n&#8211;\u00a0\u00a0 \u00a0\u201chy sinh th\u00e2n m\u00ecnh, ph\u00e1 \u0111\u1ed5 b\u1ee9c t\u01b0\u1eddng ng\u0103n c\u00e1ch l\u00e0 s\u1ef1 th\u00f9 gh\u00e9t\u201d (Ep 2,14),<br \/>\n&#8211;\u00a0\u00a0 \u00a0\u0111\u1ec3 quy t\u1ee5 nh\u00e2n lo\u1ea1i v\u00e0o trong gia \u0111\u00ecnh Thi\u00ean Ch\u00faa;<\/p>\n<p>M\u1ed9t Thi\u00ean Ch\u00faa T\u00ecnh Y\u00eau quy\u1ebft \u0111\u1ecbnh tr\u1edf n\u00ean ng\u01b0\u1eddi ngh\u00e8o:<br \/>\n&#8211;\u00a0\u00a0 \u00a0g\u1ea7n g\u0169i v\u1edbi t\u1ed9i nh\u00e2n v\u00e0 k\u1ebb kh\u1ed1n c\u00f9ng,<br \/>\n&#8211;\u00a0\u00a0 \u00a0hi\u1ebfn th\u00e2n ch\u1ecbu ch\u1ebft tr\u00ean c\u00e2y th\u1eadp gi\u00e1,<br \/>\n&#8211;\u00a0\u00a0 \u00a0\u0111\u1ec3 cho mu\u00f4n ng\u01b0\u1eddi \u0111\u01b0\u1ee3c \u201cs\u1ed1ng v\u00e0 s\u1ed1ng d\u1ed3i d\u00e0o\u201d (Ga 10,10).<\/p>\n<p>\u0110i\u1ec1u r\u1ea5t quan tr\u1ecdng l\u00e0 ng\u01b0\u1eddi h\u1ed9i vi\u00ean ph\u1ea3i s\u1ed1ng k\u1ebft hi\u1ec7p v\u1edbi Ch\u00faa Gi\u00ea-su Ki-t\u00f4, c\u00e1ch ri\u00eang, g\u1eb7p\u00a0g\u1ee1\u00a0Ng\u00e0i trong b\u00ed t\u00edch Th\u00e1nh Th\u1ec3, \u0111\u1ec3 Ng\u00e0i \u0111\u1ed5i m\u1edbi t\u00e2m h\u1ed3n v\u00e0 th\u00fac \u0111\u1ea9y h\u1ecd l\u00e0m s\u1ee9 gi\u1ea3 t\u00ecnh y\u00eau v\u00e0 ch\u1ee9ng nh\u00e2n Tin M\u1eebng c\u1ee7a Ng\u00e0i. H\u1ed9i vi\u00ean Caritas ho\u1ea1t \u0111\u1ed9ng m\u1edf N\u01b0\u1edbc Ch\u00faa \u1edf kh\u1eafp m\u1ecdi n\u01a1i v\u00e0 cho m\u1ecdi ng\u01b0\u1eddi nh\u01b0ng \u0111\u1ed1i t\u01b0\u1ee3ng Caritas ph\u1ee5c v\u1ee5 c\u00e1ch \u0111\u1eb7c bi\u1ec7t l\u00e0 ng\u01b0\u1eddi ngh\u00e8o, ngh\u00e8o v\u1ec1 v\u1eadt ch\u1ea5t c\u0169ng nh\u01b0 tinh th\u1ea7n. Vi\u1ec7c b\u00e1c \u00e1i trong Caritas, k\u1ebf th\u1eeba truy\u1ec1n th\u1ed1ng th\u1ef1c thi b\u00e1c \u00e1i v\u00e0 d\u1ef1a tr\u00ean h\u1ecdc thuy\u1ebft x\u00e3 h\u1ed9i c\u1ee7a H\u1ed9i Th\u00e1nh, l\u00e0 vi\u1ec7c b\u00e1c \u00e1i c\u00f3 t\u1ed5 ch\u1ee9c n\u1eb1m trong c\u01a1 c\u1ea5u c\u1ee7a H\u1ed9i Th\u00e1nh \u0111\u1ecba ph\u01b0\u01a1ng c\u0169ng nh\u01b0 H\u1ed9i Th\u00e1nh to\u00e0n c\u1ea7u.<\/p>\n","protected":false},"excerpt":{"rendered":"<p>1.\u00a0Linh \u0111\u1ea1o l\u00e0 g\u00ec? Linh \u0111\u1ea1o l\u00e0 con \u0111\u01b0\u1eddng trong \u0111\u1eddi s\u1ed1ng n\u1ed9i t\u00e2m d\u1eabn \u0111\u01b0a con ng\u01b0\u1eddi t\u1edbi cu\u1ed9c s\u1ed1ng c\u00f3 \u00fd ngh\u0129a phong ph\u00fa v\u00e0 h\u1ea1nh ph\u00fac vi\u00ean m\u00e3n. Linh \u0111\u1ea1o k\u1ebft tinh nh\u1eefng gi\u00e1o hu\u1ea5n kh\u00f4n ngoan, nh\u1eefng kinh nghi\u1ec7m qu\u00fd b\u00e1u v\u1ec1 tinh th\u1ea7n \u0111\u01b0\u1ee3c hi\u1ec1n nh\u00e2n bao \u0111\u1eddi t\u00edch l\u0169y &#8230;<\/p>\n","protected":false},"author":1,"featured_media":0,"parent":61,"menu_order":0,"comment_status":"closed","ping_status":"closed","template":"page-right-sidebar.php","meta":[],"yst_prominent_words":[],"_links":{"self":[{"href":"https:\/\/demo.bmconnect.vn\/caritas\/wp-json\/wp\/v2\/pages\/306"}],"collection":[{"href":"https:\/\/demo.bmconnect.vn\/caritas\/wp-json\/wp\/v2\/pages"}],"about":[{"href":"https:\/\/demo.bmconnect.vn\/caritas\/wp-json\/wp\/v2\/types\/page"}],"author":[{"embeddable":true,"href":"https:\/\/demo.bmconnect.vn\/caritas\/wp-json\/wp\/v2\/users\/1"}],"replies":[{"embeddable":true,"href":"https:\/\/demo.bmconnect.vn\/caritas\/wp-json\/wp\/v2\/comments?post=306"}],"version-history":[{"count":0,"href":"https:\/\/demo.bmconnect.vn\/caritas\/wp-json\/wp\/v2\/pages\/306\/revisions"}],"up":[{"embeddable":true,"href":"https:\/\/demo.bmconnect.vn\/caritas\/wp-json\/wp\/v2\/pages\/61"}],"wp:attachment":[{"href":"https:\/\/demo.bmconnect.vn\/caritas\/wp-json\/wp\/v2\/media?parent=306"}],"wp:term":[{"taxonomy":"yst_prominent_words","embeddable":true,"href":"https:\/\/demo.bmconnect.vn\/caritas\/wp-json\/wp\/v2\/yst_prominent_words?post=306"}],"curies":[{"name":"wp","href":"https:\/\/api.w.org\/{rel}","templated":true}]}}