{"id":223,"date":"2019-03-09T23:41:31","date_gmt":"2019-03-09T16:41:31","guid":{"rendered":"http:\/\/demo.bmconnect.vn\/camera2\/?post_type=product&#038;p=223"},"modified":"2019-03-15T18:15:08","modified_gmt":"2019-03-15T11:15:08","slug":"webvision-a69-man-hinh-android-da-nang-thong-minh","status":"publish","type":"product","link":"https:\/\/demo.bmconnect.vn\/camera2\/san-pham\/webvision-a69-man-hinh-android-da-nang-thong-minh\/","title":{"rendered":"WEBVISION A69 \u2013 M\u00e0n h\u00ecnh Android \u0111a n\u0103ng th\u00f4ng minh"},"content":{"rendered":"<p>Camera h\u00e0nh tr\u00ecnh v\u1ed1n \u0111\u00e3 kh\u00f4ng c\u00f2n xa l\u1ea1 v\u1edbi t\u00e0i x\u1ebf Vi\u1ec7t tuy nhi\u00ean v\u1edbi thi\u1ebft k\u1ebf m\u1edbi m\u1ebb c\u1ee7a nh\u1eefng d\u00f2ng xe \u0111ang xu\u1ea5t hi\u1ec7n tr\u00ean th\u1ecb tr\u01b0\u1eddng \u0111\u00f2i h\u1ecfi m\u1ed9t lo\u1ea1i camera kh\u00f4ng nh\u1eefng \u0111\u1ea3m b\u1ea3o v\u1ec1 m\u1eb7t t\u00ednh n\u0103ng m\u00e0 c\u00f2n \u0111\u00e1p \u1ee9ng \u0111\u01b0\u1ee3c y\u00eau c\u1ea7u v\u1ec1 v\u1ecb tr\u00ed l\u1eafp \u0111\u1eb7t. V\u00ec v\u1eady Webvision \u0111\u00e3 cho ra \u0111\u1eddi d\u00f2ng s\u1ea3n ph\u1ea9m camera h\u00e0nh tr\u00ecnh Webvision A69 v\u1edbi v\u1ecb tr\u00ed l\u1eafp \u0111\u1eb7t linh ho\u1ea1t nh\u01b0ng v\u1eabn \u0111\u1ea3m b\u1ea3o \u0111em l\u1ea1i cho kh\u00e1ch h\u00e0ng nh\u1eefng t\u00ednh n\u0103ng v\u01b0\u1ee3t tr\u1ed9i.<\/p>\n<figure id=\"attachment_9642\" class=\"wp-caption aligncenter\"><img loading=\"lazy\" class=\"wp-image-9642 size-medium lazy-load-active\" src=\"https:\/\/webvision.vn\/wp-content\/uploads\/2018\/10\/1-2-800x312.jpg\" sizes=\"(max-width: 800px) 100vw, 800px\" srcset=\"https:\/\/webvision.vn\/wp-content\/uploads\/2018\/10\/1-2-800x312.jpg 800w, https:\/\/webvision.vn\/wp-content\/uploads\/2018\/10\/1-2-768x300.jpg 768w, https:\/\/webvision.vn\/wp-content\/uploads\/2018\/10\/1-2-1400x547.jpg 1400w\" alt=\"\" width=\"800\" height=\"312\" data-src=\"https:\/\/webvision.vn\/wp-content\/uploads\/2018\/10\/1-2-800x312.jpg\" data-srcset=\"https:\/\/webvision.vn\/wp-content\/uploads\/2018\/10\/1-2-800x312.jpg 800w, https:\/\/webvision.vn\/wp-content\/uploads\/2018\/10\/1-2-768x300.jpg 768w, https:\/\/webvision.vn\/wp-content\/uploads\/2018\/10\/1-2-1400x547.jpg 1400w\" \/><figcaption class=\"wp-caption-text\"><em>Cu\u1ed1n h\u00fat ngay t\u1eeb \u00e1nh nh\u00ecn \u0111\u1ea7u ti\u00ean v\u1edbi thi\u1ebft k\u1ebf sang tr\u1ecdng, tr\u1ebb trung th\u00edch h\u1ee3p v\u1edbi m\u1ecdi nhu c\u1ea7u c\u1ee7a ng\u01b0\u1eddi d\u00f9ng c\u0169ng nh\u01b0 thi\u1ebft k\u1ebf c\u1ee7a t\u1eebng lo\u1ea1i xe \u1edf nhi\u1ec1u ph\u00e2n kh\u00fac kh\u00e1c nhau.<\/em><\/figcaption><\/figure>\n<figure id=\"attachment_9685\" class=\"wp-caption alignnone\"><img loading=\"lazy\" class=\"wp-image-9685 size-medium lazy-load-active\" src=\"https:\/\/webvision.vn\/wp-content\/uploads\/2018\/07\/2-1-1-800x400.jpg\" sizes=\"(max-width: 800px) 100vw, 800px\" srcset=\"https:\/\/webvision.vn\/wp-content\/uploads\/2018\/07\/2-1-1-800x400.jpg 800w, https:\/\/webvision.vn\/wp-content\/uploads\/2018\/07\/2-1-1-768x384.jpg 768w, https:\/\/webvision.vn\/wp-content\/uploads\/2018\/07\/2-1-1.jpg 1400w\" alt=\"\" width=\"800\" height=\"400\" data-src=\"https:\/\/webvision.vn\/wp-content\/uploads\/2018\/07\/2-1-1-800x400.jpg\" data-srcset=\"https:\/\/webvision.vn\/wp-content\/uploads\/2018\/07\/2-1-1-800x400.jpg 800w, https:\/\/webvision.vn\/wp-content\/uploads\/2018\/07\/2-1-1-768x384.jpg 768w, https:\/\/webvision.vn\/wp-content\/uploads\/2018\/07\/2-1-1.jpg 1400w\" \/><figcaption class=\"wp-caption-text\"><em>Th\u00f4ng th\u01b0\u1eddng camera cho \u00f4 t\u00f4 th\u01b0\u1eddng \u0111\u01b0\u1ee3c l\u1eafp \u0111\u1eb7t hit l\u00ean m\u1eb7t k\u00ednh ch\u1eafn gi\u00f3 ho\u1eb7c \u0111\u1eb7t tr\u00ean m\u1eb7t taplo c\u1ee7a xe. \u0110\u1ed1i v\u1edbi nh\u1eefng d\u00f2ng xe c\u1ee7a Mazda hay Mercedes m\u1eb7t taplo kh\u00f4ng \u0111\u01b0\u1ee3c b\u1eb3ng ph\u1eb3ng r\u1ea5t kh\u00f3 \u0111\u1ec3 \u0111\u1eb7t camera l\u00ean tr\u00ean trong th\u1eddi gian d\u00e0i. V\u00ec v\u1eady Webvision \u0111\u00e3 cho ra \u0111\u1eddi d\u00f2ng camera h\u00e0nh tr\u00ecnh v\u1edbi v\u1ecb tr\u00ed l\u1eafp \u0111\u1eb7t linh ho\u1ea1t gi\u00fap t\u00e0i x\u1ebf d\u1ec5 d\u00e0ng thay \u0111\u1ed5i v\u1ecb tr\u00ed thi\u1ebft b\u1ecb theo nhu c\u1ea7u ho\u1eb7c s\u1edf th\u00edch.<\/em><\/figcaption><\/figure>\n<p><strong>T\u00ednh n\u0103ng n\u1ed5i b\u1eadt<\/strong><\/p>\n<hr \/>\n<p><strong>Ghi h\u00ecnh tr\u01b0\u1edbc sau c\u00f9ng l\u00fac<\/strong><\/p>\n<p>Webvision A69 thi\u1ebft k\u1ebf hai m\u1eaft ghi h\u00ecnh tr\u01b0\u1edbc v\u00e0 sau xe gi\u00fap t\u00e0i x\u1ebf c\u00f3 t\u1ea7m nh\u00ecn bao qu\u00e1t nh\u1ea5t xung quanh chi\u1ebfc xe c\u1ee7a m\u00ecnh. Ghi h\u00ecnh \u1edf ch\u1ebf \u0111\u1ed9 Full HD 1080P v\u1edbi g\u00f3c quay 140 \u0111\u1ed9 r\u1ed9ng h\u01a1n so v\u1edbi phi\u00ean b\u1ea3n tr\u01b0\u1edbc, t\u1ea5t c\u1ea3 c\u00e1c h\u00ecnh \u1ea3nh \u0111\u1ec1u \u0111\u01b0\u1ee3c camera thu l\u1ea1i m\u1ed9t c\u00e1ch r\u00f5 n\u00e9t, ch\u00e2n th\u1ef1c ngay c\u1ea3 trong \u0111i\u1ec1u ki\u1ec7n kh\u1eafc nghi\u1ec7t nh\u01b0 th\u1eddi ti\u1ebft x\u1ea5u, thi\u1ebfu ho\u1eb7c l\u1ed1p s\u00e1ng.<\/p>\n<p><img loading=\"lazy\" class=\"alignnone size-medium wp-image-9686 lazy-load-active\" src=\"https:\/\/webvision.vn\/wp-content\/uploads\/2018\/07\/e4-800x331.jpg\" sizes=\"(max-width: 800px) 100vw, 800px\" srcset=\"https:\/\/webvision.vn\/wp-content\/uploads\/2018\/07\/e4-800x331.jpg 800w, https:\/\/webvision.vn\/wp-content\/uploads\/2018\/07\/e4-768x318.jpg 768w, https:\/\/webvision.vn\/wp-content\/uploads\/2018\/07\/e4.jpg 1369w\" alt=\"\" width=\"800\" height=\"331\" data-src=\"https:\/\/webvision.vn\/wp-content\/uploads\/2018\/07\/e4-800x331.jpg\" data-srcset=\"https:\/\/webvision.vn\/wp-content\/uploads\/2018\/07\/e4-800x331.jpg 800w, https:\/\/webvision.vn\/wp-content\/uploads\/2018\/07\/e4-768x318.jpg 768w, https:\/\/webvision.vn\/wp-content\/uploads\/2018\/07\/e4.jpg 1369w\" \/><\/p>\n<p><strong>H\u00ecnh \u1ea3nh ch\u00e2n th\u1ef1c<\/strong><\/p>\n<p>N\u00e2ng c\u1ea5p m\u1eaft sau v\u1edbi ch\u1ebf \u0111\u1ed9 ghi h\u00ecnh Full HD 720p, chip x\u1eed l\u00fd MT6735 cao c\u1ea5p nh\u1ea5t th\u1ecb tr\u01b0\u1eddng camera h\u00e0nh tr\u00ecnh \u00f4 t\u00f4. X\u1eed l\u00fd h\u00ecnh \u1ea3nh c\u1ef1c n\u00e9t c\u1ea3 tr\u01b0\u1edbc v\u00e0 sau, c\u1ea3 ng\u00e0y l\u1eabn \u0111\u00eam.<\/p>\n","protected":false},"excerpt":{"rendered":"<p>Camera h\u00e0nh tr\u00ecnh v\u1ed1n \u0111\u00e3 kh\u00f4ng c\u00f2n xa l\u1ea1 v\u1edbi t\u00e0i x\u1ebf Vi\u1ec7t tuy nhi\u00ean v\u1edbi thi\u1ebft k\u1ebf m\u1edbi m\u1ebb c\u1ee7a nh\u1eefng d\u00f2ng xe \u0111ang xu\u1ea5t hi\u1ec7n tr\u00ean th\u1ecb tr\u01b0\u1eddng \u0111\u00f2i h\u1ecfi m\u1ed9t lo\u1ea1i camera kh\u00f4ng nh\u1eefng \u0111\u1ea3m b\u1ea3o v\u1ec1 m\u1eb7t t\u00ednh n\u0103ng m\u00e0 c\u00f2n \u0111\u00e1p \u1ee9ng \u0111\u01b0\u1ee3c y\u00eau c\u1ea7u v\u1ec1 v\u1ecb tr\u00ed l\u1eafp \u0111\u1eb7t. &#8230;<\/p>\n","protected":false},"featured_media":224,"comment_status":"open","ping_status":"closed","template":"","meta":[],"product_cat":[17],"product_tag":[27],"brands":[{"id":48,"name":"Vantech","slug":"vantech"}],"_links":{"self":[{"href":"https:\/\/demo.bmconnect.vn\/camera2\/wp-json\/wp\/v2\/product\/223"}],"collection":[{"href":"https:\/\/demo.bmconnect.vn\/camera2\/wp-json\/wp\/v2\/product"}],"about":[{"href":"https:\/\/demo.bmconnect.vn\/camera2\/wp-json\/wp\/v2\/types\/product"}],"replies":[{"embeddable":true,"href":"https:\/\/demo.bmconnect.vn\/camera2\/wp-json\/wp\/v2\/comments?post=223"}],"wp:featuredmedia":[{"embeddable":true,"href":"https:\/\/demo.bmconnect.vn\/camera2\/wp-json\/wp\/v2\/media\/224"}],"wp:attachment":[{"href":"https:\/\/demo.bmconnect.vn\/camera2\/wp-json\/wp\/v2\/media?parent=223"}],"wp:term":[{"taxonomy":"product_cat","embeddable":true,"href":"https:\/\/demo.bmconnect.vn\/camera2\/wp-json\/wp\/v2\/product_cat?post=223"},{"taxonomy":"product_tag","embeddable":true,"href":"https:\/\/demo.bmconnect.vn\/camera2\/wp-json\/wp\/v2\/product_tag?post=223"}],"curies":[{"name":"wp","href":"https:\/\/api.w.org\/{rel}","templated":true}]}}