{"id":220,"date":"2019-03-09T23:40:38","date_gmt":"2019-03-09T16:40:38","guid":{"rendered":"http:\/\/demo.bmconnect.vn\/camera2\/?post_type=product&#038;p=220"},"modified":"2019-03-15T18:15:41","modified_gmt":"2019-03-15T11:15:41","slug":"webvision-n93x-man-hinh-android-da-nang-thong-minh","status":"publish","type":"product","link":"https:\/\/demo.bmconnect.vn\/camera2\/san-pham\/webvision-n93x-man-hinh-android-da-nang-thong-minh\/","title":{"rendered":"WEBVISION N93X \u2013 M\u00e0n h\u00ecnh Android \u0111a n\u0103ng th\u00f4ng minh"},"content":{"rendered":"<p>Nh\u1eafc t\u1edbi \u0111\u01a1n v\u1ecb h\u00e0ng \u0111\u1ea7u cung c\u1ea5p nh\u1eefng d\u00f2ng camera h\u00e0nh tr\u00ecnh \u201cch\u1ea5t nh\u01b0 n\u01b0\u1edbc c\u1ea5t\u201d ng\u01b0\u1eddi ta kh\u00f4ng th\u1ec3 kh\u00f4ng k\u1ec3 \u0111\u1ebfn th\u01b0\u01a1ng hi\u1ec7u\u00a0<strong>WEBVISION<\/strong>. V\u1edbi s\u1ef1 ra \u0111\u1eddi c\u1ee7a h\u00e0ng lo\u1ea1t camera h\u00e0nh tr\u00ecnh g\u00e2y \u0111\u01b0\u1ee3c ti\u1ebfng vang l\u1edbn trong th\u1ecb tr\u01b0\u1eddng Camera h\u00e0nh tr\u00ecnh trong n\u01b0\u1edbc, b\u1edfi kh\u00f4ng ch\u1ec9 thi\u1ebft k\u1ebf sang tr\u1ecdng, tinh t\u1ebf, \u0103n \u00fd trong m\u1ecdi n\u1ed9i th\u1ea5t cu\u1ea3 \u0111a d\u1ea1ng c\u00e1c d\u00f2ng xe kh\u00e1c nhau, Webvision c\u00f2n chi\u1ebfm \u0111\u01b0\u1ee3c c\u1ea3m t\u00ecnh c\u1ee7a kh\u00e1ch h\u00e0ng khi li\u00ean t\u1ee5c \u0111\u1ed5i m\u1edbi, li\u00ean t\u1ee5c c\u1eadp nh\u1eadt nh\u1eefng t\u00ednh n\u0103ng th\u00f4ng minh, h\u00fat kh\u00e1ch, d\u1eabn \u0111\u1ea7u xu th\u1ebf.<\/p>\n<p>M\u1edbi \u0111\u00e2y, s\u1ef1 ra m\u1eaft c\u1ee7a camera h\u00e0nh tr\u00ecnh N93 Plus v\u1edbi nh\u1eefng \u0111i\u1ec3m kh\u00e1c bi\u1ec7t n\u1ed5i tr\u1ed9i t\u1eeb giao di\u1ec7n cho \u0111\u1ebfn t\u00ednh n\u0103ng, \u0111\u00e3 l\u00e0m \u0111i\u00ean \u0111\u1ea3o th\u1ecb tr\u01b0\u1eddng camera h\u00e0nh tr\u00ecnh, nh\u1eadn \u0111\u01b0\u1ee3c ph\u1ea3n h\u1ed3i t\u00edch c\u1ef1c c\u1ee7a m\u1ecdi kh\u00e1ch h\u00e0ng. Ch\u00ednh s\u1ef1 th\u00e0nh c\u00f4ng n\u00e0y nh\u01b0 ti\u1ebfp th\u00eam \u0111\u1ed9ng l\u1ef1c, t\u1edbi \u0111\u00e2y Webvision s\u1eafp tung ra th\u1ecb tr\u01b0\u1eddng s\u1ea3n ph\u1ea9m m\u1edbi \u2013 phi\u00ean b\u1ea3n n\u00e2ng c\u1ea5p c\u1ee7a Camera h\u00e0nh tr\u00ecnh Webvision N93 Plus \u2013 Webvision N93X. Li\u1ec7u r\u1eb1ng s\u1ef1 ra \u0111\u1eddi c\u1ee7a si\u00eau ph\u1ea9m n\u00e0y c\u00f3 1 l\u1ea7n n\u1eefa \u0111em l\u1ea1i nh\u1eefng b\u1ea5t ng\u1edd th\u00fa v\u1ecb, chinh ph\u1ee5c \u0111\u01b0\u1ee3c nh\u1eefng kh\u00e1ch h\u00e0ng \u201cc\u1ee9ng\u201d trong l\u00e0ng xe Vi\u1ec7t hay kh\u00f4ng? H\u00e3y d\u00e0nh 1 v\u00e0i ph\u00fat \u0111\u1ecdc h\u1ebft b\u00e0i vi\u1ebft n\u00e0y \u0111\u1ec3 c\u00f9ng t\u00ecm hi\u1ec3u nh\u1eefng \u0111i\u1ec1u k\u1ef3 di\u1ec7u m\u00e0 Webvision N93X mang l\u1ea1i nh\u00e9!<\/p>\n<p><img loading=\"lazy\" class=\"alignnone size-medium wp-image-9346 lazy-load-active\" src=\"https:\/\/webvision.vn\/wp-content\/uploads\/2018\/09\/1-764x400.jpg\" sizes=\"(max-width: 764px) 100vw, 764px\" srcset=\"https:\/\/webvision.vn\/wp-content\/uploads\/2018\/09\/1-764x400.jpg 764w, https:\/\/webvision.vn\/wp-content\/uploads\/2018\/09\/1-768x402.jpg 768w, https:\/\/webvision.vn\/wp-content\/uploads\/2018\/09\/1-1400x733.jpg 1400w, https:\/\/webvision.vn\/wp-content\/uploads\/2018\/09\/1.jpg 1500w\" alt=\"\" width=\"764\" height=\"400\" data-src=\"https:\/\/webvision.vn\/wp-content\/uploads\/2018\/09\/1-764x400.jpg\" data-srcset=\"https:\/\/webvision.vn\/wp-content\/uploads\/2018\/09\/1-764x400.jpg 764w, https:\/\/webvision.vn\/wp-content\/uploads\/2018\/09\/1-768x402.jpg 768w, https:\/\/webvision.vn\/wp-content\/uploads\/2018\/09\/1-1400x733.jpg 1400w, https:\/\/webvision.vn\/wp-content\/uploads\/2018\/09\/1.jpg 1500w\" \/><\/p>\n<p><strong>DI\u1ec6N M\u1ea0O M\u1edaI \u2013 PHONG TH\u00c1I M\u1edaI<br \/>\n<\/strong><\/p>\n<p>\u0110\u1ed9i ng\u0169 thi\u1ebft k\u1ebf c\u1ee7a Webvision \u0111\u00e3 c\u1ef1c k\u1ef3 tinh t\u1ebf trong c\u00e1ch c\u1ea3i ti\u1ebfn s\u1ea3n ph\u1ea9m c\u1ee7a m\u00ecnh ngay t\u1eeb v\u1ebb b\u1ec1 ngo\u00e0i. Xu\u1ea5t hi\u1ec7n trong \u201cb\u1ed9 c\u00e1nh\u201d kh\u00e1c nh\u1eefng phi\u00ean b\u1ea3n tr\u01b0\u1edbc, Webvision N93X mang s\u1eafc \u0111en sang tr\u1ecdng, l\u1ecbch l\u00e3m. M\u00e0u \u0111en \u0111em l\u1ea1i n\u0103ng l\u01b0\u1ee3ng c\u1ee7a s\u1ef1 b\u1ec1n v\u1eefng v\u00e0 s\u1ef1 \u1ed5n \u0111\u1ecbnh. \u0110en l\u00e0 s\u1eafc m\u00e0u phong thu\u1ef7 c\u1ee7a s\u1ef1 b\u00ed \u1ea9n, v\u00e0 tinh t\u1ebf. S\u1edf h\u1eefu v\u1ebb b\u1ec1 ngo\u00e0i h\u1ea5p d\u1eabn, c\u1ef1c ph\u1ea9m n\u00e0y ch\u1eafc ch\u1eafn s\u1ebd thu h\u00fat m\u1ecdi t\u00edn \u0111\u1ed3 x\u1ebf h\u1ed9p ngay t\u1eeb c\u00e1i nh\u00ecn \u0111\u1ea7u ti\u00ean. Ng\u00f4n ng\u1eef thi\u1ebft k\u1ebf c\u1ee7a N93X \u0111\u01b0\u1ee3c \u0111\u1ecbnh h\u01b0\u1edbng theo phong c\u00e1ch t\u1ed1i gi\u1ea3n, chuy\u00ean nghi\u1ec7p v\u00e0 tho\u00e1ng m\u1eaft.<\/p>\n<p><img loading=\"lazy\" class=\"alignnone size-medium wp-image-9347 lazy-load-active\" src=\"https:\/\/webvision.vn\/wp-content\/uploads\/2018\/09\/2-761x400.jpg\" sizes=\"(max-width: 761px) 100vw, 761px\" srcset=\"https:\/\/webvision.vn\/wp-content\/uploads\/2018\/09\/2-761x400.jpg 761w, https:\/\/webvision.vn\/wp-content\/uploads\/2018\/09\/2-768x403.jpg 768w, https:\/\/webvision.vn\/wp-content\/uploads\/2018\/09\/2-1400x735.jpg 1400w, https:\/\/webvision.vn\/wp-content\/uploads\/2018\/09\/2.jpg 1500w\" alt=\"\" width=\"761\" height=\"400\" data-src=\"https:\/\/webvision.vn\/wp-content\/uploads\/2018\/09\/2-761x400.jpg\" data-srcset=\"https:\/\/webvision.vn\/wp-content\/uploads\/2018\/09\/2-761x400.jpg 761w, https:\/\/webvision.vn\/wp-content\/uploads\/2018\/09\/2-768x403.jpg 768w, https:\/\/webvision.vn\/wp-content\/uploads\/2018\/09\/2-1400x735.jpg 1400w, https:\/\/webvision.vn\/wp-content\/uploads\/2018\/09\/2.jpg 1500w\" \/><\/p>\n<p>Ph\u00e1t huy \u0111i\u1ec3m m\u1ea1nh c\u1ee7a phi\u00ean b\u1ea3n h\u00fat kh\u00e1ch tr\u01b0\u1edbc \u0111\u00f3, Webvision N93X mang \u0111\u1ebfn giao di\u1ec7n hot nh\u1ea5t hi\u1ec7n nay, v\u00e0 m\u00e0n h\u00ecnh c\u1ea3m \u1ee9ng chuy\u1ec3n \u0111\u1ed9ng m\u01b0\u1ee3t m\u00e0, h\u01a1n h\u1eb3n c\u00e1c camera h\u00e0nh tr\u00ecnh kh\u00e1c tr\u00ean th\u1ecb tr\u01b0\u1eddng. Giao di\u1ec7n m\u00e0n h\u00ecnh c\u1ee7a camera h\u00e0nh tr\u00ecnh tr\u00f4ng kh\u00e1 gi\u1ed1ng v\u1edbi giao di\u1ec7n tr\u00ean c\u00e1c m\u00e1y \u0111i\u1ec7n tho\u1ea1i ch\u1ea1y h\u1ec7 \u0111i\u1ec1u h\u00e0nh Windows Phone hay Windows 10. Ch\u1ea5t l\u01b0\u1ee3ng m\u00e0n h\u00ecnh s\u00e1ng v\u00e0 trong h\u01a1n, g\u00f3c nh\u00ecn c\u0169ng \u0111\u01b0\u1ee3c c\u1ea3i thi\u1ec7n r\u00f5 r\u1ec7t.<\/p>\n<p><strong>\u0110I\u1ec2M KH\u00c1C BI\u1ec6T C\u1ee6A WEBVISION N93X<\/strong><\/p>\n<p>S\u1eafp t\u1edbi \u0111\u00e2y, Webvision s\u1ebd mang \u0111\u1ebfn cho ng\u01b0\u1eddi d\u00f9ng m\u1ed9t d\u00f2ng s\u1ea3n ph\u1ea9m m\u1edbi nh\u1ea5t, hi\u1ec7n \u0111\u1ea1i nh\u1ea5t, ch\u01b0a t\u1eebng xu\u1ea5t hi\u1ec7n tr\u00ean th\u1ecb tr\u01b0\u1eddng camera h\u00e0nh tr\u00ecnh, v\u1edbi nh\u1eefng \u0111i\u1ec3m kh\u00e1c bi\u1ec7t r\u00f5 r\u1ec7t:<\/p>\n<ul>\n<li>N\u1ebfu nh\u01b0 \u0111\u1eddi tr\u01b0\u1edbc Webvision N93 Plus b\u1ec1 ngo\u00e0i k\u1ebft h\u1ee3p 2 m\u00e0u \u0111en v\u00e0 x\u00e1m, th\u00ec t\u1edbi phi\u00ean b\u1ea3n m\u1edbi \u0111\u00e2y, thi\u1ebft b\u1ecb N93X s\u1ebd \u0111\u01b0\u1ee3c thi\u1ebft k\u1ebf b\u1edfi 1 t\u00f4ng m\u00e0u duy nh\u1ea5t: M\u00e0u \u0111en c\u1ee7a s\u1ef1 sang tr\u1ecdng, huy\u1ec1n b\u00ed.<\/li>\n<li>V\u1ec1 giao di\u1ec7n, N93X v\u1eabn s\u1eed d\u1ee5ng giao di\u1ec7n m\u00e0n h\u00ecnh ch\u00ednh v\u1edbi c\u00e1c m\u1ee5c quen thu\u1ed9c: Ng\u00e0y th\u00e1ng, \u0111\u1ecbnh v\u1ecb GPS, Video l\u00e1i xe, Bluetooth, \u0110\u00e0i FM, Nghe nh\u1ea1c v\u00e0 \u1ee8ng d\u1ee5ng. Kh\u00e1c bi\u1ec7t duy nh\u1ea5t \u0111\u00f3 ch\u00ednh l\u00e0, N93X \u0111\u00e3 thay th\u1ebf m\u1ee5c C\u1eeda h\u00e0ng \u1ee9ng d\u1ee5ng b\u1eb1ng m\u1ee5c CarAssit v\u1edbi bi\u1ec3u t\u01b0\u1ee3ng r\u00f5 r\u00e0ng, m\u1ee5c \u0111\u00edch gi\u00fap ng\u01b0\u1eddi s\u1eed d\u1ee5ng c\u00f3 th\u1ec3 d\u1ec5 d\u00e0ng thao t\u00e1c v\u1edbi \u1ee9ng d\u1ee5ng n\u00e0y h\u01a1n.<\/li>\n<li>M\u00e0n h\u00ecnh c\u1ee7a N93X l\u00e0 \u0111i\u1ec1u l\u00e0m n\u00ean s\u1ef1 n\u1ed5i b\u1eadt h\u01a1n c\u1ea3. Webvision thay th\u1ebf m\u00e0n h\u00ecnh c\u1ea3m \u1ee9ng \u0111a \u0111i\u1ec3m TFT LCD c\u1ee7a N93 Plus b\u1eb1ng m\u00e0n h\u00ecnh \u0111\u01b0\u1ee3c xem l\u00e0 m\u00e0n h\u00ecnh chu\u1ea9n nh\u1ea5t hi\u1ec7n nay. V\u1edbi vi\u1ec7c s\u1eed d\u1ee5ng m\u00e0n h\u00ecnh IPS, N93X lo\u1ea1i b\u1ecf ho\u00e0n to\u00e0n hi\u1ec7n t\u01b0\u1ee3ng ph\u1ea3n s\u00e1ng, nho\u00e8 h\u00ecnh, m\u00e0u s\u1eafc \u0111\u01b0\u1ee3c t\u0103ng c\u01b0\u1eddng v\u1ec1 \u0111\u1ed9 s\u00e1ng v\u00e0 \u0111\u1ed9 ch\u00e2n th\u1ef1c, g\u00f3c nh\u00ecn c\u0169ng \u0111\u01b0\u1ee3c m\u1edf r\u1ed9ng h\u01a1n<\/li>\n<\/ul>\n<p><img loading=\"lazy\" class=\"wp-image-9348 aligncenter lazy-load-active\" src=\"https:\/\/webvision.vn\/wp-content\/uploads\/2018\/09\/3-764x400.jpg\" sizes=\"(max-width: 660px) 100vw, 660px\" srcset=\"https:\/\/webvision.vn\/wp-content\/uploads\/2018\/09\/3-764x400.jpg 764w, https:\/\/webvision.vn\/wp-content\/uploads\/2018\/09\/3-768x402.jpg 768w, https:\/\/webvision.vn\/wp-content\/uploads\/2018\/09\/3-1400x733.jpg 1400w, https:\/\/webvision.vn\/wp-content\/uploads\/2018\/09\/3.jpg 1500w\" alt=\"\" width=\"660\" height=\"346\" data-src=\"https:\/\/webvision.vn\/wp-content\/uploads\/2018\/09\/3-764x400.jpg\" data-srcset=\"https:\/\/webvision.vn\/wp-content\/uploads\/2018\/09\/3-764x400.jpg 764w, https:\/\/webvision.vn\/wp-content\/uploads\/2018\/09\/3-768x402.jpg 768w, https:\/\/webvision.vn\/wp-content\/uploads\/2018\/09\/3-1400x733.jpg 1400w, https:\/\/webvision.vn\/wp-content\/uploads\/2018\/09\/3.jpg 1500w\" \/><\/p>\n<ul>\n<li>\u0110i\u1ec3m kh\u00e1c bi\u1ec7t n\u1eefa \u0111\u00f3 ch\u00ednh l\u00e0 ch\u1ea5t l\u01b0\u1ee3ng ghi h\u00ecnh, v\u1eabn gi\u1eef phong \u0111\u1ed9 \u1edf ch\u1ebf \u0111\u1ed9 quay camera tr\u01b0\u1edbc Full HD 1080P. Tuy nhi\u00ean, \u0111i\u1ec1u t\u1ea1o n\u00ean \u0111\u1eb3ng c\u1ea5p m\u1edbi cho thi\u1ebft b\u1ecb n\u00e0y \u0111\u00f3 ch\u00ednh l\u00e0: n\u00e2ng c\u1ea5p \u0111\u1ed9 ph\u00e2n gi\u1ea3i c\u1ee7a camera sau N93X l\u00ean \u0111\u1ebfn HD 720P cho ch\u1ea5t l\u01b0\u1ee3ng ghi h\u00ecnh c\u1ef1c r\u00f5 n\u00e9t. T\u1ea5t c\u1ea3 h\u00ecnh \u1ea3nh nh\u1edd \u0111\u00f3 \u0111\u1ec1u \u0111\u01b0\u1ee3c th\u1ec3 hi\u1ec7n ch\u00e2n th\u1ef1c, s\u1ed1ng \u0111\u1ed9ng b\u1ea5t k\u1ec3 ban ng\u00e0y, ban \u0111\u00eam, th\u1eddi ti\u1ebft m\u01b0a n\u1eafng,..<\/li>\n<li>B\u1ed9 nh\u1edb RAM c\u1ee7a Webvision N93X c\u0169ng \u0111\u01b0\u1ee3c n\u00e2ng c\u1ea5p l\u00ean 2GB \u2013 g\u1ea5p \u0111\u00f4i dung l\u01b0\u1ee3ng l\u01b0u tr\u1eef so v\u1edbi s\u1ea3n ph\u1ea9m \u0111\u1eddi tr\u01b0\u1edbc, gi\u00fap cho h\u1ec7 th\u1ed1ng v\u1eadn h\u00e0nh m\u01b0\u1ee3t m\u00e0, tr\u01a1n tru h\u01a1n, ng\u01b0\u1eddi d\u00f9ng c\u00f3 th\u1ec3 s\u1eed d\u1ee5ng tab \u1ee9ng d\u1ee5ng kh\u00e1c nhau c\u00f9ng 1 l\u00fac m\u00e0 kh\u00f4ng lo b\u1ecb \u0111\u01a1, b\u1ecb gi\u1eadt.<\/li>\n<\/ul>\n<p><strong>NH\u1eeeNG T\u00cdNH N\u0102NG N\u1ed4I TR\u1ed8I L\u00c0M N\u00caN SI\u00caU PH\u1ea8M C\u00d3 1 \u2013 0 \u2013 2<\/strong><\/p>\n<p>Kh\u00f4ng ch\u1ec9 s\u1edf h\u1eefu thi\u1ebft k\u1ebf m\u1edbi l\u1ea1, \u0111\u1ed9c \u0111\u00e1o, Webvision N93X mang \u0111\u1ebfn cho ng\u01b0\u1eddi d\u00f9ng c\u1ea3m gi\u00e1c m\u1edbi l\u1ea1 khi s\u1eed d\u1ee5ng nh\u1eefng t\u00ednh n\u0103ng c\u1ee7a s\u1ea3n ph\u1ea9m n\u00e0y.<\/p>\n<p><strong><em>Ghi h\u00ecnh hai chi\u1ec1u c\u00f9ng l\u00fac v\u1edbi \u0111\u1ed9 ph\u00e2n gi\u1ea3i cao<\/em><\/strong><\/p>\n<p>Camera h\u00e0nh tr\u00ecnh \u0111\u01b0\u1ee3c thi\u1ebft k\u1ebf th\u1ea5u k\u00ednh d\u1ea1ng m\u1eaft c\u00e1 n\u00ean t\u1ea7m nh\u00ecn c\u1ef1c r\u1ed9ng. G\u00f3c quay l40 \u0111\u1ed9, h\u1ed7 tr\u1ee3 ch\u1ebf \u0111\u1ed9 quay camera tr\u01b0\u1edbc Full HD 1080P. Phi\u00ean b\u1ea3n m\u1edbi n\u00e2ng c\u1ea5p cho ph\u00e9p camera sau ghi h\u00ecnh \u1edf ch\u1ebf \u0111\u1ed9 HD 720P. T\u1ea5t c\u1ea3 c\u00e1c h\u00ecnh \u1ea3nh \u0111\u01b0\u1ee3c ghi l\u1ea1i m\u1ed9t c\u00e1ch ch\u00e2n th\u1ef1c, r\u00f5 n\u00e9t gi\u00fap ng\u01b0\u1eddi d\u00f9ng c\u00f3 th\u00eam th\u00f4ng tin khi x\u1ea3y ra va ch\u1ea1m k\u1ec3 c\u1ea3 trong ban \u0111\u00eam, hay trong b\u1ea5t k\u1ef3 \u0111i\u1ec1u ki\u1ec7n kh\u1eafc nghi\u1ec7t n\u00e0o c\u1ee7a th\u1eddi ti\u1ebft.<\/p>\n<p><img loading=\"lazy\" class=\"alignnone size-medium wp-image-9349 lazy-load-active\" src=\"https:\/\/webvision.vn\/wp-content\/uploads\/2018\/09\/4-800x375.jpg\" sizes=\"(max-width: 800px) 100vw, 800px\" srcset=\"https:\/\/webvision.vn\/wp-content\/uploads\/2018\/09\/4-800x375.jpg 800w, https:\/\/webvision.vn\/wp-content\/uploads\/2018\/09\/4-768x360.jpg 768w, https:\/\/webvision.vn\/wp-content\/uploads\/2018\/09\/4-1400x656.jpg 1400w, https:\/\/webvision.vn\/wp-content\/uploads\/2018\/09\/4.jpg 1500w\" alt=\"\" width=\"800\" height=\"375\" data-src=\"https:\/\/webvision.vn\/wp-content\/uploads\/2018\/09\/4-800x375.jpg\" data-srcset=\"https:\/\/webvision.vn\/wp-content\/uploads\/2018\/09\/4-800x375.jpg 800w, https:\/\/webvision.vn\/wp-content\/uploads\/2018\/09\/4-768x360.jpg 768w, https:\/\/webvision.vn\/wp-content\/uploads\/2018\/09\/4-1400x656.jpg 1400w, https:\/\/webvision.vn\/wp-content\/uploads\/2018\/09\/4.jpg 1500w\" \/><\/p>\n<p><strong><em>T\u00edch h\u1ee3p Camera l\u00f9i<\/em><\/strong><\/p>\n<p>\u0110\u00e2y l\u00e0 t\u00ednh n\u0103ng m\u00e0 h\u1ea7u h\u1ebft ng\u01b0\u1eddi d\u00f9ng \u0111\u1ec1u c\u1ea3m th\u1ea5y ti\u1ec7n d\u1ee5ng, \u0111\u1eb7c bi\u1ec7t \u0111\u1ed1i v\u1edbi n\u1eef gi\u1edbi ho\u1eb7c nh\u1eefng ngu\u1eddi m\u1edbi t\u1eadp l\u00e1i, tay l\u00e1i y\u1ebfu. S\u1eed d\u1ee5ng t\u00ednh n\u0103ng n\u00e0y khi chuy\u1ec3n v\u1ec1 ch\u1ebf \u0111\u1ed9 l\u00f9i, ng\u01b0\u1eddi l\u00e1i c\u00f3 th\u1ec3 d\u1ec5 d\u00e0ng di chuy\u1ec3n l\u00f9i, \u0111\u1ed7 xe theo \u0111\u00fang \u00fd m\u00ecnh m\u00e0 kh\u00f4ng x\u1ea3y ra nh\u1eefng tai n\u1ea1n kh\u00f4ng \u0111\u00e1ng c\u00f3.<\/p>\n<p><strong><em>T\u00edch h\u1ee3p c\u00f4ng ngh\u1ec7 4G hi\u1ec7n \u0111\u1ea1i<\/em><\/strong><\/p>\n<p>C\u00f4ng ngh\u1ec7 n\u00e0y l\u00e0 m\u1ed9t trong nh\u1eefng c\u00f4ng ngh\u1ec7 m\u1edbi nh\u1ea5t hi\u1ec7n nay, v\u00e0 kh\u00f4ng ph\u1ea3i camera h\u00e0nh tr\u00ecnh n\u00e0o c\u0169ng c\u00f3 \u0111\u01b0\u1ee3c. Ch\u1ec9 v\u1edbi 1 th\u1ebb sim 4G, b\u1ea1n c\u00f3 th\u1ec3 tha h\u1ed3 l\u01b0\u1edbt web, xem phim, nghe nh\u1ea1c v\u00e0 tr\u1ea3i nghi\u1ec7m nh\u1eefug \u1ee9ng d\u1ee5ng h\u1eefu \u00edch tr\u00ean Google Play mi\u1ec5n ph\u00ed, v\u1edbi t\u1ed1c \u0111\u1ed9 si\u00eau nhanh. \u00c1p d\u1ee5ng c\u00f4ng ngh\u1ec7 n\u00e0y, Webvision N93X kh\u00f4ng kh\u00e1c g\u00ec thi\u1ebft b\u1ecb gi\u1ea3i tr\u00ed, v\u1edbi m\u00e0n h\u00ecnh l\u1edbn 6.86 inch nh\u01b0 m\u1ed9t chi\u1ebfc m\u00e1y t\u00ednh b\u1ea3ng, b\u1ea1n s\u1ebd \u0111\u01b0\u1ee3c t\u1eadn h\u01b0\u1edfng kh\u00f4ng gian th\u01b0 gi\u00e3n, y\u00eau th\u00edch c\u1ee7a m\u00ecnh ngay tr\u00ean \u00f4 t\u00f4 h\u1ebft s\u1ee9c ti\u1ec7n l\u1ee3i.<\/p>\n<p><img loading=\"lazy\" class=\"alignnone size-medium wp-image-9350 lazy-load-active\" src=\"https:\/\/webvision.vn\/wp-content\/uploads\/2018\/09\/5-714x400.jpg\" sizes=\"(max-width: 714px) 100vw, 714px\" srcset=\"https:\/\/webvision.vn\/wp-content\/uploads\/2018\/09\/5-714x400.jpg 714w, https:\/\/webvision.vn\/wp-content\/uploads\/2018\/09\/5-768x430.jpg 768w, https:\/\/webvision.vn\/wp-content\/uploads\/2018\/09\/5-1400x784.jpg 1400w, https:\/\/webvision.vn\/wp-content\/uploads\/2018\/09\/5.jpg 1500w\" alt=\"\" width=\"714\" height=\"400\" data-src=\"https:\/\/webvision.vn\/wp-content\/uploads\/2018\/09\/5-714x400.jpg\" data-srcset=\"https:\/\/webvision.vn\/wp-content\/uploads\/2018\/09\/5-714x400.jpg 714w, https:\/\/webvision.vn\/wp-content\/uploads\/2018\/09\/5-768x430.jpg 768w, https:\/\/webvision.vn\/wp-content\/uploads\/2018\/09\/5-1400x784.jpg 1400w, https:\/\/webvision.vn\/wp-content\/uploads\/2018\/09\/5.jpg 1500w\" \/><strong><em>Ph\u00e1t wifi v\u00e0 k\u1ebft n\u1ed1i Bluetooth 4.0<\/em><\/strong><\/p>\n<p>L\u00e0 1 trong nh\u1eefng d\u00f2ng s\u1ea3n ph\u1ea9m camera h\u00e0nh tr\u00ecnh hi\u1ebfm hoi s\u1eed d\u1ee5ng h\u1ec7 \u0111i\u1ec1u h\u00e0nh Android 5.1, Webvision N93X cho ph\u00e9p b\u1ea1n c\u00f3 th\u1ec3 tu\u1ef3 ch\u1ec9nh nhi\u1ec1u thi\u1ebft l\u1eadp trong m\u00fac C\u00e0i \u0111\u1eb7t \u1edf ngo\u00e0i m\u00e0n h\u00ecnh ch\u00ednh, nh\u01b0: c\u00e0i \u0111\u1eb7t \u00e2m l\u01b0\u1ee3ng, \u0111\u1ed9 s\u00e1ng m\u00e0n h\u00ecnh, c\u00e1c c\u00e0i \u0111\u1eb7t li\u00ean quan \u0111\u1ebfn h\u00ecnh \u1ea3nh v\u00e0 \u00e2m thanh tr\u00ean thi\u1ebft b\u1ecb. \u1ea4n t\u01b0\u1ee3ng nh\u1ea5t, thi\u1ebft b\u1ecb c\u00f2n h\u1ed7 tr\u1ee3 thu, ph\u00e1t wifi. Khi c\u1eafm th\u1ebb sim 4G v\u00e0o camera, b\u1ea1n c\u00f3 th\u1ec3 b\u1eadt\/t\u1eaft 4G, v\u00e0 ph\u00e1t wifi cho c\u00e1c thi\u1ebft b\u1ecb kh\u00e1c c\u00f9ng s\u1eed d\u1ee5ng.<\/p>\n<p><strong><em>Gi\u00e1m s\u00e1t, \u0111\u1ecbnh v\u1ecb xe \u00f4 t\u00f4 th\u00f4ng qua \u1ee9ng d\u1ee5ng Car Assit \u0111\u01b0\u1ee3c c\u00e0i \u0111\u1eb7t tr\u00ean \u0111i\u1ec7n tho\u1ea1i<\/em><\/strong><\/p>\n<p>Kh\u00f4ng ch\u1ec9 \u0111\u01a1n thu\u1ea7n \u0111\u1ecbnh v\u1ecb \u0111\u01b0\u1ee3c v\u1ecb tr\u00ed tr\u00ean b\u1ea3n \u0111\u1ed3, Webvision N93X c\u00f2n cho ng\u01b0\u1eddi d\u00f9ng bi\u1ebft \u0111\u01b0\u1ee3c chi\u1ebfc xe \u0111ang \u1edf cung \u0111\u01b0\u1eddng n\u00e0o, di chuy\u1ec3n ra sao v\u00e0 th\u1eadm ch\u00ed l\u00e0 c\u00f3 th\u1ec3 xem \u0111\u01b0\u1ee3c ho\u1ea1t \u0111\u1ed9ng ph\u00eda tr\u01b0\u1edbc c\u1ee7a xe \u0111\u01b0\u1ee3c ghi l\u1ea1i qua camera h\u00e0nh tr\u00ecnh. Nh\u1edd \u1ee9ng d\u1ee5ng th\u00f4ng minh n\u00e0y, b\u1ea1n s\u1ebd kh\u00f4ng c\u00f2n lo l\u1eafng khi cho ng\u01b0\u1eddi kh\u00e1c m\u01b0\u1ee3n xe, hay \u0111\u1ed7 xe t\u1ea1i n\u01a1i kh\u00f4ng quen thu\u1ed9c n\u1eefa. Khi xe c\u1ee7a b\u1ea1n c\u00f3 d\u1ea5u hi\u1ec7u l\u1ea1, b\u1ecb ph\u00e1 ho\u1ea1i, hay tr\u1ed9m c\u1eafp, camera n\u00e0y s\u1ebd t\u1ef1 \u0111\u1ed9ng ch\u1ee5p l\u1ea1i m\u00e0n h\u00ecnh r\u1ed3i g\u1eedi \u0111\u1ebfn \u0111i\u1ec7n tho\u1ea1i c\u1ee7a b\u1ea1n. S\u1edf h\u1eefu Webvision N93X, b\u1ea1n nh\u01b0 c\u00f3 1 v\u1ec7 s\u0129 b\u00ean c\u1ea1nh, s\u1ebd b\u1ea3o v\u1ec7 b\u1ea1n trong m\u1ecdi t\u00ecnh hu\u1ed1ng!<\/p>\n<p><img loading=\"lazy\" class=\"alignnone size-medium wp-image-9351 lazy-load-active\" src=\"https:\/\/webvision.vn\/wp-content\/uploads\/2018\/09\/6-800x341.jpg\" sizes=\"(max-width: 800px) 100vw, 800px\" srcset=\"https:\/\/webvision.vn\/wp-content\/uploads\/2018\/09\/6-800x341.jpg 800w, https:\/\/webvision.vn\/wp-content\/uploads\/2018\/09\/6-768x327.jpg 768w, https:\/\/webvision.vn\/wp-content\/uploads\/2018\/09\/6-1400x596.jpg 1400w, https:\/\/webvision.vn\/wp-content\/uploads\/2018\/09\/6.jpg 1500w\" alt=\"\" width=\"800\" height=\"341\" data-src=\"https:\/\/webvision.vn\/wp-content\/uploads\/2018\/09\/6-800x341.jpg\" data-srcset=\"https:\/\/webvision.vn\/wp-content\/uploads\/2018\/09\/6-800x341.jpg 800w, https:\/\/webvision.vn\/wp-content\/uploads\/2018\/09\/6-768x327.jpg 768w, https:\/\/webvision.vn\/wp-content\/uploads\/2018\/09\/6-1400x596.jpg 1400w, https:\/\/webvision.vn\/wp-content\/uploads\/2018\/09\/6.jpg 1500w\" \/><\/p>\n<p><strong><em>GPS \u0111\u1ecbnh v\u1ecb, d\u1eabn \u0111\u01b0\u1eddng th\u00f4ng minh v\u1edbi b\u1ea3n \u0111\u1ed3 Navitel<\/em><\/strong><\/p>\n<p>B\u1ea3n \u0111\u1ed3 Navitel \u0111\u01b0\u1ee3c c\u00e0i \u0111\u1eb7t tr\u00ean camera h\u00e0nh tr\u00ecnh l\u00e0 1 d\u1eef li\u1ec7u b\u1ea3n \u0111\u1ed3 ti\u00ean ti\u1ebfn nh\u1ea5t v\u00e0 ch\u00ednh x\u00e1c hi\u1ec7n nay, t\u00edch h\u1ee3p b\u1ea3n \u0111\u1ed3 63 t\u1ec9nh th\u00e0nh tr\u00ean c\u1ea3 n\u01b0\u1edbc, \u0111\u01b0\u1ee3c c\u1eadp nh\u1eadt li\u00ean t\u1ee5c 3 th\u00e1ng\/ 1 l\u1ea7n. S\u1eed d\u1ee5ng Navitel, n\u1ed7i lo l\u1ea1c \u0111\u01b0\u1eddng s\u1ebd kh\u00f4ng c\u00f2n l\u00e0 v\u1ea5n \u0111\u1ec1 \u00e1m \u1ea3nh b\u1ea1n n\u1eefa. Khi ph\u1ea3i \u0111i xa, qua c\u00e1c t\u1ec9nh th\u00e0nh kh\u00f4ng quen th\u1ed9c, thi\u1ebft b\u1ecb s\u1ebd \u0111\u1ecbnh v\u1ecb v\u1ecb tr\u00ed c\u1ee7a b\u1ea1n v\u00e0 nhanh ch\u00f3ng ch\u1ec9 d\u1eabn b\u1ea1n \u0111i \u0111\u1ebfn ch\u00ednh x\u00e1c \u0111\u1ecba \u0111i\u1ec3m b\u1ea1n mu\u1ed1n t\u1edbi.<\/p>\n<p>\u0110\u1ecbnh v\u1ecb GPS c\u1ee7a Webvision N93X c\u00f2n h\u1ed7 tr\u1ee3 c\u1ea3nh b\u00e1o l\u00e0n \u0111\u01b0\u1eddng, \u0111\u01b0\u1eddng giao nhau v\u00e0 s\u1eed d\u1ee5ng c\u00e1c m\u0169i t\u00ean m\u00e0u s\u00e1ng cho bi\u1ebft l\u00e0n \u0111\u01b0\u1eddng ph\u00f9 h\u1ee3p \u0111\u1ec3 gi\u00fap b\u1ea1n \u0111i\u1ec1u h\u01b0\u1edbng ch\u00ednh x\u00e1c nh\u1ea5t.<\/p>\n<p>Ngo\u00e0i ra, \u00a0\u0111\u01b0\u1ee3c trang b\u1ecb h\u1ec7 th\u1ed1ng c\u1ea3nh b\u00e1o ADAS, thi\u1ebft b\u1ecb c\u00f2n c\u00f3 kh\u1ea3 n\u0103ng \u0111o kho\u1ea3ng c\u00e1ch v\u1edbi xe ph\u00eda tr\u01b0\u1edbc, \u0111\u1ec3 c\u1ea3nh b\u00e1o an to\u00e0n, c\u1ea3nh b\u00e1o gi\u1edbi h\u1ea1n t\u1ed1c \u0111\u1ed9, c\u1ea3nh b\u00e1o va ch\u1ea1m, b\u1eb1ng gi\u1ecdng n\u00f3i 100% Vi\u1ec7t d\u1ec5 nghe.<\/p>\n<p><img loading=\"lazy\" class=\"alignnone size-medium wp-image-9352 lazy-load-active\" src=\"https:\/\/webvision.vn\/wp-content\/uploads\/2018\/09\/7-764x400.jpg\" sizes=\"(max-width: 764px) 100vw, 764px\" srcset=\"https:\/\/webvision.vn\/wp-content\/uploads\/2018\/09\/7-764x400.jpg 764w, https:\/\/webvision.vn\/wp-content\/uploads\/2018\/09\/7-768x402.jpg 768w, https:\/\/webvision.vn\/wp-content\/uploads\/2018\/09\/7-1400x733.jpg 1400w, https:\/\/webvision.vn\/wp-content\/uploads\/2018\/09\/7.jpg 1500w\" alt=\"\" width=\"764\" height=\"400\" data-src=\"https:\/\/webvision.vn\/wp-content\/uploads\/2018\/09\/7-764x400.jpg\" data-srcset=\"https:\/\/webvision.vn\/wp-content\/uploads\/2018\/09\/7-764x400.jpg 764w, https:\/\/webvision.vn\/wp-content\/uploads\/2018\/09\/7-768x402.jpg 768w, https:\/\/webvision.vn\/wp-content\/uploads\/2018\/09\/7-1400x733.jpg 1400w, https:\/\/webvision.vn\/wp-content\/uploads\/2018\/09\/7.jpg 1500w\" \/><\/p>\n<p><strong><em>C\u00f4ng ngh\u1ec7 Bluetooth 4.0: H\u1ed7 tr\u1ee3 \u0111\u00e0m tho\u1ea1i r\u1ea3nh tay, an to\u00e0n khi l\u00e1i xe<\/em><\/strong><\/p>\n<p>V\u1edbi c\u00f4ng ngh\u1ec7 hi\u1ec7n \u0111\u1ea1i n\u00e0y, b\u1ea1n c\u00f3 th\u1ec3 d\u1ec5 d\u00e0ng nghe g\u1ecdi khi \u0111ang l\u00e1i xe ch\u1ec9 qua thao t\u00e1c k\u1ebft n\u1ed1i v\u1edbi smart-phone c\u1ee7a m\u00ecnh c\u1ef1c \u0111\u01a1n gi\u1ea3n.<\/p>\n<p>T\u00e0i x\u1ebf c\u0169ng c\u00f3 th\u1ec3 nghe, g\u1ecdi, t\u1eeb ch\u1ed1i, \u0111\u00e0m tho\u1ea1i r\u1ea3nh tay tr\u00ean ch\u00ednh thi\u1ebft b\u1ecb th\u00f4ng minh n\u00e0y. \u0110i\u1ec1u n\u00e0y g\u00f3p ph\u1ea9n \u0111\u1ea3m b\u1ea3o an to\u00e0n tuy\u1ec7t \u0111\u1ed1i khi l\u00e1i xe.<\/p>\n<p><strong><em>C\u1ea5u h\u00ecnh kh\u1ee7ng<\/em><\/strong><\/p>\n<p>Webvision N93X \u0111\u01b0\u1ee3c trang b\u1ecb c\u1ea5u h\u00ecnh v\u1edbi chip x\u1eed l\u00fd MediaTek 6735 l\u00f5i t\u1ee9 t\u1ed1c \u0111\u1ed9 1,5Ghz, c\u00f3 hi\u1ec7u n\u0103ng x\u1eed l\u00fd c\u1ef1c t\u1ed1t. Nh\u1edd \u0111\u00f3, m\u00e0 ho\u00e0n to\u00e0n kh\u00f4ng c\u00f3 hi\u1ec7n t\u01b0\u1ee3ng gi\u1eadt hay m\u1ea5t \u0111o\u1ea1n trong qu\u00e1 tr\u00ecnh quay h\u00ecnh. Trong \u0111i\u1ec1u ki\u1ec7n quay c\u1ea3 b\u00ean ng\u00e0y hay ban \u0111\u00eam, camera h\u00e0nh tr\u00ecnh c\u0169ng x\u1eed l\u00fd r\u1ea5t t\u1ed1t khi b\u1ecb \u00e1nh \u0111\u00e8n \u0111\u01b0\u1eddng, kh\u00f4ng b\u1ecb lo\u00e1 k\u1ec3 c\u1ea3 \u0111\u00e8n khi chi\u1ebfu th\u1eafng v\u1ec1 ph\u00eda xe.<\/p>\n<p>\u0110\u00e1ng ch\u00fa \u00fd nh\u1ea5t l\u00e0, t\u1ea1i phi\u00ean b\u1ea3n n\u00e0y, b\u1ed9 nh\u1edb RAM g\u1ea5p \u0111\u00f4i kh\u1ea3 n\u0103ng l\u01b0u tr\u1eef c\u1ee7a c\u00e1c thi\u1ebft b\u1ecb th\u1ebf h\u1ec7 tr\u01b0\u1edbc. Thi\u1ebft b\u1ecb \u00a0\u0111\u01b0\u1ee3c c\u00e0i s\u1eb5n h\u1ec7 \u0111i\u1ec1u h\u00e0nh Android 5.1 v\u00e0 b\u1ed9 nh\u1edb RAM 2GB + b\u1ed9 nh\u1edb trong 16GB n\u00ean n\u00f3 kh\u00f4ng c\u00f2n l\u00e0 chi\u1ebfc camera h\u00e0nh tr\u00ecnh th\u00f4ng th\u01b0\u1eddng, m\u00e0 b\u1ea1n c\u00f3 th\u1ec3 s\u1eed d\u1ee5ng nh\u01b0 m\u1ed9t chi\u1ebfc m\u00e1y t\u00ednh b\u1ea3ng gi\u00e1 r\u1ebb l\u01b0\u1edbt web, xem phim ho\u1eb7c ch\u01a1i game trong nh\u1eefng l\u00fac kh\u00f4ng c\u1ea7n ghi h\u00ecnh.<\/p>\n<p>\u0110\u00f3 l\u00e0 nh\u1eefng t\u00ednh n\u0103ng tuy\u1ec7t v\u1eddi m\u00e0 kh\u00f4ng ph\u1ea3i \u0111\u01a1n v\u1ecb n\u00e0o c\u0169ng trang b\u1ecb \u0111\u01b0\u1ee3c cho camera h\u00e0nh tr\u00ecnh. \u0110\u1ec3 tung ra s\u1ea3n ph\u1ea9m \u0111\u01b0\u1ee3c c\u00f4ng nh\u1eadn l\u00e0 s\u1ea3n ph\u1ea9m d\u1eabn d\u1ea7u xu th\u1ebf, Webvision ch\u00fang t\u00f4i lu\u00f4n n\u1ed7 l\u1ef1c nghi\u00ean c\u1ee9u, n\u1eafm b\u1eaft th\u1eddi c\u01a1 v\u00e0 th\u1ecb hi\u1ebfu kh\u00e1ch h\u00e0ng, m\u1ee5c \u0111\u00edch cu\u1ed1i c\u00f9ng l\u00e0 ph\u1ee5c v\u1ee5 \u0111\u01b0\u1ee3c t\u1ed1i \u0111a nh\u1eefng nhu c\u1ea7u kh\u1eaft khe c\u1ee7a kh\u00e1ch h\u00e0ng.<\/p>\n<p>C\u00f9ng ch\u1edd \u0111\u1ee3i s\u1ef1 ra \u0111\u1eddi v\u00e0 t\u1eadn h\u01b0\u1edfng nh\u1eefng tr\u1ea3i nghi\u1ec7m b\u1ea5t ng\u1edd m\u00e0 \u0111\u1ee9a con \u0111\u1ebb c\u1ee7a Webvision- \u00a0camera h\u00e0nh tr\u00ecnh Webvision N93X n\u00e0y mang l\u1ea1i c\u00e1c b\u1ea1n nh\u00e9! Tuy\u1ec7t \u0111\u1ed1i s\u1ebd kh\u00f4ng l\u00e0m c\u00e1c b\u1ea1n th\u1ea5t v\u1ecdng \u0111\u00e2u!<\/p>\n","protected":false},"excerpt":{"rendered":"<p>Nh\u1eafc t\u1edbi \u0111\u01a1n v\u1ecb h\u00e0ng \u0111\u1ea7u cung c\u1ea5p nh\u1eefng d\u00f2ng camera h\u00e0nh tr\u00ecnh \u201cch\u1ea5t nh\u01b0 n\u01b0\u1edbc c\u1ea5t\u201d ng\u01b0\u1eddi ta kh\u00f4ng th\u1ec3 kh\u00f4ng k\u1ec3 \u0111\u1ebfn th\u01b0\u01a1ng hi\u1ec7u\u00a0WEBVISION. V\u1edbi s\u1ef1 ra \u0111\u1eddi c\u1ee7a h\u00e0ng lo\u1ea1t camera h\u00e0nh tr\u00ecnh g\u00e2y \u0111\u01b0\u1ee3c ti\u1ebfng vang l\u1edbn trong th\u1ecb tr\u01b0\u1eddng Camera h\u00e0nh tr\u00ecnh trong n\u01b0\u1edbc, b\u1edfi kh\u00f4ng ch\u1ec9 thi\u1ebft k\u1ebf sang &#8230;<\/p>\n","protected":false},"featured_media":222,"comment_status":"open","ping_status":"closed","template":"","meta":[],"product_cat":[17],"product_tag":[],"brands":[{"id":47,"name":"Gnet","slug":"gnet"}],"_links":{"self":[{"href":"https:\/\/demo.bmconnect.vn\/camera2\/wp-json\/wp\/v2\/product\/220"}],"collection":[{"href":"https:\/\/demo.bmconnect.vn\/camera2\/wp-json\/wp\/v2\/product"}],"about":[{"href":"https:\/\/demo.bmconnect.vn\/camera2\/wp-json\/wp\/v2\/types\/product"}],"replies":[{"embeddable":true,"href":"https:\/\/demo.bmconnect.vn\/camera2\/wp-json\/wp\/v2\/comments?post=220"}],"wp:featuredmedia":[{"embeddable":true,"href":"https:\/\/demo.bmconnect.vn\/camera2\/wp-json\/wp\/v2\/media\/222"}],"wp:attachment":[{"href":"https:\/\/demo.bmconnect.vn\/camera2\/wp-json\/wp\/v2\/media?parent=220"}],"wp:term":[{"taxonomy":"product_cat","embeddable":true,"href":"https:\/\/demo.bmconnect.vn\/camera2\/wp-json\/wp\/v2\/product_cat?post=220"},{"taxonomy":"product_tag","embeddable":true,"href":"https:\/\/demo.bmconnect.vn\/camera2\/wp-json\/wp\/v2\/product_tag?post=220"}],"curies":[{"name":"wp","href":"https:\/\/api.w.org\/{rel}","templated":true}]}}