{"id":210,"date":"2019-03-09T23:35:35","date_gmt":"2019-03-09T16:35:35","guid":{"rendered":"http:\/\/demo.bmconnect.vn\/camera2\/?post_type=product&#038;p=210"},"modified":"2019-03-10T22:32:13","modified_gmt":"2019-03-10T15:32:13","slug":"nguon-cac-mau-camera-hanh-trinh-webvision","status":"publish","type":"product","link":"https:\/\/demo.bmconnect.vn\/camera2\/san-pham\/nguon-cac-mau-camera-hanh-trinh-webvision\/","title":{"rendered":"Ngu\u1ed3n c\u00e1c m\u1eabu camera h\u00e0nh tr\u00ecnh Webvision"},"content":{"rendered":"<p>D\u00e2y c\u1ea5p ngu\u1ed3n cho Camera S8,<\/p>\n","protected":false},"excerpt":{"rendered":"<p>D\u00e2y c\u1ea5p ngu\u1ed3n cho Camera S8,<\/p>\n","protected":false},"featured_media":211,"comment_status":"open","ping_status":"closed","template":"","meta":[],"product_cat":[20],"product_tag":[21],"brands":[],"_links":{"self":[{"href":"https:\/\/demo.bmconnect.vn\/camera2\/wp-json\/wp\/v2\/product\/210"}],"collection":[{"href":"https:\/\/demo.bmconnect.vn\/camera2\/wp-json\/wp\/v2\/product"}],"about":[{"href":"https:\/\/demo.bmconnect.vn\/camera2\/wp-json\/wp\/v2\/types\/product"}],"replies":[{"embeddable":true,"href":"https:\/\/demo.bmconnect.vn\/camera2\/wp-json\/wp\/v2\/comments?post=210"}],"wp:featuredmedia":[{"embeddable":true,"href":"https:\/\/demo.bmconnect.vn\/camera2\/wp-json\/wp\/v2\/media\/211"}],"wp:attachment":[{"href":"https:\/\/demo.bmconnect.vn\/camera2\/wp-json\/wp\/v2\/media?parent=210"}],"wp:term":[{"taxonomy":"product_cat","embeddable":true,"href":"https:\/\/demo.bmconnect.vn\/camera2\/wp-json\/wp\/v2\/product_cat?post=210"},{"taxonomy":"product_tag","embeddable":true,"href":"https:\/\/demo.bmconnect.vn\/camera2\/wp-json\/wp\/v2\/product_tag?post=210"}],"curies":[{"name":"wp","href":"https:\/\/api.w.org\/{rel}","templated":true}]}}