{"id":206,"date":"2019-03-09T23:34:06","date_gmt":"2019-03-09T16:34:06","guid":{"rendered":"http:\/\/demo.bmconnect.vn\/camera2\/?post_type=product&#038;p=206"},"modified":"2019-03-10T00:20:16","modified_gmt":"2019-03-09T17:20:16","slug":"bom-dien-12v-michelin-12260","status":"publish","type":"product","link":"https:\/\/demo.bmconnect.vn\/camera2\/san-pham\/bom-dien-12v-michelin-12260\/","title":{"rendered":"B\u01a1m \u0111i\u1ec7n 12V Michelin 12260"},"content":{"rendered":"<p>Michelin l\u00e0 m\u1ed9t th\u01b0\u01a1ng hi\u1ec7u h\u00e0ng \u0111\u1ea7u tr\u00ean th\u1ebf g\u1edbi v\u1ec1 l\u1ed1p xe v\u00e0 ph\u1ee5 ki\u1ec7n cho xe h\u01a1i. T\u1ea5t c\u1ea3 c\u00e1c s\u1ea3n ph\u1ea9m t\u1eeb th\u01b0\u01a1ng hi\u1ec7u n\u00e0y lu\u00f4n c\u00f3 ch\u1ea5t l\u01b0\u1ee3ng t\u1ed1t, m\u1eabu m\u00e3 \u0111a d\u1ea1ng v\u00e0 gi\u00e1 th\u00e0nh h\u1ee3p l\u00fd. B\u01a1m \u0111i\u1ec7n \u00f4 t\u00f4 12V Michelin model 12260 l\u00e0 m\u1ed9t trong nh\u1eefng s\u1ea3n ph\u1ea9m \u0111\u01b0\u1ee3c s\u1ea3n xu\u1ea5t tr\u00ean d\u00e2y truy\u1ec1n c\u00f4ng ngh\u1ec7 ti\u00ean ti\u1ebfn t\u1eeb Michelin, n\u00f3 \u0111\u01b0\u1ee3c coi nh\u01b0 ng\u01b0\u1eddi b\u1ea1n \u0111\u1ed3ng h\u00e0nh c\u1ee7a m\u1ed7i l\u00e1i xe khi di chuy\u1ec3n tr\u00ean \u0111\u01b0\u1eddng, v\u1edbi chi\u1ebfc b\u01a1m \u0111i\u1ec7n n\u00e0y lu\u00f4n gi\u00fap nh\u1eefng chi\u1ebfc l\u1ed1p xe c\u0103ng h\u01a1i, ho\u1ea1t \u0111\u1ed9ng \u1ed5n \u0111\u1ecbnh tr\u01b0\u1edbc nh\u1eefng s\u1ef1 c\u1ed1 tr\u00ean \u0111\u01b0\u1eddng.<\/p>\n<p><img loading=\"lazy\" class=\"aligncenter wp-image-5401 lazy-load-active\" src=\"https:\/\/webvision.vn\/wp-content\/uploads\/2017\/08\/bom-dien-12v-michelin-12260.jpg\" sizes=\"(max-width: 500px) 100vw, 500px\" srcset=\"https:\/\/webvision.vn\/wp-content\/uploads\/2017\/08\/bom-dien-12v-michelin-12260.jpg 340w, https:\/\/webvision.vn\/wp-content\/uploads\/2017\/08\/bom-dien-12v-michelin-12260-280x280.jpg 280w, https:\/\/webvision.vn\/wp-content\/uploads\/2017\/08\/bom-dien-12v-michelin-12260-180x180.jpg 180w, https:\/\/webvision.vn\/wp-content\/uploads\/2017\/08\/bom-dien-12v-michelin-12260-300x300.jpg 300w\" alt=\"\" width=\"500\" height=\"500\" data-src=\"https:\/\/webvision.vn\/wp-content\/uploads\/2017\/08\/bom-dien-12v-michelin-12260.jpg\" data-srcset=\"https:\/\/webvision.vn\/wp-content\/uploads\/2017\/08\/bom-dien-12v-michelin-12260.jpg 340w, https:\/\/webvision.vn\/wp-content\/uploads\/2017\/08\/bom-dien-12v-michelin-12260-280x280.jpg 280w, https:\/\/webvision.vn\/wp-content\/uploads\/2017\/08\/bom-dien-12v-michelin-12260-180x180.jpg 180w, https:\/\/webvision.vn\/wp-content\/uploads\/2017\/08\/bom-dien-12v-michelin-12260-300x300.jpg 300w\" \/><\/p>\n<p>B\u01a1m \u0111i\u1ec7n \u00f4 t\u00f4 Michelin 12260 c\u00f3 thi\u1ebft k\u1ebf nh\u1ecf g\u1ecdn, b\u1ea1n c\u00f3 th\u1ec3 \u0111\u1ec3 trong c\u1ed1p xe, mang theo \u0111\u1ec3 s\u1eed d\u1ee5ng m\u00e0 kh\u00f4ng g\u1eb7p b\u1ea5t c\u1ee9 s\u1ef1 b\u1ea5t ti\u1ec7n n\u00e0o. S\u1edf h\u1eefu b\u01a1m \u0111i\u1ec7n 12260 gi\u00fap b\u1ea1n c\u00f3 th\u1ec3 y\u00ean t\u00e2m lu\u00f4n lu\u00f4n ki\u1ec3m tra v\u00e0 \u0111i\u1ec1u ch\u1ec9nh \u00e1p su\u1ea5t b\u00e1nh xe ngay t\u1ea1i ch\u1ed7, tr\u00ean m\u1ecdi h\u00e0nh tr\u00ecnh ngay c\u1ea3 tr\u01b0\u1eddng h\u1ee3p kh\u00f4ng may c\u00e1n p\u1ea3i \u0111inh hay nh\u1eefng v\u1eadt nh\u1ecdn.<\/p>\n<p>B\u01a1m \u0111i\u1ec7n \u00f4 t\u00f4 Michelin 12260 \u0111\u01b0\u1ee3c trang b\u1ecb \u0111\u1ed3ng h\u1ed3 \u0111o \u00e1p su\u1ea5t l\u1ed1p \u0111i\u1ec7n s\u1ebd gi\u00fap b\u1ea1n b\u01a1m h\u01a1i cho l\u1ed1p xe khi non h\u01a1i, hay khi b\u1ea1n c\u00e1n ph\u1ea3i \u0111inh tr\u00ean \u0111\u01b0\u1eddng b\u1ea1n s\u1ebd b\u01a1m t\u1ea1m \u0111\u1ec3 xe c\u00f3 th\u1ec3 di chuy\u1ec3n v\u00e0 ch\u1ea1y v\u1ec1 gara \u0111\u1ec3 s\u1eeda.<\/p>\n<p><img loading=\"lazy\" class=\"aligncenter wp-image-5402 lazy-load-active\" src=\"https:\/\/webvision.vn\/wp-content\/uploads\/2017\/08\/bom-dien-12v-michelin-12260-1.jpg\" sizes=\"(max-width: 500px) 100vw, 500px\" srcset=\"https:\/\/webvision.vn\/wp-content\/uploads\/2017\/08\/bom-dien-12v-michelin-12260-1.jpg 640w, https:\/\/webvision.vn\/wp-content\/uploads\/2017\/08\/bom-dien-12v-michelin-12260-1-533x400.jpg 533w\" alt=\"\" width=\"500\" height=\"375\" data-src=\"https:\/\/webvision.vn\/wp-content\/uploads\/2017\/08\/bom-dien-12v-michelin-12260-1.jpg\" data-srcset=\"https:\/\/webvision.vn\/wp-content\/uploads\/2017\/08\/bom-dien-12v-michelin-12260-1.jpg 640w, https:\/\/webvision.vn\/wp-content\/uploads\/2017\/08\/bom-dien-12v-michelin-12260-1-533x400.jpg 533w\" \/><\/p>\n<p>\u01afu \u0111i\u1ec3m v\u01b0\u1ee3t tr\u1ed9i c\u1ee7a Michelin 12260:<\/p>\n<p>\u2013 B\u01a1m c\u00f3 thi\u1ebft k\u1ebf h\u00ecnh tr\u1ee5 r\u1ea5t g\u1ecdn nh\u1eb9, thao t\u00e1c s\u1eed d\u1ee5ng \u0111\u01a1n gi\u1ea3n ch\u1ec9 b\u1eb1ng 1 n\u00fat b\u1ea5m, t\u1ea5t c\u1ea3 m\u1ecdi ng\u01b0\u1eddi ai c\u0169ng s\u1eed d\u1ee5ng \u0111\u01b0\u1ee3c, k\u1ec3 c\u1ea3 ph\u1ee5 n\u1eef.<\/p>\n<p>\u2013 Th\u00e2n m\u00e1y b\u01a1m \u0111\u01b0\u1ee3c b\u1eb1ng nh\u00f4m cao c\u1ea5p v\u00e0 gi\u1ea3i nhi\u1ec7t c\u1ef1c nhanh nh\u1edd ph\u00e2n b\u1ed1 \u0111\u1ed3ng \u0111\u1ec1u theo h\u00ecnh tr\u00f2n.<\/p>\n<p>\u2013 T\u00edch h\u1ee3p th\u00eam \u0111\u1ed3ng h\u1ed3 \u0111o \u00e1p su\u1ea5t c\u00f3 th\u1ec3 th\u00e1o r\u1eddi \u0111\u1ec3 ki\u1ec3m tra t\u1eebng b\u00e1nh xe m\u00e0 kh\u00f4ng c\u1ea7n mang c\u1ea3 b\u01a1m, v\u1eeba ti\u1ebft ki\u1ec7m c\u00f4ng s\u1ee9c v\u00e0 v\u00f4 c\u00f9ng ti\u1ec7n l\u1ee3i.<\/p>\n<p>\u2013 M\u00e0n h\u00ecnh hi\u1ec3n th\u1ecb \u0111\u00e8n LED tr\u00ean \u0111\u1ed3ng h\u1ed3 \u0111o, th\u00e2n m\u00e1y 2 \u0111\u00e8n LED chi\u1ebfu s\u00e1ng d\u1ec5 d\u00e0ng s\u1eed d\u1ee5ng trong t\u1ed1i.<\/p>\n<p>\u2013 D\u00e2y \u0111i\u1ec7n ngu\u1ed3n 3m , D\u00e2y b\u01a1m 60cm v\u00e0 k\u00e8m c\u00e1c valve b\u01a1m ph\u1ee5 theo m\u00e1y (b\u01a1m b\u00f3ng, n\u1ec7m h\u01a1i, b\u01a1m xe m\u00e1y\u2026) C\u1ea7u ch\u00ec d\u1ef1 b\u1ecb 15A.<\/p>\n<p>\u2013 B\u01a1m ho\u1ea1t \u0111\u1ed9ng b\u1eb1ng ngu\u1ed3n 12V l\u1ea5y tr\u1ef1c ti\u1ebfp t\u1eeb \u1ed5 t\u1ea9u thu\u1ed1c, r\u1ea5t ti\u1ec7n l\u1ee3i khi s\u1eed d\u1ee5ng.<\/p>\n<p>\u2013 Motor b\u01a1m s\u1ea3n xu\u1ea5t theo c\u00f4ng ngh\u1ec7 m\u1edbi nh\u1ea5t cho ph\u00e9p gi\u1ea3m ti\u1ebfng \u1ed3n t\u1ed1i \u0111a, \u0111\u00e3 \u0111\u01b0\u1ee3c ch\u1ee9ng nh\u1eadn \u0111\u1ed9 \u1ed3n d\u01b0\u1edbi 86 dB.<\/p>\n<p>\u2013 \u00c1p su\u1ea5t t\u1ed1i \u0111a: 7 bar t\u01b0\u01a1ng \u0111\u01b0\u01a1ng 99,9 psi<\/p>\n<p>\u2013 C\u00f4ng su\u1ea5t b\u01a1m t\u1eeb 0 \u0111\u1ebfn 30 psi trong kho\u1ea3ng 3 ph\u00fat, b\u01a1m c\u0103ng b\u00e1nh xe trong v\u00f2ng 4 ph\u00fat.<\/p>\n<p><strong>B\u1ed9 s\u1ea3n ph\u1ea9m bao g\u1ed3m:<\/strong><br \/>\n\u2013 1 x B\u01a1m \u0111i\u1ec7n \u00f4 t\u00f4 12 V Michelin<\/p>\n<p>\u2013 1x \u0111\u1ed3ng h\u1ed3 \u0111o \u00e1p su\u1ea5t<\/p>\n<p>\u2013 \u1ed4 c\u1eafm t\u1edbi t\u1ea9u thu\u1ed1c l\u00e1 tr\u00ean \u00f4 t\u00f4 DC 12v (soket lighter)<\/p>\n<p>\u2013 B\u1ed9 chuy\u1ec3n \u0111\u1ed5i konektor pompa<\/p>\n<p>S\u1eed d\u1ee5ng b\u01a1m \u0111i\u1ec7n Michelin l\u00e0 s\u1ef1 l\u1ef1a ch\u1ecdn th\u00f4ng minh ho\u00e0n h\u1ea3o v\u00e0 ti\u1ebft ki\u1ec7m ti\u1ec1n b\u1ea1c nh\u1ea5t gi\u00fap b\u1ea1n c\u00f3 th\u1ec3 y\u00ean t\u00e2m di chuy\u1ec3n an to\u00e0n khi tham gia giao th\u00f4ng b\u1eb1ng xe h\u01a1i.<\/p>\n<p>Hi\u1ec7n t\u1ea1i, B\u01a1m \u0111i\u1ec7n \u00f4 t\u00f4 12V Michelin Model 12260 \u0111\u01b0\u1ee3c \u0110\u1eb2NG C\u1ea4P CAMERA \u2013 \u0110\u1ea0I L\u00dd MICHELIN T\u1ea0I VI\u1ec6T NAM ph\u00e2n ph\u1ed1i. \u0110\u1ec3 bi\u1ebft th\u00eam th\u00f4ng tin chi ti\u1ebft v\u00e0 \u0111\u1eb7t mua s\u1ea3n ph\u1ea9m h\u00e3y li\u00ean h\u1ec7 v\u1edbi ch\u00fang t\u00f4i qua s\u1ed1 \u0111i\u1ec7n tho\u1ea1i sau:<\/p>\n<p>Hotline \u0111\u1eb7t h\u00e0ng:<\/p>\n<p>01234.000.000 0934.000.000 01234.666.666<\/p>\n<p>Hotline h\u1ed7 tr\u1ee3:<\/p>\n<p>0969.9999.19 0969.9999.29 0969.9999.69<\/p>\n<p>SHOWROOM TR\u01afNG B\u00c0Y S\u1ea2N PH\u1ea8M T\u1ea0I \u0110\u1eb2NG C\u1ea4P CAMERA<\/p>\n<p>MI\u1ec0N B\u1eaeC:<\/p>\n<p>S\u1ed1 33\/121 Th\u00e1i h\u00e0, Ph\u01b0\u1eddng Trung Li\u1ec7t, Qu\u1eadn \u0110\u1ed1ng \u0110a, Th\u00e0nh ph\u1ed1 H\u00e0 N\u1ed9i. \u0110i\u1ec7n tho\u1ea1i: (04).22.66.77.88 \u2013 (04).62.555.553<br \/>\nS\u1ed1 11 Phan \u0110\u00ecnh Ph\u00f9ng, Ph\u01b0\u1eddng \u0110\u1ed3ng Quang, Th\u00e0nh ph\u1ed1 Th\u00e1i Nguy\u00ean. \u0110i\u1ec7n tho\u1ea1i: 0969.9999.69<br \/>\nMI\u1ec0N NAM: S\u1ed1 232\/17 Cao Th\u1eafng, Ph\u01b0\u1eddng 12, Qu\u1eadn 10, Th\u00e0nh ph\u1ed1 H\u1ed3 Ch\u00ed Minh. \u0110i\u1ec7n tho\u1ea1i: (08).22.44.66.88 \u2013 (08).22.444.666 \u2013 (08).22.444.888<\/p>\n","protected":false},"excerpt":{"rendered":"<p>Michelin l\u00e0 m\u1ed9t th\u01b0\u01a1ng hi\u1ec7u h\u00e0ng \u0111\u1ea7u tr\u00ean th\u1ebf g\u1edbi v\u1ec1 l\u1ed1p xe v\u00e0 ph\u1ee5 ki\u1ec7n cho xe h\u01a1i. T\u1ea5t c\u1ea3 c\u00e1c s\u1ea3n ph\u1ea9m t\u1eeb th\u01b0\u01a1ng hi\u1ec7u n\u00e0y lu\u00f4n c\u00f3 ch\u1ea5t l\u01b0\u1ee3ng t\u1ed1t, m\u1eabu m\u00e3 \u0111a d\u1ea1ng v\u00e0 gi\u00e1 th\u00e0nh h\u1ee3p l\u00fd. B\u01a1m \u0111i\u1ec7n \u00f4 t\u00f4 12V Michelin model 12260 l\u00e0 m\u1ed9t trong nh\u1eefng s\u1ea3n &#8230;<\/p>\n","protected":false},"featured_media":207,"comment_status":"open","ping_status":"closed","template":"","meta":[],"product_cat":[20],"product_tag":[],"brands":[],"_links":{"self":[{"href":"https:\/\/demo.bmconnect.vn\/camera2\/wp-json\/wp\/v2\/product\/206"}],"collection":[{"href":"https:\/\/demo.bmconnect.vn\/camera2\/wp-json\/wp\/v2\/product"}],"about":[{"href":"https:\/\/demo.bmconnect.vn\/camera2\/wp-json\/wp\/v2\/types\/product"}],"replies":[{"embeddable":true,"href":"https:\/\/demo.bmconnect.vn\/camera2\/wp-json\/wp\/v2\/comments?post=206"}],"wp:featuredmedia":[{"embeddable":true,"href":"https:\/\/demo.bmconnect.vn\/camera2\/wp-json\/wp\/v2\/media\/207"}],"wp:attachment":[{"href":"https:\/\/demo.bmconnect.vn\/camera2\/wp-json\/wp\/v2\/media?parent=206"}],"wp:term":[{"taxonomy":"product_cat","embeddable":true,"href":"https:\/\/demo.bmconnect.vn\/camera2\/wp-json\/wp\/v2\/product_cat?post=206"},{"taxonomy":"product_tag","embeddable":true,"href":"https:\/\/demo.bmconnect.vn\/camera2\/wp-json\/wp\/v2\/product_tag?post=206"}],"curies":[{"name":"wp","href":"https:\/\/api.w.org\/{rel}","templated":true}]}}