{"id":166,"date":"2019-03-09T23:17:36","date_gmt":"2019-03-09T16:17:36","guid":{"rendered":"http:\/\/demo.bmconnect.vn\/camera2\/?post_type=product&#038;p=166"},"modified":"2019-03-10T22:26:28","modified_gmt":"2019-03-10T15:26:28","slug":"webvision-m39-camera-hanh-trinh-guong-giam-sat-tu-xa","status":"publish","type":"product","link":"https:\/\/demo.bmconnect.vn\/camera2\/san-pham\/webvision-m39-camera-hanh-trinh-guong-giam-sat-tu-xa\/","title":{"rendered":"WEBVISION M39 \u2013 Camera h\u00e0nh tr\u00ecnh g\u01b0\u01a1ng gi\u00e1m s\u00e1t t\u1eeb xa"},"content":{"rendered":"<h3><b>WEBVISION M39 4G: CAMERA K\u00c9P \u2013 THI\u1ebeT B\u1eca D\u1eaaN \u0110\u01af\u1edcNG \u2013 \u0110\u1ecaNH V\u1eca \u2013 QUAN S\u00c1T XE T\u1eea XA \u2013 PH\u00c1T WIFI \u2013 G\u01af\u01a0NG CHI\u1ebeU H\u1eacU<\/b><\/h3>\n<p><strong>Camera h\u00e0nh tr\u00ecnh<\/strong>\u00a0Webvision M39 \u0111\u01b0\u1ee3c \u0111\u00e1nh gi\u00e1 l\u00e0 m\u1ed9t trong nh\u1eefng si\u00eau ph\u1ea9m camera hi\u1ec7n nay t\u00edch h\u1ee3p 16 t\u00ednh n\u0103ng h\u1eefu \u00edch nh\u01b0: c\u00f4ng ngh\u1ec7 4G, kh\u1ea3 n\u0103ng \u0111i\u1ec1u khi\u1ec3n t\u1eeb xa, d\u1eabn \u0111\u01b0\u1eddng, quay video ch\u1ea5t l\u01b0\u1ee3ng Full HD, h\u1ed7 tr\u1ee3 l\u00e1i xe an to\u00e0n nh\u1edd h\u1ec7 th\u1ed1ng c\u1ea3nh b\u00e1o th\u00f4ng minh\u2026.<\/p>\n<p><em>C\u1eadn c\u1ea3nh \u0111\u1eadp h\u1ed9p Webvision M39<\/em><\/p>\n<p>\u0110\u00e2y l\u00e0 s\u1ea3n ph\u1ea9m \u0111\u1ed9c quy\u1ec1n t\u1eeb Webvision Vi\u1ec7t Nam v\u00e0 hi\u1ec7n \u0111ang \u0111\u01b0\u1ee3c ph\u00e2n ph\u1ed1i ch\u00ednh h\u00e3ng b\u1edfi \u0111\u01a1n v\u1ecb \u0110\u1eb3ng c\u1ea5p Camera \u2013 \u0111\u01a1n v\u1ecb chuy\u00ean cung c\u1ea5p camera h\u00e0nh tr\u00ecnh,\u00a0camera gi\u00e1m s\u00e1t, camera h\u00e0nh \u0111\u1ed9ng h\u00e0ng \u0111\u1ea7u Vi\u1ec7t Nam.<\/p>\n<h2><b>Nh\u1eefng t\u00ednh n\u0103ng v\u01b0\u1ee3t tr\u1ed9i c\u1ee7a si\u00eau camera h\u00e0nh tr\u00ecnh hot nh\u1ea5t hi\u1ec7n nay:<\/b><\/h2>\n<p>Webvision M39 l\u00e0 chi\u1ebfc camera h\u00e0nh tr\u00ecnh th\u00f4ng minh nh\u1ea5t hi\u1ec7n nay v\u1edbi c\u1ef1c nhi\u1ec1u t\u00ednh n\u0103ng m\u00e0 kh\u00f3 c\u00f3 m\u1ed9t s\u1ea3n ph\u1ea9m camera h\u00e0nh tr\u00ecnh n\u00e0o c\u00f3 \u0111\u01b0\u1ee3c, h\u1ed7 tr\u1ee3 t\u1ed1i \u0111a an to\u00e0n cho l\u00e1i xe trong m\u1ecdi cu\u1ed9c h\u00e0nh tr\u00ecnh. Kh\u00f4ng ch\u1ec9 v\u1eady, n\u00f3 c\u00f2n s\u1eed d\u1ee5ng giao di\u1ec7n v\u00e0 h\u1ed7 tr\u1ee3 ho\u00e0n to\u00e0n b\u1eb1ng ti\u1ebfng Vi\u1ec7t gi\u00fap nh\u1eefng l\u00e1i xe d\u1ec5 d\u00e0ng l\u00e0m quen v\u00e0 s\u1eed d\u1ee5ng.<\/p>\n<p><b>Camera k\u00e9p quay phim Full HD \u0111\u1ed9 n\u00e9t cao h\u1ed7 tr\u1ee3 h\u1ed3ng ngo\u1ea1i, ch\u1ebf \u0111\u1ed9 ghi h\u00ecnh v\u00f2ng l\u1eb7p<\/b><\/p>\n<figure id=\"attachment_6765\" class=\"wp-caption aligncenter\"><img loading=\"lazy\" class=\"size-full wp-image-6765 lazy-load-active\" src=\"https:\/\/webvision.vn\/wp-content\/uploads\/2017\/12\/trai-nghiem-camera-hanh-trinh-webvision-m39-hot-nhat-hien-nay-t.png\" alt=\"\" width=\"710\" height=\"370\" data-src=\"https:\/\/webvision.vn\/wp-content\/uploads\/2017\/12\/trai-nghiem-camera-hanh-trinh-webvision-m39-hot-nhat-hien-nay-t.png\" \/><figcaption class=\"wp-caption-text\"><em>H\u00ecnh \u1ea3nh ghi l\u1ea1i \u0111\u01b0\u1ee3c t\u1eeb Camera h\u00e0nh tr\u00ecnh Webvision M39 v\u00e0o ban ng\u00e0y<\/em><\/figcaption><\/figure>\n<p>V\u1edbi g\u00f3c quay r\u1ed9ng l\u00ean \u0111\u1ebfn 140 \u0111\u1ed9 c\u00f9ng ch\u1ebf \u0111\u1ed9 quay Full HD 1080P, Webvision M39 c\u00f3 kh\u1ea3 n\u0103ng ghi h\u00ecnh to\u00e0n c\u1ea3nh m\u1ed9t c\u00e1ch\u00a0<strong>r\u00f5 n\u00e9t<\/strong>\u00a0ngay c\u1ea3 khi\u00a0khi b\u1ea1n di chuy\u1ec3n v\u00e0o ban \u0111\u00eam b\u1ecb l\u00f3a b\u1edfi \u0111\u00e8n xe hay th\u1eadm ch\u00ed l\u00e0 khi di chuy\u1ec3n trong \u0111i\u1ec1u ki\u1ec7n g\u1eb7p th\u1eddi ti\u1ebft x\u1ea5u.<\/p>\n<p><i>Video h\u00ecnh \u1ea3nh \u0111\u01b0\u1ee3c Webvision M39 quay l\u1ea1i v\u00e0o ban ng\u00e0y<\/i><\/p>\n<p>Khi b\u1ed9 nh\u1edb b\u1ed9 \u0111\u1ea7y, chi\u1ebfc camera n\u00e0y c\u0169ng t\u1ef1 \u0111\u1ed9ng\u00a0<strong>ghi \u0111\u00e8<\/strong>\u00a0l\u00ean c\u00e1c ph\u1ea7n\u00a0video \u0111\u00e3 quay tr\u01b0\u1edbc \u0111\u00f3 tr\u00e1nh b\u1ecf l\u1ee1 nh\u1eefng h\u00ecnh \u1ea3nh quan tr\u1ecdng.<\/p>\n<p><b>T\u00edch h\u1ee3p Camera l\u00f9i<\/b><\/p>\n<p>Vi\u1ec7c d\u1eebng, \u0111\u1ed7 ng\u00e0y c\u00e0ng tr\u1edf n\u00ean kh\u00f3 kh\u0103n khi m\u00e0 s\u1ed1 l\u01b0\u1ee3ng \u00f4 t\u00f4 ng\u00e0y m\u1ed9t t\u0103ng trong khi di\u1ec7n t\u00edch d\u00e0nh cho c\u00e1c b\u00e3i \u0111\u1eadu xe \u1edf Vi\u1ec7t Nam v\u1eabn c\u00f2n r\u1ea5t h\u1ea1n ch\u1ebf. \u0110\u00e3 c\u00f3 r\u1ea5t nhi\u1ec1u v\u1ee5 va ch\u1ea1m x\u1ea3y ra xu\u1ea5t ph\u00e1t t\u1eeb nguy\u00ean nh\u00e2n l\u00e1i xe kh\u00f4ng quan s\u00e1t \u0111\u01b0\u1ee3c nh\u1eefng v\u1eadt th\u1ec3 ph\u00eda sau do h\u1ea1n ch\u1ebf t\u1ea7m nh\u00ecn.<\/p>\n<p><img loading=\"lazy\" class=\"aligncenter wp-image-6801 size-full lazy-load-active\" src=\"https:\/\/webvision.vn\/wp-content\/uploads\/2017\/12\/webvision-m39-camera-lui.jpg\" sizes=\"(max-width: 768px) 100vw, 768px\" srcset=\"https:\/\/webvision.vn\/wp-content\/uploads\/2017\/12\/webvision-m39-camera-lui.jpg 768w, https:\/\/webvision.vn\/wp-content\/uploads\/2017\/12\/webvision-m39-camera-lui-463x400.jpg 463w\" alt=\"\" width=\"768\" height=\"663\" data-src=\"https:\/\/webvision.vn\/wp-content\/uploads\/2017\/12\/webvision-m39-camera-lui.jpg\" data-srcset=\"https:\/\/webvision.vn\/wp-content\/uploads\/2017\/12\/webvision-m39-camera-lui.jpg 768w, https:\/\/webvision.vn\/wp-content\/uploads\/2017\/12\/webvision-m39-camera-lui-463x400.jpg 463w\" \/><\/p>\n<p>Ch\u00ednh v\u00ec l\u1ebd \u0111\u00f3 m\u00e0, Webvision M39 \u0111\u01b0\u1ee3c trang b\u1ecb camera l\u00f9i gi\u00fap t\u00e0i x\u1ebf d\u1ec5 d\u00e0ng quan s\u00e1t \u0111\u01b0\u1ee3c m\u1ecdi ho\u1ea1t \u0111\u1ed9ng, v\u1eadt c\u1ea3n ph\u00eda sau gi\u00fap vi\u1ec7c d\u1eebng, \u0111\u1ed7 tr\u1edf n\u00ean d\u1ec5 d\u00e0ng, thu\u1eadn ti\u1ec7n.<\/p>\n<p>Khi b\u1ea1n v\u1ec1 s\u1ed1 R, m\u00e0n h\u00ecnh camera s\u1ebd t\u1ef1 \u0111\u1ed9ng hi\u1ec3n th\u1ecb h\u00ecnh \u1ea3nh \u0111\u01b0\u1ee3c ghi l\u1ea1i t\u1eeb camera sau.<\/p>\n<p><b>C\u00f4ng ngh\u1ec7 4G LTE hi\u1ec7n \u0111\u1ea1i<\/b><\/p>\n<p>S\u1eed d\u1ee5ng m\u1ed9t chi\u1ebfc Sim 4G cho chi\u1ebfc camera n\u00e0y, b\u1ea1n c\u00f3 th\u1ec3 ngay l\u1eadp t\u1ee9c gi\u1ea3i tr\u00ed tr\u1ef1c tuy\u1ebfn nh\u1edd t\u00ednh n\u0103ng t\u00edch h\u1ee3p\u00a0c\u00f4ng ngh\u1ec7 4G LTE hi\u1ec7n \u0111\u1ea1i.<\/p>\n<p>Tha h\u1ed3 tr\u1ea3i nghi\u1ec7m c\u00e1c \u1ee9ng d\u1ee5ng online, l\u01b0\u1edbt web, nghe nh\u1ea1c, xem phim,\u2026 v\u1edbi m\u1ea1ng 4G c\u1ef1c nhanh.<\/p>\n<p><em>Nghe nh\u1ea1c tr\u1ef1c tuy\u1ebfn tr\u00ean thi\u1ebft b\u1ecb v\u1edbi m\u1ea1ng 4G LTE<\/em><\/p>\n<p>Chi\u1ebfc camera n\u00e0y c\u00f2n c\u00f3 th\u1ec3 t\u1ef1 \u0111\u1ed9ng ph\u00e1t Wifi, h\u1ed7 tr\u1ee3 gi\u00e1m s\u00e1t xe m\u1ecdi l\u00fac m\u1ecdi n\u01a1i. B\u1ea1n c\u0169ng c\u00f3 th\u1ec3 \u0111\u1ed3ng b\u1ed9 h\u00f3a v\u00e0 chia s\u1ebb d\u1eef li\u1ec7u c\u1ee7a chi\u1ebfc camera n\u00e0y v\u1edbi chi\u1ebfc smartphone c\u1ee7a b\u1ea1n, th\u01b0\u1edfng th\u1ee9c \u00e2m nh\u1ea1c, ch\u01a1i game, gi\u1ea3i tr\u00ed tr\u1ef1c tuy\u1ebfn\u2026\u00a0tr\u00ean ch\u00ednh thi\u1ebft b\u1ecb n\u00e0y.<\/p>\n<p><b>Ph\u00e1t Wifi<\/b><\/p>\n<p>Khi l\u1eafp th\u1ebb sim 4G v\u00e0o camera, Webvision M39 ngay l\u1eadp t\u1ee9c tr\u1edf th\u00e0nh m\u1ed9t \u0111i\u1ec3m ph\u00e1t di \u0111\u1ed9ng s\u1eed d\u1ee5ng ch\u00ednh m\u1ea1ng 4G c\u1ee7a \u0111\u1ec3 ph\u00e1t ra Wifi cho c\u00e1c thi\u1ebft b\u1ecb kh\u00e1c c\u00f9ng s\u1eed d\u1ee5ng.<\/p>\n<p><img loading=\"lazy\" class=\"aligncenter wp-image-6775 lazy-load-active\" src=\"https:\/\/webvision.vn\/wp-content\/uploads\/2017\/12\/webvision-m39-ket-noi-wifi-copy-587x400.jpg\" sizes=\"(max-width: 700px) 100vw, 700px\" srcset=\"https:\/\/webvision.vn\/wp-content\/uploads\/2017\/12\/webvision-m39-ket-noi-wifi-copy-587x400.jpg 587w, https:\/\/webvision.vn\/wp-content\/uploads\/2017\/12\/webvision-m39-ket-noi-wifi-copy-768x523.jpg 768w, https:\/\/webvision.vn\/wp-content\/uploads\/2017\/12\/webvision-m39-ket-noi-wifi-copy.jpg 900w\" alt=\"\" width=\"700\" height=\"477\" data-src=\"https:\/\/webvision.vn\/wp-content\/uploads\/2017\/12\/webvision-m39-ket-noi-wifi-copy-587x400.jpg\" data-srcset=\"https:\/\/webvision.vn\/wp-content\/uploads\/2017\/12\/webvision-m39-ket-noi-wifi-copy-587x400.jpg 587w, https:\/\/webvision.vn\/wp-content\/uploads\/2017\/12\/webvision-m39-ket-noi-wifi-copy-768x523.jpg 768w, https:\/\/webvision.vn\/wp-content\/uploads\/2017\/12\/webvision-m39-ket-noi-wifi-copy.jpg 900w\" \/><\/p>\n<p>T\u1ea5t c\u1ea3 m\u1ecdi ng\u01b0\u1eddi trong xe \u0111\u1ec1u c\u00f3 th\u1ec3 tr\u1ea3i nghi\u1ec7m c\u00e1c \u1ee9ng d\u1ee5ng online m\u00e0 kh\u00f4ng g\u1eb7p b\u1ea5t k\u00ec tr\u1edf ng\u1ea1i n\u00e0o.<\/p>\n<p><strong>\u0110\u1ecbnh v\u1ecb, gi\u00e1m s\u00e1t t\u1eeb xa th\u00f4ng minh v\u1edbi \u1ee9ng d\u1ee5ng Car Assist tr\u00ean \u0111i\u1ec7n tho\u1ea1i<\/strong><\/p>\n<p>N\u1ebfu nh\u01b0 c\u00e1c thi\u1ebft b\u1ecb \u0111\u1ecbnh v\u1ecb hi\u1ec7n nay ch\u1ec9 c\u00f3 th\u1ec3 hi\u1ec3n th\u1ecb \u0111\u01b0\u1ee3c v\u1ecb tr\u00ed chi\u1ebfc \u00f4 t\u00f4 c\u1ee7a b\u1ea1n tr\u00ean b\u1ea3n \u0111\u1ed3 th\u00ec h\u1ec7 th\u1ed1ng \u0111\u1ecbnh v\u1ecb c\u1ee7a Camera h\u00e0nh tr\u00ecnh Webvision M39 l\u1ea1i c\u00f3 nh\u1eefng t\u00ednh n\u0103ng n\u1ed5i b\u1eadt h\u01a1n h\u1eb3n.<\/p>\n<p>D\u00f9 b\u1ea1n \u0111ang \u1edf nh\u00e0 hay b\u1ea5t c\u1ee9 n\u01a1i \u0111\u00e2u ch\u1ec9 c\u1ea7n m\u1edf \u1ee9ng d\u1ee5ng Car Assist \u0111\u01b0\u1ee3c c\u00e0i \u0111\u1eb7t tr\u00ean \u0111i\u1ec7n tho\u1ea1i l\u00e0 b\u1ea1n \u0111\u00e3 c\u00f3 th\u1ec3 bi\u1ebft \u0111\u01b0\u1ee3c chi\u1ebfc xe c\u1ee7a b\u1ea1n \u0111ang \u1edf tr\u00ean cung \u0111\u01b0\u1eddng n\u00e0o, \u0111ang di chuy\u1ec3n ra sao v\u00e0 th\u1eadm ch\u00ed l\u00e0 c\u00f3 th\u1ec3 xem \u0111\u01b0\u1ee3c ho\u1ea1t \u0111\u1ed9ng ph\u00eda tr\u01b0\u1edbc c\u1ee7a xe \u0111\u01b0\u1ee3c ghi l\u1ea1i qua camera h\u00e0nh tr\u00ecnh.<\/p>\n<p><img loading=\"lazy\" class=\"aligncenter wp-image-7323 lazy-load-active\" src=\"https:\/\/webvision.vn\/wp-content\/uploads\/2017\/12\/Car-assist-1-445x400.jpg\" sizes=\"(max-width: 700px) 100vw, 700px\" srcset=\"https:\/\/webvision.vn\/wp-content\/uploads\/2017\/12\/Car-assist-1-445x400.jpg 445w, https:\/\/webvision.vn\/wp-content\/uploads\/2017\/12\/Car-assist-1-768x690.jpg 768w, https:\/\/webvision.vn\/wp-content\/uploads\/2017\/12\/Car-assist-1-891x800.jpg 891w, https:\/\/webvision.vn\/wp-content\/uploads\/2017\/12\/Car-assist-1.jpg 1000w\" alt=\"\" width=\"700\" height=\"629\" data-src=\"https:\/\/webvision.vn\/wp-content\/uploads\/2017\/12\/Car-assist-1-445x400.jpg\" data-srcset=\"https:\/\/webvision.vn\/wp-content\/uploads\/2017\/12\/Car-assist-1-445x400.jpg 445w, https:\/\/webvision.vn\/wp-content\/uploads\/2017\/12\/Car-assist-1-768x690.jpg 768w, https:\/\/webvision.vn\/wp-content\/uploads\/2017\/12\/Car-assist-1-891x800.jpg 891w, https:\/\/webvision.vn\/wp-content\/uploads\/2017\/12\/Car-assist-1.jpg 1000w\" \/><\/p>\n<p>M\u1ed9t \u0111i\u1ec3m \u0111\u1eb7c bi\u1ec7t n\u1eefa c\u1ee7a thi\u1ebft b\u1ecb n\u00e0y l\u00e0 b\u1ea1n c\u00f2n c\u00f3 th\u1ec3 n\u00f3i chuy\u1ec7n tr\u1ef1c ti\u1ebfp v\u1edbi l\u00e1i xe th\u00f4ng qua \u1ee9ng d\u1ee5ng n\u00e0y.<\/p>\n<p>Khi chi\u1ebfc xe x\u1ea3y ra t\u00ecnh tr\u1ea1ng tr\u1ed9m c\u1eafp ph\u00e1 ho\u1ea1i, chi\u1ebfc camera n\u00e0y s\u1ebd t\u1ef1 \u0111\u1ed9ng ch\u1ee5p l\u1ea1i h\u00ecnh \u1ea3nh r\u1ed3i g\u1eedi \u0111\u1ebfn \u0111i\u1ec7n tho\u1ea1i c\u1ee7a b\u1ea1n \u0111\u1ec3 c\u1ea3nh b\u00e1o.<\/p>\n<p><b>GPS \u0111\u1ecbnh v\u1ecb, d\u1eabn \u0111\u01b0\u1eddng v\u1edbi b\u1ea3n \u0111\u1ed3 Navitel th\u00f4ng minh, ch\u00ednh x\u00e1c\u00a0<\/b><\/p>\n<p>Camera h\u00e0nh tr\u00ecnh Webvision M39 \u0111\u01b0\u1ee3c trang b\u1ecb c\u00f4ng ngh\u1ec7 ADAS h\u1ed7 tr\u1ee3 l\u00e1i xe r\u1ea5t nhi\u1ec1u trong qu\u00e1 tr\u00ecnh di chuy\u1ec3n. Thi\u1ebft b\u1ecb th\u00f4ng minh n\u00e0y c\u00f3 th\u1ec3 nh\u1eadn di\u1ec7n t\u1ed1c \u0111\u1ed9 theo cung \u0111\u01b0\u1eddng nh\u1edd ch\u1ee9c n\u0103ng b\u1eaft t\u1ecda \u0111\u1ed9 GPS. Ch\u00ednh v\u00ec v\u1eady m\u00e0 khi l\u00e1i xe \u0111i qu\u00e1 t\u1ed1c \u0111\u1ed9 cho ph\u00e9p , thi\u1ebft b\u1ecb n\u00e0y s\u1ebd nhanh ch\u00f3ng l\u00ean ti\u1ebfng c\u1ea3nh b\u00e1o v\u00e0 cung c\u1ea5p cho t\u00e0i x\u1ebf nh\u1eefng\u00a0th\u00f4ng tin ch\u00ednh x\u00e1c v\u1ec1 t\u1ecda \u0111\u1ed9, t\u1ed1c \u0111\u1ed9 l\u00e1i xe cho ph\u00e9p h\u1ed7 tr\u1ee3 t\u1ed1t nh\u1ea5t cho nh\u1eefng t\u00e0i x\u1ebf \u0111\u01b0\u1eddng xa ho\u1eb7c kh\u00f4ng th\u00f4ng th\u1ea1o \u0111\u01b0\u1eddng.<\/p>\n<figure id=\"attachment_6776\" class=\"wp-caption aligncenter\"><img loading=\"lazy\" class=\"wp-image-6776 lazy-load-active\" src=\"https:\/\/webvision.vn\/wp-content\/uploads\/2017\/12\/webvision-m39-11-600x400.jpg\" sizes=\"(max-width: 700px) 100vw, 700px\" srcset=\"https:\/\/webvision.vn\/wp-content\/uploads\/2017\/12\/webvision-m39-11-600x400.jpg 600w, https:\/\/webvision.vn\/wp-content\/uploads\/2017\/12\/webvision-m39-11-768x512.jpg 768w, https:\/\/webvision.vn\/wp-content\/uploads\/2017\/12\/webvision-m39-11.jpg 1000w\" alt=\"\" width=\"700\" height=\"467\" data-src=\"https:\/\/webvision.vn\/wp-content\/uploads\/2017\/12\/webvision-m39-11-600x400.jpg\" data-srcset=\"https:\/\/webvision.vn\/wp-content\/uploads\/2017\/12\/webvision-m39-11-600x400.jpg 600w, https:\/\/webvision.vn\/wp-content\/uploads\/2017\/12\/webvision-m39-11-768x512.jpg 768w, https:\/\/webvision.vn\/wp-content\/uploads\/2017\/12\/webvision-m39-11.jpg 1000w\" \/><figcaption class=\"wp-caption-text\"><em>D\u1eabn ch\u1ec9 \u0111\u01b0\u1eddng th\u00f4ng minh v\u1edbi b\u1ea3n \u0111\u1ed3 Navitel<\/em><\/figcaption><\/figure>\n<p>Webvision M39 s\u1eed d\u1ee5ng \u1ee9ng d\u1ee5ng d\u1eabn ch\u1ec9 \u0111\u01b0\u1eddng b\u1ed9 Navitel \u2013 d\u1eef li\u1ec7u \u0111\u01b0\u1eddng b\u1ed9 ch\u00ednh x\u00e1c nh\u1ea5t hi\u1ec7n nay v\u1edbi b\u1ea3n \u0111\u1ed3 63 t\u1ec9nh th\u00e0nh tr\u00ean c\u1ea3 n\u01b0\u1edbc<\/p>\n<p><b>C\u00f4ng ngh\u1ec7 Bluetooth 4.0: H\u1ed7 tr\u1ee3 \u0111\u00e0m tho\u1ea1i r\u1ea3nh tay, an to\u00e0n khi l\u00e1i xe<\/b><\/p>\n<p>V\u1edbi c\u00f4ng ngh\u1ec7 Bluetoooth 4.0, b\u1ea1n c\u00f3 th\u1ec3 k\u1ebft n\u1ed1i thi\u1ebft b\u1ecb v\u1edbi chi\u1ebfc smartphone c\u1ee7a m\u00ecnh \u0111\u1ec3 gi\u00fap vi\u1ec7c nghe g\u1ecdi khi \u0111ang l\u00e1i xe tr\u1edf n\u00ean d\u1ec5 d\u00e0ng h\u01a1n.<\/p>\n<figure id=\"attachment_6774\" class=\"wp-caption aligncenter\"><img loading=\"lazy\" class=\"wp-image-6774 lazy-load-active\" src=\"https:\/\/webvision.vn\/wp-content\/uploads\/2017\/12\/webvision-m39-19-600x400.jpg\" sizes=\"(max-width: 700px) 100vw, 700px\" srcset=\"https:\/\/webvision.vn\/wp-content\/uploads\/2017\/12\/webvision-m39-19-600x400.jpg 600w, https:\/\/webvision.vn\/wp-content\/uploads\/2017\/12\/webvision-m39-19-768x512.jpg 768w, https:\/\/webvision.vn\/wp-content\/uploads\/2017\/12\/webvision-m39-19.jpg 1000w\" alt=\"\" width=\"700\" height=\"467\" data-src=\"https:\/\/webvision.vn\/wp-content\/uploads\/2017\/12\/webvision-m39-19-600x400.jpg\" data-srcset=\"https:\/\/webvision.vn\/wp-content\/uploads\/2017\/12\/webvision-m39-19-600x400.jpg 600w, https:\/\/webvision.vn\/wp-content\/uploads\/2017\/12\/webvision-m39-19-768x512.jpg 768w, https:\/\/webvision.vn\/wp-content\/uploads\/2017\/12\/webvision-m39-19.jpg 1000w\" \/><figcaption class=\"wp-caption-text\"><em>\u0110\u00e0m tho\u1ea1i r\u1ea3nh tay th\u00f4ng qua camera h\u00e0nh tr\u00ecnh Webvision M39<\/em><\/figcaption><\/figure>\n<p>L\u00e1i xe c\u00f3 th\u1ec3 nghe, g\u1ecdi, t\u1eeb ch\u1ed1i, \u0111\u00e0m tho\u1ea1i r\u1ea3nh tay tr\u00ean ch\u00ednh chi\u1ebfc camera h\u00e0nh tr\u00ecnh n\u00e0y. \u0110i\u1ec1u n\u00e0y g\u00f3p ph\u1ea7n \u0111\u1ea3m b\u1ea3o an to\u00e0n khi di chuy\u1ec3n, \u0111em l\u1ea1i s\u1ef1 ti\u1ec7n l\u1ee3i \u0111\u00e1ng k\u1ec3 cho c\u00e1c l\u00e1i xe.<\/p>\n<p>\u0110\u00e2y l\u00e0 m\u1ed9t trong nh\u1eefng c\u00f4ng ngh\u1ec7 hi\u1ec7n \u0111\u1ea1i nh\u1ea5t hi\u1ec7n nay v\u00e0 kh\u00f4ng ph\u1ea3i chi\u1ebfc camera h\u00e0nh tr\u00ecnh n\u00e0o c\u0169ng c\u00f3 th\u1ec3 s\u1edf h\u1eefu<\/p>\n<p><b>C\u00f4ng ngh\u1ec7 FM<\/b><\/p>\n<p>C\u00f4ng ngh\u1ec7 FM gi\u00fap truy\u1ec1n \u00e2m thanh kh\u00f4ng d\u00e2y t\u1eeb chi\u1ebfc camera h\u00e0nh tr\u00ecnh c\u1ee7a b\u1ea1n xu\u1ed1ng d\u00e0n \u00e2m thanh c\u1ee7a xe h\u01a1i \u0111em l\u1ea1i tr\u1ea3i nghi\u1ec7m m\u1edf \u1ea5n t\u01b0\u1ee3ng tr\u00ean ch\u00ednh chi\u1ebfc xe c\u1ee7a b\u1ea1n.<\/p>\n<p><em>Video v\u1ec1 c\u00f4ng ngh\u1ec7 FM<\/em><\/p>\n<p><b>C\u1ea3nh b\u00e1o t\u1ed1c \u0111\u1ed9 v\u00e0 c\u1ea3nh b\u00e1o l\u1ea5n l\u00e0n<\/b><\/p>\n<p>Camera h\u00e0nh tr\u00ecnh Webvision M39 c\u00f3 ch\u1ee9c n\u0103ng n\u1ed5i tr\u1ed9i trong vi\u1ec7c c\u1ea3nh b\u00e1o gi\u1edbi h\u1ea1n t\u1ed1c \u0111\u1ed9 b\u1eb1ng gi\u1ecdng n\u00f3i b\u1eb1ng ti\u1ebfng Vi\u1ec7t gi\u00fap l\u00e1i xe tr\u00e1nh \u0111\u01b0\u1ee3c vi\u1ec7c ch\u1ea1y qu\u00e1 t\u1ed1c \u0111\u1ed9 cho ph\u00e9p. \u0110\u00e2y l\u00e0 m\u1ed9t trong nh\u1eefng t\u00ednh n\u0103ng \u0111\u01b0\u1ee3c nhi\u1ec1u ng\u01b0\u1eddi y\u00eau th\u00edch nh\u1edd s\u1ef1 th\u00f4ng minh v\u00e0 h\u1eefu \u00edch c\u1ee7a n\u00f3 gi\u00fap l\u00e1i xe ti\u1ebft ki\u1ec7m m\u1ed9t kho\u1ea3n chi ph\u00ed kh\u00e1 l\u1edbn.<\/p>\n<p><em>Video v\u1ec1 c\u1ea3nh b\u00e1o l\u1ea5n l\u00e0n, c\u1ea3nh b\u00e1o t\u1ed1c \u0111\u1ed9<\/em><\/p>\n<p>Chi\u1ebfc camera n\u00e0y \u0111\u01b0\u1ee3c x\u00e2y d\u1ef1ng tr\u00ean h\u1ec7 th\u1ed1ng ADAS bao g\u1ed3m h\u1ec7 th\u1ed1ng c\u1ea3nh b\u00e1o ph\u00eda tr\u01b0\u1edbc, c\u1ea3nh b\u00e1o kh\u1edfi h\u00e0nh, c\u1ea3nh b\u00e1o khi di chuy\u1ec3n trong m\u00f4i tr\u01b0\u1eddng thi\u1ebfu s\u00e1ng.<\/p>\n<p><img loading=\"lazy\" class=\"aligncenter wp-image-6779 lazy-load-active\" src=\"https:\/\/webvision.vn\/wp-content\/uploads\/2017\/12\/trai-nghiem-camera-hanh-trinh-webvision-m39-hot-nhat-hien-nay-7.jpg\" alt=\"\" width=\"700\" height=\"355\" data-src=\"https:\/\/webvision.vn\/wp-content\/uploads\/2017\/12\/trai-nghiem-camera-hanh-trinh-webvision-m39-hot-nhat-hien-nay-7.jpg\" \/><\/p>\n<p>Chi\u1ebfc camera n\u00e0y c\u0169ng l\u00ean ti\u1ebfng nh\u1eafc nh\u1edf khi b\u1ea1n di chuy\u1ec3n sai l\u00e0n \u0111\u01b0\u1eddng v\u00e0 ch\u1ec9 d\u1eebng c\u1ea3nh b\u00e1o khi b\u1ea1n tr\u1edf v\u1ec1 l\u00e0n \u0111\u01b0\u1eddng quy \u0111\u1ecbnh.<\/p>\n","protected":false},"excerpt":{"rendered":"<p>Camera h\u00e0nh tr\u00ecnh Webvision M39 c\u00f3 ch\u1ee9c n\u0103ng n\u1ed5i tr\u1ed9i trong vi\u1ec7c c\u1ea3nh b\u00e1o gi\u1edbi h\u1ea1n t\u1ed1c \u0111\u1ed9 b\u1eb1ng gi\u1ecdng n\u00f3i b\u1eb1ng ti\u1ebfng Vi\u1ec7t gi\u00fap l\u00e1i xe tr\u00e1nh \u0111\u01b0\u1ee3c vi\u1ec7c ch\u1ea1y qu\u00e1 t\u1ed1c \u0111\u1ed9 cho ph\u00e9p. \u0110\u00e2y l\u00e0 m\u1ed9t trong nh\u1eefng t\u00ednh n\u0103ng \u0111\u01b0\u1ee3c nhi\u1ec1u ng\u01b0\u1eddi y\u00eau th\u00edch nh\u1edd s\u1ef1 th\u00f4ng minh v\u00e0 h\u1eefu \u00edch c\u1ee7a n\u00f3 gi\u00fap l\u00e1i xe ti\u1ebft ki\u1ec7m m\u1ed9t kho\u1ea3n chi ph\u00ed kh\u00e1 l\u1edbn.<\/p>\n","protected":false},"featured_media":167,"comment_status":"open","ping_status":"closed","template":"","meta":[],"product_cat":[18],"product_tag":[21],"brands":[],"_links":{"self":[{"href":"https:\/\/demo.bmconnect.vn\/camera2\/wp-json\/wp\/v2\/product\/166"}],"collection":[{"href":"https:\/\/demo.bmconnect.vn\/camera2\/wp-json\/wp\/v2\/product"}],"about":[{"href":"https:\/\/demo.bmconnect.vn\/camera2\/wp-json\/wp\/v2\/types\/product"}],"replies":[{"embeddable":true,"href":"https:\/\/demo.bmconnect.vn\/camera2\/wp-json\/wp\/v2\/comments?post=166"}],"wp:featuredmedia":[{"embeddable":true,"href":"https:\/\/demo.bmconnect.vn\/camera2\/wp-json\/wp\/v2\/media\/167"}],"wp:attachment":[{"href":"https:\/\/demo.bmconnect.vn\/camera2\/wp-json\/wp\/v2\/media?parent=166"}],"wp:term":[{"taxonomy":"product_cat","embeddable":true,"href":"https:\/\/demo.bmconnect.vn\/camera2\/wp-json\/wp\/v2\/product_cat?post=166"},{"taxonomy":"product_tag","embeddable":true,"href":"https:\/\/demo.bmconnect.vn\/camera2\/wp-json\/wp\/v2\/product_tag?post=166"}],"curies":[{"name":"wp","href":"https:\/\/api.w.org\/{rel}","templated":true}]}}