{"id":216,"date":"2019-03-09T23:38:15","date_gmt":"2019-03-09T16:38:15","guid":{"rendered":"http:\/\/demo.bmconnect.vn\/camera\/?post_type=product&#038;p=216"},"modified":"2019-03-10T22:31:23","modified_gmt":"2019-03-10T15:31:23","slug":"bom-dien-michelin-12264","status":"publish","type":"product","link":"https:\/\/demo.bmconnect.vn\/camera\/san-pham\/bom-dien-michelin-12264\/","title":{"rendered":"B\u01a1m \u0111i\u1ec7n MICHELIN 12264 nh\u1eadp H\u00e0n"},"content":{"rendered":"<p>B\u1ea1n\u00a0\u0111ang c\u00f3 nhu c\u1ea7u mu\u1ed1n mua m\u1ed9t chi\u1ebfc m\u00e1y b\u01a1m l\u1ed1p\u00a0\u00f4 t\u00f4 mini\u00a0\u0111\u1ec3 d\u00f9ng cho chi\u1ebfc xe th\u00e2n y\u00eau c\u1ee7a b\u1ea1n? B\u1ea1n\u00a0\u0111ang ph\u00e2n v\u00e2n kh\u00f4ng bi\u1ebft n\u00ean mua lo\u1ea1i n\u00e0o cho t\u1ed1t, h\u00e3ng n\u00e0o cho t\u1ed1t, c\u1ee5 th\u1ec3 l\u00e0 n\u00ean mua c\u00e1i n\u00e0o? R\u1ed3i th\u00ec mua\u00a0\u1edf\u00a0\u0111\u00e2u\u00a0\u0111\u1ec3 c\u00f3 gi\u00e1 t\u1ed1t, b\u1ea3o h\u00e0nh chu\u00a0\u0111\u00e1o?<\/p>\n<p>Michelin 12264 l\u00e0 b\u01a1m \u0111i\u1ec7n \u00f4 t\u00f4 s\u1eed d\u1ee5ng c\u00f4ng ngh\u1ec7 \u0111\u1ed9ng c\u01a1 m\u00e1y n\u00e9n m\u1edbi nh\u1ea5t hi\u1ec7n c\u00f3 tr\u00ean th\u1ecb tr\u01b0\u1eddng hi\u1ec7n nay. N\u00f3 c\u00f3 th\u1ec3 \u0111\u01b0\u1ee3c s\u1eed d\u1ee5ng \u0111\u1ec3 b\u01a1m l\u1ed1p xe nh\u01b0 xe h\u01a1i, xe m\u00e1y, xe \u0111\u1ea1p. N\u00f3 c\u0169ng ph\u1ee5c v\u1ee5 nh\u01b0 l\u00e0 m\u1ed9t ngu\u1ed3n \u0111i\u1ec7n k\u1ef9 thu\u1eadt s\u1ed1 (DPS).<\/p>\n<p><img loading=\"lazy\" class=\"aligncenter wp-image-5410 lazy-load-active\" src=\"https:\/\/webvision.vn\/wp-content\/uploads\/2017\/10\/bom-dien-michelin-12264.jpg\" sizes=\"(max-width: 500px) 100vw, 500px\" srcset=\"https:\/\/webvision.vn\/wp-content\/uploads\/2017\/10\/bom-dien-michelin-12264.jpg 430w, https:\/\/webvision.vn\/wp-content\/uploads\/2017\/10\/bom-dien-michelin-12264-280x280.jpg 280w, https:\/\/webvision.vn\/wp-content\/uploads\/2017\/10\/bom-dien-michelin-12264-400x400.jpg 400w, https:\/\/webvision.vn\/wp-content\/uploads\/2017\/10\/bom-dien-michelin-12264-180x180.jpg 180w, https:\/\/webvision.vn\/wp-content\/uploads\/2017\/10\/bom-dien-michelin-12264-300x300.jpg 300w\" alt=\"\" width=\"500\" height=\"500\" data-src=\"https:\/\/webvision.vn\/wp-content\/uploads\/2017\/10\/bom-dien-michelin-12264.jpg\" data-srcset=\"https:\/\/webvision.vn\/wp-content\/uploads\/2017\/10\/bom-dien-michelin-12264.jpg 430w, https:\/\/webvision.vn\/wp-content\/uploads\/2017\/10\/bom-dien-michelin-12264-280x280.jpg 280w, https:\/\/webvision.vn\/wp-content\/uploads\/2017\/10\/bom-dien-michelin-12264-400x400.jpg 400w, https:\/\/webvision.vn\/wp-content\/uploads\/2017\/10\/bom-dien-michelin-12264-180x180.jpg 180w, https:\/\/webvision.vn\/wp-content\/uploads\/2017\/10\/bom-dien-michelin-12264-300x300.jpg 300w\" \/><\/p>\n<p>B\u01a1m Michelin 12264 \u0111\u01b0\u1ee3c thi\u1ebft k\u1ebf \u0111\u1ec3 b\u01a1m t\u1ea5t c\u00e1c c\u00e1c lo\u1ea1i l\u1ed1p xe kh\u00f4ng \u0111\u1ee7 \u00e1p su\u1ea5t h\u01a1i m\u1ecdi l\u00fac m\u1ecdi n\u01a1i. Chi\u1ebfc b\u01a1m\u00a0Michelin 12264 n\u00e0y v\u00f4 c\u00f9ng\u00a0nh\u1ecf g\u1ecdn n\u00e0y \u0111\u01b0\u1ee3c trang b\u1ecb \u0111\u1ed3ng h\u1ed3 \u0111o \u00e1p su\u1ea5t \u0111\u1ec3 x\u00e1c \u0111\u1ecbnh ch\u00ednh x\u00e1c \u00e1p su\u1ea5t theo \u0111\u00fang y\u00eau c\u1ea7u. Ngo\u00e0i ra, n\u00f3 c\u0169ng \u0111\u01b0\u1ee3c trang b\u1ecb m\u1ed9t n\u00fat x\u1ea3 trong tr\u01b0\u1eddng h\u1ee3p l\u1ed1p xe b\u1ecb qu\u00e1 \u00e1p su\u1ea5t y\u00eau c\u1ea7u ho\u1eb7c trong tr\u01b0\u1eddng h\u1ee3p l\u1ed1p v\u00f4 t\u00ecnh b\u1ecb b\u01a1m qu\u00e1 \u00e1p su\u1ea5t y\u00eau c\u1ea7u.<\/p>\n<h2><strong>\u01afu \u0111i\u1ec3m t\u1eeb\u00a0Michelin 12264<\/strong><\/h2>\n<p>\u2013 Th\u01b0\u01a1ng hi\u1ec7u uy t\u00edn<br \/>\n\u2013 Thi\u1ebft k\u1ebf v\u00f4 c\u00f9ng nh\u1ecf g\u1ecdn, tin m\u00ecnh \u0111i b\u1ea1n s\u1ebd ph\u1ea3i b\u1ea5t ng\u1edd v\u1ec1 \u0111\u1ed9 nh\u1ecf c\u1ee7a n\u00f3 \u0111\u1ea5y!<br \/>\n\u2013 D\u00e2y d\u1eabn \u0111i\u1ec7n d\u00e0i (h\u01a1n 3 m t\u00fd)<br \/>\n\u2013 B\u00e1o \u00e1p su\u1ea5t l\u1ed1p b\u1eb1ng m\u00e0n h\u00ecnh LCD<br \/>\n\u2013 M\u00e1y trang b\u1ecb n\u00fat x\u1ea3, \u0111\u1ec3 gi\u00fap b\u1ea1n x\u1ea3 b\u1edbt h\u01a1i trong tr\u01b0\u1eddng h\u1ee3p b\u01a1m qu\u00e1 c\u0103ng so v\u1edbi quy \u0111\u1ecbnh<br \/>\n\u2013 H\u1ed7 tr\u1ee3 nhi\u1ec1u van b\u01a1m, gi\u00fap b\u1ea1n b\u01a1m \u0111\u01b0\u1ee3c nhi\u1ec1u lo\u1ea1i h\u01a1n nh\u01b0: B\u00f3ng, phao b\u01a1i, n\u1ec7m h\u01a1i, xe m\u00e1y, xe \u0111\u1ea1p\u2026<br \/>\n\u2013 M\u00e1y ho\u1ea1t \u0111\u1ed9ng r\u1ea5t \u00eam \u00e1i, \u1ed5n \u0111\u1ecbnh, t\u1ed1c \u0111\u1ed9 b\u01a1m kh\u00e1 nhanh<br \/>\n\u2013 M\u00e1y c\u0169ng h\u1ed7 tr\u1ee3 th\u00eam m\u1ed9t c\u1ed5ng s\u1ea1c USB \u0111\u1ec3 b\u1ea1n c\u00f3 th\u1ec3 chia ngu\u1ed3n<br \/>\n\u2013 B\u1ea3o h\u00e0nh ch\u00ednh h\u00e3ng 12 th\u00e1ng<\/p>\n","protected":false},"excerpt":{"rendered":"<p>B\u01a1m Michelin 12264 \u0111\u01b0\u1ee3c thi\u1ebft k\u1ebf \u0111\u1ec3 b\u01a1m t\u1ea5t c\u00e1c c\u00e1c lo\u1ea1i l\u1ed1p xe kh\u00f4ng \u0111\u1ee7 \u00e1p su\u1ea5t h\u01a1i m\u1ecdi l\u00fac m\u1ecdi n\u01a1i. Chi\u1ebfc b\u01a1m\u00a0Michelin 12264 n\u00e0y v\u00f4 c\u00f9ng\u00a0nh\u1ecf g\u1ecdn n\u00e0y \u0111\u01b0\u1ee3c trang b\u1ecb \u0111\u1ed3ng h\u1ed3 \u0111o \u00e1p su\u1ea5t \u0111\u1ec3 x\u00e1c \u0111\u1ecbnh ch\u00ednh x\u00e1c \u00e1p su\u1ea5t theo \u0111\u00fang y\u00eau c\u1ea7u. Ngo\u00e0i ra, n\u00f3 c\u0169ng \u0111\u01b0\u1ee3c trang b\u1ecb m\u1ed9t n\u00fat x\u1ea3 trong tr\u01b0\u1eddng h\u1ee3p l\u1ed1p xe b\u1ecb qu\u00e1 \u00e1p su\u1ea5t y\u00eau c\u1ea7u ho\u1eb7c trong tr\u01b0\u1eddng h\u1ee3p l\u1ed1p v\u00f4 t\u00ecnh b\u1ecb b\u01a1m qu\u00e1 \u00e1p su\u1ea5t y\u00eau c\u1ea7u.<\/p>\n","protected":false},"featured_media":217,"comment_status":"open","ping_status":"closed","template":"","meta":[],"product_cat":[20],"product_tag":[25],"_links":{"self":[{"href":"https:\/\/demo.bmconnect.vn\/camera\/wp-json\/wp\/v2\/product\/216"}],"collection":[{"href":"https:\/\/demo.bmconnect.vn\/camera\/wp-json\/wp\/v2\/product"}],"about":[{"href":"https:\/\/demo.bmconnect.vn\/camera\/wp-json\/wp\/v2\/types\/product"}],"replies":[{"embeddable":true,"href":"https:\/\/demo.bmconnect.vn\/camera\/wp-json\/wp\/v2\/comments?post=216"}],"wp:featuredmedia":[{"embeddable":true,"href":"https:\/\/demo.bmconnect.vn\/camera\/wp-json\/wp\/v2\/media\/217"}],"wp:attachment":[{"href":"https:\/\/demo.bmconnect.vn\/camera\/wp-json\/wp\/v2\/media?parent=216"}],"wp:term":[{"taxonomy":"product_cat","embeddable":true,"href":"https:\/\/demo.bmconnect.vn\/camera\/wp-json\/wp\/v2\/product_cat?post=216"},{"taxonomy":"product_tag","embeddable":true,"href":"https:\/\/demo.bmconnect.vn\/camera\/wp-json\/wp\/v2\/product_tag?post=216"}],"curies":[{"name":"wp","href":"https:\/\/api.w.org\/{rel}","templated":true}]}}