{"id":212,"date":"2019-03-09T23:36:23","date_gmt":"2019-03-09T16:36:23","guid":{"rendered":"http:\/\/demo.bmconnect.vn\/camera\/?post_type=product&#038;p=212"},"modified":"2019-03-09T23:36:23","modified_gmt":"2019-03-09T16:36:23","slug":"bom-tu-va-pferd-4t-5s","status":"publish","type":"product","link":"https:\/\/demo.bmconnect.vn\/camera\/san-pham\/bom-tu-va-pferd-4t-5s\/","title":{"rendered":"B\u01a1m t\u1ef1 v\u00e1 PFERD 4T-5S"},"content":{"rendered":"<p>B\u1ea1n \u0111ang di chuy\u1ec3n tr\u00ean \u0111\u01b0\u1eddng nh\u01b0ng v\u00ec m\u1ed9t s\u1ef1 c\u1ed1 n\u00e0o \u0111\u00f3 m\u00e0 chi\u1ebfc l\u1ed1p xe b\u1ecb x\u00ec h\u01a1i ho\u1eb7c n\u1ed5 l\u1ed1p, gi\u1eefa \u0111\u01b0\u1eddng qu\u1ed1c l\u1ed9 v\u1eafng v\u1ebb, kh\u00f4ng ng\u01b0\u1eddi qua l\u1ea1i, b\u1ea1n kh\u00f4ng mang theo l\u1ed1p d\u1ef1 ph\u00f2ng, g\u1ecdi c\u1eefu tr\u1ee3 th\u00ec m\u00e3i kh\u00f4ng th\u1ea5y, l\u00fac n\u00e0y b\u1ea1n s\u1ebd l\u00e0m g\u00ec? B\u1ea1n kh\u00f4ng c\u1ea7n ph\u1ea3i lo l\u1eafng, t\u1ea5t c\u1ea3 v\u1ea5n \u0111\u1ec1 tr\u00ean ch\u1ec9 c\u1ea7n 1 thi\u1ebft b\u1ecb duy nh\u1ea5t c\u00f3 th\u1ec3 gi\u1ea3i quy\u1ebft d\u1ec5 d\u00e0ng \u0111\u00f3 ch\u00ednh l\u00e0 B\u01a1m \u00f4 t\u00f4 t\u1ef1 v\u00e1 th\u00f4ng minh PFERD 4T-5S.<\/p>\n<p><img loading=\"lazy\" class=\"aligncenter wp-image-5404 size-full lazy-load-active\" src=\"https:\/\/webvision.vn\/wp-content\/uploads\/2017\/08\/bom-tu-va-pferd-4t-5s.jpg\" sizes=\"(max-width: 500px) 100vw, 500px\" srcset=\"https:\/\/webvision.vn\/wp-content\/uploads\/2017\/08\/bom-tu-va-pferd-4t-5s.jpg 500w, https:\/\/webvision.vn\/wp-content\/uploads\/2017\/08\/bom-tu-va-pferd-4t-5s-280x280.jpg 280w, https:\/\/webvision.vn\/wp-content\/uploads\/2017\/08\/bom-tu-va-pferd-4t-5s-400x400.jpg 400w, https:\/\/webvision.vn\/wp-content\/uploads\/2017\/08\/bom-tu-va-pferd-4t-5s-180x180.jpg 180w, https:\/\/webvision.vn\/wp-content\/uploads\/2017\/08\/bom-tu-va-pferd-4t-5s-300x300.jpg 300w\" alt=\"\" width=\"500\" height=\"500\" data-src=\"https:\/\/webvision.vn\/wp-content\/uploads\/2017\/08\/bom-tu-va-pferd-4t-5s.jpg\" data-srcset=\"https:\/\/webvision.vn\/wp-content\/uploads\/2017\/08\/bom-tu-va-pferd-4t-5s.jpg 500w, https:\/\/webvision.vn\/wp-content\/uploads\/2017\/08\/bom-tu-va-pferd-4t-5s-280x280.jpg 280w, https:\/\/webvision.vn\/wp-content\/uploads\/2017\/08\/bom-tu-va-pferd-4t-5s-400x400.jpg 400w, https:\/\/webvision.vn\/wp-content\/uploads\/2017\/08\/bom-tu-va-pferd-4t-5s-180x180.jpg 180w, https:\/\/webvision.vn\/wp-content\/uploads\/2017\/08\/bom-tu-va-pferd-4t-5s-300x300.jpg 300w\" \/><\/p>\n<p>B\u01a1m \u00f4 t\u00f4 t\u1ef1 v\u00e1 th\u00f4ng minh PFERD 4T-5S c\u00f3 ch\u1ee9c n\u0103ng t\u1ef1 v\u00e1, t\u1ef1 b\u01a1m, t\u1ef1 \u0111o \u00e1p l\u1ef1c v\u00e0 t\u1ef1 chi\u1ebfu s\u00e1ng v\u1edbi kh\u1ea3 n\u0103ng c\u1ef1c nhanh, c\u1ef1c kh\u1ecfe, c\u1ef1c nh\u1ecf, c\u1ef1c b\u1ec1n v\u00e0 c\u1ef1c ti\u1ebft ki\u1ec7m cho ng\u01b0\u1eddi s\u1eed d\u1ee5ng. B\u01a1m c\u00f3 th\u1ec3 t\u1ef1 \u0111\u1ed9ng kh\u00f4i ph\u1ee5c ho\u00e0n to\u00e0n l\u1ed1p xe trong 5 ph\u00fat, r\u00fat ng\u1eafn th\u1eddi gian nguy hi\u1ec3m b\u00ean \u0111\u01b0\u1eddng, kh\u00f4ng c\u1ea7n thi\u1ebft ph\u1ea3i \u0111\u1ee3i xe c\u1ee9u h\u1ed9 ho\u1eb7c d\u00f9ng k\u00edch \u0111\u1ec3 n\u00e2ng xe thay l\u1ed1p\u2026 Chi\u1ebfc b\u01a1m t\u1ef1 v\u00e1 th\u00f4ng minh PFERD 4T-5S n\u00e0y gi\u1ed1ng nh\u01b0 m\u1ed9t v\u1ecb c\u1ee9u tinh khi b\u1ea1n g\u1eb7p kh\u00f3 kh\u0103n v\u00e0 s\u1ebd tr\u1edf th\u00e0nh m\u1ed9t ng\u01b0\u1eddi th\u1ee3 s\u1eeda xe chuy\u00ean nghi\u1ec7p s\u1eb5n s\u00e0ng \u0111\u1ed3ng h\u00e0nh c\u00f9ng x\u1ebf h\u1ed9p tr\u00ean m\u1ed7i cung \u0111\u01b0\u1eddng.<\/p>\n<p>PFERD 4T-5S c\u00f3 thi\u1ebft k\u1ebf si\u00eau nh\u1ecf g\u1ecdn, \u0111\u01b0\u1ee3c \u0111\u00f3ng trong t\u00fai h\u1ed9p nh\u1ecf ti\u1ec7n d\u1ee5ng, b\u1ea1n c\u00f3 th\u1ec3 mang theo trong c\u1ed1p xe s\u1eed d\u1ee5ng b\u1ea5t c\u1ee9 khi n\u00e0o c\u1ea7n.<\/p>\n<p><img loading=\"lazy\" class=\"aligncenter wp-image-5406 lazy-load-active\" src=\"https:\/\/webvision.vn\/wp-content\/uploads\/2017\/08\/bom-tu-va-pferd-4t-5s-2.jpg\" sizes=\"(max-width: 500px) 100vw, 500px\" srcset=\"https:\/\/webvision.vn\/wp-content\/uploads\/2017\/08\/bom-tu-va-pferd-4t-5s-2.jpg 800w, https:\/\/webvision.vn\/wp-content\/uploads\/2017\/08\/bom-tu-va-pferd-4t-5s-2-533x400.jpg 533w, https:\/\/webvision.vn\/wp-content\/uploads\/2017\/08\/bom-tu-va-pferd-4t-5s-2-768x576.jpg 768w\" alt=\"\" width=\"500\" height=\"375\" data-src=\"https:\/\/webvision.vn\/wp-content\/uploads\/2017\/08\/bom-tu-va-pferd-4t-5s-2.jpg\" data-srcset=\"https:\/\/webvision.vn\/wp-content\/uploads\/2017\/08\/bom-tu-va-pferd-4t-5s-2.jpg 800w, https:\/\/webvision.vn\/wp-content\/uploads\/2017\/08\/bom-tu-va-pferd-4t-5s-2-533x400.jpg 533w, https:\/\/webvision.vn\/wp-content\/uploads\/2017\/08\/bom-tu-va-pferd-4t-5s-2-768x576.jpg 768w\" \/><\/p>\n<h2><strong>\u01afu \u0111i\u1ec3m c\u1ee7a PFERD 4T-5S\u00a0<\/strong><\/h2>\n<p>B\u01a1m \u00f4 t\u00f4 t\u1ef1 v\u00e1 th\u00f4ng minh ra \u0111\u1eddi xu\u1ea5t ph\u00e1t t\u1eeb nhu c\u1ea7u s\u1eeda ch\u1eefa l\u1ed1p xe b\u1ecb h\u1ecfng tr\u1ef1c ti\u1ebfp t\u1ea1i v\u1ecb tr\u00ed x\u1ea3y ra s\u1ef1 c\u1ed1. Ch\u00ednh v\u00ec v\u1eady, n\u00f3 \u0111\u01b0\u1ee3c th\u00edch h\u1ee3p nhi\u1ec1u t\u00ednh n\u0103ng v\u00f4 c\u00f9ng ti\u00ean l\u1ee3i.<\/p>\n<p>+ Thi\u1ebft k\u1ebf b\u01a1m \u00f4 t\u00f4 ch\u1ec9 m\u1ea5t th\u1eddi gian t\u1eeb 3 \u2013 5 ph\u00fat, s\u1eed d\u1ee5ng ngu\u1ed3n \u0111i\u1ec7n 12V tr\u00ean xe ti\u1ebft ki\u1ec7m th\u1eddi gian.<\/p>\n<p>+ V\u1edbi c\u00f4ng ngh\u1ec7 s\u1ea3n xu\u1ea5t keo t\u1ef1 v\u00e1 hi\u1ec7n \u0111\u1ea1i t\u1eeb Anh, th\u00e0nh ph\u1ea7n cao su t\u1ef1 nhi\u00ean, an to\u00e0n, d\u1ec5 s\u1eed d\u1ee5ng v\u00e0 kh\u1ea3 n\u0103ng t\u1ef1 v\u00e1 th\u00f4ng minh \u0111em l\u1ea1i hi\u1ec7u qu\u1ea3 nhanh ch\u00f3ng m\u00e0 kh\u00f4ng g\u00e2y \u00f4 nhi\u1ec5m m\u00f4i tr\u01b0\u1eddng.<\/p>\n<p>+ B\u01a1m \u00f4 t\u00f4 c\u00f3 t\u00edch h\u1ee3p \u0111\u00e8n chi\u1ebfu s\u00e1ng ban \u0111\u00eam, l\u1edbp v\u1ecf ch\u1ed1ng va \u0111\u1eadp b\u1ec1n b\u1ec9, k\u00edch th\u01b0\u1edbc nh\u1ecf g\u1ecdn, c\u00f3 t\u00fai x\u00e1ch mang theo ti\u1ec7n l\u1ee3i, \u0111\u01a1n gi\u1ea3n.<\/p>\n<p>+ B\u01a1m \u00f4 t\u00f4 t\u1ef1 v\u00e1 th\u00f4ng minh ph\u00f9 h\u1ee3p v\u1edbi c\u00e1c lo\u1ea1i xe t\u1ea3i nh\u1ecf, taxi, xe 9 ch\u1ed7 h\u1ea1ng B2.<\/p>\n<p>+ Keo t\u1ef1 v\u00e1 kh\u00f4ng g\u00e2y oxy h\u00f3a v\u1edbi cao su, nh\u1ef1a, kim lo\u1ea1i, \u1edf tr\u1ea1ng th\u00e1i dung d\u1ecbch d\u1ec5 d\u00e0ng tan trong n\u01b0\u1edbc, kh\u00f4ng \u1ea3nh h\u01b0\u1edfng t\u1edbi da, kh\u00f4ng c\u00f3 t\u00e1c d\u1ee5ng \u0111\u1ed9c ph\u1ee5, an to\u00e0n kh\u00f4ng ch\u00e1y.<\/p>\n<p>+ D\u1ec5 d\u00e0ng r\u1eeda s\u1ea1ch b\u1eb1ng n\u01b0\u1edbc.<\/p>\n<p>+ Keo t\u1ef1 v\u00e1 Pferd c\u00f3 th\u1ec3 nhanh ch\u00f3ng v\u00e1 v\u1ebft \u0111inh \u0111\u00e2m th\u1eb3ng ho\u1eb7c \u0111\u00e2m xi\u00ean, c\u00f3 th\u1ec3 k\u1ecbp th\u1eddi v\u00e1 v\u1ebft th\u1ee7ng l\u00ean t\u1edbi \u0111\u01b0\u1eddng k\u00ednh 6.35mm, tr\u00e1nh vi\u1ec7c xu\u1ed1ng h\u01a1i d\u1eabn \u0111\u1ebfn m\u1ea5t an to\u00e0n cho xe.<\/p>\n<p>+ Keo t\u1ef1 v\u00e1 Pferd sau khi b\u01a1m v\u00e0o l\u1ed1p s\u1ebd gi\u1eef tr\u1ea1ng th\u00e1i l\u1ecfng k\u1ec3 c\u1ea3 d\u01b0\u1edbi -40C~ + 80C c\u00f3 th\u1ec3 \u0111\u1ea3m b\u1ea3o hi\u1ec7u qu\u1ea3 v\u00e1 k\u00edn khi b\u1ecb \u0111\u00e2m th\u1ee7ng nhi\u1ec1u l\u1ea7n.<\/p>\n","protected":false},"excerpt":{"rendered":"<p>B\u1ea1n \u0111ang di chuy\u1ec3n tr\u00ean \u0111\u01b0\u1eddng nh\u01b0ng v\u00ec m\u1ed9t s\u1ef1 c\u1ed1 n\u00e0o \u0111\u00f3 m\u00e0 chi\u1ebfc l\u1ed1p xe b\u1ecb x\u00ec h\u01a1i ho\u1eb7c n\u1ed5 l\u1ed1p, gi\u1eefa \u0111\u01b0\u1eddng qu\u1ed1c l\u1ed9 v\u1eafng v\u1ebb, kh\u00f4ng ng\u01b0\u1eddi qua l\u1ea1i, b\u1ea1n kh\u00f4ng mang theo l\u1ed1p d\u1ef1 ph\u00f2ng, g\u1ecdi c\u1eefu tr\u1ee3 th\u00ec m\u00e3i kh\u00f4ng th\u1ea5y, l\u00fac n\u00e0y b\u1ea1n s\u1ebd l\u00e0m g\u00ec? B\u1ea1n kh\u00f4ng &#8230;<\/p>\n","protected":false},"featured_media":213,"comment_status":"open","ping_status":"closed","template":"","meta":[],"product_cat":[17],"product_tag":[23],"_links":{"self":[{"href":"https:\/\/demo.bmconnect.vn\/camera\/wp-json\/wp\/v2\/product\/212"}],"collection":[{"href":"https:\/\/demo.bmconnect.vn\/camera\/wp-json\/wp\/v2\/product"}],"about":[{"href":"https:\/\/demo.bmconnect.vn\/camera\/wp-json\/wp\/v2\/types\/product"}],"replies":[{"embeddable":true,"href":"https:\/\/demo.bmconnect.vn\/camera\/wp-json\/wp\/v2\/comments?post=212"}],"wp:featuredmedia":[{"embeddable":true,"href":"https:\/\/demo.bmconnect.vn\/camera\/wp-json\/wp\/v2\/media\/213"}],"wp:attachment":[{"href":"https:\/\/demo.bmconnect.vn\/camera\/wp-json\/wp\/v2\/media?parent=212"}],"wp:term":[{"taxonomy":"product_cat","embeddable":true,"href":"https:\/\/demo.bmconnect.vn\/camera\/wp-json\/wp\/v2\/product_cat?post=212"},{"taxonomy":"product_tag","embeddable":true,"href":"https:\/\/demo.bmconnect.vn\/camera\/wp-json\/wp\/v2\/product_tag?post=212"}],"curies":[{"name":"wp","href":"https:\/\/api.w.org\/{rel}","templated":true}]}}