{"id":194,"date":"2019-03-09T23:30:34","date_gmt":"2019-03-09T16:30:34","guid":{"rendered":"http:\/\/demo.bmconnect.vn\/camera\/?post_type=product&#038;p=194"},"modified":"2019-03-10T22:29:24","modified_gmt":"2019-03-10T15:29:24","slug":"webvision-6206hdw","status":"publish","type":"product","link":"https:\/\/demo.bmconnect.vn\/camera\/san-pham\/webvision-6206hdw\/","title":{"rendered":"WEBVISION 6206HDW"},"content":{"rendered":"<p>Ti\u00eau ch\u00ed \u0111\u1ec3 b\u1ea1n t\u00ecm ki\u1ebfm m\u1ed9t chi\u1ebfc Camera gi\u00e1m s\u00e1t l\u00e0 g\u00ec?<\/p>\n<p>D\u1ec5 l\u1eafp \u0111\u1eb7t, kh\u00f4ng c\u00f3 d\u00e2y d\u1ef1a lo\u1eb1ng ngo\u1eb1ng?<\/p>\n<p>D\u1ec5 s\u1eed d\u1ee5ng cho c\u1ea3 nh\u1eefng ng\u01b0\u1eddi kh\u00f4ng am hi\u1ec3u v\u1ec1 c\u00f4ng ngh\u1ec7?<\/p>\n<p>Ch\u1ea5t l\u01b0\u1ee3ng h\u00ecnh \u1ea3nh r\u00f5 n\u00e9t?<\/p>\n<p>C\u00f3 th\u1ec3 s\u1eed d\u1ee5ng tr\u00ean t\u1ea5t c\u1ea3 c\u00e1c thi\u1ebft b\u1ecb m\u00e1y t\u00ednh, \u0111i\u1ec7n tho\u1ea1i di \u0111\u1ed9ng?<\/p>\n","protected":false},"excerpt":{"rendered":"<p>Ti\u00eau ch\u00ed \u0111\u1ec3 b\u1ea1n t\u00ecm ki\u1ebfm m\u1ed9t chi\u1ebfc Camera gi\u00e1m s\u00e1t l\u00e0 g\u00ec?<\/p>\n<p>D\u1ec5 l\u1eafp \u0111\u1eb7t, kh\u00f4ng c\u00f3 d\u00e2y d\u1ef1a lo\u1eb1ng ngo\u1eb1ng?<\/p>\n","protected":false},"featured_media":195,"comment_status":"open","ping_status":"closed","template":"","meta":[],"product_cat":[19],"product_tag":[],"_links":{"self":[{"href":"https:\/\/demo.bmconnect.vn\/camera\/wp-json\/wp\/v2\/product\/194"}],"collection":[{"href":"https:\/\/demo.bmconnect.vn\/camera\/wp-json\/wp\/v2\/product"}],"about":[{"href":"https:\/\/demo.bmconnect.vn\/camera\/wp-json\/wp\/v2\/types\/product"}],"replies":[{"embeddable":true,"href":"https:\/\/demo.bmconnect.vn\/camera\/wp-json\/wp\/v2\/comments?post=194"}],"wp:featuredmedia":[{"embeddable":true,"href":"https:\/\/demo.bmconnect.vn\/camera\/wp-json\/wp\/v2\/media\/195"}],"wp:attachment":[{"href":"https:\/\/demo.bmconnect.vn\/camera\/wp-json\/wp\/v2\/media?parent=194"}],"wp:term":[{"taxonomy":"product_cat","embeddable":true,"href":"https:\/\/demo.bmconnect.vn\/camera\/wp-json\/wp\/v2\/product_cat?post=194"},{"taxonomy":"product_tag","embeddable":true,"href":"https:\/\/demo.bmconnect.vn\/camera\/wp-json\/wp\/v2\/product_tag?post=194"}],"curies":[{"name":"wp","href":"https:\/\/api.w.org\/{rel}","templated":true}]}}