{"id":173,"date":"2019-03-09T23:20:52","date_gmt":"2019-03-09T16:20:52","guid":{"rendered":"http:\/\/demo.bmconnect.vn\/camera\/?post_type=product&#038;p=173"},"modified":"2019-03-10T22:23:56","modified_gmt":"2019-03-10T15:23:56","slug":"webvision-s8-camera-hanh-trinh-2k-adas-canh-bao-toc-do","status":"publish","type":"product","link":"https:\/\/demo.bmconnect.vn\/camera\/san-pham\/webvision-s8-camera-hanh-trinh-2k-adas-canh-bao-toc-do\/","title":{"rendered":"WEBVISION S8 \u2013 Camera h\u00e0nh tr\u00ecnh 2K ADAS c\u1ea3nh b\u00e1o t\u1ed1c \u0111\u1ed9"},"content":{"rendered":"<p>Webvision l\u00e0 h\u00e3ng\u00a0<strong>Camera h\u00e0nh tr\u00ecnh \u00f4 t\u00f4<\/strong>\u00a0h\u00e0ng \u0111\u1ea7u Vi\u1ec7t Nam \u0111\u01b0\u1ee3c s\u1ea3n xu\u1ea5t li\u00ean doanh gi\u1eefa Nga, H\u1ed3ng K\u00f4ng v\u00e0 Vi\u1ec7t Nam v\u1edbi ch\u1ea5t l\u01b0\u1ee3ng t\u1ed1t nh\u1ea5t, \u0111\u01b0\u1ee3c t\u00edch h\u1ee3p c\u00f4ng ngh\u1ec7 ti\u00ean ti\u1ebfn nh\u1ea5t nh\u1eb1m gi\u00fap t\u00e0i x\u1ebf l\u00e1i xe an to\u00e0n tr\u00ean m\u1ecdi h\u00e0nh tr\u00ecnh.<\/p>\n<h2><strong>T\u00ednh n\u0103ng n\u1ed5i b\u1eadt ch\u1ec9 c\u00f3 \u1edf<\/strong>\u00a0<strong>Camera h\u00e0nh tr\u00ecnh WEBVISION S8<\/strong><\/h2>\n<p>Camera h\u00e0nh tr\u00ecnh Webvision S8\u00a0l\u00e0 m\u1ed9t trong nh\u1eefng s\u1ea3n ph\u1ea9m c\u00f4ng ngh\u1ec7 th\u00f4ng minh \u0111\u01b0\u1ee3c ra m\u1eaft th\u1ecb tr\u01b0\u1eddng g\u1ea7n \u0111\u00e2y. \u0110\u00e2y \u0111\u01b0\u1ee3c \u0111\u00e1nh gi\u00e1 l\u00e0 m\u1ed9t trong nh\u1eefng camera h\u00e0nh tr\u00ecnh th\u00f4ng minh nh\u1ea5t v\u1edbi t\u00ednh n\u0103ng n\u1ed5i tr\u1ed9i v\u01b0\u1ee3t b\u1eadc m\u00e0 t\u1ea5t c\u1ea3 c\u00e1c camera h\u00e0nh tr\u00ecnh tr\u01b0\u1edbc \u0111\u00f3 kh\u00f4ng c\u00f3 \u0111\u01b0\u1ee3c.\u00a0\u0110\u1eb7c bi\u1ec7t l\u00e0 t\u1ea5t c\u1ea3 c\u00e1c l\u00e1i xe Vi\u1ec7t Nam \u0111\u1ec1u c\u00f3 th\u1ec3 d\u1ec5 d\u00e0ng s\u1eed d\u1ee5ng b\u1edfi t\u1ea5t c\u1ea3 c\u00e1c t\u00ednh n\u0103ng n\u00e0y \u0111\u1ec1u \u0111\u01b0\u1ee3c chuy\u1ec3n h\u00f3a sang ti\u1ebfng Vi\u1ec7t, gi\u00fap ng\u01b0\u1eddi d\u00f9ng h\u1ea1n ch\u1ebf nh\u1eefng b\u1ea5t l\u1ee3i v\u1ec1 ng\u00f4n ng\u1eef.<\/p>\n<p><em>Tr\u1ea3i nghi\u1ec7m t\u00ednh n\u0103ng v\u01b0\u1ee3t tr\u1ed9i c\u1ee7a Camera h\u00e0nh tr\u00ecnh Webvision S8<\/em><\/p>\n<h2><strong>S\u1eed d\u1ee5ng d\u1eef li\u1ec7u ch\u1ec9 d\u1eabn \u0111\u01b0\u1eddng b\u1ed9 Navitel\u00a0<\/strong><\/h2>\n<p>Camera h\u00e0nh tr\u00ecnh Webvision S8 h\u1ed7 tr\u1ee3 l\u00e1i xe t\u00e2n ti\u1ebfn b\u1eb1ng ADAS th\u00f4ng b\u00e1o cho ng\u01b0\u1eddi d\u00f9ng bi\u1ebft vi\u1ec7c vi ph\u1ea1m t\u1ed1c \u0111\u1ed9 theo cung \u0111\u01b0\u1eddng. S\u1edf d\u0129 thi\u1ebft b\u1ecb n\u00e0y nh\u1eadn di\u1ec7n t\u1ed1c \u0111\u1ed9 theo cung \u0111\u01b0\u1eddng nh\u1edd ch\u1ee9c n\u0103ng b\u1eaft t\u1ecda \u0111\u1ed9 GPS \u0111\u1ec3 b\u00e1o t\u1ed1c \u0111\u1ed9 ph\u00f9 h\u1ee3p cho tuy\u1ebfn \u0111\u01b0\u1eddng \u0111\u00f3 l\u00e0 bao nhi\u00eau\u00a0gi\u00fap c\u1ea3nh b\u1ea3o ch\u00ednh x\u00e1c \u0111\u1ebfn t\u00e0i x\u1ebf v\u1ec1 th\u00f4ng tin cung \u0111\u01b0\u1eddng, t\u1ecda \u0111\u1ed9, t\u1ed1c \u0111\u1ed9 cho ph\u00e9p l\u00e1i xe, r\u1ea5t ti\u1ec7n l\u1ee3i cho nh\u1eefng t\u00e0i x\u1ebf \u0111i \u0111\u01b0\u1eddng xa, kh\u00f4ng th\u00f4ng th\u1ea1o \u0111\u01b0\u1eddng.\u00a0Ch\u1ee9c n\u0103ng n\u00e0y \u0111\u01b0\u1ee3c \u00e1p d\u1ee5ng cho to\u00e0n qu\u1ed1c g\u1ed3m 63 t\u1ec9nh th\u00e0nh v\u1edbi b\u1ea3n quy\u1ec1n c\u00f4ng ngh\u1ec7 t\u1eeb NAVITEL \u0111\u01b0\u1ee3c c\u1eadp nh\u1eadt 3 th\u00e1ng 1 l\u1ea7n. T\u00ednh t\u1edbi th\u1eddi \u0111i\u1ec3m hi\u1ec7n t\u1ea1i th\u00ec \u0111\u00e2y l\u00e0 d\u1eef li\u1ec7u \u0111\u01b0\u1eddng b\u1ed9 hi\u1ec7n \u0111\u1ea1i nh\u1ea5t hi\u1ec7n nay.<\/p>\n<h2><strong>S\u1eed d\u1ee5ng chip kh\u1ee7ng\u00a0Ambarella A7LA50D quay v\u00e0 ghi h\u00ecnh 2K r\u00f5 n\u00e9t ng\u00e0y v\u00e0 \u0111\u00eam<\/strong><\/h2>\n<p>V\u1edbi c\u1ea5u h\u00ecnh chip kh\u1ee7ng Ambarella A7LA50D, camera h\u00e0nh tr\u00ecnh Webvision S8 ghi h\u00ecnh v\u00e0 quay video 2K r\u00f5 n\u00e9t ng\u00e0y v\u00e0 \u0111\u00eam, d\u00f9 th\u1eddi ti\u1ebft x\u1ea5u nh\u01b0 th\u1ebf n\u00e0o. Chip\u00a0Ambarella A7LA50D l\u00e0 lo\u1ea1i chip cao c\u1ea5p nh\u1ea5t m\u00e0 kh\u00f4ng m\u1ed9t camera h\u00e0nh tr\u00ecnh n\u00e0o c\u00f3 \u0111\u01b0\u1ee3c. Camera th\u00f4ng th\u01b0\u1eddng ch\u1ec9 s\u1eed d\u1ee5ng chip Novatek.<\/p>\n<p><img loading=\"lazy\" class=\"alignnone size-medium wp-image-10148 lazy-load-active\" src=\"https:\/\/webvision.vn\/wp-content\/uploads\/2017\/08\/5-800x400.png\" sizes=\"(max-width: 800px) 100vw, 800px\" srcset=\"https:\/\/webvision.vn\/wp-content\/uploads\/2017\/08\/5-800x400.png 800w, https:\/\/webvision.vn\/wp-content\/uploads\/2017\/08\/5-768x384.png 768w, https:\/\/webvision.vn\/wp-content\/uploads\/2017\/08\/5.png 1051w\" alt=\"\" width=\"800\" height=\"400\" data-src=\"https:\/\/webvision.vn\/wp-content\/uploads\/2017\/08\/5-800x400.png\" data-srcset=\"https:\/\/webvision.vn\/wp-content\/uploads\/2017\/08\/5-800x400.png 800w, https:\/\/webvision.vn\/wp-content\/uploads\/2017\/08\/5-768x384.png 768w, https:\/\/webvision.vn\/wp-content\/uploads\/2017\/08\/5.png 1051w\" \/><\/p>\n<p><i>Webvision ghi h\u00ecnh r\u00f5 n\u00e9t ng\u00e0y v\u00e0 \u0111\u00eam<\/i><\/p>\n<h2><strong>Th\u1ea5u k\u00ednh c\u1ea3m bi\u1ebfn ma tr\u1eadn OV4689<\/strong><\/h2>\n<p>Camera h\u00e0nh tr\u00ecnh Webvision S8 v\u1edbi th\u1ea5u k\u00ednh ma tr\u1eadn OV4689 quay h\u00ecnh r\u00f5 n\u00e9t trong m\u1ecdi ho\u00e0n c\u1ea3nh, c\u00f3 th\u1ec3 l\u1ea5y n\u00e9t t\u1ea5t c\u1ea3 c\u00e1c h\u00ecnh \u1ea3nh ph\u00eda tr\u01b0\u1edbc, ngay c\u1ea3 bi\u1ec3n s\u1ed1 xe c\u1ee7a xe \u00f4 t\u00f4 \u0111i tr\u01b0\u1edbc.<\/p>\n<h2><strong>C\u1ea3nh b\u00e1o xe ch\u1ea1y qu\u00e1 t\u1ed1c \u0111\u1ed9\u00a0<\/strong><\/h2>\n<p>\u0110\u00e2y l\u00e0 t\u00ednh n\u0103ng ho\u00e0n to\u00e0n m\u1edbi \u0111\u1ed1i v\u1edbi m\u1ed9t chi\u1ebfc camera h\u00e0nh tr\u00ecnh \u00f4 t\u00f4. Khi d\u00f9ng Camera h\u00e0nh tr\u00ecnh Webvision S8, l\u00e1i xe s\u1ebd \u0111\u01b0\u1ee3c c\u1ea3nh b\u00e1o khi v\u01b0\u1ee3t qu\u00e1 t\u1ed1c \u0111\u1ed9 cho ph\u00e9p v\u00e0 \u0111\u1eb7c bi\u1ec7t ch\u1ee9c n\u0103ng n\u00e0y \u0111\u01b0\u1ee3c th\u1ec3 hi\u1ec7n b\u1eb1ng gi\u1ecdng n\u00f3i ti\u1ebfng Vi\u1ec7t. Khi ph\u00e1t hi\u1ec7n v\u01b0\u1ee3t qu\u00e1 t\u1ed1c \u0111\u1ed9 cho ph\u00e9p, l\u1eadp t\u1ee9c chi\u1ebfc Camera gi\u00e1m s\u00e1t h\u00e0nh tr\u00ecnh Webvision S8 s\u1ebd ph\u00e1t ra t\u00edn hi\u1ec7u v\u00e0 th\u00f4ng b\u00e1o t\u1ed1c \u0111\u1ed9 cho ph\u00e9p.<\/p>\n<p><em>Ch\u1ee9c n\u0103ng c\u1ea3nh b\u00e1o ch\u1ea1y qu\u00e1 t\u1ed1c \u0111\u1ed9 b\u1eb1ng ti\u1ebfng Vi\u1ec7t r\u1ea5t ti\u1ec7n d\u00f9ng cho ng\u01b0\u1eddi d\u00f9ng<\/em><\/p>\n<h2><strong>C\u1ea3nh b\u00e1o l\u1ea5n l\u00e0n b\u1eb1ng gi\u1ecdng n\u00f3i Ti\u1ebfng Vi\u1ec7t<\/strong><\/h2>\n<p>Camera h\u00e0nh tr\u00ecnh Webvision S8 c\u00f3 ch\u1ee9c n\u0103ng c\u1ea3nh b\u00e1o l\u1ea5n l\u00e0n, ch\u1ec7ch l\u00e0n khi xe \u0111ang l\u01b0u th\u00f4ng tr\u00ean \u0111\u01b0\u1eddng v\u00f4 c\u00f9ng th\u00f4ng minh. V\u1edbi t\u00ednh n\u0103ng n\u00e0y, khi l\u00e1i xe \u0111ang l\u01b0u th\u00f4ng tr\u00ean \u0111\u01b0\u1eddng m\u00e0 l\u1ea5n sang l\u00e0n kh\u00e1c,\u00a0Webvision S8 s\u1ebd c\u1ea3nh b\u00e1o \u0111\u1ec3 l\u00e1i xe \u0111i\u1ec1u ch\u1ec9nh l\u1ea1i.\u00a0 V\u1edbi t\u00ednh n\u0103ng n\u00e0y th\u00ec Camera h\u00e0nh tr\u00ecnh<a href=\"https:\/\/webvision.vn\/\" target=\"_blank\" rel=\"noopener\">\u00a0Webvision S8<\/a>\u00a0\u0111\u00e3 tr\u1ee3 gi\u00fap t\u00e0i x\u1ebf l\u00e1i xe an to\u00e0n c\u0169ng nh\u01b0 tr\u00e1nh t\u00ecnh hu\u1ed1ng vi ph\u1ea1m giao th\u00f4ng.<\/p>\n<h2><strong>Nh\u1eafc b\u1eadt \u0111\u00e8n pha khi tr\u1eddi t\u1ed1i<\/strong><\/h2>\n<p>Khi tr\u1eddi t\u1ed1i kh\u00f4ng \u0111\u1ea1t y\u00eau c\u1ea7u \u0111\u1ec3 t\u00e0i x\u1ebf c\u00f3 th\u1ec3\u00a0l\u00e1i xe an to\u00e0n, camera h\u00e0nh tr\u00ecnh WebvisionS8 s\u1ebd t\u1ef1 \u0111\u1ed9ng nh\u1eafc nh\u1edf t\u00e1i x\u1ebf b\u1eadt \u0111\u00e8n pha \u0111\u1ec3 \u0111\u1ea3m b\u1ea3o \u0111\u1ed9 s\u00e1ng an to\u00e0n. T\u00ednh n\u0103ng n\u00e0y v\u00f4 c\u00f9ng th\u00f4ng minh gi\u00fap r\u1ea5t nhi\u1ec1u cho c\u00e1c t\u00e0i x\u1ebf c\u00f3 t\u00ednh hay qu\u00ean.<\/p>\n<h2><strong>C\u1ea3nh b\u00e1o giao nhau v\u1edbi \u0111\u01b0\u1eddng cho ng\u01b0\u1eddi \u0111i b\u1ed9<\/strong><\/h2>\n<p>\u0110\u00e2y l\u00e0 m\u1ed9t trong nh\u1eefng ch\u1ee9c n\u0103ng v\u00f4 c\u00f9ng h\u1eefa \u00edch \u0111\u1ed1i v\u1edbi l\u00e1i xe. B\u1edfi khu \u0111\u01b0\u1eddng giao nhau v\u1edbi ng\u01b0\u1eddi \u0111i b\u1ed9 l\u00e0 m\u1ed9t trong nh\u1eefng \u0111o\u1ea1n \u0111\u01b0\u1eddng d\u1ec5 x\u1ea3y ra tai n\u1ea1n nh\u1ea5t. Ch\u00ednh v\u00ec v\u1eady, ch\u1ee9c n\u0103ng c\u1ea3nh b\u00e1o giao nhau v\u1edbi ng\u01b0\u1eddi \u0111i b\u1ed9 c\u1ee7a camera h\u00e0nh tr\u00ecnh Webvision S8 \u0111\u00e3 gi\u00fap l\u00e1i xe tr\u00e1nh \u0111\u01b0\u1ee3c r\u1ea5t nhi\u1ec1u v\u1ee5 tai n\u1ea1n \u0111\u00e1ng ti\u1ebfc.<\/p>\n<h2><strong>C\u1ea3nh b\u00e1o s\u1eafp qua h\u1ea7m<\/strong><\/h2>\n<p>Camera h\u00e0nh tr\u00ecnh Webvision S8 c\u00f3 t\u00ednh n\u0103ng nh\u1eafc nh\u1edf xe s\u1eafp qua h\u1ea7m v\u00f4 c\u00f9ng th\u00f4ng minh. Khi t\u00e0i x\u1ebf l\u00e1i xe s\u1eafp \u0111\u1ebfn \u0111\u01b0\u1eddng h\u1ea7m, Webvision S8 s\u1ebd c\u1ea3nh b\u00e1o cho l\u00e1i xe bi\u1ebft \u0111\u1ec3 \u0111i\u1ec1u ch\u1ec9nh t\u1ed1c \u0111\u1ed9 c\u0169ng nh\u01b0 ch\u00fa \u00fd l\u00e1i xe \u0111\u1ec3 \u0111\u1ea3m b\u1ea3o an to\u00e0n.<\/p>\n<h2><strong>C\u1ea3nh b\u00e1o nh\u1eafc nh\u1edf m\u1ec7t m\u1ecfi<\/strong><\/h2>\n<p>Camera h\u00e0nh tr\u00ecnh Webvision S8 c\u00f2n c\u00f3 th\u1ec3 c\u00e0i \u0111\u01b0\u1ee3c ch\u1ebf \u0111\u1ed9 th\u00f4ng minh ch\u1ed1ng bu\u1ed3n ng\u1ee7 cho l\u00e1i xe khi l\u01b0u th\u00f4ng tr\u00ean \u0111\u01b0\u1eddng d\u00e0i, Webvision S8 nh\u1eafc nh\u1edf khi l\u00e1i xe m\u1ec7t m\u1ecfi b\u1eb1ng gi\u1ecdng n\u00f3i ti\u1ebfng Vi\u1ec7t v\u00e0 h\u00ecnh \u1ea3nh. Th\u1eddi gian nh\u1eafc nh\u1edf t\u00f9y thu\u1ed9c v\u00e0o b\u1ea1n c\u00e0i \u0111\u1eb7t. T\u00ednh n\u0103ng n\u00e0y gi\u00fap t\u00e0i x\u1ebf ngh\u1ec9 ng\u01a1i \u0111\u1ec3 c\u00f3 th\u1ec3 t\u1eadp trung l\u00e1i xe m\u1ed9t c\u00e1ch cao \u0111\u1ed9 nh\u1ea5t, \u0111\u1ea3m b\u1ea3o an to\u00e0n cho cu\u1ed9c h\u00e0nh tr\u00ecnh.<\/p>\n<p>Ngo\u00e0i ra,\u00a0camera h\u00e0nh tr\u00ecnh Webvision S8\u00a0c\u00f2n c\u00f3 ch\u1ee9c n\u0103ng t\u1ef1 \u0111\u1ed9ng ghi h\u00ecnh khi c\u00f3 v\u1eadt chuy\u1ec3n \u0111\u1ed9ng, \u0111\u00e2y l\u00e0 m\u1ed9t t\u00ednh n\u0103ng r\u1ea5t n\u1ed5i tr\u1ed9i c\u1ee7a d\u00f2ng s\u1ea3n ph\u1ea9m camera h\u00e0nh tr\u00ecnh gi\u00fap ph\u00e1t hi\u1ec7n tr\u1ed9m c\u1eafp hay nh\u1eefng h\u00e0nh \u0111\u1ed9ng x\u1ea5u c\u1ee7a k\u1ebb gian v\u1edbi xe. B\u1ea3o v\u1ec7 t\u1ed1i \u0111a cho chi\u1ebfc xe c\u1ee7a b\u1ea1n v\u00e0\u00a0khi t\u1eaft m\u00e1y camera s\u1ebd t\u1ef1 \u0111\u1ed9ng t\u1eaft, khi m\u1edf m\u00e1y th\u00ec ng\u01b0\u1ee3c l\u1ea1i camera s\u1ebd t\u1ef1 \u0111\u1ed9ng b\u1eadt.<\/p>\n<p>Webvision S8 c\u0169ng c\u00f3 th\u1ec3 ghi \u00e2m thanh ho\u1eb7c t\u1eaft ghi \u00e2m nhanh b\u1eb1ng c\u00e1c ph\u00edm t\u1eaft tr\u00ean thi\u1ebft b\u1ecb v\u00e0 l\u01b0u gi\u1eef c\u00e1c file ghi h\u00ecnh quan tr\u1ecdng b\u1eb1ng ph\u00edm b\u1ea5m \u0111\u1ec3 \u0111o\u1ea1n video \u0111\u00f3 kh\u00f4ng b\u1ecb ghi \u0111\u00e8.<\/p>\n","protected":false},"excerpt":{"rendered":"<p>Webvision l\u00e0 h\u00e3ng\u00a0<strong>Camera h\u00e0nh tr\u00ecnh \u00f4 t\u00f4<\/strong>\u00a0h\u00e0ng \u0111\u1ea7u Vi\u1ec7t Nam \u0111\u01b0\u1ee3c s\u1ea3n xu\u1ea5t li\u00ean doanh gi\u1eefa Nga, H\u1ed3ng K\u00f4ng v\u00e0 Vi\u1ec7t Nam v\u1edbi ch\u1ea5t l\u01b0\u1ee3ng t\u1ed1t nh\u1ea5t, \u0111\u01b0\u1ee3c t\u00edch h\u1ee3p c\u00f4ng ngh\u1ec7 ti\u00ean ti\u1ebfn nh\u1ea5t nh\u1eb1m gi\u00fap t\u00e0i x\u1ebf l\u00e1i xe an to\u00e0n tr\u00ean m\u1ecdi h\u00e0nh tr\u00ecnh.<\/p>\n","protected":false},"featured_media":174,"comment_status":"open","ping_status":"closed","template":"","meta":[],"product_cat":[18],"product_tag":[21],"_links":{"self":[{"href":"https:\/\/demo.bmconnect.vn\/camera\/wp-json\/wp\/v2\/product\/173"}],"collection":[{"href":"https:\/\/demo.bmconnect.vn\/camera\/wp-json\/wp\/v2\/product"}],"about":[{"href":"https:\/\/demo.bmconnect.vn\/camera\/wp-json\/wp\/v2\/types\/product"}],"replies":[{"embeddable":true,"href":"https:\/\/demo.bmconnect.vn\/camera\/wp-json\/wp\/v2\/comments?post=173"}],"wp:featuredmedia":[{"embeddable":true,"href":"https:\/\/demo.bmconnect.vn\/camera\/wp-json\/wp\/v2\/media\/174"}],"wp:attachment":[{"href":"https:\/\/demo.bmconnect.vn\/camera\/wp-json\/wp\/v2\/media?parent=173"}],"wp:term":[{"taxonomy":"product_cat","embeddable":true,"href":"https:\/\/demo.bmconnect.vn\/camera\/wp-json\/wp\/v2\/product_cat?post=173"},{"taxonomy":"product_tag","embeddable":true,"href":"https:\/\/demo.bmconnect.vn\/camera\/wp-json\/wp\/v2\/product_tag?post=173"}],"curies":[{"name":"wp","href":"https:\/\/api.w.org\/{rel}","templated":true}]}}