{"id":1507,"date":"2017-11-03T15:51:35","date_gmt":"2017-11-03T08:51:35","guid":{"rendered":"https:\/\/demo.bmconnect.vn\/cake2\/?post_type=product&#038;p=1507"},"modified":"2017-11-03T16:19:01","modified_gmt":"2017-11-03T09:19:01","slug":"kem-trang-tri-value-pride","status":"publish","type":"product","link":"https:\/\/demo.bmconnect.vn\/cake2\/product\/kem-trang-tri-value-pride\/","title":{"rendered":"Kem trang tr\u00ed Value Pride"},"content":{"rendered":"<p><strong>*C\u00e1ch s\u1eed d\u1ee5ng:<\/strong><\/p>\n<ul>\n<li>X\u1ea3 \u0111\u00f4ng trong t\u1ee7 \u1edf nhi\u1ec7t \u0111\u1ed9 t\u1eeb 2- 7<sup>o<\/sup>C trong kho\u1ea3ng th\u1eddi gian t\u1eeb 24- 36 gi\u1edd tr\u01b0\u1edbc khi s\u1eed d\u1ee5ng.<\/li>\n<li>L\u1eafc \u0111\u1ec1u tr\u01b0\u1edbc khi m\u1edf.<\/li>\n<li>Cho nguy\u00ean li\u1ec7u v\u00e0o th\u1ed1 \u0111\u00e3 \u0111\u1ec3 l\u1ea1nh (Kh\u00f4ng qu\u00e1 20% s\u1ee9c ch\u1ee9a c\u1ee7a th\u1ed1). \u0110\u00e1nh m\u00e1y \u1edf t\u1ed1c \u0111\u1ed9 trung b\u00ecnh cho \u0111\u1ebfn khi s\u1ea3n ph\u1ea9m n\u1ed5i l\u00ean \u0111\u1ea1t \u0111\u1ed9 \u0111\u1ee9ng v\u1eeba \u00fd nh\u1ea5t v\u00e0 n\u01b0\u1edbc b\u00f3ng kh\u00f4ng c\u00f2n.<\/li>\n<li>S\u1ea3n ph\u1ea9m \u0111\u00e3 \u0111\u00e1nh ph\u1ea3i b\u1ea3o qu\u1ea3n l\u1ea1nh ho\u1eb7c tr\u1eef \u0111\u00f4ng<\/li>\n<\/ul>\n<p><strong>*C\u00e1ch b\u1ea3o qu\u1ea3n:\u00a0<\/strong><\/p>\n<p>L\u01b0u gi\u1eef \u1edf nhi\u1ec7t \u0111\u1ed9 &lt;-18 \u0111\u1ed9 C<\/p>\n<p><strong>* Tr\u1ecdng l\u01b0\u1ee3ng:<\/strong> 907g<\/p>\n","protected":false},"excerpt":{"rendered":"<p>L\u00e0 lo\u1ea1i nguy\u00ean li\u1ec7u d\u00f9ng \u0111\u1ec3 trang tr\u00ed v\u00e0 l\u00e0m nh\u00e2n c\u00e1c lo\u1ea1i b\u00e1nh.<\/p>\n<ul>\n<li>Gi\u00e1 : <a href=\"http:\/\/ongvangfood.com\/lien-he\">Li\u00ean h\u1ec7<\/a><\/li>\n<li>Xu\u1ea5t x\u1ee9 : Vi\u1ec7t Nam<\/li>\n<\/ul>\n","protected":false},"featured_media":1508,"comment_status":"open","ping_status":"closed","template":"","meta":[],"product_cat":[25,18,46],"product_tag":[],"_links":{"self":[{"href":"https:\/\/demo.bmconnect.vn\/cake2\/wp-json\/wp\/v2\/product\/1507"}],"collection":[{"href":"https:\/\/demo.bmconnect.vn\/cake2\/wp-json\/wp\/v2\/product"}],"about":[{"href":"https:\/\/demo.bmconnect.vn\/cake2\/wp-json\/wp\/v2\/types\/product"}],"replies":[{"embeddable":true,"href":"https:\/\/demo.bmconnect.vn\/cake2\/wp-json\/wp\/v2\/comments?post=1507"}],"wp:featuredmedia":[{"embeddable":true,"href":"https:\/\/demo.bmconnect.vn\/cake2\/wp-json\/wp\/v2\/media\/1508"}],"wp:attachment":[{"href":"https:\/\/demo.bmconnect.vn\/cake2\/wp-json\/wp\/v2\/media?parent=1507"}],"wp:term":[{"taxonomy":"product_cat","embeddable":true,"href":"https:\/\/demo.bmconnect.vn\/cake2\/wp-json\/wp\/v2\/product_cat?post=1507"},{"taxonomy":"product_tag","embeddable":true,"href":"https:\/\/demo.bmconnect.vn\/cake2\/wp-json\/wp\/v2\/product_tag?post=1507"}],"curies":[{"name":"wp","href":"https:\/\/api.w.org\/{rel}","templated":true}]}}