{"id":1500,"date":"2017-11-03T15:15:48","date_gmt":"2017-11-03T08:15:48","guid":{"rendered":"https:\/\/demo.bmconnect.vn\/cake2\/?post_type=product&#038;p=1500"},"modified":"2017-11-03T15:15:48","modified_gmt":"2017-11-03T08:15:48","slug":"kem-lam-banh-better-creamer","status":"publish","type":"product","link":"https:\/\/demo.bmconnect.vn\/cake2\/product\/kem-lam-banh-better-creamer\/","title":{"rendered":"Kem l\u00e0m b\u00e1nh Better Creamer"},"content":{"rendered":"<p><strong>* H\u01b0\u1edbng d\u1eabn s\u1eed d\u1ee5ng:<\/strong><\/p>\n<p><strong>1. Trang tr\u00ed b\u00e1nh:<\/strong><\/p>\n<ul>\n<li>R\u00e3 \u0111\u00f4ng trong t\u1ee7 l\u1ea1nh t\u1eeb 2- 7<sup>o<\/sup>C cho t\u1edbi khi c\u00e1c tinh th\u1ec3 \u0111\u00e1 trong h\u1ed9p tan ho\u00e0n to\u00e0n.<\/li>\n<li>L\u1eafc \u0111\u1ec1u tr\u01b0\u1edbc khi m\u1edf.<\/li>\n<li>R\u00f3t s\u1ea3n ph\u1ea9m v\u00e0o trong th\u1ed1 kh\u00f4, s\u1ea1ch v\u00e0 \u0111\u00e3 \u0111\u01b0\u1ee3c gi\u1eef l\u1ea1nh, \u0111\u00e1nh kem v\u1edbi v\u1eadn t\u1ed1c trung b\u00ecnh (c\u00f3 th\u1ec3 cho th\u00eam c\u00e1c th\u00e0nh ph\u1ea7n kh\u00e1c n\u1ebfu mu\u1ed1n)<\/li>\n<li>S\u1ea3n ph\u1ea9m sau khi \u0111\u00e1nh l\u00ean c\u00f3 th\u1ec3 gi\u1eef t\u1ea1i nhi\u1ec7t \u0111\u1ed9 ph\u00f2ng. Th\u1eddi gian s\u1eed d\u1ee5ng t\u00f9y thu\u1ed9c v\u00e0o \u0111i\u1ec1u ki\u1ec7n m\u00f4i tr\u01b0\u1eddng<\/li>\n<\/ul>\n<p><strong>2. L\u00e0m kem<\/strong>: Pha v\u00e0o b\u1ed9t kem tr\u01b0\u1edbc khi \u0111\u01b0a v\u00e0o m\u00e1y theo t\u1ef7 l\u1ec7 ph\u00f9 h\u1ee3p.<\/p>\n<p><strong>* C\u00e1ch b\u1ea3o qu\u1ea3n:\u00a0<\/strong>L\u01b0u gi\u1eef \u1edf nhi\u1ec7t \u0111\u1ed9 &lt;-18oC<\/p>\n<p><strong>* Tr\u1ecdng l\u01b0\u1ee3ng:<\/strong> 907g<\/p>\n","protected":false},"excerpt":{"rendered":"<p>Kem Better creamer d\u00f9ng \u0111\u1ec3 trang tr\u00ed v\u00e0 ph\u1ee7 l\u00ean m\u1eb7t b\u00e1nh, d\u00f9ng l\u00e0m kem \u0111\u1ec3 t\u0103ng \u0111\u1ed9 ng\u1eady cho kem.<\/p>\n<ul>\n<li>Gi\u00e1 : <a href=\"http:\/\/ongvangfood.com\/lien-he\">Li\u00ean h\u1ec7<\/a><\/li>\n<li>Xu\u1ea5t x\u1ee9 : Rich USA \/ Vi\u1ec7t Nam<\/li>\n<\/ul>\n","protected":false},"featured_media":1501,"comment_status":"open","ping_status":"closed","template":"","meta":[],"product_cat":[25,18,46],"product_tag":[],"_links":{"self":[{"href":"https:\/\/demo.bmconnect.vn\/cake2\/wp-json\/wp\/v2\/product\/1500"}],"collection":[{"href":"https:\/\/demo.bmconnect.vn\/cake2\/wp-json\/wp\/v2\/product"}],"about":[{"href":"https:\/\/demo.bmconnect.vn\/cake2\/wp-json\/wp\/v2\/types\/product"}],"replies":[{"embeddable":true,"href":"https:\/\/demo.bmconnect.vn\/cake2\/wp-json\/wp\/v2\/comments?post=1500"}],"wp:featuredmedia":[{"embeddable":true,"href":"https:\/\/demo.bmconnect.vn\/cake2\/wp-json\/wp\/v2\/media\/1501"}],"wp:attachment":[{"href":"https:\/\/demo.bmconnect.vn\/cake2\/wp-json\/wp\/v2\/media?parent=1500"}],"wp:term":[{"taxonomy":"product_cat","embeddable":true,"href":"https:\/\/demo.bmconnect.vn\/cake2\/wp-json\/wp\/v2\/product_cat?post=1500"},{"taxonomy":"product_tag","embeddable":true,"href":"https:\/\/demo.bmconnect.vn\/cake2\/wp-json\/wp\/v2\/product_tag?post=1500"}],"curies":[{"name":"wp","href":"https:\/\/api.w.org\/{rel}","templated":true}]}}