{"id":1494,"date":"2017-11-03T15:02:32","date_gmt":"2017-11-03T08:02:32","guid":{"rendered":"https:\/\/demo.bmconnect.vn\/cake2\/?post_type=product&#038;p=1494"},"modified":"2017-11-03T15:05:20","modified_gmt":"2017-11-03T08:05:20","slug":"kem-beo-thuc-vat-non-dairy-creamer","status":"publish","type":"product","link":"https:\/\/demo.bmconnect.vn\/cake2\/product\/kem-beo-thuc-vat-non-dairy-creamer\/","title":{"rendered":"Kem b\u00e9o th\u1ef1c v\u1eadt Non dairy Creamer"},"content":{"rendered":"<p><strong>Rich&#8217;s Non- Dairy Creamer<\/strong> l\u00e0 m\u1ed9t s\u1ea3n ph\u1ea9m r\u1ea5t \u0111a n\u0103ng \u0111\u01b0\u1ee3c s\u1eed d\u1ee5ng trong nhi\u1ec1u c\u00f4ng th\u1ee9c:<\/p>\n<ul>\n<li>S\u1eefa d\u00f9ng pha latte, cafe, tr\u00e0 v\u00e0 sinh t\u1ed1.<\/li>\n<li><span style=\"font-size: 14.4px; line-height: 1.5;\">\u00a0S\u1eefa d\u00f9ng \u0111\u1ec3 ch\u1ebf bi\u1ebfn c\u00e1c lo\u1ea1i \u0111\u1ed3 u\u1ed1ng l\u1ea1nh.<\/span><\/li>\n<li>\u00a0L\u00e0 th\u00e0nh ph\u1ea7n \u0111\u1ec3 l\u00e0m ch\u00e8 Halo- Halo<\/li>\n<li>\u00a0N\u1ea5u c\u00e1c lo\u1ea1i soups v\u00e0 sauces r\u1ea5t m\u1ecbn<\/li>\n<li>\u00a0L\u00e0m nguy\u00ean li\u1ec7u cho c\u00e1c lo\u1ea1i b\u00e1nh ng\u1ecdt.<\/li>\n<li>\u00a0L\u00e0m nguy\u00ean li\u1ec7u cho c\u00e1c lo\u1ea1i b\u00e1nh \u0103n tr\u00e1ng mi\u1ec7ng nh\u01b0 flan v\u00e0 puddings.<\/li>\n<\/ul>\n<p><strong>* \u0110\u1eb7c \u0111i\u1ec3m:\u00a0<\/strong><\/p>\n<ul>\n<li>M\u00f9i vanilla<\/li>\n<li>B\u00f3ng v\u00e0 nhi\u1ec1u kem.<\/li>\n<li>M\u00e0u kem nh\u1eb9<\/li>\n<\/ul>\n<p><strong>* L\u1ee3i nhu\u1eadn:<\/strong><\/p>\n<ul>\n<li>D\u00f9ng trong nhi\u1ec1u c\u00f4ng th\u1ee9c<\/li>\n<li>\u00a0Ti\u1ec7n v\u00e0 d\u1ec5 s\u1eed d\u1ee5ng<\/li>\n<li>\u00a0\u0110\u1ed9 b\u1ec1n l\u00e2u, kh\u00f4ng b\u1ecb ph\u00e2n h\u1ee7y \u1edf nhi\u1ec7t \u0111\u1ed9 cao.<\/li>\n<\/ul>\n<p><strong>* B\u1ea3o qu\u1ea3n:<\/strong><\/p>\n<ul>\n<li>\u1ede nhi\u1ec7t \u0111\u1ed9 -18oC<\/li>\n<li>\u00a0X\u1ea3 l\u1ecfng ho\u00e0n to\u00e0n trong t\u1ee7 m\u00e1t.<\/li>\n<\/ul>\n<p><strong>*Quy c\u00e1ch \u0111\u00f3ng g\u00f3i<\/strong>: H\u1ed9p 454g v\u00e0 t\u00fai 5kg<\/p>\n","protected":false},"excerpt":{"rendered":"<p>L\u00e0 m\u1ed9t s\u1ea3n ph\u1ea9m r\u1ea5t kinh t\u1ebf, \u0111a n\u0103ng \u0111\u01b0\u1ee3c s\u1eed d\u1ee5ng trong nhi\u1ec1u c\u00f4ng th\u1ee9c kem t\u01b0\u01a1i, sinh t\u1ed1, latte, cafe v\u00e0 c\u00e1c th\u1ee9c u\u1ed1ng l\u1ea1nh&#8230;\u0110\u1ed9 b\u1ec1n l\u00e2u, kh\u00f4ng b\u1ecb ph\u00e2n h\u1ee7y khi n\u1ea5u \u1edf nhi\u1ec7t \u0111\u1ed9 cao.<\/p>\n","protected":false},"featured_media":1495,"comment_status":"open","ping_status":"closed","template":"","meta":[],"product_cat":[25,18,46],"product_tag":[],"_links":{"self":[{"href":"https:\/\/demo.bmconnect.vn\/cake2\/wp-json\/wp\/v2\/product\/1494"}],"collection":[{"href":"https:\/\/demo.bmconnect.vn\/cake2\/wp-json\/wp\/v2\/product"}],"about":[{"href":"https:\/\/demo.bmconnect.vn\/cake2\/wp-json\/wp\/v2\/types\/product"}],"replies":[{"embeddable":true,"href":"https:\/\/demo.bmconnect.vn\/cake2\/wp-json\/wp\/v2\/comments?post=1494"}],"wp:featuredmedia":[{"embeddable":true,"href":"https:\/\/demo.bmconnect.vn\/cake2\/wp-json\/wp\/v2\/media\/1495"}],"wp:attachment":[{"href":"https:\/\/demo.bmconnect.vn\/cake2\/wp-json\/wp\/v2\/media?parent=1494"}],"wp:term":[{"taxonomy":"product_cat","embeddable":true,"href":"https:\/\/demo.bmconnect.vn\/cake2\/wp-json\/wp\/v2\/product_cat?post=1494"},{"taxonomy":"product_tag","embeddable":true,"href":"https:\/\/demo.bmconnect.vn\/cake2\/wp-json\/wp\/v2\/product_tag?post=1494"}],"curies":[{"name":"wp","href":"https:\/\/api.w.org\/{rel}","templated":true}]}}