{"id":1490,"date":"2017-11-03T14:53:35","date_gmt":"2017-11-03T07:53:35","guid":{"rendered":"https:\/\/demo.bmconnect.vn\/cake2\/?post_type=product&#038;p=1490"},"modified":"2017-11-03T14:54:38","modified_gmt":"2017-11-03T07:54:38","slug":"kem-lam-banh-whip-topping-base","status":"publish","type":"product","link":"https:\/\/demo.bmconnect.vn\/cake2\/product\/kem-lam-banh-whip-topping-base\/","title":{"rendered":"Kem l\u00e0m b\u00e1nh Whip Topping Base"},"content":{"rendered":"<h2><strong>H\u01b0\u1edbng d\u1eabn s\u1eed d\u1ee5ng:<\/strong><\/h2>\n<ul>\n<li>L\u1eafc \u0111\u1ec1u.<\/li>\n<li>R\u00f3t 2 ph\u1ea7n Rich&#8217;s Whip Topping Base v\u00e0 1 ph\u1ea7n dung d\u1ecbch (n\u01b0\u1edbc, n\u01b0\u1edbc tr\u00e1i c\u00e2y, s\u1eefa kh\u00f4ng b\u00e9o hay kem nh\u1eb9) l\u1ea1nh (d\u01b0\u1edbi 10<sup>o<\/sup>C\/50<sup>o<\/sup>F) v\u00e0o th\u1ed1 \u0111\u00e3 \u0111\u01b0\u1ee3c \u0111\u1ec3 l\u1ea1nh<\/li>\n<\/ul>\n<p><strong>2 ph\u1ea7n kem + 1 ph\u1ea7n dung d\u1ecbch kh\u00e1c<\/strong><\/p>\n<ul>\n<li>\u0110\u00e1nh kem b\u1eb1ng l\u1ed3ng \u0111\u00e1nh v\u1edbi t\u1ed1c \u0111\u1ed9 trung b\u00ecnh cho \u0111\u1ebfn khi s\u1ea3n ph\u1ea9m \u0111\u1ea1t \u0111\u01b0\u1ee3c \u0111\u1ed9 \u0111\u1ee9ng v\u1eeba \u00fd.<\/li>\n<\/ul>\n<ul>\n<li>S\u1ea3n ph\u1ea9m trong tr\u1ea1ng th\u00e1i dung d\u1ecbch l\u1ecfng kh\u00f4ng n\u00ean c\u1ea5p \u0111\u00f4ng tr\u1edf l\u1ea1i.<\/li>\n<\/ul>\n<ul>\n<li>S\u1ea3n ph\u1ea9m \u0111\u00e3 \u0111\u00e1nh th\u00e0nh kem c\u00f3 th\u1ec3 tr\u1eef \u0111\u00f4ng trong kho\u1ea3ng th\u1eddi gian 1 th\u00e1ng khi ch\u1ee9a trong v\u1eadt ch\u1ee9a \u0111\u1eady k\u00edn n\u1eafp.<\/li>\n<\/ul>\n<ul>\n<li>Khi \u0111\u00e1nh kem g\u1ea7n xong, c\u00f3 th\u1ec3 cho th\u00eam m\u00e0u, h\u01b0\u01a1ng li\u1ec7u, pudding ho\u1eb7c l\u00e0 gelatine v\u00e0o. Th\u00eam v\u00e0o nh\u1eefng nguy\u00ean li\u1ec7u c\u1ea7n thi\u1ebft v\u00e0 k\u1ebft th\u00fac vi\u1ec7c \u0111\u00e1nh kem.<\/li>\n<\/ul>\n<h2><strong>C\u00e1ch b\u1ea3o qu\u1ea3n:\u00a0<\/strong><\/h2>\n<ul>\n<li>L\u01b0u gi\u1eef \u1edf nhi\u1ec7t \u0111\u1ed9 -18<sup>o<\/sup>C<\/li>\n<li>Tr\u1eef l\u1ea1nh sau khi \u0111\u00e1nh: 3 ng\u00e0y<\/li>\n<\/ul>\n","protected":false},"excerpt":{"rendered":"<p>Whip Topping Base l\u00e0 lo\u1ea1i kem c\u00f4 \u0111\u1eb7c nguy\u00ean ch\u1ea5t d\u01b0\u1edbi d\u1ea1ng dung d\u1ecbch l\u1ecfng \u0111\u00f4ng l\u1ea1nh c\u00f3 th\u1ec3 kh\u00e1ng acid, l\u00e0 nguy\u00ean li\u1ec7u l\u00e0m b\u00e1nh Mousse, kem ganache s\u00f4 c\u00f4 la v\u00e0 c\u00e1c m\u00f3n tr\u00e1ng mi\u1ec7ng. Kem c\u0169ng d\u00f9ng \u0111\u1ec3 trang tr\u00ed, l\u00e0m nh\u00e2n v\u00e0 ch\u00e0 l\u00e1ng cho c\u00e1c lo\u1ea1i b\u00e1nh v\u00e0 m\u00f3n tr\u00e1ng mi\u1ec7ng. Kem c\u00f3 th\u1ec3 k\u1ebft h\u1ee3p v\u1edbi h\u1ea7u h\u1ebft c\u00e1c h\u01b0\u01a1ng li\u1ec7u, m\u00e0u t\u1ed5ng h\u1ee3p v\u00e0 ch\u1ea5t l\u00e0m ng\u1ecdt m\u00e0 kh\u00f4ng gi\u1ea3m \u0111\u1ed9 \u1ed5n \u0111\u1ecbnh.<\/p>\n","protected":false},"featured_media":1491,"comment_status":"open","ping_status":"closed","template":"","meta":[],"product_cat":[25,18,46],"product_tag":[],"_links":{"self":[{"href":"https:\/\/demo.bmconnect.vn\/cake2\/wp-json\/wp\/v2\/product\/1490"}],"collection":[{"href":"https:\/\/demo.bmconnect.vn\/cake2\/wp-json\/wp\/v2\/product"}],"about":[{"href":"https:\/\/demo.bmconnect.vn\/cake2\/wp-json\/wp\/v2\/types\/product"}],"replies":[{"embeddable":true,"href":"https:\/\/demo.bmconnect.vn\/cake2\/wp-json\/wp\/v2\/comments?post=1490"}],"wp:featuredmedia":[{"embeddable":true,"href":"https:\/\/demo.bmconnect.vn\/cake2\/wp-json\/wp\/v2\/media\/1491"}],"wp:attachment":[{"href":"https:\/\/demo.bmconnect.vn\/cake2\/wp-json\/wp\/v2\/media?parent=1490"}],"wp:term":[{"taxonomy":"product_cat","embeddable":true,"href":"https:\/\/demo.bmconnect.vn\/cake2\/wp-json\/wp\/v2\/product_cat?post=1490"},{"taxonomy":"product_tag","embeddable":true,"href":"https:\/\/demo.bmconnect.vn\/cake2\/wp-json\/wp\/v2\/product_tag?post=1490"}],"curies":[{"name":"wp","href":"https:\/\/api.w.org\/{rel}","templated":true}]}}