{"id":1248,"date":"2017-11-03T10:33:06","date_gmt":"2017-11-03T03:33:06","guid":{"rendered":"https:\/\/demo.bmconnect.vn\/cake2\/?post_type=product&#038;p=1248"},"modified":"2017-11-06T10:01:14","modified_gmt":"2017-11-06T03:01:14","slug":"kem-trang-tri-richs-gold-label","status":"publish","type":"product","link":"https:\/\/demo.bmconnect.vn\/cake2\/product\/kem-trang-tri-richs-gold-label\/","title":{"rendered":"Kem trang tr\u00ed Rich&#8217;s Gold Label"},"content":{"rendered":"<div class=\"item-info\">\u00a0<strong style=\"font-size: 14.4px;color: #555555\">H\u01b0\u01a1ng v\u1ecb tuy\u1ec7t v\u1eddi:<\/strong><\/div>\n<div class=\"item-info\"><span style=\"color: #555555;font-size: 14.4px\">&#8211; H\u01b0\u01a1ng v\u1ecb s\u1eefa \u0111\u1ed9c \u0111\u00e1o t\u1eeb ngu\u1ed3n g\u1ed1c th\u1ef1c v\u1eadt.<\/span><\/div>\n<div class=\"item-info\"><span style=\"color: #555555;font-size: 14.4px\">&#8211; Kem pha tr\u1ed9n tuy\u1ec7t h\u1ea3o v\u1edbi tr\u00e1i c\u00e2y t\u01b0\u01a1i.<\/span><\/div>\n<div class=\"item-info\">\n<div class=\"desc\"><strong>Ch\u1ea5t l\u01b0\u1ee3ng \u1ed5n \u0111\u1ecbnh:<\/strong><\/p>\n<p>&#8211; Kem ph\u1ee7 v\u1edbi ch\u1ea5t l\u01b0\u1ee3ng xu\u1ea5t s\u1eafc v\u00e0 lu\u00f4n \u0111\u1ea3m b\u1ea3o.<\/p>\n<p>&#8211; T\u1ea1o ra c\u00e1c m\u00f3n tr\u00e1ng mi\u1ec7ng t\u01b0\u01a1i ngon v\u00e0 h\u1ea5p d\u1eabn.<\/p>\n<p>&#8211; Ph\u00f9 h\u1ee3p v\u1edbi ng\u01b0\u1eddi \u0103n ki\u00eang.<\/p>\n<p><strong>\u0110\u1ed9 \u1ed5n \u0111\u1ecbnh xu\u1ea5t s\u1eafc:<\/strong><\/p>\n<p>&#8211; Th\u1eddi gian \u1ed5n \u0111\u1ecbnh l\u00e2u h\u01a1n, t\u1ea1o nhi\u1ec1u th\u1eddi gian h\u01a1n cho vi\u1ec7c trang tr\u00ed b\u00e1nh kem v\u00e0 c\u00e1c m\u00f3n tr\u00e1ng mi\u1ec7ng.<\/p>\n<p>&#8211; Kem kh\u00f4ng b\u1ecb n\u1ee9t, gi\u00fap b\u00e1nh kem v\u00e0 c\u00e1c m\u00f3n tr\u00e1ng mi\u1ec7ng lu\u00f4n t\u01b0\u01a1i ngon &#8211; ngay c\u1ea3 sau 5 ng\u00e0y b\u1ea3o qu\u1ea3n trong t\u1ee7 l\u1ea1nh.<\/p>\n<p>&#8211; Kem gi\u1eef nguy\u00ean \u0111\u1ed9 b\u00f3ng v\u00e0 m\u1ecbn su\u1ed1t 5 ng\u00e0y b\u1ea3o qu\u1ea3n trong t\u1ee7 l\u1ea1nh.<\/p>\n<p><strong>T\u00ednh kinh t\u1ebf:<\/strong><\/p>\n<p>&#8211; \u0110\u1ed9 n\u1edf c\u1ee7a kem t\u1eeb 400% &#8211; 450%, gi\u00fap t\u0103ng s\u1ea3n l\u01b0\u1ee3ng.<\/p>\n<p>&#8211; T\u0103ng l\u1ee3i nhu\u1eadn.<\/p>\n<p><strong>Th\u1eddi gian \u0111\u00e1nh kem nhanh h\u01a1n:<\/strong><\/p>\n<p>&#8211; Kem c\u00f3 th\u1ec3 \u0111\u00e1nh \u1edf t\u1ed1c \u0111\u1ed9 cao, gi\u1ea3m th\u1eddi gian \u0111\u00e1nh kem, gi\u1ea3m nh\u00e2n c\u00f4ng, t\u0103ng thu\u1eadn ti\u1ec7n v\u00e0 s\u1ea3n l\u01b0\u1ee3ng, n\u00e2ng cao l\u1ee3i nhu\u1eadn.<\/p>\n<p>&#8211; Th\u1eddi gian \u0111\u00e1nh kem: kho\u1ea3ng 90 gi\u00e2y cho 1 th\u1ed1 dung t\u00edch 5 l\u00edt; v\u00e0 3 ph\u00fat cho 1 th\u1ed1 dung t\u00edch 20 l\u00edt.<\/p><\/div>\n<\/div>\n<div class=\"item-info\">\n<p class=\"title\"><strong>Th\u00e0nh ph\u1ea7n<\/strong><\/p>\n<div class=\"desc\">\n<p>N\u01b0\u1edbc, D\u1ea7u H\u1ea1t C\u1ecd \u0110\u00e3 Hydro H\u00f3a, Syr\u00f4 B\u1eafp Ch\u1ee9a H\u00e0m L\u01b0\u1ee3ng Fructose Cao, \u0110\u01b0\u1eddng, *Ch\u1ea5t D\u1eabn Xu\u1ea5t T\u1eeb S\u1eefa (Sodium Caseinate), Ch\u1ea5t Nh\u0169 H\u00f3a (Sodium Stearoyl Lactylate (481(i)), Ch\u1ea5t \u1ed4n \u0110\u1ecbnh (Methylcellulose (461)), Ch\u1ea5t \u0110i\u1ec1u Ch\u1ec9nh \u0110\u1ed9 Axit (Dipotassium Orthophosphate (340ii)), Mu\u1ed1i, H\u01b0\u01a1ng Kem V\u00e0 Vanilla T\u1ed5ng H\u1ee3p.<\/p>\n<p><em>* Kh\u00f4ng ph\u1ea3i l\u00e0 ngu\u1ed3n cung c\u1ea5p Lactose<\/em><\/p>\n<\/div>\n<\/div>\n<div class=\"item-info\"><strong>B\u1ea3o qu\u1ea3n<\/strong><\/p>\n<div class=\"desc\">\n<div>Tr\u1eef \u0111\u00f4ng \u1edf nhi\u1ec7t \u0111\u1ed9 -18<sup>o<\/sup>C<\/div>\n<\/div>\n<\/div>\n<div class=\"item-info\">\n<p class=\"title\"><strong>H\u01b0\u1edbng d\u1eabn s\u1eed d\u1ee5ng<\/strong><\/p>\n<div class=\"desc\">\n<div>&#8211; X\u1ea3 \u0111\u00f4ng trong t\u1ee7 l\u1ea1nh.<\/p>\n<p>&#8211; L\u1eafc \u0111\u1ec1u h\u1ed9p ch\u1ee9a kem tr\u01b0\u1edbc khi m\u1edf h\u1ed9p. \u0110\u1ed5 kem l\u1ecfng v\u00e0o th\u1ed1 l\u1ea1nh.<\/p>\n<p>&#8211; \u0110\u00e1nh kem v\u1edbi t\u1ed1c \u0111\u1ed9 trung b\u00ecnh \u1edf nhi\u1ec7t \u0111\u1ed9 t\u1eeb 4<sup>o<\/sup>C \u0111\u1ebfn 7<sup>o<\/sup>C cho \u0111\u1ebfn khi kem b\u00f3ng m\u1ecbn.<\/div>\n<\/div>\n<div><\/div>\n<\/div>\n","protected":false},"excerpt":{"rendered":"<p>S\u1ea3n ph\u1ea9m Rich&#8217;s Gold Label &#8211; th\u1ebf h\u1ec7 k\u1ebf ti\u1ebfp c\u1ee7a kem trang tr\u00ed. Rich&#8217;s Gold Label chuy\u00ean d\u00e0nh cho nh\u1eefng kh\u00e1ch h\u00e0ng mu\u1ed1n t\u1ed1i \u01b0u h\u00f3a chi ph\u00ed s\u1ea3n xu\u1ea5t v\u00e0 n\u00e2ng cao doanh s\u1ed1. Rich&#8217;s Gold Label cung c\u1ea5p s\u1ea3n l\u01b0\u1ee3ng v\u01b0\u1ee3t tr\u1ed9i, \u0111\u1ed9 \u1ed5n \u0111\u1ecbnh xu\u1ea5t s\u1eafc, h\u01b0\u01a1ng vani s\u1eefa v\u00e0 c\u00f3 th\u1ec3 \u0111\u00e1nh \u1edf t\u1ed1c \u0111\u1ed9 cao.<\/p>\n","protected":false},"featured_media":1249,"comment_status":"open","ping_status":"closed","template":"","meta":[],"product_cat":[25,18,46],"product_tag":[],"_links":{"self":[{"href":"https:\/\/demo.bmconnect.vn\/cake2\/wp-json\/wp\/v2\/product\/1248"}],"collection":[{"href":"https:\/\/demo.bmconnect.vn\/cake2\/wp-json\/wp\/v2\/product"}],"about":[{"href":"https:\/\/demo.bmconnect.vn\/cake2\/wp-json\/wp\/v2\/types\/product"}],"replies":[{"embeddable":true,"href":"https:\/\/demo.bmconnect.vn\/cake2\/wp-json\/wp\/v2\/comments?post=1248"}],"wp:featuredmedia":[{"embeddable":true,"href":"https:\/\/demo.bmconnect.vn\/cake2\/wp-json\/wp\/v2\/media\/1249"}],"wp:attachment":[{"href":"https:\/\/demo.bmconnect.vn\/cake2\/wp-json\/wp\/v2\/media?parent=1248"}],"wp:term":[{"taxonomy":"product_cat","embeddable":true,"href":"https:\/\/demo.bmconnect.vn\/cake2\/wp-json\/wp\/v2\/product_cat?post=1248"},{"taxonomy":"product_tag","embeddable":true,"href":"https:\/\/demo.bmconnect.vn\/cake2\/wp-json\/wp\/v2\/product_tag?post=1248"}],"curies":[{"name":"wp","href":"https:\/\/api.w.org\/{rel}","templated":true}]}}