{"id":577,"date":"2017-10-19T03:19:16","date_gmt":"2017-10-18T20:19:16","guid":{"rendered":"https:\/\/demo.bmconnect.vn\/cake\/?post_type=product&#038;p=577"},"modified":"2017-10-19T03:19:16","modified_gmt":"2017-10-18T20:19:16","slug":"keo-trang-tri-hat-mau-sac-premierwin-500g","status":"publish","type":"product","link":"https:\/\/demo.bmconnect.vn\/cake\/product\/keo-trang-tri-hat-mau-sac-premierwin-500g\/","title":{"rendered":"K\u1eb9o trang tr\u00ed h\u1ea1t m\u00e0u s\u1eafc PremierWin 500g"},"content":{"rendered":"<h3>K\u1eb9o trang tr\u00ed h\u1ea1t m\u00e0u s\u1eafc PremierWin 500g<\/h3>\n<p>M\u00e3 s\u1ea3n ph\u1ea9m:\u00a0<span class=\"prodid\">VNL00491<\/span><\/p>\n<p><strong>K\u1eb9o trang tr\u00ed h\u1ea1t m\u00e0u s\u1eafc Premier Win\u00a0<\/strong>(c\u1ed1m m\u00e0u) l\u00e0 m\u1ed9t trong nh\u1eefng nguy\u00ean li\u1ec7u trang tr\u00ed ph\u1ed5 bi\u1ebfn trong l\u00e0m b\u00e1nh, d\u00f9ng \u0111\u1ec3 r\u1eafc l\u00ean m\u1eb7t b\u00e1nh kem, k\u1eb9o m\u00fat, socola, cakepops r\u1ea5t \u0111\u1eb9p m\u1eaft.<\/p>\n<p><strong>\u0110\u1eb7c \u0111i\u1ec3m n\u1ed5i b\u1eadt c\u1ee7a s\u1ea3n ph\u1ea9m<\/strong><\/p>\n<p><strong>K\u1eb9o trang tr\u00ed Premier Win\u00a0<\/strong>xu\u1ea5t x\u1ee9 Vi\u1ec7t Nam, \u0111\u01b0\u1ee3c l\u00e0m t\u1eeb nh\u1eefng nguy\u00ean li\u1ec7u s\u1ea1ch t\u1eeb \u0111\u01b0\u1eddng, m\u1ea1ch nha, b\u1ed9t b\u1eafp, h\u01b0\u01a1ng li\u1ec7u&#8230;., \u0111\u1ea3m b\u1ea3o v\u1ec7 sinh an to\u00e0n th\u1ef1c ph\u1ea9m, t\u1ed1t cho s\u1ee9c kh\u1ecfe\u00a0con ng\u01b0\u1eddi.<\/p>\n<p>K\u1eb9o v\u1edbi v\u1ecb ng\u1ecdt s\u1ea7n s\u1eadt, h\u01a1i de khi c\u1eafn v\u00e0o t\u1ea1o v\u1ecb ng\u1ecdt m\u00e1t s\u1ebd khi\u1ebfn b\u1ea1n v\u00f4 c\u00f9ng th\u00edch th\u00fa<\/p>\n<p>\u0110\u1eb7c bi\u1ec7t c\u00e1c m\u00e0u s\u1eafc xanh, \u0111\u1ecf, t\u00edm v\u00e0ng, \u0111\u1ee7 s\u1eafc nh\u01b0 c\u1ea7u v\u1ed3ng khi trang tr\u00ed l\u00ean b\u00e1nh s\u1ebd r\u1ea5t lung linh v\u00e0 b\u1eaft m\u1eaft. \u0110\u1eb7c bi\u1ec7t th\u00edch h\u1ee3p cho c\u00e1c lo\u1ea1i b\u00e1nh kem, cakepops, cookies chocolate,&#8230;<\/p>\n<p><img src=\"https:\/\/bizweb.dktcdn.net\/100\/004\/714\/products\/keo-trang-tri-premier-win-3-fcea24aa-feae-4574-919c-40236b9cef11.jpg?v=1486522812360\" \/><\/p>\n<p><strong>Th\u00f4ng tin chi ti\u1ebft:<\/strong><\/p>\n<p>&#8211; Th\u00e0nh ph\u1ea7n: \u0110\u01b0\u1eddng, ch\u1ea5t b\u00e9o th\u1ef1c v\u1eadt, b\u1ed9t b\u1eafp, n\u01b0\u1edbc, m\u1ea1ch nha, h\u01b0\u01a1ng li\u1ec7u t\u1ed5ng h\u1ee3p,&#8230;<\/p>\n<p>&#8211; Tr\u1ecdng l\u01b0\u1ee3ng: 500g<\/p>\n<p>&#8211; H\u1ea1n s\u1eed d\u1ee5ng: 12 th\u00e1ng<\/p>\n<p>&#8211; Xu\u1ea5t x\u1ee9: Vi\u1ec7t Nam<\/p>\n<p><img src=\"https:\/\/bizweb.dktcdn.net\/100\/004\/714\/products\/keo-trang-tri-premier-win-1-6944f74d-7281-422a-afc4-638fb9c107f0.jpg?v=1486522816833\" \/><\/p>\n<p><strong>H\u01b0\u1edbng d\u1eabn s\u1eed d\u1ee5ng k\u1eb9o trang tr\u00ed m\u00e0u s\u1eafc Premier Win<\/strong><\/p>\n<p>\u0110\u1ed1i v\u1edbi b\u00e1nh kem, sau khi ho\u00e0n t\u1ea5t kh\u00e2u tr\u00e9t kem cho b\u00e1nh, b\u1ea1n ch\u1ec9 c\u1ea7n r\u1eafc nh\u1eb9 m\u1ed9t l\u1edbp k\u1eb9o l\u00ean m\u1eb7t b\u00e1nh l\u00e0 \u0111\u00e3 c\u00f3 \u0111\u01b0\u1ee3c m\u1ed9t l\u1edbp trang tr\u00ed ho\u00e0n h\u1ea3o.<\/p>\n<p>V\u1edbi c\u00e1c lo\u1ea1i b\u00e1nh kh\u00f4ng d\u00ednh m\u00e0 mu\u1ed1n t\u1ea1o l\u1edbp k\u1eb9o trang tr\u00ed, b\u1ea1n c\u00f3 th\u1ec3 nh\u00fang qua socola ch\u1ea3y ho\u1eb7c m\u1eadt ong \u00a0\u0111\u1ec3 t\u1ea1o \u0111\u1ed9 d\u00ednh tr\u01b0\u1edbc r\u1ed3i m\u1edbi l\u0103n qua k\u1eb9o trang tr\u00ed.<\/p>\n<p><img src=\"https:\/\/bizweb.dktcdn.net\/100\/004\/714\/files\/keo-trang-tri-premier-win-5.jpg?v=1486526022082\" \/><\/p>\n","protected":false},"excerpt":{"rendered":"<p>&#8211; Th\u00e0nh ph\u1ea7n: \u0110\u01b0\u1eddng, ch\u1ea5t b\u00e9o th\u1ef1c v\u1eadt, b\u1ed9t b\u1eafp, n\u01b0\u1edbc, m\u1ea1ch nha, h\u01b0\u01a1ng li\u1ec7u t\u1ed5ng h\u1ee3p,&#8230;<\/p>\n<p>&#8211; Tr\u1ecdng l\u01b0\u1ee3ng: 500g<\/p>\n<p>&#8211; H\u1ea1n s\u1eed d\u1ee5ng: 12 th\u00e1ng<\/p>\n<p>&#8211; Xu\u1ea5t x\u1ee9: Vi\u1ec7t Nam<\/p>\n","protected":false},"featured_media":578,"comment_status":"open","ping_status":"closed","template":"","meta":[],"product_cat":[31,18],"product_tag":[],"_links":{"self":[{"href":"https:\/\/demo.bmconnect.vn\/cake\/wp-json\/wp\/v2\/product\/577"}],"collection":[{"href":"https:\/\/demo.bmconnect.vn\/cake\/wp-json\/wp\/v2\/product"}],"about":[{"href":"https:\/\/demo.bmconnect.vn\/cake\/wp-json\/wp\/v2\/types\/product"}],"replies":[{"embeddable":true,"href":"https:\/\/demo.bmconnect.vn\/cake\/wp-json\/wp\/v2\/comments?post=577"}],"wp:featuredmedia":[{"embeddable":true,"href":"https:\/\/demo.bmconnect.vn\/cake\/wp-json\/wp\/v2\/media\/578"}],"wp:attachment":[{"href":"https:\/\/demo.bmconnect.vn\/cake\/wp-json\/wp\/v2\/media?parent=577"}],"wp:term":[{"taxonomy":"product_cat","embeddable":true,"href":"https:\/\/demo.bmconnect.vn\/cake\/wp-json\/wp\/v2\/product_cat?post=577"},{"taxonomy":"product_tag","embeddable":true,"href":"https:\/\/demo.bmconnect.vn\/cake\/wp-json\/wp\/v2\/product_tag?post=577"}],"curies":[{"name":"wp","href":"https:\/\/api.w.org\/{rel}","templated":true}]}}