{"id":575,"date":"2017-10-19T03:17:59","date_gmt":"2017-10-18T20:17:59","guid":{"rendered":"https:\/\/demo.bmconnect.vn\/cake\/?post_type=product&#038;p=575"},"modified":"2017-10-19T03:17:59","modified_gmt":"2017-10-18T20:17:59","slug":"hat-phi-phet-cacao-nutella-680g","status":"publish","type":"product","link":"https:\/\/demo.bmconnect.vn\/cake\/product\/hat-phi-phet-cacao-nutella-680g\/","title":{"rendered":"H\u1ea1t ph\u1ec9 ph\u1ebft cacao Nutella 680g"},"content":{"rendered":"<h3>H\u1ea1t ph\u1ec9 ph\u1ebft cacao Nutella 680g<\/h3>\n<p>M\u00e3 s\u1ea3n ph\u1ea9m:\u00a0<span class=\"prodid\">NL00761<\/span><\/p>\n<p><strong>H\u1ea1t ph\u1ec9 ph\u1ebft cacao Nutella 680g<\/strong>\u00a0l\u00e0 s\u1ea3n ph\u1ea9m d\u00f9ng \u0111\u1ec3 \u0103n tr\u1ef1c ti\u1ebfp k\u00e8m v\u1edbi b\u00e1nh m\u00ec, gi\u00fap b\u1eefa s\u00e1ng c\u1ee7a b\u1ea1n tr\u1edf n\u00ean h\u1ea5p d\u1eabn v\u00e0 th\u01a1m ngon h\u01a1n. Ngo\u00e0i ra, s\u1ea3n ph\u1ea9m c\u00f2n ti\u1ec7n l\u1ee3i khi\u00a0s\u1eed d\u1ee5ng trong c\u00e1c chuy\u1ebfn \u0111i d\u00e3 ngo\u1ea1i, \u0111i h\u1ecdc,\u00a0\u0111i l\u00e0m,&#8230;.<\/p>\n<p><strong>\u0110\u1eb7c \u0111i\u1ec3m n\u1ed5i b\u1eadt c\u1ee7a s\u1ea3n ph\u1ea9m<\/strong><\/p>\n<p>S\u1ea3n ph\u1ea9m c\u00f3 13% th\u00e0nh ph\u1ea7n l\u00e0 h\u1ea1t ph\u1ec9. \u0110\u00e2y l\u00e0 m\u1ed9t lo\u1ea1i h\u1ea1t c\u00f3 nhi\u1ec1u c\u00f4ng d\u1ee5ng nh\u01b0 ph\u00f2ng ch\u1ed1ng ung th\u01b0, t\u0103ng s\u1ee9c kh\u1ecfe cho c\u01a1 b\u1eafp, ph\u00f2ng ch\u1ed1ng ung th\u01b0, l\u00e0m \u0111\u1eb9p da,&#8230;.<\/p>\n<p>V\u1edbi h\u01b0\u01a1ng v\u1ecb ng\u1ecdt m\u00e1t, th\u01a1m, ng\u1eady, \u0111\u01b0\u1ee3c l\u00e0m n\u00ean b\u1edfi quy tr\u00ecnh s\u1ea3n xu\u1ea5t nghi\u00eam ng\u1eb7t c\u00f9ng v\u1edbi ngu\u1ed3n nguy\u00ean li\u1ec7u \u0111\u01b0\u1ee3c ch\u1ecdn l\u1ecdc k\u0129 c\u00e0ng: 1 \u00edt h\u01b0\u01a1ng v\u1ecb tr\u00e1i c\u00e2y t\u01b0\u01a1i, h\u1ea1t cacao \u0111\u1ebfn t\u1eeb ch\u00e2u Phi, s\u1eefa g\u1ea1n kem t\u1eeb c\u00e1c trang tr\u1ea1i l\u1edbn c\u1ee7a ch\u00e2u \u00c2u&#8230;. \u0111\u00e3 khi\u1ebfn cho\u00a0<strong>h\u1ea1t ph\u1ec9 ph\u1ebft cacao Nutella 680g<\/strong>\u00a0tr\u1edf th\u00e0nh l\u1ef1a ch\u1ecdn h\u00e0ng \u0111\u1ea7u cho b\u1eefa \u0103n s\u00e1ng dinh d\u01b0\u1ee1ng v\u00e0 th\u01a1m ngon.<\/p>\n<p>S\u1ea3n ph\u1ea9m \u0111\u00f3ng h\u0169\u00a0c\u00f3 n\u1eafp \u0111\u1eady gi\u00fap b\u1ea1n d\u1ec5 d\u00e0ng b\u1ea3o qu\u1ea3n \u0111\u1ed3ng th\u1eddi ti\u1ec7n l\u1ee3i khi mang \u0111i h\u1ecdc, \u0111i l\u00e0m, \u0111i picnic,&#8230;<\/p>\n<p><img src=\"https:\/\/bizweb.dktcdn.net\/100\/004\/714\/files\/mut-hat-phi-nutella.jpg?v=1492072527465\" data-thumb=\"original\" \/><\/p>\n<p><strong>Th\u00f4ng tin chi ti\u1ebft:<\/strong><\/p>\n<p>&#8211; Th\u00e0nh ph\u1ea7n: \u0110\u01b0\u1eddng, ch\u1ea5t b\u00e9o th\u1ef1c v\u1eadt, h\u1ea1t ph\u1ec9 13%, s\u1eefa b\u1ed9t t\u00e1ch kem (8,7%), b\u1ed9t cacao g\u1ea7y (7,4%), ch\u1ea5t nh\u0169 h\u00f3a, h\u01b0\u01a1ng li\u1ec7u t\u1ef1 nhi\u00ean,&#8230;<\/p>\n<p>&#8211; Tr\u1ecdng l\u01b0\u1ee3ng: 680g<\/p>\n<p>&#8211; Xu\u1ea5t x\u1ee9: \u00dac<\/p>\n<p>&#8211; D\u00f9ng \u0111\u1ec3 ph\u1ebft tr\u1ef1c ti\u1ebfp, \u0103n k\u00e8m v\u1edbi b\u00e1nh m\u00ec.<\/p>\n<p><img src=\"https:\/\/bizweb.dktcdn.net\/100\/004\/714\/files\/mut-hat-phi-nutella-3.jpg?v=1492072549677\" data-thumb=\"original\" \/><\/p>\n<p><a href=\"http:\/\/beemart.vn\/\" target=\"_blank\" rel=\"noopener\"><strong>Beemart<\/strong><\/a>\u00a0xin chia s\u1ebb v\u1edbi b\u1ea1n m\u1ed9t v\u00e0i l\u01b0u \u00fd v\u1ec1 c\u00e1ch s\u1eed d\u1ee5ng v\u00e0 c\u00e1ch b\u1ea3o qu\u1ea3n s\u1ea3n ph\u1ea9m<\/p>\n<p>B\u1ea1n d\u00f9ng tr\u1ef1c ti\u1ebfp s\u1ea3n ph\u1ea9m \u0111\u1ec3 ph\u1ebft l\u00ean b\u00e1nh m\u00ec, t\u1ea1o n\u00ean m\u1ed9t b\u1eefa s\u00e1ng \u0111\u1ea7y \u0111\u1ee7 dinh d\u01b0\u1ee1ng, th\u01a1m ngon v\u00e0 h\u1ea5p d\u1eabn.<\/p>\n<p>Kh\u00f4ng n\u00ean s\u1eed d\u1ee5ng s\u1ea3n ph\u1ea9m \u0111\u1ed1i v\u1edbi nh\u1eefng ng\u01b0\u1eddi b\u1ecb d\u1ecb \u1ee9ng v\u1edbi s\u1eefa, h\u1ea1t ph\u1ec9 v\u00e0 \u0111\u1eadu n\u00e0nh.<\/p>\n<p>Khi \u1edf nhi\u1ec7t \u0111\u1ed9 cao, m\u1ed9t l\u1edbp d\u1ea7u c\u00f3 th\u1ec3 xu\u1ea5t hi\u1ec7n tr\u00ean b\u1ec1 m\u1eb7t v\u00e0 kh\u00f4ng \u1ea3nh h\u01b0\u1edfng g\u00ec \u0111\u1ebfn ch\u1ea5t l\u01b0\u1ee3ng c\u1ee7a s\u1ea3n ph\u1ea9m,\u00a0b\u1ea1n n\u00ean khu\u1ea5y \u0111\u1ec1u tr\u01b0\u1edbc khi s\u1eed d\u1ee5ng.<\/p>\n","protected":false},"excerpt":{"rendered":"<p>&#8211; Th\u00e0nh ph\u1ea7n: \u0110\u01b0\u1eddng, ch\u1ea5t b\u00e9o th\u1ef1c v\u1eadt, h\u1ea1t ph\u1ec9 13%, s\u1eefa b\u1ed9t t\u00e1ch kem (8,7%), b\u1ed9t caca g\u1ea7y (7,4%), ch\u1ea5t nh\u0169 h\u00f3a, h\u01b0\u01a1ng li\u1ec7u t\u1ef1 nhi\u00ean,&#8230;<\/p>\n<p>&#8211; Tr\u1ecdng l\u01b0\u1ee3ng: 680g<\/p>\n<p>&#8211; Xu\u1ea5t x\u1ee9: \u00dac<\/p>\n<p>&#8211; D\u00f9ng \u0111\u1ec3 ph\u1ebft tr\u1ef1c ti\u1ebfp, \u0103n k\u00e8m v\u1edbi b\u00e1nh m\u00ec.<\/p>\n","protected":false},"featured_media":576,"comment_status":"open","ping_status":"closed","template":"","meta":[],"product_cat":[30,18],"product_tag":[],"_links":{"self":[{"href":"https:\/\/demo.bmconnect.vn\/cake\/wp-json\/wp\/v2\/product\/575"}],"collection":[{"href":"https:\/\/demo.bmconnect.vn\/cake\/wp-json\/wp\/v2\/product"}],"about":[{"href":"https:\/\/demo.bmconnect.vn\/cake\/wp-json\/wp\/v2\/types\/product"}],"replies":[{"embeddable":true,"href":"https:\/\/demo.bmconnect.vn\/cake\/wp-json\/wp\/v2\/comments?post=575"}],"wp:featuredmedia":[{"embeddable":true,"href":"https:\/\/demo.bmconnect.vn\/cake\/wp-json\/wp\/v2\/media\/576"}],"wp:attachment":[{"href":"https:\/\/demo.bmconnect.vn\/cake\/wp-json\/wp\/v2\/media?parent=575"}],"wp:term":[{"taxonomy":"product_cat","embeddable":true,"href":"https:\/\/demo.bmconnect.vn\/cake\/wp-json\/wp\/v2\/product_cat?post=575"},{"taxonomy":"product_tag","embeddable":true,"href":"https:\/\/demo.bmconnect.vn\/cake\/wp-json\/wp\/v2\/product_tag?post=575"}],"curies":[{"name":"wp","href":"https:\/\/api.w.org\/{rel}","templated":true}]}}