{"id":571,"date":"2017-10-19T03:15:11","date_gmt":"2017-10-18T20:15:11","guid":{"rendered":"https:\/\/demo.bmconnect.vn\/cake\/?post_type=product&#038;p=571"},"modified":"2017-10-19T03:15:11","modified_gmt":"2017-10-18T20:15:11","slug":"mau-do-giang-sinh-wilton-nhap-khau-nhat-ban","status":"publish","type":"product","link":"https:\/\/demo.bmconnect.vn\/cake\/product\/mau-do-giang-sinh-wilton-nhap-khau-nhat-ban\/","title":{"rendered":"M\u00e0u \u0111\u1ecf Gi\u00e1ng sinh Wilton nh\u1eadp kh\u1ea9u Nh\u1eadt B\u1ea3n"},"content":{"rendered":"<h3>M\u00e0u \u0111\u1ecf Gi\u00e1ng sinh Wilton<\/h3>\n<p>M\u00e3 s\u1ea3n ph\u1ea9m:\u00a0<span class=\"prodid\">VNL00826<\/span><\/p>\n<p><strong>M\u00e0u \u0111\u1ecf Gi\u00e1ng sinh Wilton\u00a0<\/strong>\u0111\u1ebfn t\u1eeb n\u01b0\u1edbc M\u1ef9 xa x\u00f4i \u0111\u00e3 mang \u0111\u1ebfn m\u1ed9t s\u1eafc \u0111\u1ecf s\u00e2u l\u1eafng v\u00e0 \u0111\u1ed9c \u0111\u00e1o nh\u1ea5t t\u1eeb tr\u01b0\u1edbc \u0111\u1ebfn nay. V\u1edbi s\u1ea3n ph\u1ea9m n\u00e0y, b\u1ea1n ho\u00e0n to\u00e0n c\u00f3 th\u1ec3 t\u1ea1o ra nh\u1eefng chi\u1ebfc b\u00e1nh m\u00e0u s\u1eafc v\u00e0 t\u01b0\u01a1i t\u1eafn.<\/p>\n<p>S\u1ea3n ph\u1ea9m \u0111\u1ebfn t\u1eeb nh\u00e0 s\u1ea3n xu\u1ea5t Wilton &#8211; m\u1ed9t trong hai h\u00e3ng m\u00e0u th\u1ef1c ph\u1ea9m n\u1ed5i ti\u1ebfng c\u1ee7a M\u1ef9, \u0111\u01b0\u1ee3c ch\u1ee9ng nh\u1eadn ch\u1ea5t l\u01b0\u1ee3ng b\u1edfi Ti\u00eau ch\u00ed Kosher v\u1ec1 an to\u00e0n v\u1ec7 sinh th\u1ef1c ph\u1ea9m. So v\u1ec1 \u0111\u1ed9 \u0111\u1eadm \u0111\u1eb7c, Wilton \u0111\u1eb7c h\u01a1n m\u00e0u Americolor, b\u1edfi v\u1eady tuy s\u1ea3n ph\u1ea9m c\u00f3\u00a0kh\u1ed1i l\u01b0\u1ee3ng nh\u1ecf nh\u01b0ng c\u00f3 th\u1ec3\u00a0d\u00f9ng \u0111\u01b0\u1ee3c r\u1ea5t l\u00e2u.<\/p>\n<p><strong>Th\u00f4ng tin chi ti\u1ebft:<\/strong><\/p>\n<p>&#8211; Kh\u1ed1i l\u01b0\u1ee3ng t\u1ecbnh: 20 ml<\/p>\n<p>&#8211; Xu\u1ea5t x\u1ee9: M\u1ef9<\/p>\n<p>&#8211; \u0110\u01b0\u1ee3c d\u00f9ng \u0111\u1ec3 t\u1ea1o m\u00e0u trang tr\u00ed cho chi\u1ebfc b\u00e1nh, c\u00e1c m\u00f3n \u0103n h\u1ea5p d\u1eabn v\u00e0 ng\u1ed9 ngh\u0129nh h\u01a1n r\u1ea5t nhi\u1ec1u.<\/p>\n<p><img src=\"https:\/\/bizweb.dktcdn.net\/100\/004\/714\/products\/mau-do-giang-sinh-wilton.jpg?v=1497520861697\" data-thumb=\"original\" \/><\/p>\n<p><strong>\u01afu \u0111i\u1ec3m c\u1ee7a m\u00e0u Wilton:<\/strong><\/p>\n<p>+ C\u00f3 nhi\u1ec1u gam m\u00e0u kh\u00e1c nhau v\u1edbi c\u00e1c c\u1ea5p \u0111\u1ed9 \u0111\u1eadm, nh\u1ea1t, \u0111\u00e1p \u1ee9ng nhu c\u1ea7u s\u1eed d\u1ee5ng c\u1ee7a kh\u00e1ch h\u00e0ng.<\/p>\n<p>+ L\u00ean\u00a0m\u00e0u \u0111\u1eb9p, gi\u1ed1ng th\u1eadt nh\u1ea5t, an to\u00e0n v\u00e0 d\u1ec5 d\u00e0ng s\u1ee7 d\u1ee5ng<\/p>\n<p>+ T\u1ea1o m\u00e0u b\u00e1nh m\u00ec, t\u1ea1o m\u00e0u b\u00e1nh cookie, t\u1ea1o m\u00e0u b\u1ea1t b\u00e1nh gato\/b\u00e1nh ng\u1ecdt.<\/p>\n<p>+\u00a0M\u00e0u \u0111\u1ecf Gi\u00e1ng sinh Wilton l\u00e0 d\u1ea1ng gel, c\u00f3 \u0111\u1ed9 b\u00f3ng t\u1ef1 nhi\u00ean<\/p>\n<p>+ Kem t\u01b0\u01a1i whipping\/topping, kem b\u01a1<\/p>\n<p>+ T\u1ea1o m\u00e0u cho Socola tr\u1eafng \u0111un ch\u1ea3y.<\/p>\n<p>+ V\u00e0 c\u00e1c m\u00f3n \u0103n, \u0111\u1ed3 u\u1ed1ng kh\u00e1c c\u1ea7n pha m\u00e0u th\u1ef1c ph\u1ea9m.<\/p>\n<p>+ Ho\u1eb7c t\u1ea1o m\u00e0u l\u00e0m \u0111\u1ea5t s\u00e9t an to\u00e0n cho tr\u1ebb em ch\u01a1i.<\/p>\n<p><img src=\"https:\/\/bizweb.dktcdn.net\/100\/004\/714\/products\/mau-do-giang-sinh.jpg?v=1497520861697\" data-thumb=\"original\" \/><\/p>\n<h4><strong>C\u00e1ch d\u00f9ng m\u00e0u th\u1ef1c ph\u1ea9m:<\/strong><\/h4>\n<p>&#8211; B\u1ea1n cho m\u1ed9t \u00edt m\u00e0u th\u1ef1c ph\u1ea9m ra b\u00e1t<\/p>\n<p>&#8211; H\u00f2a tan m\u00e0u th\u1ef1c ph\u1ea9m v\u00e0o n\u01b0\u1edbc,\u00a0b\u1ed9t b\u00e1nh&#8230;.T\u00f9y theo m\u1ee5c \u0111\u00edch b\u1ea1n s\u1eed d\u1ee5ng nh\u00e9<\/p>\n<p>&#8211; Tr\u1ed9n \u0111\u1ec1u v\u1edbi h\u1ed7n h\u1ee3p v\u00e0 b\u1eaft \u0111\u1ea7u trang tr\u00ed theo \u00fd th\u00edch c\u1ee7a b\u1ea1n.<\/p>\n","protected":false},"excerpt":{"rendered":"<p>&#8211; Kh\u1ed1i l\u01b0\u1ee3ng t\u1ecbnh: 20 ml<\/p>\n<p>&#8211; Xu\u1ea5t x\u1ee9: M\u1ef9<\/p>\n<p>&#8211; \u0110\u01b0\u1ee3c d\u00f9ng \u0111\u1ec3 t\u1ea1o m\u00e0u trang tr\u00ed cho chi\u1ebfc b\u00e1nh, c\u00e1c m\u00f3n \u0103n h\u1ea5p d\u1eabn v\u00e0 ng\u1ed9 ngh\u0129nh h\u01a1n r\u1ea5t nhi\u1ec1u.<\/p>\n","protected":false},"featured_media":572,"comment_status":"open","ping_status":"closed","template":"","meta":[],"product_cat":[29,18],"product_tag":[],"_links":{"self":[{"href":"https:\/\/demo.bmconnect.vn\/cake\/wp-json\/wp\/v2\/product\/571"}],"collection":[{"href":"https:\/\/demo.bmconnect.vn\/cake\/wp-json\/wp\/v2\/product"}],"about":[{"href":"https:\/\/demo.bmconnect.vn\/cake\/wp-json\/wp\/v2\/types\/product"}],"replies":[{"embeddable":true,"href":"https:\/\/demo.bmconnect.vn\/cake\/wp-json\/wp\/v2\/comments?post=571"}],"wp:featuredmedia":[{"embeddable":true,"href":"https:\/\/demo.bmconnect.vn\/cake\/wp-json\/wp\/v2\/media\/572"}],"wp:attachment":[{"href":"https:\/\/demo.bmconnect.vn\/cake\/wp-json\/wp\/v2\/media?parent=571"}],"wp:term":[{"taxonomy":"product_cat","embeddable":true,"href":"https:\/\/demo.bmconnect.vn\/cake\/wp-json\/wp\/v2\/product_cat?post=571"},{"taxonomy":"product_tag","embeddable":true,"href":"https:\/\/demo.bmconnect.vn\/cake\/wp-json\/wp\/v2\/product_tag?post=571"}],"curies":[{"name":"wp","href":"https:\/\/api.w.org\/{rel}","templated":true}]}}