{"id":569,"date":"2017-10-19T03:13:26","date_gmt":"2017-10-18T20:13:26","guid":{"rendered":"https:\/\/demo.bmconnect.vn\/cake\/?post_type=product&#038;p=569"},"modified":"2017-10-19T03:13:26","modified_gmt":"2017-10-18T20:13:26","slug":"mut-dua-imperial-thai-lan-280g-chat-luong-cao","status":"publish","type":"product","link":"https:\/\/demo.bmconnect.vn\/cake\/product\/mut-dua-imperial-thai-lan-280g-chat-luong-cao\/","title":{"rendered":"M\u1ee9t D\u1ee9a Imperial Th\u00e1i Lan 280g ch\u1ea5t l\u01b0\u1ee3ng cao"},"content":{"rendered":"<h3>M\u1ee9t D\u1ee9a Imperial Th\u00e1i Lan 280g<\/h3>\n<p>M\u00e3 s\u1ea3n ph\u1ea9m:\u00a0<span class=\"prodid\">VNL00708<\/span><\/p>\n<p><strong>M\u1ee9t D\u1ee9a Imperial Th\u00e1i Lan 280g\u00a0<\/strong>s\u1ebd l\u00e0 nguy\u00ean li\u1ec7u kh\u00f4ng th\u1ec3 thi\u1ebfu \u0111\u1ec3 b\u1ea1n l\u00e0m ra nh\u1eefng chi\u1ebfc b\u00e1nh mang h\u01b0\u01a1ng v\u1ecb \u0111\u1eb7c tr\u01b0ng c\u1ee7a tr\u00e1i d\u1ee9a, v\u00f4 c\u00f9ng th\u01a1m ngon v\u00e0 b\u1ed5 d\u01b0\u1ee1ng.<\/p>\n<p><strong>\u0110\u1eb7c \u0111i\u1ec3m n\u1ed5i b\u1eadt c\u1ee7a s\u1ea3n ph\u1ea9m<\/strong><\/p>\n<p>S\u1ea3n ph\u1ea9m \u0111\u01b0\u1ee3c s\u1ea3n xu\u1ea5t t\u1ea1i Th\u00e1i Lan d\u1ef1a tr\u00ean quy tr\u00ecnh c\u00f4ng ngh\u1ec7 hi\u1ec7n \u0111\u1ea1i, c\u00f3 s\u1ef1 ki\u1ec3m so\u00e1t ch\u1eb7t ch\u1ebd t\u1eeb kh\u00e2u ch\u1ecdn l\u1ecdc nguy\u00ean li\u1ec7u \u0111\u1ebfn kh\u00e2u\u00a0ch\u1ebf bi\u1ebfn v\u00e0 \u0111\u00f3ng g\u00f3i. B\u1edfi v\u1eady, s\u1ea3n ph\u1ea9m mang \u0111\u1ebfn ch\u1ea5t l\u01b0\u1ee3ng t\u1ed1t nh\u1ea5t v\u00e0 \u0111\u1ea3m b\u1ea3o an to\u00e0n cho ng\u01b0\u1eddi s\u1eed d\u1ee5ng.<\/p>\n<p>M\u1ee9t c\u00f3 d\u1ea1ng s\u00e1nh v\u00e0 \u0111\u1eb7c, \u0111\u01b0\u1ee3c chi\u1ebft xu\u1ea5t t\u1eeb nh\u1eefng tr\u00e1i cam t\u01b0\u01a1i ngon nh\u1ea5t, mang \u0111\u1ebfn v\u1ecb chua d\u1ecbu nh\u1eb9 v\u00e0 h\u01b0\u01a1ng th\u01a1m t\u1ef1 nhi\u00ean cho s\u1ea3n ph\u1ea9m.<\/p>\n<p>B\u1ea1n c\u00f3 th\u1ec3 s\u1eed d\u1ee5ng tr\u1ef1c ti\u1ebfp\u00a0<strong>m\u1ee9t cam Imperial Th\u00e1i Lan 280g\u00a0<\/strong>\u0111\u1ec3 ph\u1ebft l\u00ean b\u00e1nh m\u00ec cho b\u1eefa s\u00e1ng ho\u1eb7c s\u1eed d\u1ee5ng \u0111\u1ec3 l\u00e0m nh\u00e2n b\u00e1nh. S\u1ea3n ph\u1ea9m \u0111\u00f3ng h\u0169 c\u00f3 n\u1eafp \u0111\u1eady ti\u1ec7n d\u1ee5ng, gi\u00fap b\u1ea1n d\u1ec5 d\u00e0ng b\u1ea3o qu\u1ea3n v\u00e0 s\u1eed d\u1ee5ng trong kho\u1ea3ng th\u1eddi gian d\u00e0i.<\/p>\n<p><img src=\"https:\/\/bizweb.dktcdn.net\/100\/004\/714\/files\/mut-dua.jpg?v=1495251001001\" data-thumb=\"original\" \/><\/p>\n<p><strong>Th\u00f4ng tin chi ti\u1ebft:<\/strong><\/p>\n<p>&#8211; Th\u00e0nh ph\u1ea7n: \u0110\u01b0\u1eddng (55%);\u00a0d\u1ee9a (40%);\u00a0vitamin B,C; h\u01b0\u01a1ng d\u1ee9a t\u1ed5ng h\u1ee3p; m\u00e0u sunset yellow,&#8230;<\/p>\n<p>&#8211; Tr\u1ecdng l\u01b0\u1ee3ng t\u1ecbnh: 280g<\/p>\n<p>&#8211; Xu\u1ea5t x\u1ee9: Th\u00e1i Lan<\/p>\n<p>&#8211; D\u00f9ng \u0111\u1ec3 ph\u1ebft \u0103n k\u00e8m b\u00e1nh m\u00ec ho\u1eb7c l\u00e0m nh\u00e2n b\u00e1nh<\/p>\n<p><img src=\"https:\/\/bizweb.dktcdn.net\/100\/004\/714\/files\/mut-dua-2.jpg?v=1495251021784\" data-thumb=\"original\" \/><\/p>\n<p><strong>C\u00e1ch l\u00e0m b\u00e1nh b\u00f4ng lan m\u1ee9t d\u1ee9a v\u00f4 c\u00f9ng h\u1ea5p d\u1eabn<\/strong><\/p>\n<p><strong>Nguy\u00ean li\u1ec7u:<\/strong><\/p>\n<p>&#8211; 300g b\u1ed9t m\u00ec<\/p>\n<p>&#8211; 10g baking powder<\/p>\n<p>&#8211; 250ml s\u1eefa t\u01b0\u01a1i<\/p>\n<p>&#8211; 2 qu\u1ea3 tr\u1ee9ng g\u00e0<\/p>\n<p>&#8211; 125g b\u01a1<\/p>\n<p>&#8211; 90g \u0111\u01b0\u1eddng<\/p>\n<p>&#8211; 200g m\u1ee9t d\u1ee9a<\/p>\n<p><strong>C\u00e1ch l\u00e0m:<\/strong><\/p>\n<p><strong>B\u01b0\u1edbc 1:<\/strong>\u00a0B\u1ea1n tr\u1ed9n \u0111\u1ec1u b\u1ed9t m\u00ec, baking powder,\u00a0tr\u1ee9ng, s\u1eefa t\u01b0\u01a1i v\u00e0 \u0111\u01b0\u1eddng<\/p>\n<p><strong>B\u01b0\u1edbc 3<\/strong>: B\u1ea1n \u0111un ch\u1ea3y b\u01a1 v\u00e0 cho m\u1ee9t d\u1ee9a\u00a0v\u00e0o \u0111un c\u00f9ng, khu\u1ea5y \u0111\u1ec1u \u0111\u1ec3 h\u1ed7n h\u1ee3p quy\u1ec7n v\u00e0o nhau, sau \u0111\u00f3 l\u1ea5y ra \u0111\u1ec3 ngu\u1ed9i.<\/p>\n<p><strong>B\u01b0\u1edbc 4:<\/strong>\u00a0Tr\u1ed9n 2 h\u1ed7n h\u1ee3p l\u1ea1i v\u1edbi nhau. L\u01b0u \u00fd tr\u1ed9n nhanh tay v\u00ec n\u1ebfu tr\u1ed9n l\u00e2u s\u1ebd khi\u1ebfn b\u00e1nh c\u1ee7a b\u1ea1n b\u1ecb dai.<\/p>\n<p><strong>B\u01b0\u1edbc 5:<\/strong>\u00a0B\u1eadt b\u1ebfp n\u00f3ng \u1edf 200 \u0111\u1ed9 C r\u1ed3i r\u00f3t b\u1ed9t v\u00e0o t\u1eebng khu\u00f4n nh\u1ecf, n\u01b0\u1edbng trong kho\u1ea3ng 20 ph\u00fat cho \u0111\u1ebfn khi b\u00e1nh ch\u00edn v\u00e0 ki\u1ec3m tra \u0111\u1ed9 ch\u00edn c\u1ee7a b\u00e1nh b\u1eb1ng que th\u1eed b\u00e1nh.<\/p>\n<p>Khi b\u00e1nh \u0111\u00e3 ch\u00edn v\u00e0ng, b\u1ea1n b\u1ecf b\u00e1nh ra v\u00e0 c\u1eaft th\u00e0nh t\u1eebng l\u00e1t v\u1eeba \u0103n<\/p>\n","protected":false},"excerpt":{"rendered":"<p>&#8211; Th\u00e0nh ph\u1ea7n: \u0110\u01b0\u1eddng (55%);\u00a0d\u1ee9a (40%);\u00a0vitamin B,C; h\u01b0\u01a1ng d\u1ee9a t\u1ed5ng h\u1ee3p; m\u00e0u sunset yellow,&#8230;<\/p>\n<p>&#8211; Tr\u1ecdng l\u01b0\u1ee3ng t\u1ecbnh: 280g<\/p>\n<p>&#8211; Xu\u1ea5t x\u1ee9: Th\u00e1i Lan<\/p>\n<p>&#8211; D\u00f9ng \u0111\u1ec3 ph\u1ebft \u0103n k\u00e8m b\u00e1nh m\u00ec ho\u1eb7c l\u00e0m nh\u00e2n b\u00e1nh<\/p>\n","protected":false},"featured_media":570,"comment_status":"open","ping_status":"closed","template":"","meta":[],"product_cat":[31,18],"product_tag":[],"_links":{"self":[{"href":"https:\/\/demo.bmconnect.vn\/cake\/wp-json\/wp\/v2\/product\/569"}],"collection":[{"href":"https:\/\/demo.bmconnect.vn\/cake\/wp-json\/wp\/v2\/product"}],"about":[{"href":"https:\/\/demo.bmconnect.vn\/cake\/wp-json\/wp\/v2\/types\/product"}],"replies":[{"embeddable":true,"href":"https:\/\/demo.bmconnect.vn\/cake\/wp-json\/wp\/v2\/comments?post=569"}],"wp:featuredmedia":[{"embeddable":true,"href":"https:\/\/demo.bmconnect.vn\/cake\/wp-json\/wp\/v2\/media\/570"}],"wp:attachment":[{"href":"https:\/\/demo.bmconnect.vn\/cake\/wp-json\/wp\/v2\/media?parent=569"}],"wp:term":[{"taxonomy":"product_cat","embeddable":true,"href":"https:\/\/demo.bmconnect.vn\/cake\/wp-json\/wp\/v2\/product_cat?post=569"},{"taxonomy":"product_tag","embeddable":true,"href":"https:\/\/demo.bmconnect.vn\/cake\/wp-json\/wp\/v2\/product_tag?post=569"}],"curies":[{"name":"wp","href":"https:\/\/api.w.org\/{rel}","templated":true}]}}