{"id":565,"date":"2017-10-19T03:10:32","date_gmt":"2017-10-18T20:10:32","guid":{"rendered":"https:\/\/demo.bmconnect.vn\/cake\/?post_type=product&#038;p=565"},"modified":"2017-10-19T03:10:32","modified_gmt":"2017-10-18T20:10:32","slug":"bot-lam-banh-3-bong-hong-xanh-500g","status":"publish","type":"product","link":"https:\/\/demo.bmconnect.vn\/cake\/product\/bot-lam-banh-3-bong-hong-xanh-500g\/","title":{"rendered":"B\u1ed9t l\u00e0m b\u00e1nh 3 B\u00f4ng H\u1ed3ng Xanh 500g"},"content":{"rendered":"<h3>B\u1ed9t 3 B\u00f4ng H\u1ed3ng Xanh<\/h3>\n<p>M\u00e3 s\u1ea3n ph\u1ea9m:\u00a0<span class=\"prodid\">NL00280<\/span><\/p>\n<p>B\u1ed9t nghi\u1ec1n t\u1eeb l\u00faa m\u1ef3 tr\u1eafng v\u1edbi c\u00f4ng ngh\u1ec7 nghi\u1ec1n ti\u00ean ti\u1ebfn t\u00e1ch d\u00f2ng t\u1eeb l\u00f5i h\u1ea1t \u0111\u1ec3 c\u00f3 \u0111\u1ed9 tr\u1eafng \u0111\u1eb7c bi\u1ec7t d\u00f9ng \u0111\u1ec3 l\u00e0m b\u00e1nh cao c\u1ea5p nh\u01b0 b\u00e1nh bao, B\u00e1nh mantou, m\u1ef3 Nh\u1eadt b\u1ea3n, Dimsum\u2026<\/p>\n<p><em><strong>B\u1ed9t 3 B\u00f4ng H\u1ed3ng Xanh<\/strong><\/em>\u00a0v\u1edbi h\u00e0m l\u01b0\u1ee3ng protein t\u1eeb 8.5- 10.5 %<\/p>\n<p><span style=\"font-family: Arial, Helvetica, sans-serif;\">L\u00e0 lo\u1ea1i b\u1ed9t m\u1ef3 \u0111a d\u1ee5ng, an to\u00e0n, \u0111\u01b0\u1ee3c s\u1eed d\u1ee5ng \u0111\u1ec3 l\u00e0m t\u1ea5t c\u1ea3 c\u00e1c lo\u1ea1i b\u00e1nh nh\u01b0ng ch\u1ee7 y\u1ebfu \u0111\u01b0\u1ee3c d\u00f9ng \u0111\u1ec3 l\u00e0m b\u00e1nh gato, b\u00e1nh ng\u1ecdt , b\u00e1nh n\u01b0\u1edbng ,..<\/span><\/p>\n<p><span style=\"font-family: Arial, Helvetica, sans-serif;\">Xu\u1ea5t x\u1ee9: Vi\u1ec7t Nam<\/span><\/p>\n<p>Tr\u1ecdng l\u01b0\u1ee3ng: 500g<\/p>\n<p><img src=\"https:\/\/bizweb.dktcdn.net\/thumb\/large\/100\/004\/714\/products\/bot-my-bong-hong-xanh.jpg?v=1465974501563\" \/><\/p>\n<p>B\u1ed9t m\u1ef3 \u0111\u01b0\u1ee3c \u0111\u00f3ng g\u00f3i ti\u1ec7n l\u1ee3i, an to\u00e0n, d\u1ec5 d\u00e0ng s\u1eed d\u1ee5ng , b\u1ea3o qu\u1ea3n n\u01a1i kh\u00f4 r\u00e1o tho\u00e1ng m\u00e1t.<\/p>\n<p>B\u1ea1n c\u00f3 th\u1ec3 mua b\u1ed9t b\u00f4ng h\u1ed3ng xanh \u1edf \u0111\u00e2u??<\/p>\n<p>B\u1ea1n c\u00f3 th\u1ec3 mua \u1edf c\u00e1c ti\u1ec7m l\u00e0m b\u00e1nh,<em><a href=\"https:\/\/www.beemart.vn\/\">\u00a0Beemart- n\u01a1i \u0111\u1ebfn c\u1ee7a nh\u1eefng ng\u01b0\u1eddi y\u00eau b\u00e1nh<\/a><\/em>\u00a0cung c\u1ea5p \u0111\u1ea7y \u0111\u1ee7 c\u00e1c nguy\u00ean li\u1ec7u- d\u1ee5ng c\u1ee5 l\u00e0m b\u00e1nh h\u1ea5p d\u1eabn v\u00e0 d\u1ec5 d\u00e0ng.<\/p>\n<p><strong>\u0110\u1ecba ch\u1ec9: S\u1ed1 5 ng\u00f5 26 Nguy\u1ec5n Kh\u00e1nh To\u00e0n, C\u1ea7u Gi\u1ea5y, H\u00e0 N\u1ed9i<\/strong><\/p>\n<p><strong>\u00a0 \u00a0 \u00a0 \u00a0 \u00a0 \u00a0 S\u1ed1 6 ng\u00f5 68 Quan Nh\u00e2n, Thanh Xu\u00e2n, H\u00e0 N\u1ed9i<\/strong><\/p>\n<p><strong>S\u1ed1 hotline:\u00a0\u00a0(04)33 653 666<\/strong><\/p>\n","protected":false},"excerpt":{"rendered":"<div class=\"short-description\">\n<p>&#8211; L\u00e0 b\u1ed9t l\u00e0m b\u00e1nh v\u1edbi h\u00e0m l\u01b0\u1ee3ng protein t\u1eeb 8.5 &#8211; 10.5 %<\/p>\n<p>&#8211; \u0110\u01b0\u1ee3c d\u00f9ng \u0111\u1ec3 l\u00e0m c\u00e1c lo\u1ea1i b\u00e1nh ng\u1ecdt kh\u00e1c nhau<\/p>\n<p>&#8211; \u0110\u01b0\u1ee3c \u0111\u00f3ng g\u00f3i ti\u1ec7n l\u1ee3i an to\u00e0n, d\u1ec5 d\u00e0ng s\u1eed d\u1ee5ng<\/p>\n<p>&#8211; Tr\u1ecdng l\u01b0\u1ee3ng: 500g<\/p>\n<\/div>\n<div class=\"add-to-box dq-checktag\"><\/div>\n","protected":false},"featured_media":566,"comment_status":"open","ping_status":"closed","template":"","meta":[],"product_cat":[26,18],"product_tag":[],"_links":{"self":[{"href":"https:\/\/demo.bmconnect.vn\/cake\/wp-json\/wp\/v2\/product\/565"}],"collection":[{"href":"https:\/\/demo.bmconnect.vn\/cake\/wp-json\/wp\/v2\/product"}],"about":[{"href":"https:\/\/demo.bmconnect.vn\/cake\/wp-json\/wp\/v2\/types\/product"}],"replies":[{"embeddable":true,"href":"https:\/\/demo.bmconnect.vn\/cake\/wp-json\/wp\/v2\/comments?post=565"}],"wp:featuredmedia":[{"embeddable":true,"href":"https:\/\/demo.bmconnect.vn\/cake\/wp-json\/wp\/v2\/media\/566"}],"wp:attachment":[{"href":"https:\/\/demo.bmconnect.vn\/cake\/wp-json\/wp\/v2\/media?parent=565"}],"wp:term":[{"taxonomy":"product_cat","embeddable":true,"href":"https:\/\/demo.bmconnect.vn\/cake\/wp-json\/wp\/v2\/product_cat?post=565"},{"taxonomy":"product_tag","embeddable":true,"href":"https:\/\/demo.bmconnect.vn\/cake\/wp-json\/wp\/v2\/product_tag?post=565"}],"curies":[{"name":"wp","href":"https:\/\/api.w.org\/{rel}","templated":true}]}}