{"id":564,"date":"2017-10-19T03:09:15","date_gmt":"2017-10-18T20:09:15","guid":{"rendered":"https:\/\/demo.bmconnect.vn\/cake\/?post_type=product&#038;p=564"},"modified":"2017-10-19T03:09:15","modified_gmt":"2017-10-18T20:09:15","slug":"bot-my-hoa-ngoc-lan-1kg-han-quoc","status":"publish","type":"product","link":"https:\/\/demo.bmconnect.vn\/cake\/product\/bot-my-hoa-ngoc-lan-1kg-han-quoc\/","title":{"rendered":"B\u1ed9t m\u1ef3 hoa ng\u1ecdc lan 1kg H\u00e0n Qu\u1ed1c"},"content":{"rendered":"<h3>B\u1ed9t m\u1ef3 hoa ng\u1ecdc lan 1kg<\/h3>\n<p>M\u00e3 s\u1ea3n ph\u1ea9m:\u00a0<span class=\"prodid\">NL00265<\/span><\/p>\n<p><strong>B\u1ed9t hoa ng\u1ecdc lan<\/strong><\/p>\n<p>B\u1ed9t m\u1ef3 Hoa Ng\u1ecdc Lan \u0111\u00e3 t\u1eeb l\u00e2u l\u00e0 m\u1ed9t s\u1ea3n ph\u1ea9m th\u00e2n thu\u1ed9c c\u1ee7a c\u00e1c gia \u0111\u00ecnh. Trong x\u00e3 h\u1ed9i hi\u1ec7n \u0111\u1ea1i ng\u00e0y nay, khi ra ngo\u00e0i \u0103n h\u00e0ng hay s\u1eed d\u1ee5ng c\u00e1c \u0111\u1ed3 \u0103n s\u1eb5n \u0111\u00e3 ng\u00e0y tr\u1edf nen ph\u1ed5 bi\u1ebfn, b\u1ed9t Hoa Ng\u1ecdc Lan k\u00e9o l\u1ea1i c\u00e1c gi\u00e1 tr\u1ecb truy\u1ec1n th\u1ed1ng, l\u00e0m c\u00e1c b\u00e9 g\u00e1i v\u00e0 c\u00e1c b\u00e0 m\u1eb9 th\u1ebf h\u1ec7 m\u1edbi tr\u1edf n\u00ean kh\u00e9o tay hay l\u00e0m h\u01a1n v\u00e0 h\u01a1n th\u1ebf n\u1eefa, \u0111\u00f3 l\u00e0 \u00a0nh\u1eefng ti\u1ebfng c\u01b0\u1eddi vui, h\u1ea1nh ph\u00fac trong gia \u0111\u00ecnh&#8230;<\/p>\n<p><img src=\"https:\/\/bizweb.dktcdn.net\/thumb\/large\/100\/004\/714\/products\/1140709bot-hoa-ngoc-lan.jpg?v=1458558167957\" \/><\/p>\n<p>\u0110\u00e2y l\u00e0 m\u1ed9t lo\u1ea1i b\u1ed9t m\u00ec \u0111a d\u1ee5ng, r\u1ea5t ph\u00f9 h\u1ee3p \u0111\u1ec3 ch\u1ebf bi\u1ebfn c\u00e1c m\u00f3n nh\u01b0: t\u00f4m t\u1ea9m b\u1ed9t, g\u00e0 t\u1ea9m b\u1ed9t v\u00e0 c\u00e1c lo\u1ea1i b\u00e1nh nh\u01b0 b\u00e1nh r\u00e1n, b\u00e1nh bao, qu\u1ea9y, dounut, b\u00e1nh ga t\u00f4, b\u00e1nh g\u1ed1i, b\u00e1nh l\u1ed9t v\u1ecf, b\u00e1nh m\u1ef3 v\u00e0 c\u00e1c s\u1ea3n ph\u1ea9m kh\u00e1c.<\/p>\n<p>Th\u00e0nh ph\u1ea7n dinh d\u01b0\u1ee1ng:<\/p>\n<p>Protein: 10% &#8211; 11%<\/p>\n<p>Gluten \u01b0\u1edbt: 28% &#8211; 30%<\/p>\n<p>Th\u1ee7y ph\u1ea7n: 14%<\/p>\n<p>H\u00e0m l\u01b0\u1ee3ng tro: 0.5% &#8211; 0.6%<\/p>\n<p>\u0110\u00f3ng g\u00f3i: bao\u00a01Kg<\/p>\n<p>C\u00e1c s\u1ea3n ph\u1ea9m l\u00e0m t\u1eeb b\u1ed9t Hoa Ng\u1ecdc Lan<\/p>\n","protected":false},"excerpt":{"rendered":"<p>&#8211; C\u00f3 h\u00e0m l\u01b0\u1ee3ng protein t\u1eeb 10-11%<\/p>\n<p>&#8211; L\u00e0 b\u1ed9t m\u1ef3 \u0111a d\u1ee5ng \u0111\u01b0\u1ee3c d\u00f9ng \u0111\u1ec3 l\u00e0m b\u00e1nh, n\u1ea5u \u0103n..<\/p>\n<p>&#8211; \u0110\u01b0\u1ee3c \u0111\u00f3ng g\u00f3i c\u1ea9n th\u1eadn an to\u00e0n<\/p>\n","protected":false},"featured_media":377,"comment_status":"open","ping_status":"closed","template":"","meta":[],"product_cat":[26,18],"product_tag":[],"_links":{"self":[{"href":"https:\/\/demo.bmconnect.vn\/cake\/wp-json\/wp\/v2\/product\/564"}],"collection":[{"href":"https:\/\/demo.bmconnect.vn\/cake\/wp-json\/wp\/v2\/product"}],"about":[{"href":"https:\/\/demo.bmconnect.vn\/cake\/wp-json\/wp\/v2\/types\/product"}],"replies":[{"embeddable":true,"href":"https:\/\/demo.bmconnect.vn\/cake\/wp-json\/wp\/v2\/comments?post=564"}],"wp:featuredmedia":[{"embeddable":true,"href":"https:\/\/demo.bmconnect.vn\/cake\/wp-json\/wp\/v2\/media\/377"}],"wp:attachment":[{"href":"https:\/\/demo.bmconnect.vn\/cake\/wp-json\/wp\/v2\/media?parent=564"}],"wp:term":[{"taxonomy":"product_cat","embeddable":true,"href":"https:\/\/demo.bmconnect.vn\/cake\/wp-json\/wp\/v2\/product_cat?post=564"},{"taxonomy":"product_tag","embeddable":true,"href":"https:\/\/demo.bmconnect.vn\/cake\/wp-json\/wp\/v2\/product_tag?post=564"}],"curies":[{"name":"wp","href":"https:\/\/api.w.org\/{rel}","templated":true}]}}