{"id":395,"date":"2017-10-19T01:50:35","date_gmt":"2017-10-18T18:50:35","guid":{"rendered":"https:\/\/demo.bmconnect.vn\/cake\/?post_type=product&#038;p=395"},"modified":"2017-10-19T01:50:35","modified_gmt":"2017-10-18T18:50:35","slug":"ramenkin-mau-sac-loai-to-xuat-xu-nhat-ban","status":"publish","type":"product","link":"https:\/\/demo.bmconnect.vn\/cake\/product\/ramenkin-mau-sac-loai-to-xuat-xu-nhat-ban\/","title":{"rendered":"Ramenkin m\u00e0u s\u1eafc lo\u1ea1i to xu\u1ea5t x\u1ee9 Nh\u1eadt B\u1ea3n"},"content":{"rendered":"<h3>Ramenkin m\u00e0u s\u1eafc lo\u1ea1i to<\/h3>\n<p>M\u00e3 s\u1ea3n ph\u1ea9m:\u00a0<span class=\"prodid\">DC00500<\/span><\/p>\n<p>Ramenkin m\u1ed9t v\u1eadt d\u1ee5ng v\u00f4 c\u00f9ng nh\u1ecf nh\u1eafn nh\u01b0ng l\u1ea1i \u0111\u00e1ng y\u00eau v\u00f4 c\u00f9ng, l\u00e0 m\u1ed9t trong\u00a0nh\u1eefng m\u00f3n \u0111\u1ed3 \u0111\u01b0\u1ee3c c\u00e1c ch\u1ecb em l\u1ef1a ch\u1ecdn v\u00e0 tin d\u00f9ng. \u0110\u01b0\u1ee3c l\u00e0m v\u1edbi ch\u1ea5t li\u1ec7u s\u1ee9 men s\u1ee9\u00a0tuy\u1ec7t h\u1ea3o, an to\u00e0n v\u00e0 \u0111\u1ea3m b\u1ea3o v\u1ec7 sinh khi s\u1eed d\u1ee5ng trong l\u00f2 vi s\u00f3ng c\u0169ng nh\u01b0 l\u00f2 n\u01b0\u1edbng. Ramekin kh\u00f4ng ch\u1ec9 d\u00f9ng \u0111\u1ec3 n\u01b0\u1edbng b\u00e1nh, l\u00e0m caramen m\u00e0 n\u00f3 c\u00f2n l\u00e0 s\u1ef1 l\u1ef1a ch\u1ecdn ho\u00e0n h\u1ea3o \u0111\u1ec3 l\u00e0m nh\u1eefng m\u00f3n \u0103n ki\u1ec3u \u00c2u c\u1ea7n s\u1eed d\u1ee5ng t\u1edbi l\u00f2 n\u01b0\u1edbng.<\/p>\n<p><strong>Ramekin m\u00e0u s\u1eafc lo\u1ea1i to<\/strong><\/p>\n<p>K\u00edch th\u01b0\u1edbc: Cao 4,5cm x \u0110\u01b0\u1eddng k\u00ednh ngo\u00e0i 9cm x \u0110\u01b0\u1eddng k\u00ednh trong 8cm<\/p>\n<p>M\u00e0u s\u1eafc: \u0110\u1ecf, xanh l\u00e1, Xanh d\u01b0\u01a1ng, V\u00e0ng<\/p>\n<p>Ch\u1ea5t li\u1ec7u: g\u1ed1m s\u1ee9 an to\u00e0n, ch\u1ecbu \u0111\u01b0\u1ee3c nhi\u1ec7t \u0111\u1ed9 cao<\/p>\n<p>Tr\u1ecdng l\u01b0\u1ee3ng: 129g<\/p>\n<p><img src=\"https:\/\/bizweb.dktcdn.net\/100\/004\/714\/products\/tb1hawrmpxxxxajaxxxxxxxxxxx-0-item-pic-jpg-600x600-b189d722-0c1a-4693-900e-74b47d102910.jpg?v=1460955521890\" \/><\/p>\n<p>\u0110\u01b0\u1ee3c\u00a0thi\u1ebft k\u1ebf tinh t\u1ebf s\u1eafc s\u1ea3o t\u1edbi t\u1eebng chi ti\u1ebft.<\/p>\n<p><img src=\"https:\/\/bizweb.dktcdn.net\/100\/004\/714\/products\/tb1i-zhjvxxxxc-xfxxxxxxxxxx-0-item-pic-jpg-600x600.jpg?v=1460954560607\" \/><\/p>\n<p>\u0110\u00e2y l\u00e0 lo\u1ea1i khu\u00f4n b\u1eb1ng s\u1ee9 chuy\u00ean d\u00f9ng l\u00e0m b\u00e1nh flan\/caramel hay b\u00e1nh souffle, lava cake (b\u00e1nh \u201cdung nham n\u00fai l\u1eeda&#8221;.C\u00e1c khu\u00f4n s\u1ee9 nh\u1ecf n\u00e0y s\u1ebd r\u1ea5t h\u1eefu d\u1ee5ng n\u1ebfu b\u1ea1n mu\u1ed1n l\u00e0m Flan\/ Caramel hay Souffle. Ngo\u00e0i ra c\u00e1c khu\u00f4n nh\u1ecf n\u00e0y c\u0169ng c\u00f3 th\u1ec3 d\u00f9ng \u0111\u1ec3 l\u00e0m m\u1ed9t s\u1ed1 m\u00f3n m\u1eb7n nh\u01b0 c\u00e1c m\u00f3n n\u01b0\u1edbng rau c\u1ee7 v\u1edbi salad\u2026<\/p>\n","protected":false},"excerpt":{"rendered":"<p>K\u00edch th\u01b0\u1edbc: Cao 4,5cm x \u0110\u01b0\u1eddng k\u00ednh ngo\u00e0i 9cm x \u0110\u01b0\u1eddng k\u00ednh trong 8cm<\/p>\n<p>M\u00e0u s\u1eafc: \u0110\u1ecf, xanh l\u00e1, Xanh d\u01b0\u01a1ng, V\u00e0ng<\/p>\n<p>Ch\u1ea5t li\u1ec7u: g\u1ed1m s\u1ee9 an to\u00e0n<\/p>\n<p>Tr\u1ecdng l\u01b0\u1ee3ng: 129g<\/p>\n","protected":false},"featured_media":396,"comment_status":"open","ping_status":"closed","template":"","meta":[],"product_cat":[21],"product_tag":[],"_links":{"self":[{"href":"https:\/\/demo.bmconnect.vn\/cake\/wp-json\/wp\/v2\/product\/395"}],"collection":[{"href":"https:\/\/demo.bmconnect.vn\/cake\/wp-json\/wp\/v2\/product"}],"about":[{"href":"https:\/\/demo.bmconnect.vn\/cake\/wp-json\/wp\/v2\/types\/product"}],"replies":[{"embeddable":true,"href":"https:\/\/demo.bmconnect.vn\/cake\/wp-json\/wp\/v2\/comments?post=395"}],"wp:featuredmedia":[{"embeddable":true,"href":"https:\/\/demo.bmconnect.vn\/cake\/wp-json\/wp\/v2\/media\/396"}],"wp:attachment":[{"href":"https:\/\/demo.bmconnect.vn\/cake\/wp-json\/wp\/v2\/media?parent=395"}],"wp:term":[{"taxonomy":"product_cat","embeddable":true,"href":"https:\/\/demo.bmconnect.vn\/cake\/wp-json\/wp\/v2\/product_cat?post=395"},{"taxonomy":"product_tag","embeddable":true,"href":"https:\/\/demo.bmconnect.vn\/cake\/wp-json\/wp\/v2\/product_tag?post=395"}],"curies":[{"name":"wp","href":"https:\/\/api.w.org\/{rel}","templated":true}]}}