{"id":383,"date":"2017-10-19T01:43:16","date_gmt":"2017-10-18T18:43:16","guid":{"rendered":"https:\/\/demo.bmconnect.vn\/cake\/?post_type=product&#038;p=383"},"modified":"2017-10-19T01:43:16","modified_gmt":"2017-10-18T18:43:16","slug":"bot-cacao-premier-win-250gr","status":"publish","type":"product","link":"https:\/\/demo.bmconnect.vn\/cake\/product\/bot-cacao-premier-win-250gr\/","title":{"rendered":"B\u1ed9t cacao Premier Win 250gr"},"content":{"rendered":"<h3>B\u1ed9t cacao Premier Win 250gr 8936004310024<\/h3>\n<p>M\u00e3 s\u1ea3n ph\u1ea9m:\u00a0<span class=\"prodid\">VNL00417<\/span><\/p>\n<p>Tr\u00ean th\u1ecb tr\u01b0\u1eddng hi\u1ec7n t\u1ea1i c\u00f3 r\u1ea5t nhi\u1ec1u lo\u1ea1i b\u1ed9t cacao \u00a0kh\u00e1c nhau, l\u00e0m th\u1ebf n\u00e0o \u0111\u1ec3 bi\u1ebft \u0111\u00e2u l\u00e0 b\u1ed9t nguy\u00ean ch\u1ea5t??\u00a0<em><a href=\"https:\/\/beemart.vn\/\">Beemart<\/a><\/em>\u00a0cung c\u1ea5p cho b\u1ea1n\u00a0<strong>B\u1ed9t cacao Premier Win<\/strong>\u00a0\u00a0l\u00e0 s\u1ea3n ph\u1ea9m thu\u1ea7n khi\u1ebft thi\u00ean nhi\u00ean, m\u00f9i v\u1ecb v\u00e0 h\u01b0\u01a1ng th\u01a1m ng\u00e2y ng\u1ea5t, \u0111\u1eadm \u0111\u00e0 \u0111\u01b0\u1ee3c s\u1ea3n xu\u1ea5t t\u1ea1i Vi\u1ec7t Nam.<\/p>\n<p>B\u1ed9t cacao Premier win c\u00f3 th\u00e0nh ph\u1ea7n b\u01a1 cacao t\u1eeb 10-12 % c\u00f3 m\u00e0u n\u00e2u \u0111\u1eadm, h\u01b0\u01a1ng v\u1ecb vani t\u1ed5ng h\u1ee3p v\u00e0 h\u01b0\u01a1ng v\u1ecb cacao t\u1ef1 nhi\u00ean m\u1ea1nh \u0111\u1eb7c tr\u01b0ng. Khi s\u1eed d\u1ee5ng c\u00f3 th\u1ec3 gi\u1ea3m \u0111\u01b0\u1ee3c 20% b\u1ed9t cacao trong c\u00f4ng th\u1ee9c m\u00e0 h\u01b0\u01a1ng v\u1ecb cacao\u00a0v\u1eabn th\u01a1m ngon.<\/p>\n<p>Xu\u1ea5t x\u1ee9 : Vi\u1ec7t Nam<\/p>\n<p>Kh\u1ed1i l\u01b0\u1ee3ng 250 gr<\/p>\n<p>C\u00f4ng d\u1ee5ng: d\u00f9ng \u0111\u1ec3 l\u00e0m b\u00e1nh cakes, l\u00e0m cookies, b\u00e1nh rau c\u00e2u v\u00e0 n\u01b0\u1edbc u\u1ed1ng cacao.<\/p>\n<p>\u0110i\u1ec1u ki\u1ec7n b\u1ea3o qu\u1ea3n: \u0111\u1ec3 n\u01a1i kh\u00f4 r\u00e1o tho\u00e1ng m\u00e1t , tr\u00e1nh \u00e1nh n\u1eafng tr\u1ef1c ti\u1ebfp.<\/p>\n<p><img src=\"http:\/\/media.bizwebmedia.net\/sites\/99870\/data\/Upload\/2016\/2\/bot_cao_cao_premier_win.jpg\" alt=\"\" \/><\/p>\n<h4><strong>\u00a0H\u01b0\u1edbng d\u1eabn c\u00e1ch pha:<\/strong><\/h4>\n<p>Cacao ngon kh\u00f4ng ph\u1ea3i ai c\u0169ng bi\u1ebft c\u00e1ch pha cacao ngon \u0111\u00fang \u0111i\u1ec7u, b\u1ea1n s\u1ebd b\u1ea5t ng\u1edd khi pha theo 4 b\u01b0\u1edbc sau:<\/p>\n<p>B\u01b0\u1edbc 1: Cho 2 mu\u1ed7ng cafe b\u1ed9t cacao (10gr) v\u00e0o ly<\/p>\n<p>B\u01b0\u1edbc 2: Cho 2 mu\u1ed7ng cafe s\u1eefa \u0111\u1eb7c (3 mu\u1ed7ng n\u1ebfu b\u1ea1n d\u00f9ng ng\u1ecdt)<\/p>\n<p>B\u01b0\u1edbc 3: \u0110\u00e1nh h\u1ed7n h\u1ee3p tr\u00ean th\u1eadt \u0111\u1ec1u tay<\/p>\n<p>B\u01b0\u1edbc 4: Cho kho\u1ea3ng 75 \u2013 100ml n\u01b0\u1edbc s\u00f4i.<\/p>\n<p><img src=\"http:\/\/media.bizwebmedia.net\/sites\/99870\/data\/Upload\/2016\/2\/caccao_premier_win.jpg\" alt=\"\" \/><\/p>\n<p>Th\u1ebf l\u00e0 xong, c\u00f9ng th\u01b0\u1edfng th\u1ee9c v\u00e0 c\u1ea3m nh\u1eadn s\u1ef1 kh\u00e1c bi\u1ec7t nh\u00e9 @-@.<\/p>\n<p>&nbsp;<\/p>\n","protected":false},"excerpt":{"rendered":"<p>B\u1ed9t cacao Premier Win<\/p>\n<p>C\u00f3 th\u00e0nh ph\u1ea7n b\u01a1 cacao t\u1eeb 10-12% c\u00f3 m\u00e0u n\u00e2u \u0111\u1eadm , h\u01b0\u01a1ng\u00a0v\u1ecb vani th\u01a1m ngon \u0111\u1eb7c tr\u01b0ng c\u1ee7a cacao<\/p>\n<p>Kh\u1ed1i l\u01b0\u1ee3ng: 250 gr<\/p>\n<p>\u0110\u01b0\u1ee3c d\u00f9ng \u0111\u1ec3 l\u00e0m b\u00e1nh cakes, l\u00e0m cookies,&#8230;<\/p>\n","protected":false},"featured_media":384,"comment_status":"open","ping_status":"closed","template":"","meta":[],"product_cat":[18],"product_tag":[],"_links":{"self":[{"href":"https:\/\/demo.bmconnect.vn\/cake\/wp-json\/wp\/v2\/product\/383"}],"collection":[{"href":"https:\/\/demo.bmconnect.vn\/cake\/wp-json\/wp\/v2\/product"}],"about":[{"href":"https:\/\/demo.bmconnect.vn\/cake\/wp-json\/wp\/v2\/types\/product"}],"replies":[{"embeddable":true,"href":"https:\/\/demo.bmconnect.vn\/cake\/wp-json\/wp\/v2\/comments?post=383"}],"wp:featuredmedia":[{"embeddable":true,"href":"https:\/\/demo.bmconnect.vn\/cake\/wp-json\/wp\/v2\/media\/384"}],"wp:attachment":[{"href":"https:\/\/demo.bmconnect.vn\/cake\/wp-json\/wp\/v2\/media?parent=383"}],"wp:term":[{"taxonomy":"product_cat","embeddable":true,"href":"https:\/\/demo.bmconnect.vn\/cake\/wp-json\/wp\/v2\/product_cat?post=383"},{"taxonomy":"product_tag","embeddable":true,"href":"https:\/\/demo.bmconnect.vn\/cake\/wp-json\/wp\/v2\/product_tag?post=383"}],"curies":[{"name":"wp","href":"https:\/\/api.w.org\/{rel}","templated":true}]}}