{"id":380,"date":"2017-10-19T01:41:26","date_gmt":"2017-10-18T18:41:26","guid":{"rendered":"https:\/\/demo.bmconnect.vn\/cake\/?post_type=product&#038;p=380"},"modified":"2017-10-19T01:47:10","modified_gmt":"2017-10-18T18:47:10","slug":"bo-co-quet-spatula","status":"publish","type":"product","link":"https:\/\/demo.bmconnect.vn\/cake\/product\/bo-co-quet-spatula\/","title":{"rendered":"B\u1ed9 c\u1ecd qu\u00e9t Spatula cao c\u1ea5p nh\u1eadp H\u00e0n Qu\u1ed1c"},"content":{"rendered":"<h3>B\u1ed9 c\u1ecd qu\u00e9t spatula<\/h3>\n<p>M\u00e3 s\u1ea3n ph\u1ea9m:\u00a0<span class=\"prodid\">DC00160<\/span><\/p>\n<p><strong>B\u1ed9 c\u1ecd qu\u00e9t spatula\u00a0<\/strong><\/p>\n<p>Set g\u1ed3m 2 spatula v\u00e0 1 ch\u1ed5i qu\u00e9t m\u00e0u h\u1ed3ng. Ch\u1ea5t li\u1ec7u silicone ch\u1ecbu nhi\u1ec7t t\u1ed1t, l\u00f4ng qu\u00e9t kh\u00f4ng b\u1ecb r\u1ee5ng so v\u1edbi c\u00e1c lo\u1ea1i ch\u1ed5i qu\u00e9t kh\u00e1c, spatula silicone gi\u00fap v\u00e9t s\u1ea1ch b\u1ed9t h\u01a1n.<\/p>\n<p><img src=\"http:\/\/media.bizwebmedia.net\/sites\/99870\/data\/Upload\/2015\/12\/bo_co_quet_spatula.jpg\" alt=\"\" \/><\/p>\n<p>B\u1ed9 c\u1ecd qu\u00e9t d\u00f9ng \u0111\u1ec3 tr\u1ed9n b\u1ed9t khi l\u00e0m b\u00e1nh, v\u00e9t s\u1ea1ch kem v\u00e0 c\u00e1c \u0111\u1ed3 trong b\u00e1t sau khi xay, tr\u1ed9n, b\u1ed9 c\u1ecd qu\u00e9t h\u1ed7 tr\u1ee3 \u0111\u1eafc l\u1ef1c trong khi l\u00e0m b\u00e1nh, th\u1ee9c \u0103n.<\/p>\n<p>-Ch\u1ed5i qu\u00e9t silicon: \u0110\u1ec3 v\u1ecf b\u00e1nh v\u00e0ng \u0111\u1eb9p, b\u1ea1n c\u1ea7n qu\u00e9t l\u00ean b\u1ed9t m\u1ed9t l\u1edbp tr\u1ee9ng ho\u1eb7c s\u1eefa. Khi \u0111\u00f3 chi\u1ebfc ch\u1ed5i qu\u00e9t b\u1eb1ng silicon s\u1ebd tr\u1ee3 gi\u00fap b\u1ea1n \u0111\u1eafc l\u1ef1c. V\u1edbi \u0111\u1ea7u l\u00f4ng si\u00eau m\u01b0\u1ee3t gi\u00fap b\u1ea1n d\u1ec5 d\u00e0ng qu\u00e9t b\u01a1, tr\u1ee9ng l\u00ean m\u1eb7t b\u00e1nh ti\u1ec7n l\u1ee3i nh\u1ea5t.<\/p>\n<p>&#8211; Spatula:\u00a0ph\u1edbi silicon c\u00f3 c\u00e1n b\u1eb1ng\u00a0nh\u1ef1a c\u1ee9ng\u00a0v\u1eeba nh\u1eb9 v\u1eeba an to\u00e0n ngay c\u1ea3 khi \u1edf nhi\u1ec7t \u0111\u1ed9 cao, ch\u1eafc ch\u1eafn s\u1ebd l\u00e0 d\u1ee5ng c\u1ee5 kh\u00f4ng th\u1ec3 thi\u1ebfu m\u1ed7i khi b\u1ea1n c\u1ea7n tr\u1ed9n, \u0111\u1ea3o, v\u00e9t b\u1ed9t.<\/p>\n<p><img src=\"https:\/\/bizweb.dktcdn.net\/thumb\/large\/100\/004\/714\/products\/bo-co-quet-spatula-2.jpg?v=1458812652527\" \/><\/p>\n<p>H\u00e3y \u0111\u1ebfn v\u1edbi<a href=\"http:\/\/beemart.vn\/\">\u00a0Beemart<\/a>\u00a0\u0111\u1ec3 th\u1ecfa s\u1ee9c s\u00e1ng t\u1ea1o v\u1edbi r\u1ea5t nhi\u1ec1u d\u1ee5ng c\u1ee5 v\u00e0 nguy\u00ean li\u1ec7u phong ph\u00fa nha&#8230;<\/p>\n","protected":false},"excerpt":{"rendered":"<p>Set g\u1ed3m 2 spatula v\u00e0 1 ch\u1ed5i qu\u00e9t m\u00e0u h\u1ed3ng.<\/p>\n<p>Ch\u1ea5t li\u1ec7u silicone ch\u1ecbu nhi\u1ec7t t\u1ed1t, l\u00f4ng qu\u00e9t kh\u00f4ng b\u1ecb r\u1ee5ng so v\u1edbi c\u00e1c lo\u1ea1i ch\u1ed5i qu\u00e9t kh\u00e1c,<\/p>\n<p>Spatula silicone gi\u00fap v\u00e9t s\u1ea1ch b\u1ed9t h\u01a1n.<\/p>\n<p>Tr\u1ecdng l\u01b0\u1ee3ng:\u00a0\u00a093g<\/p>\n","protected":false},"featured_media":382,"comment_status":"open","ping_status":"closed","template":"","meta":[],"product_cat":[19],"product_tag":[],"_links":{"self":[{"href":"https:\/\/demo.bmconnect.vn\/cake\/wp-json\/wp\/v2\/product\/380"}],"collection":[{"href":"https:\/\/demo.bmconnect.vn\/cake\/wp-json\/wp\/v2\/product"}],"about":[{"href":"https:\/\/demo.bmconnect.vn\/cake\/wp-json\/wp\/v2\/types\/product"}],"replies":[{"embeddable":true,"href":"https:\/\/demo.bmconnect.vn\/cake\/wp-json\/wp\/v2\/comments?post=380"}],"wp:featuredmedia":[{"embeddable":true,"href":"https:\/\/demo.bmconnect.vn\/cake\/wp-json\/wp\/v2\/media\/382"}],"wp:attachment":[{"href":"https:\/\/demo.bmconnect.vn\/cake\/wp-json\/wp\/v2\/media?parent=380"}],"wp:term":[{"taxonomy":"product_cat","embeddable":true,"href":"https:\/\/demo.bmconnect.vn\/cake\/wp-json\/wp\/v2\/product_cat?post=380"},{"taxonomy":"product_tag","embeddable":true,"href":"https:\/\/demo.bmconnect.vn\/cake\/wp-json\/wp\/v2\/product_tag?post=380"}],"curies":[{"name":"wp","href":"https:\/\/api.w.org\/{rel}","templated":true}]}}