{"id":337,"date":"2017-10-19T01:17:29","date_gmt":"2017-10-18T18:17:29","guid":{"rendered":"https:\/\/demo.bmconnect.vn\/cake\/?post_type=product&#038;p=337"},"modified":"2017-10-19T01:45:59","modified_gmt":"2017-10-18T18:45:59","slug":"bo-lat-president-250g","status":"publish","type":"product","link":"https:\/\/demo.bmconnect.vn\/cake\/product\/bo-lat-president-250g\/","title":{"rendered":"B\u01a1 l\u1ea1t President 250g ch\u00ednh h\u00e3ng \u0110\u00e0i Loan"},"content":{"rendered":"<h3>B\u01a1 l\u1ea1t President 250g<\/h3>\n<p>M\u00e3 s\u1ea3n ph\u1ea9m:\u00a0<span class=\"prodid\">VNL00329<\/span><\/p>\n<p>Trong l\u00e0m b\u00e1nh, c\u00f3 nhi\u1ec1u c\u00f4ng th\u1ee9c d\u00f9ng b\u01a1 v\u00e0 kh\u00f4ng d\u00f9ng b\u01a1. D\u0129 nhi\u00ean, n\u1ebfu kh\u00f4ng b\u00e0n \u0111\u1ebfn c\u00e1c lo\u1ea1i b\u00e1nh m\u00e0 b\u01a1 l\u00e0 th\u00e0nh ph\u1ea7n kh\u00f4ng n\u00ean v\u00e0 kh\u00f4ng th\u1ec3 thay th\u1ebf nh\u01b0 cookies hay cupcake? Lu\u00f4n c\u00f3 c\u00e1c lo\u1ea1i b\u00e1nh m\u00ec ho\u1eb7c cake c\u00f3 d\u00f9ng b\u01a1 ho\u1eb7c kh\u00f4ng d\u00f9ng b\u01a1 th\u00ec h\u1eb3n nhi\u00ean c\u00e2u h\u1ecfi \u0111\u1eb7t ra l\u00e0 c\u00f4ng d\u1ee5ng c\u1ee7a b\u01a1 l\u00e0 g\u00ec?<\/p>\n<p><strong>B\u01a1 l\u1ea1t President 250g\u00a0\u00a0<\/strong><\/p>\n<p>\u0110\u01b0\u1ee3c xu\u1ea5t x\u1ee9 \u1edf\u00a0Ph\u00e1p,\u00a0d\u00f9ng tr\u1ef1c ti\u1ebfp ho\u1eb7c \u0103n chung v\u1edbi b\u00e1nh m\u00ec. S\u1ea3n ph\u1ea9m c\u00f3 th\u1ec3 x\u1eed l\u00fd qua nhi\u1ec7t \u0111\u1ec3 t\u1ea1o ra nh\u1eefng c\u00f4ng th\u1ee9c n\u1ea5u \u0103n ngon v\u00e0 b\u1ed5 d\u01b0\u1ee1ng, t\u1ea1o n\u00ean h\u01b0\u01a1ng v\u1ecb ng\u1ecdt ng\u00e0o v\u00e0 b\u00e9o ng\u1eady cho c\u00e1c m\u00f3n b\u00e1nh ng\u1ecdt v\u00e0 kem.<\/p>\n<p><img src=\"http:\/\/media.bizwebmedia.net\/sites\/99870\/data\/Upload\/2015\/12\/bo_lat_president.jpg\" alt=\"\" \/><\/p>\n<p>Tuy nhi\u00ean m\u1ed9t s\u1ed1 b\u1ea1n hay nh\u1ea7m l\u1eabn khi mua b\u01a1, m\u00ecnh s\u1ebd h\u01b0\u1edbng d\u1eabn c\u00e1ch ph\u00e2n bi\u1ec7t c\u00e1c lo\u1ea1i b\u01a1:<\/p>\n<p>-V\u1ec1 m\u00f9i v\u1ecb: c\u00f3 2 lo\u1ea1i l\u00e0 b\u01a1 l\u1ea1t v\u00e0 b\u01a1 m\u1eb7n. B\u1ea5t k\u1ec3 l\u00e0 b\u01a1 n\u00e0o, ch\u1ec9 c\u1ea7n th\u00eam mu\u1ed1i th\u00ec n\u00f3 l\u00e0 b\u01a1 m\u1eb7n. Trong l\u00e0m b\u00e1nh, h\u1ea7u nh\u01b0 kh\u00f4ng d\u00f9ng b\u01a1 m\u1eb7n, v\u00ec t\u1ec9 l\u1ec7 mu\u1ed1i \u0111\u01b0\u1ee3c th\u00eam v\u00e0o l\u00e0 kh\u00e1c nhau gi\u1eefa c\u00e1c nh\u00e0 s\u1ea3n xu\u1ea5t. Do \u0111\u00f3, n\u1ebfu d\u00f9ng b\u01a1 m\u1eb7n th\u00ec ch\u00fang ta s\u1ebd kh\u00f3 trong vi\u1ec7c ki\u1ec3m so\u00e1t \u0111\u01b0\u1ee3c \u0111\u1ed9 m\u1eb7n c\u1ee7a b\u01a1. Th\u00f4ng th\u01b0\u1eddng t\u1ec9 l\u1ec7 \u0111\u1ed9 m\u1eb7n dao \u0111\u1ed9ng t\u1eeb 3-5% t\u00f9y nh\u00e0 s\u1ea3n xu\u1ea5t.<\/p>\n<p>-V\u1ec1 th\u00e0nh ph\u1ea7n:<\/p>\n<p>+ B\u01a1 \u0111\u1ed9ng v\u1eadt: nh\u01b0 m\u00ecnh tr\u00ecnh b\u00e0y \u1edf tr\u00ean, b\u01a1 \u0111\u1ed9ng v\u1eadt l\u00e0 1 s\u1ea3n ph\u1ea9m t\u1ef1 nhi\u00ean, c\u00e1c nh\u00e0 s\u1ea3n xu\u1ea5t ch\u1ec9 \u0111\u01a1n thu\u1ea7n l\u00e0 s\u1ea3n xu\u1ea5t t\u1eeb s\u1eefa b\u00f2 \u0111\u1ec3 cho ra b\u01a1 \u0111\u1ed9ng v\u1eadt. \u00cdt nh\u1ea5t 80% h\u00e0m l\u01b0\u1ee3ng b\u00e9o c\u00f3 trong b\u01a1. \u0110i\u1ec3n h\u00ecnh trong lo\u1ea1i n\u00e0y l\u00e0 b\u01a1 Anchors,\u00a0<strong>b\u01a1 l\u1ea1t\u00a0President<\/strong>, Sun flowers\u2026<\/p>\n<p>+ B\u01a1 th\u1ef1c v\u1eadt: l\u00e0 lo\u1ea1i b\u01a1 \u0111\u01b0\u1ee3c l\u00e0m t\u1eeb c\u00e1c lo\u1ea1i d\u1ea7u th\u1ef1c v\u1eadt. \u0110\u1ec3 bi\u1ebft \u0111\u01b0\u1ee3c lo\u1ea1i b\u01a1 n\u00e0o l\u00e0m t\u1eeb c\u00e1i g\u00ec th\u00ec xem chi ti\u1ebft tr\u00ean bao b\u00ec c\u1ee7a nh\u00e0 s\u00e3n xu\u1ea5t. B\u01a1 th\u1ef1c v\u1eadt \u0111\u01b0\u1ee3c l\u00e0m t\u1eeb 1 qu\u00e1 tr\u00ecnh g\u1ecdi l\u00e0 hydrogenade (th\u00fa th\u1ef1c m\u00ecnh kh\u00f4ng \u0111\u1ecbnh t\u00ecm hi\u1ec3u n\u00f3 l\u00e0 qu\u00e1 tr\u00ecnh g\u00ec \u0111\u00e2u.\u00a0V\u00e0 d\u0129 nhi\u00ean, b\u01a1 th\u1ef1c v\u1eadt l\u00e0 1 s\u1ea3n ph\u1ea9m \u0111\u01b0\u1ee3c l\u00e0m t\u1eeb trong ph\u00f2ng th\u00ed nghi\u1ec7m ra, kh\u00f4ng ph\u1ea3i s\u1ea3n ph\u1ea9m t\u1ef1 nhi\u00ean. M\u1ed9t s\u1ed1 lo\u1ea1i b\u01a1 n\u00e0y m\u00ecnh th\u1ea5y \u0111ang b\u00e1n t\u1ea1i Vi\u1ec7t Nam l\u00e0 b\u01a1 Vivo d\u1ea1ng l\u00e1t, b\u01a1 \u00dac&#8230;<\/p>\n<p>-C\u00e1ch b\u1ea3o qu\u1ea3n b\u01a1 t\u1ed1t nh\u1ea5t l\u00e0 cho v\u00e0o ng\u0103n m\u00e1t t\u1ee7 l\u1ea1nh, b\u1ecdc k\u00edn \u0111\u1ec3 b\u1ea3o qu\u1ea3n. D\u1ee5ng c\u1ee5 \u0111\u1ec3 c\u1eaft b\u01a1 n\u00ean s\u1ea1ch s\u1ebd v\u00e0 kh\u00f4ng d\u00ednh v\u00e0o c\u00e1c lo\u1ea1i th\u1ef1c ph\u1ea9m kh\u00e1c. Th\u1eddi gian b\u1ea3o qu\u1ea3n b\u01a1 c\u00f3 th\u1ec3 l\u00ean \u0111\u1ebfn 5-6 th\u00e1ng trong t\u1ee7 l\u1ea1nh \u0111\u1ed1i v\u1edbi b\u01a1 m\u1eb7n- salted butter v\u00e0 th\u1eddi gian kho\u1ea3ng 3 th\u00e1ng \u0111\u1ed1i v\u1edbi b\u01a1 l\u1ea1t.<\/p>\n","protected":false},"excerpt":{"rendered":"<p>&#8211; L\u00e0 b\u01a1 \u0111\u1ed9ng v\u1eadt, c\u00f3 h\u00e0m l\u01b0\u1ee3ng b\u00e9o 80%<\/p>\n<p>&#8211; C\u00f3 v\u1ecb b\u00e9o ng\u1eady, an to\u00e0n, d\u1ec5 d\u00e0ng s\u1eed d\u1ee5ng<\/p>\n<p>&#8211; \u0110\u01b0\u1ee3c \u0111\u00f3ng g\u00f3i an to\u00e0n, b\u1ea3o qu\u1ea3n l\u1ea1nh<\/p>\n","protected":false},"featured_media":338,"comment_status":"open","ping_status":"closed","template":"","meta":[],"product_cat":[18],"product_tag":[],"_links":{"self":[{"href":"https:\/\/demo.bmconnect.vn\/cake\/wp-json\/wp\/v2\/product\/337"}],"collection":[{"href":"https:\/\/demo.bmconnect.vn\/cake\/wp-json\/wp\/v2\/product"}],"about":[{"href":"https:\/\/demo.bmconnect.vn\/cake\/wp-json\/wp\/v2\/types\/product"}],"replies":[{"embeddable":true,"href":"https:\/\/demo.bmconnect.vn\/cake\/wp-json\/wp\/v2\/comments?post=337"}],"wp:featuredmedia":[{"embeddable":true,"href":"https:\/\/demo.bmconnect.vn\/cake\/wp-json\/wp\/v2\/media\/338"}],"wp:attachment":[{"href":"https:\/\/demo.bmconnect.vn\/cake\/wp-json\/wp\/v2\/media?parent=337"}],"wp:term":[{"taxonomy":"product_cat","embeddable":true,"href":"https:\/\/demo.bmconnect.vn\/cake\/wp-json\/wp\/v2\/product_cat?post=337"},{"taxonomy":"product_tag","embeddable":true,"href":"https:\/\/demo.bmconnect.vn\/cake\/wp-json\/wp\/v2\/product_tag?post=337"}],"curies":[{"name":"wp","href":"https:\/\/api.w.org\/{rel}","templated":true}]}}