{"id":124,"date":"2017-10-17T14:29:16","date_gmt":"2017-10-17T07:29:16","guid":{"rendered":"https:\/\/demo.bmconnect.vn\/cake\/?page_id=124"},"modified":"2017-10-17T14:29:16","modified_gmt":"2017-10-17T07:29:16","slug":"tich-luy-diem-thuong","status":"publish","type":"page","link":"https:\/\/demo.bmconnect.vn\/cake\/tich-luy-diem-thuong\/","title":{"rendered":"T\u00edch l\u0169y \u0111i\u1ec3m th\u01b0\u1edfng"},"content":{"rendered":"","protected":false},"excerpt":{"rendered":"","protected":false},"author":1,"featured_media":0,"parent":0,"menu_order":0,"comment_status":"closed","ping_status":"closed","template":"","meta":[],"_links":{"self":[{"href":"https:\/\/demo.bmconnect.vn\/cake\/wp-json\/wp\/v2\/pages\/124"}],"collection":[{"href":"https:\/\/demo.bmconnect.vn\/cake\/wp-json\/wp\/v2\/pages"}],"about":[{"href":"https:\/\/demo.bmconnect.vn\/cake\/wp-json\/wp\/v2\/types\/page"}],"author":[{"embeddable":true,"href":"https:\/\/demo.bmconnect.vn\/cake\/wp-json\/wp\/v2\/users\/1"}],"replies":[{"embeddable":true,"href":"https:\/\/demo.bmconnect.vn\/cake\/wp-json\/wp\/v2\/comments?post=124"}],"version-history":[{"count":1,"href":"https:\/\/demo.bmconnect.vn\/cake\/wp-json\/wp\/v2\/pages\/124\/revisions"}],"predecessor-version":[{"id":125,"href":"https:\/\/demo.bmconnect.vn\/cake\/wp-json\/wp\/v2\/pages\/124\/revisions\/125"}],"wp:attachment":[{"href":"https:\/\/demo.bmconnect.vn\/cake\/wp-json\/wp\/v2\/media?parent=124"}],"curies":[{"name":"wp","href":"https:\/\/api.w.org\/{rel}","templated":true}]}}