{"id":122,"date":"2017-10-17T14:29:06","date_gmt":"2017-10-17T07:29:06","guid":{"rendered":"https:\/\/demo.bmconnect.vn\/cake\/?page_id=122"},"modified":"2017-10-17T14:29:06","modified_gmt":"2017-10-17T07:29:06","slug":"chinh-sach-doi-tra-hang","status":"publish","type":"page","link":"https:\/\/demo.bmconnect.vn\/cake\/chinh-sach-doi-tra-hang\/","title":{"rendered":"Ch\u00ednh s\u00e1ch \u0111\u1ed5i tr\u1ea3 h\u00e0ng"},"content":{"rendered":"","protected":false},"excerpt":{"rendered":"","protected":false},"author":1,"featured_media":0,"parent":0,"menu_order":0,"comment_status":"closed","ping_status":"closed","template":"","meta":[],"_links":{"self":[{"href":"https:\/\/demo.bmconnect.vn\/cake\/wp-json\/wp\/v2\/pages\/122"}],"collection":[{"href":"https:\/\/demo.bmconnect.vn\/cake\/wp-json\/wp\/v2\/pages"}],"about":[{"href":"https:\/\/demo.bmconnect.vn\/cake\/wp-json\/wp\/v2\/types\/page"}],"author":[{"embeddable":true,"href":"https:\/\/demo.bmconnect.vn\/cake\/wp-json\/wp\/v2\/users\/1"}],"replies":[{"embeddable":true,"href":"https:\/\/demo.bmconnect.vn\/cake\/wp-json\/wp\/v2\/comments?post=122"}],"version-history":[{"count":1,"href":"https:\/\/demo.bmconnect.vn\/cake\/wp-json\/wp\/v2\/pages\/122\/revisions"}],"predecessor-version":[{"id":123,"href":"https:\/\/demo.bmconnect.vn\/cake\/wp-json\/wp\/v2\/pages\/122\/revisions\/123"}],"wp:attachment":[{"href":"https:\/\/demo.bmconnect.vn\/cake\/wp-json\/wp\/v2\/media?parent=122"}],"curies":[{"name":"wp","href":"https:\/\/api.w.org\/{rel}","templated":true}]}}