{"id":67,"date":"2018-04-23T09:50:31","date_gmt":"2018-04-23T02:50:31","guid":{"rendered":"https:\/\/demo.bmconnect.vn\/book\/?post_type=product&#038;p=67"},"modified":"2018-07-11T13:15:59","modified_gmt":"2018-07-11T06:15:59","slug":"chinh-phuc-tieng-anh-bang-nlp","status":"publish","type":"product","link":"https:\/\/demo.bmconnect.vn\/book\/san-pham\/chinh-phuc-tieng-anh-bang-nlp\/","title":{"rendered":"Chinh Ph\u1ee5c Ti\u1ebfng Anh B\u1eb1ng NLP"},"content":{"rendered":"<p><b>Chinh ph\u1ee5c ti\u1ebfng Anh b\u1eb1ng NLP<\/b><\/p>\n<p><b>Chinh ph\u1ee5c ti\u1ebfng Anh b\u1eb1ng NLP \u2013\u00a0<\/b><b>B\u1eadt m\u00ed ph\u01b0\u01a1ng ph\u00e1p h\u1ecdc ti\u1ebfng Anh \u0111\u1ec9nh cao<\/b><\/p>\n<p>Trong th\u1eddi \u0111\u1ea1i Internet k\u1ebft n\u1ed1i to\u00e0n c\u1ea7u, th\u1ebf gi\u1edbi c\u00f3 qu\u00e1 nhi\u1ec1u \u0111i\u1ec1u m\u1edbi v\u00e0 ti\u1ebfng Anh \u0111\u01b0\u1ee3c coi nh\u01b0 m\u1ed9t c\u00f4ng c\u1ee5 gi\u00fap ch\u00fang ta v\u01b0\u01a1n t\u1edbi th\u1ebf gi\u1edbi r\u1ed9ng l\u1edbn \u0111\u00f3. Th\u1ebf nh\u01b0ng hi\u1ec7n nay nhi\u1ec1u b\u1ea1n v\u1eabn kh\u00f4ng th\u1ec3 \u0111\u1ecdc, vi\u1ebft v\u00e0 giao ti\u1ebfp \u0111\u01b0\u1ee3c ti\u1ebfng Anh c\u01a1 b\u1ea3n.<\/p>\n<p>B\u1ea1n mu\u1ed1n gi\u1ecfi ti\u1ebfng Anh \u0111\u1ec3 nh\u1eadn \u0111\u01b0\u1ee3c nhi\u1ec1u c\u01a1 h\u1ed9i t\u1ed1t trong c\u1ea3 h\u1ecdc t\u1eadp l\u1eabn c\u00f4ng vi\u1ec7c nh\u01b0 du h\u1ecdc, th\u0103ng ch\u1ee9c, c\u01a1 h\u1ed9i l\u00e0m vi\u1ec7c \u1edf c\u00e1c c\u00f4ng ty n\u01b0\u1edbc ngo\u00e0i v\u1edbi m\u1ee9c l\u01b0\u01a1ng ngh\u00ecn \u0111\u00f4,\u2026 B\u1ea1n th\u1ea5y ti\u1ebfng Anh r\u1ea5t c\u1ea7n thi\u1ebft v\u1edbi cu\u1ed9c s\u1ed1ng nh\u01b0ng b\u1ea1n l\u1ea1i \u0111ang g\u1eb7p ph\u1ea3i qu\u00e1 nhi\u1ec1u tr\u1edf ng\u1ea1i tr\u01b0\u1edbc th\u1ee9 ti\u1ebfng n\u00e0y.<\/p>\n<p><b>T\u1ea1i sao b\u1ea1n kh\u00f4ng th\u1ec3 chinh ph\u1ee5c th\u00e0nh c\u00f4ng ng\u00f4n ng\u1eef n\u00e0y?<\/b><\/p>\n<p><b>B\u1ea1n \u0111ang kh\u00f4ng t\u1ef1 tin v\u00e0o b\u1ea3n th\u00e2n<\/b><\/p>\n<p>Trong vi\u1ec7c h\u1ecdc ti\u1ebfng Anh nh\u1eefng tr\u1ea3i nghi\u1ec7m c\u1ee7a b\u1ea1n t\u1eeb ng\u00e0y b\u1ea1n h\u1ecdc ng\u00f4n ng\u1eef m\u1edbi n\u00e0y l\u00e0 g\u00ec? Li\u1ec7u c\u00f3 ph\u1ea3i l\u00e0: Kh\u00f3 nh\u1edb t\u1eeb v\u1ef1ng, kh\u00f3 thu\u1ed9c ng\u1eef ph\u00e1p, c\u00e1c b\u1ea1n b\u00e8 c\u1ee7a b\u1ea1n c\u0169ng n\u00f3i nh\u01b0 v\u1eady, b\u1ea1n t\u1eebng b\u1ecb th\u1ea7y c\u00f4 cho \u0111i\u1ec3m k\u00e9m, b\u1ea1n b\u00e8 ch\u00ea c\u01b0\u1eddi khi b\u1ea1n n\u00f3i ti\u1ebfng Anh sai. T\u1ea5t c\u1ea3 nh\u1eefng tr\u1ea3i nghi\u1ec7m n\u00e0y l\u00e0m cho b\u1ea1n d\u1ea7n d\u1ea7n h\u00ecnh th\u00e0nh ni\u1ec1m tin ti\u00eau c\u1ef1c v\u00e0 gi\u1edbi h\u1ea1n khi\u1ebfn b\u1ea1n kh\u00f4ng th\u1ec3 gi\u1ecfi ti\u1ebfng Anh.<\/p>\n<p><b>B\u1ea1n \u0111\u00e3 th\u1eed nhi\u1ec1u ph\u01b0\u01a1ng ph\u00e1p h\u1ecdc nh\u01b0ng v\u1eabn th\u1ea5y kh\u00f4ng hi\u1ec7u qu\u1ea3, b\u1ea1n \u0111ang d\u1ea7n ch\u00e1n n\u1ea3n v\u1edbi ti\u1ebfng Anh<\/b><\/p>\n<p>Khi h\u1ecdc ti\u1ebfng Anh r\u1ea5t nhi\u1ec1u suy ngh\u0129 ti\u00eau c\u1ef1c hi\u1ec7n l\u00ean trong \u0111\u1ea7u b\u1ea1n, v\u00ed d\u1ee5 nh\u01b0: \u201cC\u00e1ch h\u1ecdc n\u00e0y ch\u1eafc l\u00e0 kh\u00f4ng hi\u1ec7u qu\u1ea3 v\u1edbi m\u00ecnh\u201d, M\u1ea5y c\u00e1i c\u00e2u n\u00e0y kh\u00f3 h\u1ecdc th\u1ebf nh\u1ec9\u201d,\u2026 nh\u1eefng suy ngh\u0129 n\u00e0y c\u1ee9 hi\u1ec7n l\u00ean li\u00ean t\u1ee5c trong \u0111\u1ea7u b\u1ea1n nh\u01b0 th\u00f4i th\u00fac b\u1ea1n t\u1eeb b\u1ecf m\u00f4n ngo\u1ea1i ng\u1eef n\u00e0y. B\u1ea1n mu\u1ed1n x\u00f3a b\u1ecf nh\u1eefng suy ngh\u0129 \u0111\u00f3 nh\u01b0ng v\u1eabn ch\u01b0a t\u00ecm \u0111\u01b0\u1ee3c ph\u01b0\u01a1ng ph\u00e1p gi\u1ea3i quy\u1ebft v\u1ea5n \u0111\u1ec1.<\/p>\n<p><b>B\u1ea1n kh\u00f4ng th\u1ec3 t\u1eadp trung t\u00e2m tr\u00ed cho vi\u1ec7c h\u1ecdc<\/b><\/p>\n<p>Trong con ng\u01b0\u1eddi b\u1ea1n lu\u00f4n c\u00f3 nhi\u1ec1u b\u0103n kho\u0103n, l\u00e2u ng\u00e0y b\u1ecb \u1ee9 \u0111\u1ecdng d\u1ed3n l\u1ea1i v\u00e0 l\u00e0m b\u1ea1n ch\u00e1n n\u1ea3n v\u1edbi ti\u1ebfng Anh. N\u1ed9i t\u00e2m b\u1ea1n c\u00f3 nhi\u1ec1u xung \u0111\u1ed9t, v\u00ed d\u1ee5 nh\u01b0 xung \u0111\u1ed9t v\u1ec1 ph\u01b0\u01a1ng ph\u00e1p h\u1ecdc t\u1eadp:\u201dN\u00ean h\u1ecdc theo ph\u01b0\u01a1ng ph\u00e1p c\u1ee7a th\u1ea7y n\u00e0y hay n\u00ean h\u1ecdc theo ph\u01b0\u01a1ng ph\u00e1p c\u1ee7a c\u00f4 kia\u201d,\u2026 Nh\u1eefng xung \u0111\u1ed9t n\u00e0y l\u00e0m b\u1ea1n ph\u1ea3i t\u1ed1n nhi\u1ec1u th\u1eddi gian \u0111\u1ec3 t\u00ecm ra con \u0111\u01b0\u1eddng, t\u00ecm ra gi\u1ea3i ph\u00e1p cho ch\u00ednh m\u00ecnh. N\u1ebfu b\u1ea1n c\u1ee9 m\u00e3i v\u01b0\u1edbng v\u00e0o m\u1edb b\u00f2ng bong \u0111\u00f3 vi\u1ec7c h\u1ecdc ti\u1ebfng Anh c\u1ee7a b\u1ea1n s\u1ebd ch\u1eb1ng \u0111i \u0111\u1ebfn \u0111\u00e2u.<\/p>\n<p><b>V\u1eady l\u00e0m th\u1ebf n\u00e0o \u0111\u1ec3 c\u00f3 th\u1ec3 x\u00f3a b\u1ecf \u0111\u01b0\u1ee3c nh\u1eefng r\u00e0o c\u1ea3n n\u00e0y trong qu\u00e1 tr\u00ecnh h\u1ecdc ti\u1ebfng Anh c\u1ee7a b\u1ea1n. H\u00e3y \u0111\u1ec3 \u201cChinh ph\u1ee5c ti\u1ebfng Anh b\u1eb1ng NLP\u201d gi\u00fap b\u1ea1n l\u00e0m \u0111i\u1ec1u \u0111\u00f3.<\/b><\/p>\n<p><b>Gi\u1edbi thi\u1ec7u t\u1edbi b\u1ea1n \u0111\u1ecdc ph\u01b0\u01a1ng ph\u00e1p h\u1ecdc ti\u1ebfng Anh b\u1eb1ng NLP<\/b><\/p>\n<p>N\u1ebfu b\u1ea1n \u0111\u00e3 qu\u00e1 nh\u00e0m ch\u00e1n v\u1edbi c\u00e1c ph\u01b0\u01a1ng ph\u00e1p h\u1ecdc ti\u1ebfng Anh th\u00f4ng th\u01b0\u1eddng th\u00ec h\u00e3y th\u1eed ngay v\u1edbi ph\u01b0\u01a1ng ph\u00e1p NLP. NLP l\u00e0 m\u00f4n khoa h\u1ecdc \u0111\u1ec9nh cao \u0111\u00fac r\u00fat c\u00e1c b\u00e0i h\u1ecdc kinh nghi\u1ec7m th\u00e0nh c\u00f4ng, c\u00e1c chi\u1ebfn l\u01b0\u1ee3c thi\u00ean t\u00e0i c\u1ee7a nh\u00f3m 0.7% xu\u1ea5t ch\u00fang nh\u1ea5t h\u00e0nh tinh. \u0110\u00e2y l\u00e0 m\u00f4n khoa h\u1ecdc d\u00e0nh cho nh\u1eefng ai mu\u1ed1n c\u00f3 m\u1ed9t cu\u1ed1n s\u00e1ch phi th\u01b0\u1eddng. Trong th\u1eddi gian kh\u00f4ng xa NLP s\u1ebd ph\u00e1t tri\u1ec3n r\u1ea5t m\u1ea1nh v\u00ec ai c\u0169ng c\u1ea7n n\u00f3 \u0111\u1ec3 gi\u00fap cho cu\u1ed9c s\u1ed1ng c\u1ee7a m\u00ecnh. NLP c\u00f3 th\u1ec3 \u1ee9ng d\u1ee5ng v\u00e0o h\u1ecdc r\u1ea5t nhi\u1ec1u th\u1ee9, \u0111\u1eb7c bi\u1ec7t l\u00e0 ti\u1ebfng Anh. Khi n\u1eafm \u0111\u01b0\u1ee3c b\u00ed m\u1eadt h\u1ecdc ti\u1ebfng Anh b\u1eb1ng NLP, b\u1ea1n \u0111ang c\u00f3 ch\u00eca kh\u00f3a m\u1edf ra c\u00e1nh c\u1eeda h\u1ecdc t\u1eadp v\u1edbi t\u01b0 duy c\u1ee7a nh\u1eefng ng\u01b0\u1eddi xu\u1ea5t ch\u00fang.<\/p>\n<p><b>Kh\u01a1i d\u1eady s\u1ee9c m\u1ea1nh ti\u1ec1m th\u1ee9c khi chinh ph\u1ee5c ti\u1ebfng Anh<\/b><\/p>\n<p>So v\u1edbi h\u1ecdc ti\u1ebfng Anh b\u1ecb \u0111\u1ed9ng, h\u1ecdc ti\u1ebfng Anh b\u1eb1ng ti\u1ec1m th\u1ee9c gi\u00fap ng\u01b0\u1eddi h\u1ecdc ghi nh\u1edb ki\u1ebfn th\u1ee9c s\u00e2u v\u00e0 l\u00e2u h\u01a1n. S\u1edf h\u1eefu cu\u1ed1n s\u00e1ch l\u00e0 b\u1ea1n \u0111ang s\u1edf h\u1eefu ph\u01b0\u01a1ng ph\u00e1p \u0111\u00e1nh th\u1ee9c ti\u1ec1m n\u0103ng ti\u1ebfng Anh trong con ng\u01b0\u1eddi b\u1ea1n ch\u00ednh l\u00e0 NLP. V\u1edbi nh\u1eefng k\u1ef9 thu\u1eadt h\u1ecdc ti\u1ebfng Anh si\u00eau Vi\u1ec7t s\u1ebd gi\u00fap b\u1ea1n chinh ph\u1ee5c th\u00e0nh c\u00f4ng m\u00f4n ngo\u1ea1i ng\u1eef n\u00e0y.<\/p>\n<p><b>Truy\u1ec1n c\u1ea3m h\u1ee9ng h\u1ecdc t\u1eadp qua c\u00e1c c\u00e2u chuy\u1ec7n th\u00e0nh c\u00f4ng<\/b><\/p>\n<p>Mu\u1ed1n th\u00e0nh c\u00f4ng h\u00e3y ch\u0103m ch\u1ec9 h\u1ecdc h\u1ecfi kinh nghi\u1ec7m t\u1eeb nh\u1eefng con ng\u01b0\u1eddi th\u00e0nh c\u00f4ng. Cu\u1ed1n s\u00e1ch mang \u0111\u1ebfn cho b\u1ea1n nh\u1eefng c\u00e2u chuy\u1ec7n h\u1ecdc ti\u1ebfng Anh th\u00e0nh c\u00f4ng. Vi\u1ec7c \u00e1p d\u1ee5ng k\u0129 thu\u1eadt m\u00f4 ph\u1ecfng trong h\u1ecdc ti\u1ebfng Anh s\u1ebd gi\u00fap b\u1ea1n tr\u1edf th\u00e0nh ng\u01b0\u1eddi h\u1ecdc ti\u1ebfng Anh \u0111\u1ec9nh cao.<\/p>\n<p><b>H\u1ecdc c\u00f9ng \u1ee9ng d\u1ee5ng MCBooks<\/b><\/p>\n<p>S\u1edf h\u1eefu cu\u1ed1n s\u00e1ch c\u1ee7a MCBooks, c\u00e1c em s\u1ebd \u0111\u01b0\u1ee3c tr\u1ea3i nghi\u1ec7m h\u1ec7 sinh th\u00e1i h\u1ecdc ngo\u1ea1i ng\u1eef l\u1ea7n \u0111\u1ea7u ti\u00ean xu\u1ea5t hi\u1ec7n t\u1ea1i Vi\u1ec7t Nam. T\u1ed5 h\u1ee3p c\u00f4ng ngh\u1ec7 v\u1edbi c\u00e1c t\u00ednh n\u0103ng \u0111\u1ed9t ph\u00e1, ti\u00ean phong mang \u0111\u1ebfn cho b\u1ea1n phong c\u00e1ch h\u1ecdc ngo\u1ea1i ng\u1eef \u0111\u1ec9nh cao. V\u1edbi cu\u1ed1n s\u00e1ch n\u00e0y ph\u1ee5 huynh s\u1ebd \u0111\u01a1n gi\u1ea3n h\u01a1n trong vi\u1ec7c k\u00e8m c\u1eb7p ph\u1ea7n nghe ti\u1ebfng Anh cho con.<\/p>\n<ul>\n<li>C\u00e1c em c\u00f3 th\u1ec3 h\u1ecdc m\u1ecdi l\u00fac, m\u1ecdi n\u01a1i<\/li>\n<li>L\u1ef1a ch\u1ecdn b\u00e0i nghe linh ho\u1ea1t, ti\u1ec7n d\u1ee5ng<\/li>\n<li>Nghe l\u1eb7p b\u00e0i th\u00f4ng minh, l\u1ea7n \u0111\u1ea7u ti\u00ean xu\u1ea5t hi\u1ec7n<\/li>\n<li>H\u1ecdc s\u00e2u, nh\u1edb l\u00e2u, \u00f4n t\u1eadp d\u1ec5 d\u00e0ng<\/li>\n<\/ul>\n<p>C\u00e1c b\u00e0i t\u1eadp luy\u1ec7n nghe c\u00e1c b\u1ea1n c\u00f3 th\u1ec3 xem \u0111\u00e1p \u00e1n \u1edf ph\u1ea7n cu\u1ed1i c\u1ee7a s\u00e1ch, h\u00e3y l\u00e0m \u0111i l\u00e0m l\u1ea1i b\u00e0i t\u1eadp nhi\u1ec1u l\u1ea7n \u0111\u1ec3 c\u00f3 th\u1ec3 n\u00e2ng cao tr\u00ecnh \u0111\u1ed9 nh\u00e9.<\/p>\n<p><b>Qu\u00e0 t\u1eb7ng h\u1ecdc t\u1eadp b\u1ed5 \u00edch<\/b><\/p>\n<p>S\u1edf h\u1eefu cu\u1ed1n s\u00e1ch c\u00e1c b\u1ea1n kh\u00f4ng ch\u1ec9 h\u1ecdc \u0111\u01b0\u1ee3c nhi\u1ec1u ki\u1ebfn th\u1ee9c b\u1ed5 \u00edch m\u00e0 c\u00f2n nh\u1eadn \u0111\u01b0\u1ee3c nhi\u1ec1u qu\u00e0 t\u1eb7ng h\u1ed7 tr\u1ee3 vi\u1ec7c h\u1ecdc ti\u1ebfng Anh nh\u01b0:<\/p>\n<ul>\n<li>Voucher gi\u1ea3m gi\u00e1 35% tr\u1ecb gi\u00e1 l\u00ean \u0111\u1ebfn 3.700.000 \u0111\u1ed3ng d\u00e0nh cho kh\u00f3a h\u1ecdc Champion t\u1ea1i H\u1ecdc vi\u1ec7n Anh Ng\u1eef Qu\u1ed1c t\u1ebf Lepoca<\/li>\n<li>Kh\u00f3a h\u1ecdc tr\u1ea3i nghi\u1ec7m 1 ng\u00e0y t\u1ea1i H\u1ecdc vi\u1ec7n Anh Ng\u1eef Qu\u1ed1c t\u1ebf Lepoca<\/li>\n<li>Ebook v\u00e0 Video \u2013 v\u1eadn d\u1ee5ng 5 gi\u00e1c quan h\u1ecdc qua phim.<\/li>\n<\/ul>\n<p>V\u1edbi cu\u1ed1n s\u00e1ch n\u00e0y b\u1ea1n s\u1ebd \u0111\u01b0\u1ee3c ti\u1ebfp c\u1eadn m\u1ed9t ph\u01b0\u01a1ng ph\u00e1p h\u1ecdc ti\u1ebfng Anh m\u1edbi ho\u00e0n to\u00e0n, n\u00f3 t\u00e1c \u0111\u1ed9ng tr\u1ef1c ti\u1ebfp v\u00e0o suy ngh\u0129 c\u1ee7a b\u1ea1n, gi\u00fap b\u1ea1n h\u1ecdc ti\u1ebfng Anh m\u1ed9t c\u00e1ch ch\u1ee7 \u0111\u1ed9ng h\u01a1n. \u0110\u1eebng b\u1ecf l\u1ee1 c\u01a1 h\u1ed9i s\u1edf h\u1eefu cu\u1ed1n s\u00e1ch gi\u00e1 tr\u1ecb n\u00e0y, h\u00e3y mua ngay n\u00f3 c\u00e0ng s\u1edbm c\u00e0ng t\u1ed1t \u0111\u1ec3 n\u00e2ng tr\u00ecnh \u0111\u1ed9 ti\u1ebfng Anh c\u1ee7a b\u1ea1n l\u00ean m\u1ed9t t\u1ea7m cao m\u1edbi.<\/p>\n","protected":false},"excerpt":{"rendered":"<table width=\"439\">\n<tbody>\n<tr>\n<td>\n<p align=\"left\">T\u1eb7ng Ebook v\u00e0 Video h\u1ecdc ti\u1ebfng Anh qua phim<\/p>\n<\/td>\n<\/tr>\n<\/tbody>\n<\/table>\n<p>\u201c<strong>Cu\u1ed1n s\u00e1ch \u0111\u01b0\u1ee3c \u0111\u00e1nh gi\u00e1 nh\u01b0 m\u1ed9t kim ch\u1ec9 nam gi\u00fap ng\u01b0\u1eddi h\u1ecdc c\u00f3 \u0111\u1ecbnh h\u01b0\u1edbng \u0111\u00fang khi mu\u1ed1n c\u1ea3i thi\u1ec7n tr\u00ecnh \u0111\u1ed9 ti\u1ebfng Anh c\u1ee7a m\u00ecnh. V\u00e0 cu\u1ed1n s\u00e1ch s\u1ebd gi\u00fap c\u00e1c b\u1ea1n.<\/strong><\/p>\n","protected":false},"featured_media":175,"comment_status":"open","ping_status":"closed","template":"","meta":[],"product_cat":[15,18,19,23,21,20,22],"product_tag":[],"_links":{"self":[{"href":"https:\/\/demo.bmconnect.vn\/book\/wp-json\/wp\/v2\/product\/67"}],"collection":[{"href":"https:\/\/demo.bmconnect.vn\/book\/wp-json\/wp\/v2\/product"}],"about":[{"href":"https:\/\/demo.bmconnect.vn\/book\/wp-json\/wp\/v2\/types\/product"}],"replies":[{"embeddable":true,"href":"https:\/\/demo.bmconnect.vn\/book\/wp-json\/wp\/v2\/comments?post=67"}],"wp:featuredmedia":[{"embeddable":true,"href":"https:\/\/demo.bmconnect.vn\/book\/wp-json\/wp\/v2\/media\/175"}],"wp:attachment":[{"href":"https:\/\/demo.bmconnect.vn\/book\/wp-json\/wp\/v2\/media?parent=67"}],"wp:term":[{"taxonomy":"product_cat","embeddable":true,"href":"https:\/\/demo.bmconnect.vn\/book\/wp-json\/wp\/v2\/product_cat?post=67"},{"taxonomy":"product_tag","embeddable":true,"href":"https:\/\/demo.bmconnect.vn\/book\/wp-json\/wp\/v2\/product_tag?post=67"}],"curies":[{"name":"wp","href":"https:\/\/api.w.org\/{rel}","templated":true}]}}