{"id":61,"date":"2018-04-23T09:41:32","date_gmt":"2018-04-23T02:41:32","guid":{"rendered":"https:\/\/demo.bmconnect.vn\/book\/?post_type=product&#038;p=61"},"modified":"2018-04-23T09:41:32","modified_gmt":"2018-04-23T02:41:32","slug":"luyen-giai-de-thi-vao-lop-10-mon-toan","status":"publish","type":"product","link":"https:\/\/demo.bmconnect.vn\/book\/san-pham\/luyen-giai-de-thi-vao-lop-10-mon-toan\/","title":{"rendered":"Luy\u1ec7n Gi\u1ea3i \u0110\u1ec1 Thi V\u00e0o L\u1edbp 10 M\u00f4n To\u00e1n"},"content":{"rendered":"<p>Luy\u1ec7n Gi\u1ea3i \u0110\u1ec1 Thi V\u00e0o L\u1edbp 10 M\u00f4n To\u00e1n<\/p>\n<p>Cu\u1ed1n s\u00e1ch \u0111\u01b0\u1ee3c ra \u0111\u1eddi nh\u1eb1m ph\u1ee5c v\u1ee5 cho c\u00e1c em h\u1ecdc sinh \u0111ang trong qu\u00e1 tr\u00ecnh \u00f4n luy\u1ec7n v\u00e0 thi chuy\u1ec3n c\u1ea5p l\u00ean b\u1eadc THPT. Trong cu\u1ed1n s\u00e1ch n\u00e0y, n\u1ed9i dung \u00f4n luy\u1ec7n \u0111\u01b0\u1ee3c bi\u00ean so\u1ea1n theo m\u1ed9t h\u1ec7 th\u1ed1ng \u0111\u1ec1, bao g\u1ed3m t\u1ea5t c\u1ea3 30 \u0111\u1ec1. M\u1ed7i \u0111\u1ec1 \u0111\u1ec1u \u0111\u01b0\u1ee3c t\u00e1c gi\u1ea3 tr\u00ecnh b\u00e0y, l\u1eddi gi\u1ea3i ho\u1eb7c h\u01b0\u1edbng d\u1eabn gi\u1ea3i chi ti\u1ebft \u0111\u1ed3ng th\u1eddi nhi\u1ec1u ph\u1ea7n b\u00e0i t\u1eadp \u00f4n luy\u1ec7n c\u0169ng \u0111\u01b0\u1ee3c b\u1ed5 sung th\u00eam v\u1edbi m\u1ee5c \u0111\u00edch gi\u00fap c\u00e1c em c\u00f3 th\u1ec3 c\u1ee7ng c\u1ed1 v\u00e0 kh\u1eafc s\u00e2u h\u01a1n v\u1ec1 ph\u01b0\u01a1ng ph\u00e1p c\u0169ng nh\u01b0 k\u1ef9 n\u0103ng gi\u1ea3i \u0111\u1ed1i v\u1edbi m\u1ed9t s\u1ed1 d\u1ea1ng to\u00e1n th\u01b0\u1eddng g\u1eb7p trong ch\u01b0\u01a1ng tr\u00ecnh.<\/p>\n","protected":false},"excerpt":{"rendered":"<p>Cu\u1ed1n s\u00e1ch \u0111\u01b0\u1ee3c ra \u0111\u1eddi nh\u1eb1m ph\u1ee5c v\u1ee5 cho c\u00e1c em h\u1ecdc sinh \u0111ang trong qu\u00e1 tr\u00ecnh \u00f4n luy\u1ec7n v\u00e0 thi chuy\u1ec3n c\u1ea5p l\u00ean b\u1eadc THPT<\/p>\n","protected":false},"featured_media":62,"comment_status":"open","ping_status":"closed","template":"","meta":[],"product_cat":[15,18,23,20,22],"product_tag":[],"_links":{"self":[{"href":"https:\/\/demo.bmconnect.vn\/book\/wp-json\/wp\/v2\/product\/61"}],"collection":[{"href":"https:\/\/demo.bmconnect.vn\/book\/wp-json\/wp\/v2\/product"}],"about":[{"href":"https:\/\/demo.bmconnect.vn\/book\/wp-json\/wp\/v2\/types\/product"}],"replies":[{"embeddable":true,"href":"https:\/\/demo.bmconnect.vn\/book\/wp-json\/wp\/v2\/comments?post=61"}],"wp:featuredmedia":[{"embeddable":true,"href":"https:\/\/demo.bmconnect.vn\/book\/wp-json\/wp\/v2\/media\/62"}],"wp:attachment":[{"href":"https:\/\/demo.bmconnect.vn\/book\/wp-json\/wp\/v2\/media?parent=61"}],"wp:term":[{"taxonomy":"product_cat","embeddable":true,"href":"https:\/\/demo.bmconnect.vn\/book\/wp-json\/wp\/v2\/product_cat?post=61"},{"taxonomy":"product_tag","embeddable":true,"href":"https:\/\/demo.bmconnect.vn\/book\/wp-json\/wp\/v2\/product_tag?post=61"}],"curies":[{"name":"wp","href":"https:\/\/api.w.org\/{rel}","templated":true}]}}