{"id":59,"date":"2018-04-23T09:40:47","date_gmt":"2018-04-23T02:40:47","guid":{"rendered":"https:\/\/demo.bmconnect.vn\/book\/?post_type=product&#038;p=59"},"modified":"2018-04-23T09:44:56","modified_gmt":"2018-04-23T02:44:56","slug":"chien-thuat-on-tap-ngu-van-lop-9-luyen-thi-vao-10-bang-so-do-tu-duy","status":"publish","type":"product","link":"https:\/\/demo.bmconnect.vn\/book\/san-pham\/chien-thuat-on-tap-ngu-van-lop-9-luyen-thi-vao-10-bang-so-do-tu-duy\/","title":{"rendered":"Chi\u1ebfn Thu\u1eadt \u00d4n T\u1eadp Ng\u1eef V\u0103n \u00f4n thi l\u1edbp 10"},"content":{"rendered":"<p><strong>Chi\u1ebfn Thu\u1eadt \u00d4n T\u1eadp Ng\u1eef V\u0103n L\u1edbp 9 Luy\u1ec7n Thi V\u00e0o 10 B\u1eb1ng S\u01a1 \u0110\u1ed3 T\u01b0 Duy<\/strong><\/p>\n<p>B\u1ea1n s\u1eafp s\u1eeda b\u01b0\u1edbc v\u00e0o k\u00ec thi v\u00e0o l\u1edbp 10 THPT? V\u00e0 \u0111ang g\u1eb7p kh\u00f3 kh\u0103n v\u1edbi \u201cm\u00ea cung\u201d v\u0103n h\u1ecdc \u0111\u1ea7y r\u1eaby ki\u1ebfn th\u1ee9c?<\/p>\n<p>Ch\u00fang ta ai c\u0169ng t\u1eebng kh\u1ed5 v\u00ec m\u00f4n Ng\u1eef v\u0103n nh\u01b0 th\u1ebf\u2026<\/p>\n<p>Vi\u1ebft d\u00e0i ch\u01b0a ch\u1eafc \u0111\u00e3 \u0111i\u1ec3m cao, loay hoay kh\u00f4ng bi\u1ebft vi\u1ebft sao cho \u0111\u1ee7 \u00fd.\u00a0T\u1ef1 h\u1ecfi c\u00f3 nh\u1eefng b\u1ea1n r\u1ea5t \u00edt khi h\u1ecdc b\u00e0i m\u00e0 v\u1eabn l\u00e0m \u0111\u01b0\u1ee3c b\u00e0i, C\u00f3 nh\u1eefng b\u1ea1n\u00a0vi\u1ec7c h\u1ecdc h\u00e0nh nh\u1eb9 nh\u00e0ng t\u1ef1a nh\u01b0 l\u00f4ng h\u1ed3ng v\u1eady?<\/p>\n<p>Cho\u00e1ng v\u00e1ng v\u1edbi kh\u1ed1i l\u01b0\u1ee3ng ki\u1ebfn th\u1ee9c kh\u1ed5ng l\u1ed3. V\u1edf v\u0103n lu\u00f4n l\u00e0 lo\u1ea1i v\u1edf d\u00e0y\u00a0nh\u1ea5t, c\u00f3 nhi\u1ec1u lo\u1ea1i v\u1edf nh\u1ea5t.\u00a0Ch\u1ec9 m\u1ed9t c\u00e2u th\u01a1 c\u00f3 t\u00e1m ch\u1eef, th\u1ea7y c\u00f4 c\u0169ng c\u00f3 th\u1ec3 b\u00ecnh ra v\u00e0i trang gi\u1ea5y, ch\u1ec9\u00a0m\u1edbi nh\u00ecn \u0111\u00e3 mu\u1ed1n x\u1ec9u!<\/p>\n<p>Kh\u00f4ng kh\u1ecfi m\u1ed9t l\u1ea7n ng\u00e1p ng\u1eafn ng\u00e1p d\u00e0i trong gi\u1edd Ng\u1eef v\u0103n.\u00a0C\u0169ng ch\u0103m ch\u1ec9 \u0111\u1ea5y ch\u1ee9, nh\u01b0ng h\u1ecdc tr\u01b0\u1edbc qu\u00ean sau, v\u00e0o ph\u00f2ng thi kh\u00f4ng nh\u1edb n\u1ed5i\u00a0\u0111i\u1ec1u g\u00ec.<\/p>\n<p>H\u00e3y b\u1eaft tay v\u1edbi cu\u1ed1n s\u00e1ch \u201cChi\u1ebfn thu\u1eadt \u00f4n t\u1eadp ng\u1eef v\u0103n l\u1edbp 9 luy\u1ec7n thi v\u00e0o 10 b\u1eb1ng s\u01a1 \u0111\u1ed3 t\u01b0 duy\u201d\u00a0\u0111\u1ec3 thay \u0111\u1ed5i \u0111i\u1ec3m s\u1ed1 c\u1ee7a b\u1ea1n!<\/p>\n<ul>\n<li>H\u1ec7 th\u1ed1ng to\u00e0n b\u1ed9 ki\u1ebfn th\u1ee9c Ti\u1ebfng Vi\u1ec7t THCS.<\/li>\n<li>R\u00e8n k\u0129 n\u0103ng vi\u1ebft c\u00e1c ki\u1ec3u b\u00e0i t\u1ef1 s\u1ef1, thuy\u1ebft minh, ngh\u1ecb lu\u1eadn x\u00e3 h\u1ed9i v\u00e0 ngh\u1ecb lu\u1eadn v\u0103n h\u1ecdc.<\/li>\n<li>H\u00ecnh th\u00e0nh, ph\u00e1t tri\u1ec3n t\u01b0 duy kh\u00e1i qu\u00e1t, t\u1ed5ng h\u1ee3p, kh\u01a1i d\u1eady s\u1ef1 s\u00e1ng t\u1ea1o v\u00e0 c\u1ea3m h\u1ee9ng h\u1ecdc t\u1eadp.<\/li>\n<li>Ph\u01b0\u01a1ng ph\u00e1p h\u1ecdc v\u0103n b\u1eb1ng s\u01a1 \u0111\u1ed3 t\u01b0 duy: T\u00edch h\u1ee3p v\u0103n h\u1ecdc v\u00e0 th\u1ef1c ti\u1ec5n. Ghi nh\u1edb si\u00eau t\u1ed1c. B\u00e1m s\u00e1t \u0111\u1ecbnh h\u01b0\u1edbng ra \u0111\u1ec1. D\u1ec5 d\u00e0ng \u0111\u1ea1t \u0111i\u1ec3m t\u1ed1i \u0111a<\/li>\n<\/ul>\n","protected":false},"excerpt":{"rendered":"<p>H\u00e3y b\u1eaft tay v\u1edbi cu\u1ed1n s\u00e1ch \u201cChi\u1ebfn thu\u1eadt \u00f4n t\u1eadp ng\u1eef v\u0103n l\u1edbp 9 luy\u1ec7n thi v\u00e0o 10 b\u1eb1ng s\u01a1 \u0111\u1ed3 t\u01b0 duy\u201d \u0111\u1ec3 thay \u0111\u1ed5i \u0111i\u1ec3m s\u1ed1 c\u1ee7a b\u1ea1n!<\/p>\n<p>H\u1ec7 th\u1ed1ng to\u00e0n b\u1ed9 ki\u1ebfn th\u1ee9c Ti\u1ebfng Vi\u1ec7t THCS.<\/p>\n<p>R\u00e8n k\u0129 n\u0103ng vi\u1ebft c\u00e1c ki\u1ec3u b\u00e0i t\u1ef1 s\u1ef1, thuy\u1ebft minh, ngh\u1ecb lu\u1eadn x\u00e3 h\u1ed9i v\u00e0 ngh\u1ecb lu\u1eadn v\u0103n h\u1ecdc.<\/p>\n<p>H\u00ecnh th\u00e0nh, ph\u00e1t tri\u1ec3n t\u01b0 duy kh\u00e1i qu\u00e1t, t\u1ed5ng h\u1ee3p, kh\u01a1i d\u1eady s\u1ef1 s\u00e1ng t\u1ea1o v\u00e0 c\u1ea3m h\u1ee9ng h\u1ecdc t\u1eadp.<\/p>\n<p>Ph\u01b0\u01a1ng ph\u00e1p h\u1ecdc v\u0103n b\u1eb1ng s\u01a1 \u0111\u1ed3 t\u01b0 duy: T\u00edch h\u1ee3p v\u0103n h\u1ecdc v\u00e0 th\u1ef1c ti\u1ec5n. Ghi nh\u1edb si\u00eau t\u1ed1c. B\u00e1m s\u00e1t \u0111\u1ecbnh h\u01b0\u1edbng ra \u0111\u1ec1. D\u1ec5 d\u00e0ng \u0111\u1ea1t \u0111i\u1ec3m t\u1ed1i \u0111a<\/p>\n","protected":false},"featured_media":60,"comment_status":"open","ping_status":"closed","template":"","meta":[],"product_cat":[15,18,19,23,21,20,22],"product_tag":[],"_links":{"self":[{"href":"https:\/\/demo.bmconnect.vn\/book\/wp-json\/wp\/v2\/product\/59"}],"collection":[{"href":"https:\/\/demo.bmconnect.vn\/book\/wp-json\/wp\/v2\/product"}],"about":[{"href":"https:\/\/demo.bmconnect.vn\/book\/wp-json\/wp\/v2\/types\/product"}],"replies":[{"embeddable":true,"href":"https:\/\/demo.bmconnect.vn\/book\/wp-json\/wp\/v2\/comments?post=59"}],"wp:featuredmedia":[{"embeddable":true,"href":"https:\/\/demo.bmconnect.vn\/book\/wp-json\/wp\/v2\/media\/60"}],"wp:attachment":[{"href":"https:\/\/demo.bmconnect.vn\/book\/wp-json\/wp\/v2\/media?parent=59"}],"wp:term":[{"taxonomy":"product_cat","embeddable":true,"href":"https:\/\/demo.bmconnect.vn\/book\/wp-json\/wp\/v2\/product_cat?post=59"},{"taxonomy":"product_tag","embeddable":true,"href":"https:\/\/demo.bmconnect.vn\/book\/wp-json\/wp\/v2\/product_tag?post=59"}],"curies":[{"name":"wp","href":"https:\/\/api.w.org\/{rel}","templated":true}]}}