{"id":269,"date":"2018-04-26T09:33:40","date_gmt":"2018-04-26T02:33:40","guid":{"rendered":"https:\/\/demo.bmconnect.vn\/bienchucdanh\/?post_type=product&#038;p=269"},"modified":"2018-04-26T10:07:46","modified_gmt":"2018-04-26T03:07:46","slug":"the-thay-ten-nhan-vien-12","status":"publish","type":"product","link":"https:\/\/demo.bmconnect.vn\/bienchucdanh\/san-pham\/the-thay-ten-nhan-vien-12\/","title":{"rendered":"Th\u1ebb Thay T\u00ean Nh\u00e2n Vi\u00ean 12"},"content":{"rendered":"<p>K\u00ednh ch\u00e0o qu\u00fd kh\u00e1ch \u0111\u00e3 \u0111\u1ebfn v\u1edbi Cty \u0110\u1ea1i D\u01b0\u01a1ng Xanh, chuy\u00ean in \u1ea5n c\u00e1c lo\u1ea1i bi\u1ec3n t\u00ean nh\u00e2n vi\u00ean,\u00a0th\u1ebb t\u00ean nh\u00e2n vi\u00ean c\u00e0i \u00e1o,\u00a0th\u1ebb nh\u00e2n vi\u00ean b\u1eb1ng nh\u1ef1a,\u00a0bi\u1ec3n ch\u1ee9c danh\u2026vv<\/p>\n<p>T\u1ea1i \u0111\u00e2y ch\u00fang t\u00f4i xin gi\u1edbi thi\u1ec7u t\u1edbi qu\u00fd kh\u00e1ch bi\u1ec3n t\u00ean nh\u00e2n vi\u00ean c\u00e0i \u00e1o \u0111\u1eb7c bi\u1ec7t. T\u1ea1i sao l\u1ea1i \u0111\u1eb7c bi\u1ec7t ?, n\u00f3 kh\u00e1c nh\u1eefng lo\u1ea1i bi\u1ec3n t\u00ean nh\u00e2n vi\u00ean b\u00ecnh th\u01b0\u1eddng nh\u01b0 th\u1ebf n\u00e0o ?<\/p>\n<ul id=\"photobox-gallery-2\" class=\"thumbnails photobox-gallery gallery gallery-columns-3\">\n<li><a class=\"thumbnail\" href=\"http:\/\/www.bienchucdanh.vn\/wp-content\/uploads\/2017\/08\/z718946150447_08bb749c8ba86279c0c4e19ac5451f3c-1.jpg\"><img loading=\"lazy\" class=\"attachment-thumbnail size-thumbnail\" src=\"http:\/\/www.bienchucdanh.vn\/wp-content\/uploads\/2017\/08\/z718946150447_08bb749c8ba86279c0c4e19ac5451f3c-1-270x180.jpg\" alt=\"\" width=\"270\" height=\"180\" \/><\/a><\/li>\n<\/ul>\n<p>Bi\u1ec3n t\u00ean nh\u00e2n vi\u00ean th\u00f4ng th\u01b0\u1eddng l\u00e0 lo\u1ea1i bi\u1ec3n t\u00ean nh\u00e2n vi\u00ean c\u1ed1 \u0111\u1ecbnh, ch\u1ec9 in 1 l\u1ea7n. Khi c\u00f3 s\u1ef1 thay \u0111\u1ed5i nh\u00e2n vi\u00ean m\u1edbi v\u00e0 c\u0169 trong \u0111\u01a1n v\u1ecb, ch\u00fang ta ph\u1ea3i l\u00e0m m\u1ed9t chi\u1ebfc bi\u1ec3n t\u00ean nh\u00e2n vi\u00ean m\u1edbi cho nh\u00e2n vi\u00ean m\u1edbi<\/p>\n<p>Th\u1ea5u hi\u1ec3u \u0111\u01b0\u1ee3c s\u1ef1 vi\u1ec7c \u0111\u00f3, ch\u00fang t\u00f4i l\u00e0 nh\u1eefng ng\u01b0\u1eddi c\u00f3 kinh nhi\u1ec7m n\u00e2u n\u0103m trong l\u0129nh v\u1ef1c in bi\u1ec3n t\u00ean nh\u00e2n vi\u00ean, ch\u00fang t\u00f4i \u0111\u00e3 cho ra s\u1ea3n ph\u1ea9n bi\u1ec3n t\u00ean nh\u00e2n vi\u00ean c\u00f3 th\u1ec3 thay \u0111\u1ed5i \u0111\u01b0\u1ee3c t\u00ean nh\u00e2n vi\u00ean, nh\u1eb1m gi\u00fap qu\u00fd \u0111\u01a1n v\u1ecb gi\u1ea3m chi ph\u00ed in \u1ea5n.<\/p>\n<p>Bi\u1ec3n t\u00ean nh\u00e2n vi\u00ean thay \u0111\u01b0\u1ee3c t\u00ean nh\u00e2n vi\u00ean c\u00f3 c\u1ea5u t\u1ea1o 4 ph\u1ea7n ch\u00ednh nh\u01b0 sau:<\/p>\n<p>1 \u2013 Ph\u00f4i Kim Lo\u1ea1i<\/p>\n<p>2 \u2013 gi\u1ea5y in<\/p>\n<p>3 \u2013 L\u1edbp th\u1ee7y tinh h\u1eefu c\u01a1<\/p>\n<p>4 \u2013 Nam ch\u00e2m ho\u1eb7c kim b\u0103ng<\/p>\n<div class=\"reviews-content\">\n<p class=\"star\">\n<\/div>\n","protected":false},"excerpt":{"rendered":"<p>K\u00ednh ch\u00e0o qu\u00fd kh\u00e1ch \u0111\u00e3 \u0111\u1ebfn v\u1edbi Cty \u0110\u1ea1i D\u01b0\u01a1ng Xanh, chuy\u00ean in \u1ea5n c\u00e1c lo\u1ea1i bi\u1ec3n t\u00ean nh\u00e2n vi\u00ean,\u00a0th\u1ebb t\u00ean nh\u00e2n vi\u00ean c\u00e0i \u00e1o,\u00a0th\u1ebb nh\u00e2n vi\u00ean b\u1eb1ng nh\u1ef1a,\u00a0bi\u1ec3n ch\u1ee9c danh\u2026vv T\u1ea1i \u0111\u00e2y ch\u00fang t\u00f4i xin gi\u1edbi thi\u1ec7u t\u1edbi qu\u00fd kh\u00e1ch bi\u1ec3n t\u00ean nh\u00e2n vi\u00ean c\u00e0i \u00e1o \u0111\u1eb7c bi\u1ec7t. T\u1ea1i sao l\u1ea1i \u0111\u1eb7c bi\u1ec7t ?, [&#8230;]\n","protected":false},"featured_media":270,"comment_status":"open","ping_status":"closed","template":"","meta":[],"product_cat":[20],"product_tag":[],"_links":{"self":[{"href":"https:\/\/demo.bmconnect.vn\/bienchucdanh\/wp-json\/wp\/v2\/product\/269"}],"collection":[{"href":"https:\/\/demo.bmconnect.vn\/bienchucdanh\/wp-json\/wp\/v2\/product"}],"about":[{"href":"https:\/\/demo.bmconnect.vn\/bienchucdanh\/wp-json\/wp\/v2\/types\/product"}],"replies":[{"embeddable":true,"href":"https:\/\/demo.bmconnect.vn\/bienchucdanh\/wp-json\/wp\/v2\/comments?post=269"}],"wp:featuredmedia":[{"embeddable":true,"href":"https:\/\/demo.bmconnect.vn\/bienchucdanh\/wp-json\/wp\/v2\/media\/270"}],"wp:attachment":[{"href":"https:\/\/demo.bmconnect.vn\/bienchucdanh\/wp-json\/wp\/v2\/media?parent=269"}],"wp:term":[{"taxonomy":"product_cat","embeddable":true,"href":"https:\/\/demo.bmconnect.vn\/bienchucdanh\/wp-json\/wp\/v2\/product_cat?post=269"},{"taxonomy":"product_tag","embeddable":true,"href":"https:\/\/demo.bmconnect.vn\/bienchucdanh\/wp-json\/wp\/v2\/product_tag?post=269"}],"curies":[{"name":"wp","href":"https:\/\/api.w.org\/{rel}","templated":true}]}}