{"id":265,"date":"2018-04-26T09:32:03","date_gmt":"2018-04-26T02:32:03","guid":{"rendered":"https:\/\/demo.bmconnect.vn\/bienchucdanh\/?post_type=product&#038;p=265"},"modified":"2018-04-26T11:55:15","modified_gmt":"2018-04-26T04:55:15","slug":"bien-thay-ten-nhan-vien-12","status":"publish","type":"product","link":"https:\/\/demo.bmconnect.vn\/bienchucdanh\/san-pham\/bien-thay-ten-nhan-vien-12\/","title":{"rendered":"Bi\u1ec3n thay t\u00ean nh\u00e2n vi\u00ean 12"},"content":{"rendered":"<p>Bi\u1ec3n t\u00ean nh\u00e2n vi\u00ean c\u00e0i \u00e1o, k\u00edch th\u01b0\u1edbc 70\u00d725 (mm). C\u00f3 th\u1ebb thay \u0111\u01b0\u1ee3c t\u00ean nh\u00e2n vi\u00ean<\/p>\n<p>B\u1ec1 m\u1eb7t bi\u1ec3n t\u00ean nh\u00e2n vi\u00ean thay \u0111\u01b0\u1ee3c t\u00ean nh\u00e2n vi\u00ean \u0111\u01b0\u1ee3c in b\u1eb1ng gi\u1ea5y s\u1ea7n m\u1ea1 v\u00e0ng, ph\u1ee7 l\u1edbp th\u1ee7y tinh h\u1eefu c\u01a1 nh\u1eb1m t\u0103ng \u0111\u1ed9 th\u1ea9m m\u1ef9 c\u1ee7a bi\u1ec3n t\u00ean.<\/p>\n<p>M\u1eb7t sau c\u00f3 th\u1ec3 c\u00e0i nam ch\u00e2m ho\u1eb7c kim b\u0103ng<\/p>\n<p id=\"attachment_2290\" class=\"thumbnail wp-caption aligncenter\"><a href=\"http:\/\/www.bienchucdanh.vn\/san-pham\/bien-ten-nhan-vien-cai-ao\/z829014104792_1f58a3633b6933b5cbebdc52d471e693-2\/\" rel=\"attachment wp-att-2290\"><img loading=\"lazy\" class=\"size-large wp-image-2290\" src=\"http:\/\/www.bienchucdanh.vn\/wp-content\/uploads\/2017\/11\/z829014104792_1f58a3633b6933b5cbebdc52d471e693-1-533x400.jpg\" sizes=\"(max-width: 533px) 100vw, 533px\" srcset=\"http:\/\/www.bienchucdanh.vn\/wp-content\/uploads\/2017\/11\/z829014104792_1f58a3633b6933b5cbebdc52d471e693-1-533x400.jpg 533w, http:\/\/www.bienchucdanh.vn\/wp-content\/uploads\/2017\/11\/z829014104792_1f58a3633b6933b5cbebdc52d471e693-1-333x250.jpg 333w, http:\/\/www.bienchucdanh.vn\/wp-content\/uploads\/2017\/11\/z829014104792_1f58a3633b6933b5cbebdc52d471e693-1-768x576.jpg 768w\" alt=\"bi\u1ec3n t\u00ean nh\u00e2n vi\u00ean\" width=\"533\" height=\"400\" \/><\/a>bi\u1ec3n t\u00ean nh\u00e2n vi\u00ean<\/p>\n<p>&nbsp;<\/p>\n<p>Ch\u00fang t\u00f4i xin gi\u1edbi thi\u1ec7u t\u1edbi qu\u00fd kh\u00e1ch h\u00e0ng m\u1eabu bi\u1ec3n t\u00ean nh\u00e2n vi\u00ean c\u00e0i \u00e1o \u0111\u01b0\u1ee3c in b\u1eb1ng gi\u1ea5y decal s\u1ea7n m\u1ea1 v\u00e0ng, nh\u1eb1m \u0111\u00e1p \u1ee9ng y\u00eau c\u1ea7u c\u1ee7a th\u1ecb tr\u01b0\u1eddng. ng\u00e0y nay ch\u00fang t\u00f4i mang t\u1edbi cho qu\u00fd v\u1ecb m\u1eabu bi\u1ec3n t\u00ean nh\u00e2n vi\u00ean c\u00e0i \u00e1o c\u00f3 t\u00ednh th\u1ea9m m\u1ef9 cao, ch\u1ea5t l\u01b0\u1ee3ng cao<\/p>\n<p>Ngo\u00e0i l\u00e0m bi\u1ec3n t\u00ean nh\u00e2n vi\u00ean nh\u00e2n vi\u00ean ch\u00fang t\u00f4i c\u00f2n l\u00e0m\u00a0bi\u1ec3n ch\u1ee9c danh \u0111\u1ec3 b\u00e0n,\u00a0th\u1ebb nh\u00e2n vi\u00ean b\u1eb1ng nh\u1ef1a pvc, bi\u1ec3n c\u00f4ng ty, tem, nh\u00e3n m\u00e1c kim lo\u1ea1i, in d\u00e2y \u0111eo\u2026vv<\/p>\n<p>M\u1ecdi ch\u1ecb ti\u1ebft v\u1ec1 s\u1ea3n ph\u1ea9m xin vui l\u00f2ng li\u00ean h\u1ec7 :<\/p>\n<hr \/>\n<p>C\u00f4ng ty TNHH \u0110\u1ea7u t\u01b0 v\u00e0 D\u1ecbch v\u1ee5 \u0110\u1ea1i D\u01b0\u01a1ng Xanh<\/p>\n<p>\u0110C: s\u1ed1 14 ng\u00e1ch 83\/51\/27, ng\u00f5 83, \u0111\u01b0\u1eddng T\u00e2n Tri\u1ec1u, x\u00e3 T\u00e2n Tri\u1ec1u, huy\u1ec7n Thanh Tr\u00ec, TP. H\u00e0 N\u1ed9i<\/p>\n<p>VP: S\u1ed1 1 ngh\u00e1ch 2 ng\u00f5 277 V\u0169 T\u00f4ng Phan, Kh\u01b0\u01a1ng \u0110\u00ecnh, Thanh Xu\u00e2n, H\u00e0 N\u1ed9i<\/p>\n<p>MST: 0106665244<\/p>\n<p>TK: 0741100430002 \u2013 T\u1ea1i ng\u00e2n h\u00e0ng TMCP Qu\u00e2n \u0111\u1ed9i \u2013 CN Th\u0103ng Long<\/p>\n","protected":false},"excerpt":{"rendered":"<h4>Mobile: Mr Tr\u01b0\u1eddng 0965.558.728<\/h4>\n<h4>Email:\u00a0<a href=\"mailto:bienchucdanh01@gmail.com\">bienchucdanh01@gmail.com<\/a><\/h4>\n<h4>Website 1:\u00a0<a href=\"http:\/\/www.bienchucdanh.vn\/\">bienchucdanh.vn<\/a><\/h4>\n<h4>Website 2:\u00a0<a href=\"http:\/\/thenhanvien-thevip.com\/trang-chu.htm\">thenhanvien-thevip.com<\/a><\/h4>\n","protected":false},"featured_media":266,"comment_status":"open","ping_status":"closed","template":"","meta":[],"product_cat":[20],"product_tag":[],"_links":{"self":[{"href":"https:\/\/demo.bmconnect.vn\/bienchucdanh\/wp-json\/wp\/v2\/product\/265"}],"collection":[{"href":"https:\/\/demo.bmconnect.vn\/bienchucdanh\/wp-json\/wp\/v2\/product"}],"about":[{"href":"https:\/\/demo.bmconnect.vn\/bienchucdanh\/wp-json\/wp\/v2\/types\/product"}],"replies":[{"embeddable":true,"href":"https:\/\/demo.bmconnect.vn\/bienchucdanh\/wp-json\/wp\/v2\/comments?post=265"}],"wp:featuredmedia":[{"embeddable":true,"href":"https:\/\/demo.bmconnect.vn\/bienchucdanh\/wp-json\/wp\/v2\/media\/266"}],"wp:attachment":[{"href":"https:\/\/demo.bmconnect.vn\/bienchucdanh\/wp-json\/wp\/v2\/media?parent=265"}],"wp:term":[{"taxonomy":"product_cat","embeddable":true,"href":"https:\/\/demo.bmconnect.vn\/bienchucdanh\/wp-json\/wp\/v2\/product_cat?post=265"},{"taxonomy":"product_tag","embeddable":true,"href":"https:\/\/demo.bmconnect.vn\/bienchucdanh\/wp-json\/wp\/v2\/product_tag?post=265"}],"curies":[{"name":"wp","href":"https:\/\/api.w.org\/{rel}","templated":true}]}}