{"id":221,"date":"2018-04-26T09:06:52","date_gmt":"2018-04-26T02:06:52","guid":{"rendered":"https:\/\/demo.bmconnect.vn\/bienchucdanh\/?post_type=product&#038;p=221"},"modified":"2018-04-26T10:08:56","modified_gmt":"2018-04-26T03:08:56","slug":"the-nhan-vien-06","status":"publish","type":"product","link":"https:\/\/demo.bmconnect.vn\/bienchucdanh\/san-pham\/the-nhan-vien-06\/","title":{"rendered":"Th\u1ebb Nh\u00e2n Vi\u00ean 06"},"content":{"rendered":"<h4>1. Th\u1ebb nh\u00e2n vi\u00ean l\u00e0 g\u00ec v\u00e0 t\u00e1c d\u1ee5ng c\u1ee7a th\u1ebb nh\u00e2n vi\u00ean<\/h4>\n<h4>Th\u1ebb nh\u00e2n vi\u00ean l\u00e0 t\u1ea5m th\u1ebb \u0111\u01b0\u1ee3c c\u00e1c c\u00f4ng ty v\u00e0 doanh nghi\u1ec7p ph\u00e1t cho nh\u00e2n vi\u00ean c\u1ee7a<\/h4>\n<h4>m\u00ecnh. Ngo\u00e0i c\u00f4ng d\u1ee5ng l\u00e0 \u0111\u1ec3 c\u00e1c th\u00e0nh vi\u00ean trong c\u00f4ng ty nhanh ch\u00f3ng x\u00e1c \u0111\u1ecbnh \u0111\u01b0\u1ee3c<\/h4>\n<h4>t\u00ean, ch\u1ee9c v\u1ee5 v\u00e0 ph\u00f2ng ban c\u1ee7a \u0111\u1ed3ng nghi\u1ec7p\u2026 th\u00ec th\u1ebb nh\u00e2n vi\u00ean c\u00f2n l\u00e0 c\u00e1ch \u0111\u1ec3 c\u00f4ng ty<\/h4>\n<h4>hay doanh nghi\u1ec7p qu\u1ea3ng c\u00e1o \u0111\u01b0\u1ee3c th\u01b0\u01a1ng hi\u1ec7u, \u0111\u1eb7c tr\u01b0ng, t\u00ednh chuy\u00ean nghi\u1ec7p c\u1ee7a m\u00ecnh<\/h4>\n<h4>\u0111\u1ebfn kh\u00e1ch h\u00e0ng n\u00f3i ri\u00eang v\u00e0 t\u1ea5t c\u1ea3 m\u1ecdi ng\u01b0\u1eddi n\u00f3i chung khi nh\u00ecn h\u1ecd th\u1ea5y ch\u00fang.<\/h4>\n<h4>\u0110eo th\u1ebb nh\u00e2n vi\u00ean c\u00f2n gi\u00fap nh\u00e2n vi\u00ean c\u1ea3m th\u1ea5y t\u1ef1 tin, th\u1ec3 hi\u1ec7n \u0111\u01b0\u1ee3c s\u1ef1 t\u00f4n tr\u1ecdng,<\/h4>\n<h4>nghi\u00eam t\u00fac c\u1ee7a h\u1ecd v\u1edbi c\u00f4ng ty.<\/h4>\n<h4>2. Ch\u1ea5t li\u1ec7u l\u00e0m th\u1ebb nh\u00e2n vi\u00ean<\/h4>\n<h4>Ng\u00e0y tr\u01b0\u1edbc, khi c\u00f4ng ngh\u1ec7 ch\u01b0a ph\u00e1t tri\u1ec3n \u0111\u01b0\u1ee3c b\u00e2y gi\u1edd th\u00ec th\u1ebb nh\u00e2n vi\u00ean \u0111\u01b0\u1ee3c l\u00e0m t\u1eeb<\/h4>\n<h4>ch\u1ea5t li\u1ec7u r\u1ea5t \u0111\u01a1n gi\u1ea3n nh\u01b0 gi\u1ea5y b\u00eca c\u1ee9ng, th\u1eadm ch\u00ed \u1edf m\u1ed9t s\u1ed1 c\u00f4ng ty hay doanh nghi\u00eap,<\/h4>\n<h4>nh\u00e2n vi\u00ean c\u00f2n t\u1ef1 vi\u1ebft t\u00ean, ch\u1ee9c v\u1ee5 c\u1ee7a m\u00ecnh l\u00ean m\u1ed9t m\u1ea9u gi\u1ea5y.<\/h4>\n<h4>Tuy nhi\u00ean, v\u1edbi s\u1ef1 hi\u1ec7n \u0111\u1ea1i v\u00e0 ti\u00ean ti\u1ebfn c\u1ee7a khoa h\u1ecdc \u2013 k\u0129 th\u1eadt th\u00ec ng\u01b0\u1eddi ta \u0111\u00e3 ch\u1ebf t\u1ea1o ra<\/h4>\n<h4>r\u1ea5t nhi\u1ec1u lo\u1ea1i ch\u1ea5t d\u1ebbo, trong \u0111\u00f3 c\u00f3 PVC, m\u1ed9t lo\u1ea1i nh\u1ef1a c\u00f3 nhi\u1ec1u t\u00ednh ch\u1ea5t qu\u00fd nh\u01b0: b\u1ec1n<\/h4>\n<h4>th\u1eddi ti\u1ebft, b\u1ec1n oxy h\u00f3a, d\u1ec5 gia c\u00f4ng, \u2026 v\u00e0 s\u1ea3n ph\u1ea9m l\u00e0m t\u1eeb lo\u1ea1i nh\u1ef1a n\u00e0y c\u0169ng r\u1ea5t \u0111a d\u1ea1ng,<\/h4>\n<h4>trong \u0111\u00f3 c\u00f3 th\u1ebb nh\u00e2n vi\u00ean.<\/h4>\n<figure id=\"attachment_1953\" class=\"thumbnail wp-caption aligncenter\"><a href=\"http:\/\/www.bienchucdanh.vn\/san-pham\/nhan-vien-06\/07-2\/\" rel=\"attachment wp-att-1953\"><img loading=\"lazy\" class=\"wp-image-1953 size-large\" src=\"http:\/\/www.bienchucdanh.vn\/wp-content\/uploads\/2017\/05\/07-1-247x400.jpg\" sizes=\"(max-width: 247px) 100vw, 247px\" srcset=\"http:\/\/www.bienchucdanh.vn\/wp-content\/uploads\/2017\/05\/07-1-247x400.jpg 247w, http:\/\/www.bienchucdanh.vn\/wp-content\/uploads\/2017\/05\/07-1-154x250.jpg 154w, http:\/\/www.bienchucdanh.vn\/wp-content\/uploads\/2017\/05\/07-1-768x1244.jpg 768w, http:\/\/www.bienchucdanh.vn\/wp-content\/uploads\/2017\/05\/07-1.jpg 800w\" alt=\"\" width=\"247\" height=\"400\" \/><\/a><figcaption class=\"caption wp-caption-text\">Th\u1ebb nh\u00e2n vi\u00ean<\/figcaption><\/figure>\n<h4>V\u1edbi \u0111\u1ed9i ng\u0169 thi\u1ebft k\u1ebf chuy\u00ean nghi\u1ec7p v\u00e0 d\u00e0y d\u1eb7n kinh nghi\u1ec7m l\u00e0m vi\u1ec7c, \u0110\u1ea1i D\u01b0\u01a1ng<\/h4>\n<h4>Xanh t\u1ef1 h\u00e0o l\u00e0 \u0111\u01a1n v\u1ecb s\u1ea3n xu\u1ea5t v\u00e0 ph\u00e2n ph\u1ed1i th\u1ebb nh\u00e2n vi\u00ean \u0111\u00e1ng tin c\u1eady c\u1ee7a c\u00e1c \u0111\u1ed1i t\u00e1c<\/h4>\n<h4>l\u1edbn nh\u01b0 T\u1eadp \u0111o\u00e0n Vi\u1ec5n th\u00f4ng Qu\u00e2n \u0111\u1ed9i Viettel, T\u1eadp \u0111o\u00e0n Thang m\u00e1y Th\u0103ng Long, \u2026<\/h4>\n<h4>Ch\u00fang t\u00f4i cam k\u1ebft s\u1ebd mang t\u1edbi cho qu\u00fd kh\u00e1ch nh\u1eefng m\u1eabu thi\u1ebft k\u1ebf \u0111\u1eb9p nh\u1ea5t, ki\u1ec3u d\u00e1ng<\/h4>\n<h4>ph\u00f9 h\u1ee3p nh\u1ea5t cho \u0111\u01a1n v\u1ecb m\u00ecnh.<\/h4>\n<h4>M\u1ecdi ch\u1ecb ti\u1ebft v\u1ec1 s\u1ea3n ph\u1ea9m xin vui l\u00f2ng li\u00ean h\u1ec7 :<\/h4>\n<h4>Mr Tr\u01b0\u1eddng<\/h4>\n<h4>Mobile:\u00a00965.558.728<\/h4>\n<h4>C\u00f4ng ty TNHH \u0110\u1ea7u t\u01b0 v\u00e0 D\u1ecbch v\u1ee5 \u0110\u1ea1i D\u01b0\u01a1ng Xanh<\/h4>\n<h4>\u0110C: s\u1ed1 14 ng\u00e1ch 83\/51\/27, ng\u00f5 83, \u0111\u01b0\u1eddng T\u00e2n Tri\u1ec1u, x\u00e3 T\u00e2n Tri\u1ec1u, huy\u1ec7n Thanh Tr\u00ec, TP. H\u00e0<\/h4>\n<h4>N\u1ed9i<\/h4>\n<h4>VP: S\u1ed1 1 ngh\u00e1ch 2 ng\u00f5 277 V\u0169 T\u00f4ng Phan, Kh\u01b0\u01a1ng \u0110\u00ecnh, Thanh Xu\u00e2n, H\u00e0 N\u1ed9i<\/h4>\n<h4>MST: 0106665244<\/h4>\n<h4>TK: 0741100430002 \u2013 T\u1ea1i ng\u00e2n h\u00e0ng TMCP Qu\u00e2n \u0111\u1ed9i \u2013 CN Th\u0103ng Long<\/h4>\n","protected":false},"excerpt":{"rendered":"<h3>Th\u00f4ng tin v\u1ec1\u00a0th\u1ebb\u00a0nh\u00e2n vi\u00ean<\/h3>\n<h3>\u2013 Ch\u1ea5t li\u1ec7u:\u00a0nh\u1ef1a pvc<\/h3>\n<h3>\u2013 C\u00f4ng ngh\u1ec7 in: in tr\u1ef1c ti\u1ebfp tr\u00ean nh\u1ef1a pvc \u00e9p 4 l\u1edbp cao t\u1ea7ng<\/h3>\n<h3>\u2013 K\u00edch th\u01b0\u1edbc:\u00a086\u00d754 (mm)<\/h3>\n","protected":false},"featured_media":222,"comment_status":"open","ping_status":"closed","template":"","meta":[],"product_cat":[20],"product_tag":[],"_links":{"self":[{"href":"https:\/\/demo.bmconnect.vn\/bienchucdanh\/wp-json\/wp\/v2\/product\/221"}],"collection":[{"href":"https:\/\/demo.bmconnect.vn\/bienchucdanh\/wp-json\/wp\/v2\/product"}],"about":[{"href":"https:\/\/demo.bmconnect.vn\/bienchucdanh\/wp-json\/wp\/v2\/types\/product"}],"replies":[{"embeddable":true,"href":"https:\/\/demo.bmconnect.vn\/bienchucdanh\/wp-json\/wp\/v2\/comments?post=221"}],"wp:featuredmedia":[{"embeddable":true,"href":"https:\/\/demo.bmconnect.vn\/bienchucdanh\/wp-json\/wp\/v2\/media\/222"}],"wp:attachment":[{"href":"https:\/\/demo.bmconnect.vn\/bienchucdanh\/wp-json\/wp\/v2\/media?parent=221"}],"wp:term":[{"taxonomy":"product_cat","embeddable":true,"href":"https:\/\/demo.bmconnect.vn\/bienchucdanh\/wp-json\/wp\/v2\/product_cat?post=221"},{"taxonomy":"product_tag","embeddable":true,"href":"https:\/\/demo.bmconnect.vn\/bienchucdanh\/wp-json\/wp\/v2\/product_tag?post=221"}],"curies":[{"name":"wp","href":"https:\/\/api.w.org\/{rel}","templated":true}]}}